{"id":8019,"date":"2022-01-21T14:18:31","date_gmt":"2022-01-21T13:18:31","guid":{"rendered":"https:\/\/us.edu.pl\/wydzial\/wpia\/?page_id=8019"},"modified":"2023-01-31T16:37:39","modified_gmt":"2023-01-31T15:37:39","slug":"szkola-prawa-chinskiego-i-kultura-chinskiego","status":"publish","type":"page","link":"https:\/\/us.edu.pl\/wydzial\/wpia\/wspolpraca\/wspolpraca-miedzynarodowa\/szkoly-praw-obcych\/szkola-prawa-chinskiego-i-kultura-chinskiego\/","title":{"rendered":"Szko\u0142a Prawa Chi\u0144skiego i Kultury Chi\u0144skiej"},"content":{"rendered":"<p>[vc_row][vc_column][\/vc_column][\/vc_row][vc_row][vc_column]\r\n                <div class=\"text-modules\">\r\n                    <div class=\"container\">\r\n                        <h3 class=\"page-title text__title\">Szko\u0142a Prawa Chi\u0144skiego i Kultury Chi\u0144skiej<\/h3>\r\n                        <div class=\"text-modules__content\"><\/div>\r\n                    <\/div>\r\n                <\/div>\r\n                <div class=\"text-modules\">\r\n                    <div class=\"container\">\r\n                        \r\n                        <div class=\"text-modules__content\"><p><strong>Szko\u0142a Prawa i\u00a0Kultury Chi\u0144skiej<\/strong> to projekt mi\u0119dzynarodowy realizowany na Wydziale Prawa i\u00a0Administracji Uniwersytetu \u015al\u0105skiego w Katowicach wraz z uniwersytetami partnerskimi z Chin. Naszymi chi\u0144skimi partnerami s\u0105 (w kolejno\u015bci nawi\u0105zywania wsp\u00f3\u0142pracy w latach 2014 do teraz):<\/p>\n<p>&#8211; <strong><em>Beijing Foreign Studies University<\/em><\/strong><strong> (BFSU),<\/strong><\/p>\n<p>&#8211; <strong><em>Northeastern University<\/em><\/strong><strong> (NEU) w\u00a0Shenyang, <\/strong><\/p>\n<p><strong>&#8211; <em>Chinese University of Political Science and Law<\/em> (CUPL) w Pekinie, <\/strong><\/p>\n<p><strong>&#8211; <em>Chinese Academy of Social Sciences<\/em> (CASS) w Pekinie,<\/strong><\/p>\n<p><strong>&#8211; <em>University of International Business and Economics <\/em>(UIBE) w Pekinie<\/strong><\/p>\n<p>Celem projektu jest zainteresowanie okre\u015blonych grup spo\u0142ecznych problematyk\u0105 Pa\u0144stwa \u015arodka oraz przekazanie wiedzy i wielu u\u017cytecznych informacji z tego zakresu. Chodzi nam w szczeg\u00f3lno\u015bci o trafienie z nasz\u0105 ofert\u0105 do student\u00f3w wszystkich kierunk\u00f3w WPiA, tj,:\u00a0 prawa, przedsi\u0119biorczo\u015bci i\u00a0administracji, a tak\u017ce innych Wydzia\u0142\u00f3w Uniwersytetu \u015al\u0105skiego (w szczeg\u00f3lno\u015bci Wydzia\u0142u Humanistycznego i Wydzia\u0142u Nauk Spo\u0142ecznych), a w przypadku inicjatyw o szerszy zakresie tak\u017ce o zainteresowanie absolwent\u00f3w Wydzia\u0142u i\u00a0praktyk\u00f3w prawa (m.in. adwokat\u00f3w, radc\u00f3w prawnych i\u00a0innych), czy przedsi\u0119biorc\u00f3w, problematyk\u0105 prawa i kultury Pa\u0144stwa \u015arodka, a tak\u017ce zjawisk spo\u0142ecznych i gospodarczych zachodz\u0105cych na styku prawa, ekonomii, kultury i j\u0119zyka. Aktywno\u015bci edukacyjne i naukowe proponowane w ramach Szko\u0142y Prawa i Kultury Chi\u0144skiej maj\u0105 formu\u0142\u0119 kurs\u00f3w dokszta\u0142caj\u0105cych, wyk\u0142ad\u00f3w kursowych, webinari\u00f3w, wyk\u0142ad\u00f3w go\u015bcinnych i spotka\u0144 seminaryjnych z profesorami z Chi\u0144skich uniwersytet\u00f3w partnerskich.<\/p>\n<p>Pierwotna formu\u0142a Szko\u0142y sprowadza\u0142a si\u0119 do zorganizowania dw\u00f3ch rocznych kurs\u00f3w (tzw. kursy dokszta\u0142caj\u0105ce) we wsp\u00f3\u0142pracy z\u00a0dwoma chi\u0144skimi uniwersytetami: <strong>Uniwersytetem w\u00a0Pekinie, tj.\u00a0 <\/strong><strong><em>Beijing Foreign Studies University<\/em><\/strong><strong> (BFSU)<\/strong> oraz <strong><em>Northeastern University<\/em><\/strong><strong> (NEU) w\u00a0Shenyang<\/strong> (w latach 2016\/17; 2017\/18). Kurs sk\u0142ada\u0142 si\u0119 ze spotka\u0144\/sesji weekondowych (po jednym\u00a0ka\u017cdym miesi\u0105cu). Sesje by\u0142y prowadzone przez profesor\u00f3w, z\u00a0jednego z chi\u0144skich uniwersytet\u00f3w partnerskich. Programy kurs\u00f3w prowadzi\u0142y w za\u0142o\u017ceniu do poznania przez uczestnik\u00f3w podstaw prawa chi\u0144skiego, w\u00a0szczeg\u00f3lno\u015bci prawnych ram podejmowania i\u00a0prowadzenia dzia\u0142alno\u015bci gospodarczej przez cudzoziemc\u00f3w lub zagraniczne przedsi\u0119biorstwa w\u00a0Chinach, a\u00a0tak\u017ce poznanie chi\u0144skiej kultury i\u00a0tradycji w\u00a0zakresie umo\u017cliwiaj\u0105cym swobodne i\u00a0bezpieczne poruszanie si\u0119 w\u00a0kr\u0119gu dalekowschodniej kultury biznesowej i\u00a0prawnej.<\/p>\n<p><strong>Obecnie przyj\u0119ta zosta\u0142a formu\u0142a kurs\u00f3w (cykli wyk\u0142ad\u00f3w) prowadzonych przez profesor\u00f3w wizytuj\u0105cych z Chin on-line na platformie MS Teams.<\/strong> Zaj\u0119cia w ramach r\u00f3\u017cnego rodzaju inicjatyw podejmowanych w ramach Szko\u0142y Prawa i Kultury Chi\u0144skiej odbywaj\u0105 si\u0119 w j\u0119zyku angielskim (zasada). St\u0105d potencjalni uczestnicy zaj\u0119\u0107 powinni p\u0142ynnie pos\u0142ugiwa\u0107 si\u0119 j\u0119zykiem angielskim: zar\u00f3wno w\u00a0pi\u015bmie, jak i\u00a0w mowie. W przypadku profesor\u00f3w chi\u0144skich \u2013 filolog\u00f3w, zaj\u0119cia z zakresu j\u0119zyka i kultury Chin odbywaj\u0105 si\u0119 w j\u0119zyku polskim. Dla os\u00f3b bardziej zaawansowanych w j\u0119zyku chi\u0144skim (HSK 3-6) zaj\u0119cia mog\u0105 odbywa\u0107 si\u0119 w j\u0119zyku chi\u0144skim.<\/p>\n<p>&nbsp;<\/p>\n<p><strong><u>Nasi Partnerzy <\/u><\/strong><\/p>\n<p><strong><em>Beijing Foreign Studies University<\/em><\/strong><strong> (BFSU)<\/strong><\/p>\n<p><a href=\"https:\/\/global.bfsu.edu.cn\/en\/\">https:\/\/global.bfsu.edu.cn\/en\/<\/a><\/p>\n<p><strong><em>Northeastern University<\/em><\/strong><strong> (NEU) w\u00a0Shenyang<\/strong><\/p>\n<p><a href=\"http:\/\/english.neu.edu.cn\">http:\/\/english.neu.edu.cn<\/a><\/p>\n<p><strong><em>Chinese University of Political Science and Law<\/em><\/strong><strong> (CUPL) w Pekinie<\/strong><\/p>\n<p><a href=\"http:\/\/en.cupl.edu.cn\">http:\/\/en.cupl.edu.cn<\/a><\/p>\n<p><strong><em>Chinese Academy of Social Sciences<\/em><\/strong><strong> (CASS) w Pekinie<\/strong><\/p>\n<p><a href=\"http:\/\/casseng.cssn.cn\">http:\/\/casseng.cssn.cn<\/a><\/p>\n<p><strong><em>University of International Business and Economics <\/em><\/strong><strong>(UIBE) w Pekinie<\/strong><\/p>\n<p><a href=\"http:\/\/english.uibe.edu.cn\">http:\/\/english.uibe.edu.cn<\/a><\/p>\n<p>&nbsp;<\/p>\n<p><strong><u>Osoby odpowiedzialne za wsp\u00f3\u0142prac\u0119 z uniwersytetami chi\u0144skimi <\/u><\/strong><\/p>\n<p>Prof. dr hab. Ewa Rott-Pietrzyk \u2013 Kierownik SzPiKCh, ewa.rott-pietrzyk@us.edu.pl<\/p>\n<p>Prof. dr hab. Rafa\u0142 Blicharz \u2013 za-ca kierownika SzPiKCh, rafal.blicharz@us.edu.pl<\/p>\n<p>&nbsp;<\/p>\n<p><strong>Osoba do kontaktu<\/strong><\/p>\n<p>mgr Anna Maria Rizzo, anna.rizzo@us.edu.pl<\/p>\n<\/div>\r\n                    <\/div>\r\n                <\/div>[\/vc_column][\/vc_row]<\/p>","protected":false},"excerpt":{"rendered":"<p>[vc_row][vc_column][\/vc_column][\/vc_row][vc_row][vc_column][\/vc_column][\/vc_row] [&#8230;]<\/p>\n<p><a class=\"btn btn-secondary understrap-read-more-link\" href=\"https:\/\/us.edu.pl\/wydzial\/wpia\/wspolpraca\/wspolpraca-miedzynarodowa\/szkoly-praw-obcych\/szkola-prawa-chinskiego-i-kultura-chinskiego\/\">Read More&#8230;<\/a><\/p>\n","protected":false},"author":3414,"featured_media":0,"parent":7986,"menu_order":0,"comment_status":"closed","ping_status":"closed","template":"page-templates\/inner-page.php","meta":{"_expiration-date-status":"","_expiration-date":0,"_expiration-date-type":"","_expiration-date-categories":[],"_expiration-date-options":[]},"acf":[],"_links":{"self":[{"href":"https:\/\/us.edu.pl\/wydzial\/wpia\/wp-json\/wp\/v2\/pages\/8019"}],"collection":[{"href":"https:\/\/us.edu.pl\/wydzial\/wpia\/wp-json\/wp\/v2\/pages"}],"about":[{"href":"https:\/\/us.edu.pl\/wydzial\/wpia\/wp-json\/wp\/v2\/types\/page"}],"author":[{"embeddable":true,"href":"https:\/\/us.edu.pl\/wydzial\/wpia\/wp-json\/wp\/v2\/users\/3414"}],"replies":[{"embeddable":true,"href":"https:\/\/us.edu.pl\/wydzial\/wpia\/wp-json\/wp\/v2\/comments?post=8019"}],"version-history":[{"count":4,"href":"https:\/\/us.edu.pl\/wydzial\/wpia\/wp-json\/wp\/v2\/pages\/8019\/revisions"}],"predecessor-version":[{"id":160906,"href":"https:\/\/us.edu.pl\/wydzial\/wpia\/wp-json\/wp\/v2\/pages\/8019\/revisions\/160906"}],"up":[{"embeddable":true,"href":"https:\/\/us.edu.pl\/wydzial\/wpia\/wp-json\/wp\/v2\/pages\/7986"}],"wp:attachment":[{"href":"https:\/\/us.edu.pl\/wydzial\/wpia\/wp-json\/wp\/v2\/media?parent=8019"}],"curies":[{"name":"wp","href":"https:\/\/api.w.org\/{rel}","templated":true}]}}