{"id":8068,"date":"2022-01-24T11:32:19","date_gmt":"2022-01-24T10:32:19","guid":{"rendered":"https:\/\/us.edu.pl\/wydzial\/wpia\/?page_id=8068"},"modified":"2022-03-16T11:34:01","modified_gmt":"2022-03-16T10:34:01","slug":"nasi-wykladowcy","status":"publish","type":"page","link":"https:\/\/us.edu.pl\/wydzial\/wpia\/wspolpraca\/wspolpraca-miedzynarodowa\/szkoly-praw-obcych\/szkola-prawa-hiszpanskiego-i-prawa-krajow-ameryki-lacinskiej\/nasi-wykladowcy\/","title":{"rendered":"Nasi wyk\u0142adowcy"},"content":{"rendered":"<p>[vc_row][vc_column][vc_single_image image=&#8221;8126&#8243; img_size=&#8221;full&#8221; alignment=&#8221;center&#8221; style=&#8221;vc_box_shadow_3d&#8221; onclick=&#8221;custom_link&#8221; link=&#8221;https:\/\/us.edu.pl\/wydzial\/wpia\/wspolpraca\/wspolpraca-miedzynarodowa\/studenci\/szkoly-praw-obcych\/szkola-prawa-hiszpanskiego-i-prawa-krajow-ameryki-lacinskiej\/&#8221;][\/vc_column][\/vc_row][vc_row][vc_column width=&#8221;1\/4&#8243;]\r\n                <div class=\"text-modules\">\r\n                    <div class=\"container\">\r\n                        \r\n                        <div class=\"text-modules__content\"><p><span style=\"font-size: 12pt;\"><strong>Mauro Arturo Rivera <\/strong><\/span><\/p>\n<p><span style=\"font-size: 10pt;\">[UNIWERSYTET \u015aL\u0104SKI W KATOWICACH]<\/span><\/p>\n<\/div>\r\n                    <\/div>\r\n                <\/div>[\/vc_column][vc_column width=&#8221;3\/4&#8243;]\r\n                <div class=\"text-modules reverse\">\r\n                    <div class=\"container\">\r\n                         \r\n                        <div class=\"row m-0\">\r\n                            <div class=\"text-modules__content\">\r\n                                Pochodz\u0105cy z Meksyku dr Mauro Arturo Rivera jest koordynatorem Szko\u0142y Prawa Hiszpa\u0144skiego i Praw Kraj\u00f3w Ameryki \u0141aci\u0144skiej oraz wyk\u0142adowc\u0105. Dr Rivera rozpraw\u0119 doktorsk\u0105 obroni\u0142 na Uniwersytecie Complutense w Madrycie. W latach 2016-2021 pracowa\u0142 w S\u0105dzie Najwy\u017cszym Meksyku, S\u0105dzie Wyborczym i w Sejmie Miasta Meksyk. W latach 2016-2021 pracowa\u0142 na Uniwersytecie Iberoameryka\u0144skim. W 2021 otrzyma\u0142 grant badawczy w ramach Programu POLS z Funduszy Norweskich i Narodowego Centrum Nauki. Obecnie jest Adiunktem na Wydziale Prawa i Administracji Uniwersytetu \u015al\u0105skiego.<\/p>\n<p>&nbsp;<\/p>\n<div class=\"mt-3\"><\/div>\r\n                            <\/div>\r\n                            \r\n                            <div class=\"text-modules__img\"><img src=\"https:\/\/us.edu.pl\/wydzial\/wpia\/wp-content\/uploads\/sites\/19\/Wspolpraca\/Szko\u0142a-Prawa-Hiszpa\u0144skiego\/Mauro-Arturo-Rivera.jpg\" alt=\"img\"><\/div>\r\n                        <\/div>\r\n                    <\/div>\r\n                <\/div>[\/vc_column][\/vc_row][vc_row][vc_column]<div class=\"container\"><div class=\"separator\" style=\"background-color: #002E5A\"><\/div><\/div>[\/vc_column][\/vc_row][vc_row][vc_column width=&#8221;1\/4&#8243;]\r\n                <div class=\"text-modules\">\r\n                    <div class=\"container\">\r\n                        \r\n                        <div class=\"text-modules__content\"><p><span style=\"font-family: verdana, geneva, sans-serif; font-size: 12pt;\"><strong>Aday Jim\u00e9nez Alem\u00e1n<\/strong> <\/span><\/p>\n<p><span style=\"font-family: verdana, geneva, sans-serif; font-size: 10pt;\">[Centro de Estudios<br \/>\nPol\u00edticos y Constitucionales]<\/span><\/p>\n<\/div>\r\n                    <\/div>\r\n                <\/div>[\/vc_column][vc_column width=&#8221;3\/4&#8243;]\r\n                <div class=\"text-modules\">\r\n                    <div class=\"container\">\r\n                        \r\n                        <div class=\"text-modules__content\"><p>Dr Aday Jim\u00e9nez Alem\u00e1n to hiszpa\u0144ski prawnik, konstytucjonalista. Prac\u0119 doktorsk\u0105 obroni\u0142 na Uniwersytecie Vigo w Hiszpanii, gdzie kontynuuje prac\u0119 naukow\u0105 i dydaktyczn\u0105 na stanowisku profesora. Po uzyskaniu presti\u017cowego grantu \u201eGarcia Pelayo\u201d prowadzi badania w Centro de Estudios Pol\u00edticos Constitutionales nad projektem \u201eLa interpretaci\u00f3n constitucional ante el constitucionalismo global\u201d.<\/p>\n<\/div>\r\n                    <\/div>\r\n                <\/div>[\/vc_column][\/vc_row][vc_row gap=&#8221;1&#8243;][vc_column]<div class=\"container\"><div class=\"separator\" style=\"background-color: #002E5A\"><\/div><\/div>[\/vc_column][\/vc_row][vc_row][vc_column width=&#8221;1\/4&#8243;]\r\n                <div class=\"text-modules\">\r\n                    <div class=\"container\">\r\n                        \r\n                        <div class=\"text-modules__content\"><p><span style=\"font-size: 12pt;\"><strong>Natalia Torres Cadavid <\/strong><\/span><\/p>\n<p><span style=\"font-size: 10pt;\">[UNIWERSYTET VIGO]<\/span><\/p>\n<\/div>\r\n                    <\/div>\r\n                <\/div>[\/vc_column][vc_column width=&#8221;3\/4&#8243;]\r\n                <div class=\"text-modules\">\r\n                    <div class=\"container\">\r\n                        \r\n                        <div class=\"text-modules__content\"><p>Dr Natalia Torres Cadavid jest wybitnym naukowcem z Kolumbii. W latach 2006-2011 wykonywa\u0142a zaw\u00f3d adwokata w Kolumbii, jak r\u00f3wnie\u017c pracowa\u0142a jako Asystentka S\u0119dziego Ad-Honorem w Trybunale Konstytucyjnym w Kolumbii. Rozpraw\u0119 doktorsk\u0105 obroni\u0142a na Uniwersytecie Leon, Hiszpanii. Obecnie jest Profesorem Prawa Karnego na Uniwersytecie Vigo i jest adwokatem w kancelarii Torres Cadavid.<\/p>\n<\/div>\r\n                    <\/div>\r\n                <\/div>[\/vc_column][\/vc_row][vc_row][vc_column]<div class=\"container\"><div class=\"separator\" style=\"background-color: #002E5A\"><\/div><\/div>[\/vc_column][\/vc_row][vc_row][vc_column width=&#8221;1\/4&#8243;]\r\n                <div class=\"text-modules\">\r\n                    <div class=\"container\">\r\n                        \r\n                        <div class=\"text-modules__content\"><p><strong><span style=\"font-size: 14pt;\"><span style=\"font-size: 12pt;\">Alexandre Pazos P\u00e9rez<\/span> <\/span> <\/strong><\/p>\n<p><span style=\"font-size: 10pt;\">[UNIWERSYTET VIGO]<\/span><\/p>\n<\/div>\r\n                    <\/div>\r\n                <\/div>[\/vc_column][vc_column width=&#8221;3\/4&#8243;]\r\n                <div class=\"text-modules\">\r\n                    <div class=\"container\">\r\n                        \r\n                        <div class=\"text-modules__content\"><p>Dr Alexandre Pazos P\u00e9rez jest hiszpa\u0144skim naukowcem. Stopie\u0144 doktora uzyska\u0142 na Uniwersytecie Vigo w Galicji. Odby\u0142 szereg pobyt\u00f3w badawczych, m.in. na Uniwersytecie w Sienie (W\u0142ochy), jak r\u00f3wnie\u017c na Katolickim Uniwersytecie w Lowanium. Obecnie jest Profesorem Prawa Pracy na Uniwersytecie Vigo.<\/p>\n<\/div>\r\n                    <\/div>\r\n                <\/div>[\/vc_column][\/vc_row][vc_row][vc_column]<div class=\"container\"><div class=\"separator\" style=\"background-color: #002E5A\"><\/div><\/div>[\/vc_column][\/vc_row][vc_row][vc_column width=&#8221;1\/4&#8243;]\r\n                <div class=\"text-modules\">\r\n                    <div class=\"container\">\r\n                        \r\n                        <div class=\"text-modules__content\"><p><strong><span style=\"font-size: 14pt;\"><span style=\"font-size: 12pt;\">Luis Pomed S\u00e1nchez<\/span> <\/span> <\/strong><\/p>\n<p><span style=\"font-size: 12pt;\"><span style=\"font-size: 10pt;\">[TRYBUNA\u0141 KONSTYTUCYJNY W HISZPANII]<\/span> <\/span><\/p>\n<\/div>\r\n                    <\/div>\r\n                <\/div>[\/vc_column][vc_column width=&#8221;3\/4&#8243;]\r\n                <div class=\"text-modules\">\r\n                    <div class=\"container\">\r\n                        \r\n                        <div class=\"text-modules__content\"><p>Dr Luis Pomed Sanchez jest hiszpa\u0144skim naukowcem. Stopie\u0144 doktora uzyska\u0142 na Uniwersytecie w Saragossie, gdzie obecnie jest Profesorem Prawa Administracyjnego. Od roku 2001 jest r\u00f3wnie\u017c Kierownikiem Departamentu \u201eDoktryny Konstytucyjnej\u201d w Trybunale Konstytucyjnym w Hiszpanii<\/p>\n<\/div>\r\n                    <\/div>\r\n                <\/div>[\/vc_column][\/vc_row][vc_row gap=&#8221;1&#8243;][vc_column]<div class=\"container\"><div class=\"separator\" style=\"background-color: #002E5A\"><\/div><\/div>[\/vc_column][\/vc_row][vc_row][vc_column width=&#8221;1\/4&#8243;]\r\n                <div class=\"text-modules\">\r\n                    <div class=\"container\">\r\n                        \r\n                        <div class=\"text-modules__content\"><p><span style=\"font-size: 12pt;\"><strong>Mar\u00eda \u00c1ngeles Garc\u00eda Fr\u00edas <\/strong><\/span><\/p>\n<p><span style=\"font-size: 12pt;\"><span style=\"font-size: 10pt;\">[TRYBUNA\u0141 KONSTYTUCYJNY W HISZPANII]<\/span> <\/span><\/p>\n<\/div>\r\n                    <\/div>\r\n                <\/div>[\/vc_column][vc_column width=&#8221;3\/4&#8243;]\r\n                <div class=\"text-modules\">\r\n                    <div class=\"container\">\r\n                        \r\n                        <div class=\"text-modules__content\"><p>Dr Mar\u00eda \u00c1ngeles Garc\u00eda Fr\u00edas jest hiszpa\u0144skim naukowcem. Prac\u0119 doktorsk\u0105 obroni\u0142a na Uniwersytecie w Salamance, gdzie obecnie jest Profesorem Prawa Podatkowego. Aktualnie pracuje r\u00f3wnie\u017c jako Starszy Prawnik w Trybunale Konstytucyjnym w Hiszpanii.<\/p>\n<\/div>\r\n                    <\/div>\r\n                <\/div>[\/vc_column][\/vc_row][vc_row][vc_column]<div class=\"container\"><div class=\"separator\" style=\"background-color: #002E5A\"><\/div><\/div>[\/vc_column][\/vc_row][vc_row][vc_column width=&#8221;1\/4&#8243;]\r\n                <div class=\"text-modules\">\r\n                    <div class=\"container\">\r\n                        \r\n                        <div class=\"text-modules__content\"><p><strong><span style=\"font-size: 14pt;\"><span style=\"font-size: 12pt;\">Jos\u00e9 Antonio Estrada Mar\u00fan<\/span> <\/span> <\/strong><\/p>\n<p><span style=\"font-size: 12pt;\"><span style=\"font-size: 10pt;\">[INTERAMERYKA\u0143SKA AKADEMIA PRAW CZ\u0141OWIEKA]<\/span><br \/>\n<\/span><\/p>\n<\/div>\r\n                    <\/div>\r\n                <\/div>[\/vc_column][vc_column width=&#8221;3\/4&#8243;]\r\n                <div class=\"text-modules\">\r\n                    <div class=\"container\">\r\n                        \r\n                        <div class=\"text-modules__content\"><p>Dr Jos\u00e9 Antonio Estrada Mar\u00fan jest meksyka\u0144skim naukowcem. Prac\u0119 doktorsk\u0105 napisa\u0142 na Uniwersytecie Karola III w Madrycie. Na przestrzeni lat, pracowa\u0142 m.in. jako Starszy Prawnik w S\u0105dzie Najwy\u017cszym w Meksyku. Jest Profesorem oraz Badaczem w Akademii Interameryka\u0144skiej Praw Cz\u0142owieka w Coahuili, Meksyku.<\/p>\n<\/div>\r\n                    <\/div>\r\n                <\/div>[\/vc_column][\/vc_row][vc_row][vc_column]<div class=\"container\"><div class=\"separator\" style=\"background-color: #002E5A\"><\/div><\/div>[\/vc_column][\/vc_row][vc_row][vc_column width=&#8221;1\/4&#8243;]\r\n                <div class=\"text-modules\">\r\n                    <div class=\"container\">\r\n                        \r\n                        <div class=\"text-modules__content\"><p><span style=\"font-size: 12pt;\"><strong>Alfonso Herrera Garc\u00eda <\/strong><\/span><\/p>\n<p><span style=\"font-size: 10pt;\">[UNIWERSYTET PANMERYKA\u0143SKI]<\/span><\/p>\n<\/div>\r\n                    <\/div>\r\n                <\/div>[\/vc_column][vc_column width=&#8221;3\/4&#8243;]\r\n                <div class=\"text-modules\">\r\n                    <div class=\"container\">\r\n                        \r\n                        <div class=\"text-modules__content\"><p>Dr Alfonso Herrera Garc\u00eda jest meksyka\u0144skim naukowcem. Stopie\u0144 doktora obroni\u0142 na Uniwersytecie Complutense w Madrycie. Pracowa\u0142 m.in. jako Starszy Prawnik w S\u0105dzie Najwy\u017cszy w Meksyku. Aktualnie jest Profesorem na Uniwersytecie Panameryka\u0144skim w Meksyku.<\/p>\n<\/div>\r\n                    <\/div>\r\n                <\/div>[\/vc_column][\/vc_row][vc_row gap=&#8221;1&#8243;][vc_column]<div class=\"container\"><div class=\"separator\" style=\"background-color: #002E5A\"><\/div><\/div>[\/vc_column][\/vc_row]<\/p>","protected":false},"excerpt":{"rendered":"<p>[vc_row][vc_column][vc_single_image image=&#8221;8126&#8243; img_size=&#8221;full&#8221; alignment=&#8221;center&#8221; style=&#8221;vc_box_shadow_3d&#8221; onclick=&#8221;custom_link&#8221; link=&#8221;https:\/\/us.edu.pl\/wydzial\/wpia\/wspolpraca\/wspolpraca-miedzynarodowa\/studenci\/szkoly-praw-obcych\/szkola-prawa-hiszpanskiego-i-prawa-krajow-ameryki-lacinskiej\/&#8221;][\/vc_column][\/vc_row][vc_row][vc_column width=&#8221;1\/4&#8243;][\/vc_column][vc_column width=&#8221;3\/4&#8243;][\/vc_column][\/vc_row][vc_row][vc_column][\/vc_column][\/vc_row][vc_row][vc_column width=&#8221;1\/4&#8243;][\/vc_column][vc_column width=&#8221;3\/4&#8243;][\/vc_column][\/vc_row][vc_row gap=&#8221;1&#8243;][vc_column][\/vc_column][\/vc_row][vc_row][vc_column width=&#8221;1\/4&#8243;][\/vc_column][vc_column width=&#8221;3\/4&#8243;][\/vc_column][\/vc_row][vc_row][vc_column][\/vc_column][\/vc_row][vc_row][vc_column width=&#8221;1\/4&#8243;][\/vc_column][vc_column width=&#8221;3\/4&#8243;][\/vc_column][\/vc_row][vc_row][vc_column][\/vc_column][\/vc_row][vc_row][vc_column width=&#8221;1\/4&#8243;][\/vc_column][vc_column width=&#8221;3\/4&#8243;][\/vc_column][\/vc_row][vc_row gap=&#8221;1&#8243;][vc_column][\/vc_column][\/vc_row][vc_row][vc_column width=&#8221;1\/4&#8243;][\/vc_column][vc_column width=&#8221;3\/4&#8243;][\/vc_column][\/vc_row][vc_row][vc_column][\/vc_column][\/vc_row][vc_row][vc_column width=&#8221;1\/4&#8243;][\/vc_column][vc_column width=&#8221;3\/4&#8243;][\/vc_column][\/vc_row][vc_row][vc_column][\/vc_column][\/vc_row][vc_row][vc_column width=&#8221;1\/4&#8243;][\/vc_column][vc_column width=&#8221;3\/4&#8243;][\/vc_column][\/vc_row][vc_row gap=&#8221;1&#8243;][vc_column][\/vc_column][\/vc_row] [&#8230;]<\/p>\n<p><a class=\"btn btn-secondary understrap-read-more-link\" href=\"https:\/\/us.edu.pl\/wydzial\/wpia\/wspolpraca\/wspolpraca-miedzynarodowa\/szkoly-praw-obcych\/szkola-prawa-hiszpanskiego-i-prawa-krajow-ameryki-lacinskiej\/nasi-wykladowcy\/\">Read More&#8230;<\/a><\/p>\n","protected":false},"author":3414,"featured_media":0,"parent":8023,"menu_order":1,"comment_status":"closed","ping_status":"closed","template":"page-templates\/inner-page.php","meta":{"_expiration-date-status":"saved","_expiration-date":0,"_expiration-date-type":"","_expiration-date-categories":[],"_expiration-date-options":[]},"acf":[],"_links":{"self":[{"href":"https:\/\/us.edu.pl\/wydzial\/wpia\/wp-json\/wp\/v2\/pages\/8068"}],"collection":[{"href":"https:\/\/us.edu.pl\/wydzial\/wpia\/wp-json\/wp\/v2\/pages"}],"about":[{"href":"https:\/\/us.edu.pl\/wydzial\/wpia\/wp-json\/wp\/v2\/types\/page"}],"author":[{"embeddable":true,"href":"https:\/\/us.edu.pl\/wydzial\/wpia\/wp-json\/wp\/v2\/users\/3414"}],"replies":[{"embeddable":true,"href":"https:\/\/us.edu.pl\/wydzial\/wpia\/wp-json\/wp\/v2\/comments?post=8068"}],"version-history":[{"count":10,"href":"https:\/\/us.edu.pl\/wydzial\/wpia\/wp-json\/wp\/v2\/pages\/8068\/revisions"}],"predecessor-version":[{"id":10056,"href":"https:\/\/us.edu.pl\/wydzial\/wpia\/wp-json\/wp\/v2\/pages\/8068\/revisions\/10056"}],"up":[{"embeddable":true,"href":"https:\/\/us.edu.pl\/wydzial\/wpia\/wp-json\/wp\/v2\/pages\/8023"}],"wp:attachment":[{"href":"https:\/\/us.edu.pl\/wydzial\/wpia\/wp-json\/wp\/v2\/media?parent=8068"}],"curies":[{"name":"wp","href":"https:\/\/api.w.org\/{rel}","templated":true}]}}