{"id":1112,"date":"2019-12-02T02:11:27","date_gmt":"2019-12-02T01:11:27","guid":{"rendered":"https:\/\/us.edu.pl\/wydzial\/wsne\/?page_id=1112"},"modified":"2019-12-02T02:11:27","modified_gmt":"2019-12-02T01:11:27","slug":"akademickie-stowarzyszenie-pomocy-spolecznej","status":"publish","type":"page","link":"https:\/\/us.edu.pl\/wydzial\/wsne\/ksztalcenie\/student-wydzialu\/organizacje-studenckie\/akademickie-stowarzyszenie-pomocy-spolecznej\/","title":{"rendered":"Akademickie Stowarzyszenie Pomocy Spo\u0142ecznej"},"content":{"rendered":"<p>[vc_row][vc_column]\r\n                <div class=\"text-modules\">\r\n                    <div class=\"container\">\r\n                        <h3 class=\"page-title text__title\">Akademickie Stowarzyszenie Pomocy Spo\u0142ecznej Oddzia\u0142 w Cieszynie<\/h3>\r\n                        <div class=\"text-modules__content\"><\/p>\n<p style=\"text-align: right;\">AKADEMICKIE STOWARZYSZENIE<br \/>\nPOMOCY SPO\u0141ECZNEJ<br \/>\nUL. BIELSKA 62<br \/>\n43\u2013400 CIESZYN<\/p>\n<p style=\"text-align: right;\">e-mail: <a href=\"mailto:asps.cieszyn@wp.pl\">asps.cieszyn@wp.pl<\/a><\/p>\n<p>Celem Stowarzyszenia jest:<\/p>\n<ol>\n<li>Organizacja czasu wolnego dzieci i m\u0142odzie\u017cy ze \u015brodowisk zagro\u017conych w oparciu o dzia\u0142alno\u015b\u0107 \u015bwietlic \u015brodowiskowych,<\/li>\n<li>Dora\u017ana pomoc osobom starszym i samotnym,<\/li>\n<li>Wsp\u00f3\u0142praca z o\u015brodkami pomocy spo\u0142ecznej jednostek samorz\u0105du terytorialnego,<\/li>\n<li>Organizacja zbi\u00f3rek,kwest, aukcji na rzecz potrzeb os\u00f3b obj\u0119tych opiek\u0105 Stowarzyszenia,<\/li>\n<li>Dora\u017ana pomoc studentom,<\/li>\n<li>Praca samokszta\u0142ceniowa cz\u0142onk\u00f3w Stowarzyszenia w zakresie opieki i pomocy<\/li>\n<li>Szkolenia w ramach r\u00f3\u017cnorodnych ofert dla organizacji pozarz\u0105dowych.<\/li>\n<\/ol>\n<p>W ci\u0105gu ubieg\u0142orocznej pracy stowarzyszenia uda\u0142o si\u0119 zorganizowa\u0107:<\/p>\n<ul>\n<li>Pomoc dla os\u00f3b potrzebuj\u0105cych w ramach indywidualnej pracy wolontariuszy stowarzyszenia, Wsp\u00f3\u0142prac\u0119 z miejscowymi plac\u00f3wkami opieku\u0144czo-wychowawczymi i ko\u0142ami naukowymi,<\/li>\n<li>Pomoc w pozyskaniu wyposa\u017cenia do \u015bwietlicy \u015brodowiskowej,<\/li>\n<li>Kiermasz \u015awi\u0105teczny, z kt\u00f3rego doch\u00f3d zosta\u0142 przeznaczony na: wyposa\u017cenie \u015bwietlicy \u015brodowiskowej oraz projekt \u201eKamerun\u201d,<\/li>\n<li>Zbi\u00f3rk\u0119 zabawek i okoliczno\u015bciowych prezent\u00f3w dla dzieci ucz\u0119szczaj\u0105cych do \u015bwietlicy \u015brodowiskowej w Cieszynie,<\/li>\n<li>Zbi\u00f3rk\u0119 gier i zabawek dla pensjonariuszy domu spokojnej staro\u015bci w Rajczy,<\/li>\n<li>Kabareton, z kt\u00f3rego doch\u00f3d zosta\u0142 przeznaczony na akcj\u0119 \u201eSerce Malwiny\u201d,<\/li>\n<li>Organizacja wieczoru miko\u0142ajkowego oraz spotkania wigilijnego w \u015bwietlicy \u015brodowiskowej w Cieszynie.<\/li>\n<\/ul>\n<p>A na najbli\u017cszy czas planujemy &#8230;<br \/>\nWIELE CIEKAWYCH PRZEDSI\u0118WZI\u0118\u0106, WI\u0118C ZAPRASZAMY DO WSP\u00d3\u0141PRACY!<\/p>\n<p style=\"text-align: right;\">Cz\u0142onkowie ASPS<\/p>\n<p>\n<\/div>\r\n                    <\/div>\r\n                <\/div>[\/vc_column][\/vc_row]<\/p>","protected":false},"excerpt":{"rendered":"<p>[vc_row][vc_column][\/vc_column][\/vc_row] [&#8230;]<\/p>\n<p><a class=\"btn btn-secondary understrap-read-more-link\" href=\"https:\/\/us.edu.pl\/wydzial\/wsne\/ksztalcenie\/student-wydzialu\/organizacje-studenckie\/akademickie-stowarzyszenie-pomocy-spolecznej\/\">Read More&#8230;<\/a><\/p>\n","protected":false},"author":26,"featured_media":0,"parent":259,"menu_order":0,"comment_status":"closed","ping_status":"closed","template":"","meta":{"_expiration-date-status":"saved","_expiration-date":0,"_expiration-date-type":"","_expiration-date-categories":[],"_expiration-date-options":[]},"acf":[],"_links":{"self":[{"href":"https:\/\/us.edu.pl\/wydzial\/wsne\/wp-json\/wp\/v2\/pages\/1112"}],"collection":[{"href":"https:\/\/us.edu.pl\/wydzial\/wsne\/wp-json\/wp\/v2\/pages"}],"about":[{"href":"https:\/\/us.edu.pl\/wydzial\/wsne\/wp-json\/wp\/v2\/types\/page"}],"author":[{"embeddable":true,"href":"https:\/\/us.edu.pl\/wydzial\/wsne\/wp-json\/wp\/v2\/users\/26"}],"replies":[{"embeddable":true,"href":"https:\/\/us.edu.pl\/wydzial\/wsne\/wp-json\/wp\/v2\/comments?post=1112"}],"version-history":[{"count":1,"href":"https:\/\/us.edu.pl\/wydzial\/wsne\/wp-json\/wp\/v2\/pages\/1112\/revisions"}],"predecessor-version":[{"id":1113,"href":"https:\/\/us.edu.pl\/wydzial\/wsne\/wp-json\/wp\/v2\/pages\/1112\/revisions\/1113"}],"up":[{"embeddable":true,"href":"https:\/\/us.edu.pl\/wydzial\/wsne\/wp-json\/wp\/v2\/pages\/259"}],"wp:attachment":[{"href":"https:\/\/us.edu.pl\/wydzial\/wsne\/wp-json\/wp\/v2\/media?parent=1112"}],"curies":[{"name":"wp","href":"https:\/\/api.w.org\/{rel}","templated":true}]}}