{"id":155983,"date":"2022-05-06T12:41:27","date_gmt":"2022-05-06T10:41:27","guid":{"rendered":"https:\/\/us.edu.pl\/?page_id=155983"},"modified":"2026-03-03T11:05:52","modified_gmt":"2026-03-03T10:05:52","slug":"strona-kierunku-grafika","status":"publish","type":"page","link":"https:\/\/us.edu.pl\/wydzial\/wsne\/strona-kierunku-grafika\/","title":{"rendered":"strona kierunku: Grafika"},"content":{"rendered":"<p>[vc_row][vc_column][vc_empty_space]\r\n                <div class=\"text-modules\">\r\n                    <div class=\"container\">\r\n                        \r\n                        <div class=\"text-modules__content\"><\/p>\n<h2><strong>Grafika<\/strong><\/h2>\n<h2><span style=\"font-size: 14pt;\"><strong> studia stacjonarne, jednolite magisterskie<\/strong><\/span><\/h2>\n<p><span style=\"font-size: 14pt;\"><strong>na Wydziale U\u015a w Cieszynie<\/strong><\/span><\/p>\n<\/div>\r\n                    <\/div>\r\n                <\/div>\r\n                <div class=\"text-modules\">\r\n                    <div class=\"container\">\r\n                        \r\n                        <div class=\"text-modules__content\"><p>Studia na kierunku <strong>grafika <\/strong>gwarantuj\u0105 pe\u0142ne wykszta\u0142cenie artysty-grafika projektanta zdolnego do podejmowania dzia\u0142alno\u015bci tw\u00f3rczej w zakresie grafiki projektowej, grafiki artystycznej i fotografii.<\/p>\n<p>Program kszta\u0142cenia obejmuje gruntowne przygotowanie og\u00f3lnoplastyczne, mo\u017cliwo\u015bci zdobycia wiedzy i do\u015bwiadczenia w dziedzinie profesjonalnej realizacji grafiki zar\u00f3wno w technikach tradycyjnych, jak i komputerowych wraz z podbudow\u0105 teoretyczn\u0105. Studia kszta\u0142c\u0105 i rozwijaj\u0105 samodzielno\u015b\u0107 my\u015blenia tw\u00f3rczego, kszta\u0142tuj\u0105 postawy kreatywne wobec sztuki, zapewniaj\u0105 rzeteln\u0105 i wszechstronn\u0105 znajomo\u015b\u0107 problematyki sztuk graficznych z jej specyfikacj\u0105 warsztatow\u0105 i technologiczn\u0105.<\/p>\n<p>Student \/ studentka zdobywa wiedz\u0119, umiej\u0119tno\u015bci i kompetencje niezb\u0119dne dla dyscypliny sztuki plastyczne i konserwacja dzie\u0142 sztuki. Absolwenci to \u015bwiadomi, samodzielni arty\u015bci oraz wykwalifikowani projektanci, wykszta\u0142ceni praktycznie i teoretycznie.<\/p>\n<\/div>\r\n                    <\/div>\r\n                <\/div>[\/vc_column][\/vc_row][vc_row disable_element=&#8221;yes&#8221; css=&#8221;.vc_custom_1698309151836{padding-right: 20px !important;padding-left: 20px !important;background-color: #f2f2f2 !important;}&#8221;][vc_column css=&#8221;.vc_custom_1652684540318{padding-right: 0px !important;padding-left: 0px !important;}&#8221;]\r\n                <div class=\"text-modules\">\r\n                    <div class=\"container\">\r\n                        \r\n                        <div class=\"text-modules__content\"><\/p>\n<h3><strong>Zapisz si\u0119 na studia<\/strong><\/h3>\n<p><span style=\"font-size: 9pt; color: #000080;\"><strong>\u201eRekrutacja rozpoczyna si\u0119 1-go czerwca\u201d<\/strong><\/span><\/p>\n<\/div>\r\n                    <\/div>\r\n                <\/div>[vc_btn title=&#8221;przejd\u017a do internetowej rejestracji dla kandydat\u00f3w &#8211; (Obecnie nie trwaj\u0105 zapisy)&#8221; style=&#8221;outline-custom&#8221; outline_custom_color=&#8221;#002e5a&#8221; outline_custom_hover_background=&#8221;#002e5a&#8221; outline_custom_hover_text=&#8221;#ffffff&#8221; shape=&#8221;square&#8221; size=&#8221;lg&#8221; el_class=&#8221;link&#8221; link=&#8221;url:https%3A%2F%2Firk2.us.edu.pl%2Fpl%2F&#8221;][\/vc_column][\/vc_row][vc_row css=&#8221;.vc_custom_1698309238015{background-color: #f2f2f2 !important;}&#8221;][vc_column]\r\n                <div class='sidebar_moduls sidebar_one_header' style='color:#002E5A;background-color: #EBEBEB'>\r\n                    <a href='https:\/\/us.edu.pl\/kandydat\/wp-content\/uploads\/sites\/13\/Kandydat\/Kryteria-2026-2027\/zal_do_195_2026_2_Wydzial_Sztuki_i_Nauk_o_Edukacji.pdf#page=8' class=\"mtli_attachment mtli_pdf\" class='link'>Oferta kierunk\u00f3w studi\u00f3w oraz kryteria przyj\u0119\u0107 na rok akademicki 2026\/2027<\/a>\r\n                <\/div>[\/vc_column][\/vc_row]<\/p>","protected":false},"excerpt":{"rendered":"<p>[vc_row][vc_column][vc_empty_space][\/vc_column][\/vc_row][vc_row disable_element=&#8221;yes&#8221; css=&#8221;.vc_custom_1698309151836{padding-right: 20px !important;padding-left: 20px !important;background-color: #f2f2f2 !important;}&#8221;][vc_column css=&#8221;.vc_custom_1652684540318{padding-right: 0px !important;padding-left: 0px !important;}&#8221;][vc_btn title=&#8221;przejd\u017a do internetowej rejestracji dla kandydat\u00f3w &#8211; (Obecnie nie trwaj\u0105 zapisy)&#8221; style=&#8221;outline-custom&#8221; outline_custom_color=&#8221;#002e5a&#8221; outline_custom_hover_background=&#8221;#002e5a&#8221; outline_custom_hover_text=&#8221;#ffffff&#8221; shape=&#8221;square&#8221; size=&#8221;lg&#8221; el_class=&#8221;link&#8221; link=&#8221;url:https%3A%2F%2Firk2.us.edu.pl%2Fpl%2F&#8221;][\/vc_column][\/vc_row][vc_row css=&#8221;.vc_custom_1698309238015{background-color: #f2f2f2 !important;}&#8221;][vc_column][\/vc_column][\/vc_row] [&#8230;]<\/p>\n<p><a class=\"btn btn-secondary understrap-read-more-link\" href=\"https:\/\/us.edu.pl\/wydzial\/wsne\/strona-kierunku-grafika\/\">Read More&#8230;<\/a><\/p>\n","protected":false},"author":110,"featured_media":0,"parent":0,"menu_order":0,"comment_status":"closed","ping_status":"closed","template":"page-templates\/page-with-sidebar-and-bookmarks.php","meta":{"_expiration-date-status":"","_expiration-date":0,"_expiration-date-type":"","_expiration-date-categories":[],"_expiration-date-options":[]},"acf":[],"_links":{"self":[{"href":"https:\/\/us.edu.pl\/wydzial\/wsne\/wp-json\/wp\/v2\/pages\/155983"}],"collection":[{"href":"https:\/\/us.edu.pl\/wydzial\/wsne\/wp-json\/wp\/v2\/pages"}],"about":[{"href":"https:\/\/us.edu.pl\/wydzial\/wsne\/wp-json\/wp\/v2\/types\/page"}],"author":[{"embeddable":true,"href":"https:\/\/us.edu.pl\/wydzial\/wsne\/wp-json\/wp\/v2\/users\/110"}],"replies":[{"embeddable":true,"href":"https:\/\/us.edu.pl\/wydzial\/wsne\/wp-json\/wp\/v2\/comments?post=155983"}],"version-history":[{"count":11,"href":"https:\/\/us.edu.pl\/wydzial\/wsne\/wp-json\/wp\/v2\/pages\/155983\/revisions"}],"predecessor-version":[{"id":173848,"href":"https:\/\/us.edu.pl\/wydzial\/wsne\/wp-json\/wp\/v2\/pages\/155983\/revisions\/173848"}],"wp:attachment":[{"href":"https:\/\/us.edu.pl\/wydzial\/wsne\/wp-json\/wp\/v2\/media?parent=155983"}],"curies":[{"name":"wp","href":"https:\/\/api.w.org\/{rel}","templated":true}]}}