{"id":156191,"date":"2022-06-07T13:13:41","date_gmt":"2022-06-07T11:13:41","guid":{"rendered":"https:\/\/us.edu.pl\/wydzial\/wsne\/?page_id=156191"},"modified":"2026-03-05T14:18:50","modified_gmt":"2026-03-05T13:18:50","slug":"strona-kierunku-askzek","status":"publish","type":"page","link":"https:\/\/us.edu.pl\/wydzial\/wsne\/strona-kierunku-askzek\/","title":{"rendered":"strona kierunku: ASKzEK"},"content":{"rendered":"<p>[vc_row][vc_column][vc_empty_space]\r\n                <div class=\"text-modules\">\r\n                    <div class=\"container\">\r\n                        \r\n                        <div class=\"text-modules__content\"><\/p>\n<h2><strong>Animacja spo\u0142eczno-kulturalna z edukacj\u0105 kulturaln\u0105 <\/strong><\/h2>\n<h2><span style=\"font-size: 14pt;\"><strong>studia stacjonarne I stopnia<\/strong><\/span><\/h2>\n<h2><span style=\"font-size: 14pt;\"><strong>na Wydziale U\u015a w Cieszynie<\/strong><\/span><\/h2>\n<p>\n<\/div>\r\n                    <\/div>\r\n                <\/div>\r\n                <div class=\"text-modules\">\r\n                    <div class=\"container\">\r\n                        \r\n                        <div class=\"text-modules__content\"><p>Masz w sobie dusz\u0119 artysty i energi\u0119 spo\u0142ecznika? Nie wybieraj mi\u0119dzy sztuk\u0105 a dzia\u0142aniem spo\u0142ecznym. Na kierunku <strong>animacja spo\u0142eczno-kulturalna z edukacj\u0105 kulturaln\u0105<\/strong> nauczymy Ci\u0119, jak przeku\u0107 tw\u00f3rczy ferment w konkretny zaw\u00f3d i w ci\u0105gu 6 semestr\u00f3w przygotujemy do roli profesjonalnego wielozadaniowca (<strong>multitaskera)<\/strong>, kt\u00f3ry nie tylko obserwuje \u015bwiat, ale realnie go kszta\u0142tuje.<\/p>\n<p><strong>Zastanawiasz si\u0119, czy animacja spo\u0142eczno-kulturalna z edukacj\u0105 kulturaln\u0105 to kierunek dla Ciebie? <\/strong>Je\u015bli odnajdujesz si\u0119 w poni\u017cszych punktach \u2013 mamy dla Ciebie miejsce!<\/p>\n<ul>\n<li><strong>Jeste\u015b tw\u00f3rc\u0105, <\/strong>ta\u0144czysz, \u015bpiewasz, grasz w teatrze, malujesz lub tworzysz w sieci? A mo\u017ce Twoim \u017cywio\u0142em jest folklor i \u017cywa tradycja? Niezale\u017cnie od formy, tutaj Twoja pasja uzyska profesjonalne ramy;<\/li>\n<li>Masz <strong>gen spo\u0142ecznika<\/strong>? Dzia\u0142asz w wolontariacie, harcerstwie lub ruchach religijnych albo jeste\u015b lokalnym ekoatywist\u0105? Pracujesz z dzie\u0107mi, seniorami lub osobami ze specjalnymi potrzebami? Je\u015bli pomaganie i organizowanie czasu innym masz we krwi, my poka\u017cemy Ci jak robi\u0107 to skutecznie i w spos\u00f3b warto\u015bciowy;<\/li>\n<li>Potrafisz \u201e\u0142\u0105czy\u0107 kropki\u201d? Widzisz <strong>potencja\u0142<\/strong> tam, gdzie inni widz\u0105 pustk\u0119? Chcesz wykorzysta\u0107 swoj\u0105 <strong>kreatywno\u015b\u0107 <\/strong>do pracy z lud\u017ami i realnego zmieniania ich codzienno\u015bci? Poka\u017cemy Ci wzorce takiej pracy i zainspirujemy Tw\u00f3j rozw\u00f3j;<\/li>\n<li>Szukasz zawodu, kt\u00f3ry skutecznie wygrywa z algorytmami? Stawiasz na <strong>empati\u0119, relacje i unikaln\u0105 ludzk\u0105 energi\u0119<\/strong> \u2013 czyli kompetencje, kt\u00f3rych sztuczna inteligencja nigdy nie zast\u0105pi? tu zbudujesz <strong>karier\u0119 \u201eAI-proof\u201d!<\/strong><\/li>\n<\/ul>\n<p>to <strong>animacja spo\u0142eczno-kulturalna z edukacj\u0105 kulturaln\u0105 jest Twoim naturalnym wyborem<\/strong>.<\/p>\n<p><strong>WA\u017bNE<\/strong>: w tym procesie do\u015bwiadczysz <strong>Study-Life Balance,<\/strong> bo umo\u017cliwimy Ci elastyczne <strong>po\u0142\u0105czenie studi\u00f3w i Twoich indywidualnych aktywno\u015bci<\/strong>. Rozumiemy, \u017ce studia i Twoje aktywno\u015bci wzajemnie si\u0119 wspieraj\u0105 i gwarantuj\u0105 najlepsze przygotowanie do zwodu, kt\u00f3ry wsp\u00f3\u0142tworzysz.<\/p>\n<\/div>\r\n                    <\/div>\r\n                <\/div>[\/vc_column][\/vc_row][vc_row disable_element=&#8221;yes&#8221; css=&#8221;.vc_custom_1698311606903{padding-right: 20px !important;padding-left: 20px !important;background-color: #f2f2f2 !important;}&#8221;][vc_column css=&#8221;.vc_custom_1652684540318{padding-right: 0px !important;padding-left: 0px !important;}&#8221;]\r\n                <div class=\"text-modules\">\r\n                    <div class=\"container\">\r\n                        \r\n                        <div class=\"text-modules__content\"><\/p>\n<h3><strong>Zapisz si\u0119 na studia<\/strong><\/h3>\n<p><span style=\"font-size: 9pt; color: #000080;\"><strong>\u201eRekrutacja rozpoczyna si\u0119 1-go czerwca\u201d<\/strong><\/span><\/p>\n<\/div>\r\n                    <\/div>\r\n                <\/div>[vc_btn title=&#8221;przejd\u017a do internetowej rejestracji dla kandydat\u00f3w&#8221; style=&#8221;outline-custom&#8221; outline_custom_color=&#8221;#002e5a&#8221; outline_custom_hover_background=&#8221;#002e5a&#8221; outline_custom_hover_text=&#8221;#ffffff&#8221; shape=&#8221;square&#8221; size=&#8221;lg&#8221; el_class=&#8221;link&#8221; link=&#8221;url:https%3A%2F%2Firk2.us.edu.pl%2Fpl%2F&#8221;][\/vc_column][\/vc_row][vc_row css=&#8221;.vc_custom_1698311627885{background-color: #f2f2f2 !important;}&#8221;][vc_column]\r\n                <div class='sidebar_moduls sidebar_one_header' style='color:#002E5A;background-color: #EBEBEB'>\r\n                    <a href='https:\/\/us.edu.pl\/kandydat\/wp-content\/uploads\/sites\/13\/Kandydat\/Kryteria-2026-2027\/zal_do_195_2026_2_Wydzial_Sztuki_i_Nauk_o_Edukacji.pdf' class=\"mtli_attachment mtli_pdf\" class='link'>Oferta kierunk\u00f3w studi\u00f3w oraz kryteria przyj\u0119\u0107 na rok akademicki 2026\/2027<\/a>\r\n                <\/div>[\/vc_column][\/vc_row]<\/p>","protected":false},"excerpt":{"rendered":"<p>[vc_row][vc_column][vc_empty_space][\/vc_column][\/vc_row][vc_row disable_element=&#8221;yes&#8221; css=&#8221;.vc_custom_1698311606903{padding-right: 20px !important;padding-left: 20px !important;background-color: #f2f2f2 !important;}&#8221;][vc_column css=&#8221;.vc_custom_1652684540318{padding-right: 0px !important;padding-left: 0px !important;}&#8221;][vc_btn title=&#8221;przejd\u017a do internetowej rejestracji dla kandydat\u00f3w&#8221; style=&#8221;outline-custom&#8221; outline_custom_color=&#8221;#002e5a&#8221; outline_custom_hover_background=&#8221;#002e5a&#8221; outline_custom_hover_text=&#8221;#ffffff&#8221; shape=&#8221;square&#8221; size=&#8221;lg&#8221; el_class=&#8221;link&#8221; link=&#8221;url:https%3A%2F%2Firk2.us.edu.pl%2Fpl%2F&#8221;][\/vc_column][\/vc_row][vc_row css=&#8221;.vc_custom_1698311627885{background-color: #f2f2f2 !important;}&#8221;][vc_column][\/vc_column][\/vc_row] [&#8230;]<\/p>\n<p><a class=\"btn btn-secondary understrap-read-more-link\" href=\"https:\/\/us.edu.pl\/wydzial\/wsne\/strona-kierunku-askzek\/\">Read More&#8230;<\/a><\/p>\n","protected":false},"author":110,"featured_media":0,"parent":0,"menu_order":0,"comment_status":"closed","ping_status":"closed","template":"page-templates\/page-with-sidebar-and-bookmarks.php","meta":{"_expiration-date-status":"","_expiration-date":0,"_expiration-date-type":"","_expiration-date-categories":[],"_expiration-date-options":[]},"acf":[],"_links":{"self":[{"href":"https:\/\/us.edu.pl\/wydzial\/wsne\/wp-json\/wp\/v2\/pages\/156191"}],"collection":[{"href":"https:\/\/us.edu.pl\/wydzial\/wsne\/wp-json\/wp\/v2\/pages"}],"about":[{"href":"https:\/\/us.edu.pl\/wydzial\/wsne\/wp-json\/wp\/v2\/types\/page"}],"author":[{"embeddable":true,"href":"https:\/\/us.edu.pl\/wydzial\/wsne\/wp-json\/wp\/v2\/users\/110"}],"replies":[{"embeddable":true,"href":"https:\/\/us.edu.pl\/wydzial\/wsne\/wp-json\/wp\/v2\/comments?post=156191"}],"version-history":[{"count":10,"href":"https:\/\/us.edu.pl\/wydzial\/wsne\/wp-json\/wp\/v2\/pages\/156191\/revisions"}],"predecessor-version":[{"id":173926,"href":"https:\/\/us.edu.pl\/wydzial\/wsne\/wp-json\/wp\/v2\/pages\/156191\/revisions\/173926"}],"wp:attachment":[{"href":"https:\/\/us.edu.pl\/wydzial\/wsne\/wp-json\/wp\/v2\/media?parent=156191"}],"curies":[{"name":"wp","href":"https:\/\/api.w.org\/{rel}","templated":true}]}}