{"id":156215,"date":"2022-06-07T13:37:12","date_gmt":"2022-06-07T11:37:12","guid":{"rendered":"https:\/\/us.edu.pl\/wydzial\/wsne\/?page_id=156215"},"modified":"2026-03-03T12:49:07","modified_gmt":"2026-03-03T11:49:07","slug":"strona-kierunku-eawzsp","status":"publish","type":"page","link":"https:\/\/us.edu.pl\/wydzial\/wsne\/strona-kierunku-eawzsp\/","title":{"rendered":"strona kierunku: EAwZSP"},"content":{"rendered":"<p>[vc_row][vc_column][vc_empty_space]\r\n                <div class=\"text-modules\">\r\n                    <div class=\"container\">\r\n                        \r\n                        <div class=\"text-modules__content\"><\/p>\n<h2><strong>Edukacja artystyczna w zakresie sztuk plastycznych<\/strong><\/h2>\n<h2><span style=\"font-size: 14pt;\"><strong>studia stacjonarne, pierwszego i drugiego stopnia<\/strong><\/span><\/h2>\n<div class=\"text-modules\">\n<div class=\"container\">\n<div class=\"text-modules__content\">\n<p><span style=\"font-size: 14pt;\"><strong>na Wydziale U\u015a w Cieszynie<\/strong><\/span><\/p>\n<\/div>\n<\/div>\n<\/div>\n<p>\n<\/div>\r\n                    <\/div>\r\n                <\/div>\r\n                <div class=\"text-modules\">\r\n                    <div class=\"container\">\r\n                        \r\n                        <div class=\"text-modules__content\"><p>Studia na kierunku <strong>edukacja artystyczna w zakresie sztuk plastycznych<\/strong> gwarantuj\u0105 uzyskanie umiej\u0119tno\u015bci i wiedzy wykwalifikowanego plastyka \u2013 tw\u00f3rcy, zdolnego do samodzielnego podejmowania wyzwa\u0144 artystycznych i kreatywnego rozwi\u0105zywania r\u00f3\u017cnorodnych zagadnie\u0144 plastycznych, ze \u015bwiadomo\u015bci\u0105 ich kontekstu artystycznego, kulturowego, cywilizacyjnego i spo\u0142ecznego.<\/p>\n<p>Absolwenci i absolwentki:<\/p>\n<ul>\n<li>s\u0105 przygotowani do podj\u0119cia tw\u00f3rczej pracy zawodowej: w charakterze animator\u00f3w dzia\u0142a\u0144 tw\u00f3rczych w o\u015brodkach i instytucjach kultury, sztuki i edukacji pozaszkolnej; w mediach, w strukturach promocyjnych i reklamowych,<\/li>\n<li>posiadaj\u0105 \u015bwiadomo\u015b\u0107 praktycznych uwarunkowa\u0144 dyscyplin artystycznych, potrafi\u0105 kreatywnie stosowa\u0107 je w dzia\u0142aniach edukacyjnych oraz upowszechniaj\u0105cych sztuk\u0119,<\/li>\n<li>s\u0105 przygotowani do wsp\u00f3\u0142pracy edukacyjnej zar\u00f3wno z dzie\u0107mi, jak i osobami doros\u0142ymi.<\/li>\n<\/ul>\n<p>Osoby studiuj\u0105ce maj\u0105 do wyboru dwie specjalno\u015bci- sztuki pi\u0119kne lub sztuki u\u017cytkowe, co pozwala studentom na zindywidualizowanie \u015bcie\u017cki edukacyjnej i dostosowywanie jej do w\u0142asnych preferencji naukowych, artystycznych i wymarzonej kariery zawodowej.<\/p>\n<p>Absolwenci studi\u00f3w II stopnia zdobywaj\u0105 kwalifikacje nauczycielskie (\u015bcie\u017cka nauczycielska) zgodne ze standardami kszta\u0142cenia nauczycieli lub kompetencje umo\u017cliwiaj\u0105ce podj\u0119cie pracy jako menad\u017cer sztuki (\u015bcie\u017cka menad\u017cerska).<\/p>\n<\/div>\r\n                    <\/div>\r\n                <\/div>[\/vc_column][\/vc_row][vc_row disable_element=&#8221;yes&#8221; css=&#8221;.vc_custom_1698308494159{padding-right: 20px !important;padding-left: 20px !important;background-color: #f2f2f2 !important;}&#8221;][vc_column css=&#8221;.vc_custom_1652684540318{padding-right: 0px !important;padding-left: 0px !important;}&#8221;]\r\n                <div class=\"text-modules\">\r\n                    <div class=\"container\">\r\n                        \r\n                        <div class=\"text-modules__content\"><\/p>\n<h3><strong>Zapisz si\u0119 na studia<\/strong><\/h3>\n<p><span style=\"font-size: 9pt; color: #000080;\"><strong>\u201eRekrutacja rozpoczyna si\u0119 1-go czerwca\u201d<\/strong><\/span><\/p>\n<\/div>\r\n                    <\/div>\r\n                <\/div>[vc_btn title=&#8221;przejd\u017a do internetowej rejestracji dla kandydat\u00f3w &#8211; I stopnia stacjonarne&#8221; style=&#8221;outline-custom&#8221; outline_custom_color=&#8221;#002e5a&#8221; outline_custom_hover_background=&#8221;#002e5a&#8221; outline_custom_hover_text=&#8221;#ffffff&#8221; shape=&#8221;square&#8221; size=&#8221;lg&#8221; el_class=&#8221;link&#8221; link=&#8221;url:https%3A%2F%2Firk2.us.edu.pl%2Fpl%2F&#8221;][vc_btn title=&#8221;przejd\u017a do internetowej rejestracji dla kandydat\u00f3w &#8211; II stopnia stacjonarne&#8221; style=&#8221;outline-custom&#8221; outline_custom_color=&#8221;#002e5a&#8221; outline_custom_hover_background=&#8221;#002e5a&#8221; outline_custom_hover_text=&#8221;#ffffff&#8221; shape=&#8221;square&#8221; size=&#8221;lg&#8221; el_class=&#8221;link&#8221; link=&#8221;url:https%3A%2F%2Firk2.us.edu.pl%2Fpl%2F&#8221;][\/vc_column][\/vc_row][vc_row css=&#8221;.vc_custom_1698308855114{background-color: #f2f2f2 !important;}&#8221;][vc_column]\r\n                <div class='sidebar_moduls sidebar_one_header' style='color:#002E5A;background-color: #EBEBEB'>\r\n                    <a href='https:\/\/us.edu.pl\/kandydat\/wp-content\/uploads\/sites\/13\/Kandydat\/Kryteria-2026-2027\/zal_do_195_2026_2_Wydzial_Sztuki_i_Nauk_o_Edukacji.pdf#page=7' class=\"mtli_attachment mtli_pdf\" class='link'>Oferta kierunk\u00f3w studi\u00f3w oraz kryteria przyj\u0119\u0107 na rok akademicki 2026\/2027<\/a>\r\n                <\/div>[\/vc_column][\/vc_row]<\/p>","protected":false},"excerpt":{"rendered":"<p>[vc_row][vc_column][vc_empty_space][\/vc_column][\/vc_row][vc_row disable_element=&#8221;yes&#8221; css=&#8221;.vc_custom_1698308494159{padding-right: 20px !important;padding-left: 20px !important;background-color: #f2f2f2 !important;}&#8221;][vc_column css=&#8221;.vc_custom_1652684540318{padding-right: 0px !important;padding-left: 0px !important;}&#8221;][vc_btn title=&#8221;przejd\u017a do internetowej rejestracji dla kandydat\u00f3w &#8211; I stopnia stacjonarne&#8221; style=&#8221;outline-custom&#8221; outline_custom_color=&#8221;#002e5a&#8221; outline_custom_hover_background=&#8221;#002e5a&#8221; outline_custom_hover_text=&#8221;#ffffff&#8221; shape=&#8221;square&#8221; size=&#8221;lg&#8221; el_class=&#8221;link&#8221; link=&#8221;url:https%3A%2F%2Firk2.us.edu.pl%2Fpl%2F&#8221;][vc_btn title=&#8221;przejd\u017a do internetowej rejestracji dla kandydat\u00f3w &#8211; II stopnia stacjonarne&#8221; style=&#8221;outline-custom&#8221; outline_custom_color=&#8221;#002e5a&#8221; outline_custom_hover_background=&#8221;#002e5a&#8221; outline_custom_hover_text=&#8221;#ffffff&#8221; shape=&#8221;square&#8221; size=&#8221;lg&#8221; el_class=&#8221;link&#8221; link=&#8221;url:https%3A%2F%2Firk2.us.edu.pl%2Fpl%2F&#8221;][\/vc_column][\/vc_row][vc_row css=&#8221;.vc_custom_1698308855114{background-color: #f2f2f2 !important;}&#8221;][vc_column][\/vc_column][\/vc_row] [&#8230;]<\/p>\n<p><a class=\"btn btn-secondary understrap-read-more-link\" href=\"https:\/\/us.edu.pl\/wydzial\/wsne\/strona-kierunku-eawzsp\/\">Read More&#8230;<\/a><\/p>\n","protected":false},"author":110,"featured_media":0,"parent":0,"menu_order":0,"comment_status":"closed","ping_status":"closed","template":"page-templates\/page-with-sidebar-and-bookmarks.php","meta":{"_expiration-date-status":"","_expiration-date":0,"_expiration-date-type":"","_expiration-date-categories":[],"_expiration-date-options":[]},"acf":[],"_links":{"self":[{"href":"https:\/\/us.edu.pl\/wydzial\/wsne\/wp-json\/wp\/v2\/pages\/156215"}],"collection":[{"href":"https:\/\/us.edu.pl\/wydzial\/wsne\/wp-json\/wp\/v2\/pages"}],"about":[{"href":"https:\/\/us.edu.pl\/wydzial\/wsne\/wp-json\/wp\/v2\/types\/page"}],"author":[{"embeddable":true,"href":"https:\/\/us.edu.pl\/wydzial\/wsne\/wp-json\/wp\/v2\/users\/110"}],"replies":[{"embeddable":true,"href":"https:\/\/us.edu.pl\/wydzial\/wsne\/wp-json\/wp\/v2\/comments?post=156215"}],"version-history":[{"count":10,"href":"https:\/\/us.edu.pl\/wydzial\/wsne\/wp-json\/wp\/v2\/pages\/156215\/revisions"}],"predecessor-version":[{"id":173889,"href":"https:\/\/us.edu.pl\/wydzial\/wsne\/wp-json\/wp\/v2\/pages\/156215\/revisions\/173889"}],"wp:attachment":[{"href":"https:\/\/us.edu.pl\/wydzial\/wsne\/wp-json\/wp\/v2\/media?parent=156215"}],"curies":[{"name":"wp","href":"https:\/\/api.w.org\/{rel}","templated":true}]}}