{"id":156450,"date":"2022-06-14T14:07:59","date_gmt":"2022-06-14T12:07:59","guid":{"rendered":"https:\/\/us.edu.pl\/wydzial\/wsne\/?page_id=156450"},"modified":"2026-03-03T10:28:01","modified_gmt":"2026-03-03T09:28:01","slug":"strona-kierunku-pedagogika","status":"publish","type":"page","link":"https:\/\/us.edu.pl\/wydzial\/wsne\/strona-kierunku-pedagogika\/","title":{"rendered":"strona kierunku: Pedagogika"},"content":{"rendered":"<p>[vc_row][vc_column][vc_empty_space]\r\n                <div class=\"text-modules\">\r\n                    <div class=\"container\">\r\n                        \r\n                        <div class=\"text-modules__content\"><\/p>\n<h2><strong>Pedagogika <\/strong><\/h2>\n<h2><span style=\"font-size: 14pt;\"><strong>studia stacjonarne i niestacjonarne, I i Ii stopnia<\/strong><\/span><\/h2>\n<h2><span style=\"font-size: 14pt;\"><strong>na Wydziale U\u015a w Cieszynie <\/strong><\/span><\/h2>\n<p>\n<\/div>\r\n                    <\/div>\r\n                <\/div>\r\n                <div class=\"text-modules\">\r\n                    <div class=\"container\">\r\n                        \r\n                        <div class=\"text-modules__content\"><p>Za decyzj\u0105 o podj\u0119ciu studi\u00f3w na kierunku <strong>pedagogika<\/strong> przemawia szereg argument\u00f3w, takich jak:<\/p>\n<ul>\n<li>pojawianie si\u0119 na rynku pracy coraz wi\u0119kszej liczby ofert na stanowisku nauczyciela-wychowawcy,<\/li>\n<li>wzmo\u017cone zapotrzebowanie na pedagog\u00f3w, specjalist\u00f3w w zakresie odpowiedniej specjalno\u015bci pedagogicznej, kt\u00f3rzy b\u0119d\u0105 wspierali rodzic\u00f3w w procesach wychowawczych,<\/li>\n<li>konieczno\u015b\u0107 nabycia uprawnie\u0144 w ramach przygotowania pedagogicznego nie tylko przez nauczycieli, pedagog\u00f3w zatrudnionych w przedszkolach i szko\u0142ach, ale przez wszystkie osoby, kt\u00f3re zamierzaj\u0105 prowadzi\u0107 zaj\u0119cia edukacyjne w instytucjach kultury, klubach sportowych, plac\u00f3wkach opieku\u0144czo-wychowawczych, o\u015brodkach m\u0142odzie\u017cowych, w ramach szkole\u0144, kurs\u00f3w, warsztat\u00f3w dla dzieci, m\u0142odzie\u017cy i doros\u0142ych.<\/li>\n<\/ul>\n<p>Kierunek <strong>pedagogika<\/strong> na cieszy\u0144skim wydziale U\u015a wyr\u00f3\u017cnia si\u0119 realizowanymi w jego obr\u0119bie specjalno\u015bciami \u2013 ka\u017cda gwarantuje absolwentowi <strong>dwojakiego rodzaju przygotowanie i kwalifikacje zawodowe<\/strong>, a tak\u017ce studia dostosowane do rzeczywisto\u015bci\u00a0 \u2013 uwzgl\u0119dniaj\u0105ce dynamik\u0119 spo\u0142eczn\u0105 i wymagaj\u0105cy rynek pracy. Wyspecjalizowanie si\u0119 w okre\u015blonym obszarze pedagogicznym przek\u0142ada si\u0119 na okre\u015blone mo\u017cliwo\u015bci zawodowe.<\/p>\n<p>Dodatkowo zdobyte <strong>umiej\u0119tno\u015bci spo\u0142eczne, organizacyjne i komunikacyjne<\/strong> \u2013 z za\u0142o\u017cenia b\u0119d\u0105ce atrybutem ka\u017cdego dobrego pedagoga \u2013 w po\u0142\u0105czeniu z przedsi\u0119biorczo\u015bci\u0105 pomog\u0105 w byciu tw\u00f3rc\u0105 lub wytw\u00f3rc\u0105 pomocy dydaktycznych, mebli szkolnych i dzieci\u0119cych, sprz\u0119tu rehabilitacyjnego, zabawek, poradnik\u00f3w, itp.<\/p>\n<p><strong>Na studiach pedagogicznych kluczowe znaczenie ma wyb\u00f3r specjalno\u015bci.<\/strong><\/p>\n<\/div>\r\n                    <\/div>\r\n                <\/div>[\/vc_column][\/vc_row][vc_row disable_element=&#8221;yes&#8221; css=&#8221;.vc_custom_1698310333088{padding-right: 20px !important;padding-left: 20px !important;background-color: #f2f2f2 !important;}&#8221;][vc_column css=&#8221;.vc_custom_1652684540318{padding-right: 0px !important;padding-left: 0px !important;}&#8221;]\r\n                <div class=\"text-modules\">\r\n                    <div class=\"container\">\r\n                        \r\n                        <div class=\"text-modules__content\"><\/p>\n<h3><strong>Zapisz si\u0119 na studia<\/strong><\/h3>\n<p><span style=\"font-size: 9pt; color: #000080;\"><strong>\u201eRekrutacja rozpoczyna si\u0119 1-go czerwca\u201d<\/strong><\/span><\/p>\n<\/div>\r\n                    <\/div>\r\n                <\/div>[vc_btn title=&#8221;przejd\u017a do internetowej rejestracji dla kandydat\u00f3w-I stopnia stacjonarne&#8221; style=&#8221;outline-custom&#8221; outline_custom_color=&#8221;#002e5a&#8221; outline_custom_hover_background=&#8221;#002e5a&#8221; outline_custom_hover_text=&#8221;#ffffff&#8221; shape=&#8221;square&#8221; size=&#8221;lg&#8221; el_class=&#8221;link&#8221; link=&#8221;url:https%3A%2F%2Firk2.us.edu.pl%2Fpl%2F&#8221;][vc_btn title=&#8221;przejd\u017a do internetowej rejestracji dla kandydat\u00f3w-II stopnia stacjonarne&#8221; style=&#8221;outline-custom&#8221; outline_custom_color=&#8221;#002e5a&#8221; outline_custom_hover_background=&#8221;#002e5a&#8221; outline_custom_hover_text=&#8221;#ffffff&#8221; shape=&#8221;square&#8221; size=&#8221;lg&#8221; el_class=&#8221;link&#8221; link=&#8221;url:https%3A%2F%2Firk2.us.edu.pl%2Fpl%2F&#8221;][vc_btn title=&#8221;przejd\u017a do internetowej rejestracji dla kandydat\u00f3w-I stopnia niestacjonarne&#8221; style=&#8221;outline-custom&#8221; outline_custom_color=&#8221;#002e5a&#8221; outline_custom_hover_background=&#8221;#002e5a&#8221; outline_custom_hover_text=&#8221;#ffffff&#8221; shape=&#8221;square&#8221; size=&#8221;lg&#8221; el_class=&#8221;link&#8221; link=&#8221;url:https%3A%2F%2Firk2.us.edu.pl%2Fpl%2F&#8221;][vc_btn title=&#8221;przejd\u017a do internetowej rejestracji dla kandydat\u00f3w-II stopnia niestacjonarne&#8221; style=&#8221;outline-custom&#8221; outline_custom_color=&#8221;#002e5a&#8221; outline_custom_hover_background=&#8221;#002e5a&#8221; outline_custom_hover_text=&#8221;#ffffff&#8221; shape=&#8221;square&#8221; size=&#8221;lg&#8221; el_class=&#8221;link&#8221; link=&#8221;url:https%3A%2F%2Firk2.us.edu.pl%2Fpl%2F&#8221;][\/vc_column][\/vc_row][vc_row css=&#8221;.vc_custom_1698310094277{background-color: #f2f2f2 !important;}&#8221;][vc_column]\r\n                <div class='sidebar_moduls sidebar_one_header' style='color:#002E5A;background-color: #EBEBEB'>\r\n                    <a href='https:\/\/us.edu.pl\/kandydat\/wp-content\/uploads\/sites\/13\/Kandydat\/Kryteria-2026-2027\/zal_do_195_2026_2_Wydzial_Sztuki_i_Nauk_o_Edukacji.pdf#page=10' class=\"mtli_attachment mtli_pdf\" class='link'>Oferta kierunk\u00f3w studi\u00f3w oraz kryteria przyj\u0119\u0107 na rok akademicki 2026\/2027<\/a>\r\n                <\/div>[\/vc_column][\/vc_row]<\/p>","protected":false},"excerpt":{"rendered":"<p>[vc_row][vc_column][vc_empty_space][\/vc_column][\/vc_row][vc_row disable_element=&#8221;yes&#8221; css=&#8221;.vc_custom_1698310333088{padding-right: 20px !important;padding-left: 20px !important;background-color: #f2f2f2 !important;}&#8221;][vc_column css=&#8221;.vc_custom_1652684540318{padding-right: 0px !important;padding-left: 0px !important;}&#8221;][vc_btn title=&#8221;przejd\u017a do internetowej rejestracji dla kandydat\u00f3w-I stopnia stacjonarne&#8221; style=&#8221;outline-custom&#8221; outline_custom_color=&#8221;#002e5a&#8221; outline_custom_hover_background=&#8221;#002e5a&#8221; outline_custom_hover_text=&#8221;#ffffff&#8221; shape=&#8221;square&#8221; size=&#8221;lg&#8221; el_class=&#8221;link&#8221; link=&#8221;url:https%3A%2F%2Firk2.us.edu.pl%2Fpl%2F&#8221;][vc_btn title=&#8221;przejd\u017a do internetowej rejestracji dla kandydat\u00f3w-II stopnia stacjonarne&#8221; style=&#8221;outline-custom&#8221; outline_custom_color=&#8221;#002e5a&#8221; outline_custom_hover_background=&#8221;#002e5a&#8221; outline_custom_hover_text=&#8221;#ffffff&#8221; shape=&#8221;square&#8221; size=&#8221;lg&#8221; el_class=&#8221;link&#8221; link=&#8221;url:https%3A%2F%2Firk2.us.edu.pl%2Fpl%2F&#8221;][vc_btn title=&#8221;przejd\u017a do internetowej rejestracji dla kandydat\u00f3w-I stopnia niestacjonarne&#8221; style=&#8221;outline-custom&#8221; [&#8230;]<\/p>\n<p><a class=\"btn btn-secondary understrap-read-more-link\" href=\"https:\/\/us.edu.pl\/wydzial\/wsne\/strona-kierunku-pedagogika\/\">Read More&#8230;<\/a><\/p>\n","protected":false},"author":110,"featured_media":0,"parent":0,"menu_order":0,"comment_status":"closed","ping_status":"closed","template":"page-templates\/page-with-sidebar-and-bookmarks.php","meta":{"_expiration-date-status":"","_expiration-date":0,"_expiration-date-type":"","_expiration-date-categories":[],"_expiration-date-options":[]},"acf":[],"_links":{"self":[{"href":"https:\/\/us.edu.pl\/wydzial\/wsne\/wp-json\/wp\/v2\/pages\/156450"}],"collection":[{"href":"https:\/\/us.edu.pl\/wydzial\/wsne\/wp-json\/wp\/v2\/pages"}],"about":[{"href":"https:\/\/us.edu.pl\/wydzial\/wsne\/wp-json\/wp\/v2\/types\/page"}],"author":[{"embeddable":true,"href":"https:\/\/us.edu.pl\/wydzial\/wsne\/wp-json\/wp\/v2\/users\/110"}],"replies":[{"embeddable":true,"href":"https:\/\/us.edu.pl\/wydzial\/wsne\/wp-json\/wp\/v2\/comments?post=156450"}],"version-history":[{"count":10,"href":"https:\/\/us.edu.pl\/wydzial\/wsne\/wp-json\/wp\/v2\/pages\/156450\/revisions"}],"predecessor-version":[{"id":173794,"href":"https:\/\/us.edu.pl\/wydzial\/wsne\/wp-json\/wp\/v2\/pages\/156450\/revisions\/173794"}],"wp:attachment":[{"href":"https:\/\/us.edu.pl\/wydzial\/wsne\/wp-json\/wp\/v2\/media?parent=156450"}],"curies":[{"name":"wp","href":"https:\/\/api.w.org\/{rel}","templated":true}]}}