{"id":156481,"date":"2022-06-14T14:27:56","date_gmt":"2022-06-14T12:27:56","guid":{"rendered":"https:\/\/us.edu.pl\/wydzial\/wsne\/?page_id=156481"},"modified":"2026-03-03T11:06:26","modified_gmt":"2026-03-03T10:06:26","slug":"strona-kierunku-pgipw","status":"publish","type":"page","link":"https:\/\/us.edu.pl\/wydzial\/wsne\/strona-kierunku-pgipw\/","title":{"rendered":"strona kierunku: PGiPW"},"content":{"rendered":"<p>[vc_row][vc_column][vc_empty_space]\r\n                <div class=\"text-modules\">\r\n                    <div class=\"container\">\r\n                        \r\n                        <div class=\"text-modules__content\"><\/p>\n<h2><strong>Projektowanie gier i przestrzeni wirtualnej\u00a0<\/strong><\/h2>\n<p><span style=\"font-size: 14pt;\"><strong>studia stacjonarne I i II stopnia<\/strong><\/span><\/p>\n<p><span style=\"font-size: 14pt;\"><strong>Wydzia\u0142 U\u015a w Cieszynie<\/strong><\/span><\/p>\n<\/div>\r\n                    <\/div>\r\n                <\/div>\r\n                <div class=\"text-modules\">\r\n                    <div class=\"container\">\r\n                        \r\n                        <div class=\"text-modules__content\"><p>Kierunek oferuje studia o profilu praktycznym. Umo\u017cliwia zdobycie wykszta\u0142cenia na poziomie licencjatu i magisterskim oraz przygotowuje do podj\u0119cia pracy lub prowadzenia samodzielnej dzia\u0142alno\u015bci na rynku gier i rozrywki interaktywnej.<\/p>\n<p>Absolwenci zyskuj\u0105 kompetencje poszukiwane w bran\u017cy gier komputerowych, sektorze kreatywnym, agencjach reklamowych, czy instytucjach kultury.<\/p>\n<p>Proces dydaktyczny na obu stopniach studi\u00f3w realizowany jest przez wyk\u0142adowc\u00f3w uniwersyteckich oraz specjalist\u00f3w bran\u017cy gier komputerowych (GameDev). Kierunek dysponuje dobrze wyposa\u017conymi w sprz\u0119t i oprogramowanie pracowniami komputerowymi, gralni\u0105, zapleczem socjalnym, miejscami do samodzielnej pracy czy wycisze\u0144.<\/p>\n<\/div>\r\n                    <\/div>\r\n                <\/div>[\/vc_column][\/vc_row][vc_row disable_element=&#8221;yes&#8221; css=&#8221;.vc_custom_1698309396101{padding-right: 20px !important;padding-left: 20px !important;background-color: #f2f2f2 !important;}&#8221;][vc_column css=&#8221;.vc_custom_1652684540318{padding-right: 0px !important;padding-left: 0px !important;}&#8221;]\r\n                <div class=\"text-modules\">\r\n                    <div class=\"container\">\r\n                        \r\n                        <div class=\"text-modules__content\"><\/p>\n<h3><strong>Zapisz si\u0119 na studia<\/strong><\/h3>\n<p><span style=\"font-size: 9pt; color: #000080;\"><strong>\u201eRekrutacja rozpoczyna si\u0119 1-go czerwca\u201d<\/strong><\/span><\/p>\n<\/div>\r\n                    <\/div>\r\n                <\/div>[vc_btn title=&#8221;przejd\u017a do internetowej rejestracji dla kandydat\u00f3w-I stopnia stacjonarne &#8211; (Obecnie nie trwaj\u0105 zapisy)&#8221; style=&#8221;outline-custom&#8221; outline_custom_color=&#8221;#002e5a&#8221; outline_custom_hover_background=&#8221;#002e5a&#8221; outline_custom_hover_text=&#8221;#ffffff&#8221; shape=&#8221;square&#8221; size=&#8221;lg&#8221; el_class=&#8221;link&#8221; link=&#8221;url:https%3A%2F%2Firk2.us.edu.pl%2Fpl%2F&#8221;][vc_btn title=&#8221;przejd\u017a do internetowej rejestracji dla kandydat\u00f3w-II stopnia stacjonarne&#8221; style=&#8221;outline-custom&#8221; outline_custom_color=&#8221;#002e5a&#8221; outline_custom_hover_background=&#8221;#002e5a&#8221; outline_custom_hover_text=&#8221;#ffffff&#8221; shape=&#8221;square&#8221; size=&#8221;lg&#8221; el_class=&#8221;link&#8221; link=&#8221;url:https%3A%2F%2Firk2.us.edu.pl%2Fpl%2F&#8221;][\/vc_column][\/vc_row][vc_row css=&#8221;.vc_custom_1698309491480{background-color: #f2f2f2 !important;}&#8221;][vc_column]\r\n                <div class='sidebar_moduls sidebar_one_header' style='color:#002E5A;background-color: #EBEBEB'>\r\n                    <a href='https:\/\/us.edu.pl\/kandydat\/wp-content\/uploads\/sites\/13\/Kandydat\/Kryteria-2026-2027\/zal_do_195_2026_2_Wydzial_Sztuki_i_Nauk_o_Edukacji.pdf#page=9' class=\"mtli_attachment mtli_pdf\" class='link'>Oferta kierunk\u00f3w studi\u00f3w oraz kryteria przyj\u0119\u0107 na rok akademicki 2026\/2027<\/a>\r\n                <\/div>[\/vc_column][\/vc_row]<\/p>","protected":false},"excerpt":{"rendered":"<p>[vc_row][vc_column][vc_empty_space][\/vc_column][\/vc_row][vc_row disable_element=&#8221;yes&#8221; css=&#8221;.vc_custom_1698309396101{padding-right: 20px !important;padding-left: 20px !important;background-color: #f2f2f2 !important;}&#8221;][vc_column css=&#8221;.vc_custom_1652684540318{padding-right: 0px !important;padding-left: 0px !important;}&#8221;][vc_btn title=&#8221;przejd\u017a do internetowej rejestracji dla kandydat\u00f3w-I stopnia stacjonarne &#8211; (Obecnie nie trwaj\u0105 zapisy)&#8221; style=&#8221;outline-custom&#8221; outline_custom_color=&#8221;#002e5a&#8221; outline_custom_hover_background=&#8221;#002e5a&#8221; outline_custom_hover_text=&#8221;#ffffff&#8221; shape=&#8221;square&#8221; size=&#8221;lg&#8221; el_class=&#8221;link&#8221; link=&#8221;url:https%3A%2F%2Firk2.us.edu.pl%2Fpl%2F&#8221;][vc_btn title=&#8221;przejd\u017a do internetowej rejestracji dla kandydat\u00f3w-II stopnia stacjonarne&#8221; style=&#8221;outline-custom&#8221; outline_custom_color=&#8221;#002e5a&#8221; outline_custom_hover_background=&#8221;#002e5a&#8221; outline_custom_hover_text=&#8221;#ffffff&#8221; shape=&#8221;square&#8221; size=&#8221;lg&#8221; el_class=&#8221;link&#8221; link=&#8221;url:https%3A%2F%2Firk2.us.edu.pl%2Fpl%2F&#8221;][\/vc_column][\/vc_row][vc_row css=&#8221;.vc_custom_1698309491480{background-color: #f2f2f2 !important;}&#8221;][vc_column][\/vc_column][\/vc_row] [&#8230;]<\/p>\n<p><a class=\"btn btn-secondary understrap-read-more-link\" href=\"https:\/\/us.edu.pl\/wydzial\/wsne\/strona-kierunku-pgipw\/\">Read More&#8230;<\/a><\/p>\n","protected":false},"author":110,"featured_media":0,"parent":0,"menu_order":0,"comment_status":"closed","ping_status":"closed","template":"page-templates\/page-with-sidebar-and-bookmarks.php","meta":{"_expiration-date-status":"","_expiration-date":0,"_expiration-date-type":"","_expiration-date-categories":[],"_expiration-date-options":[]},"acf":[],"_links":{"self":[{"href":"https:\/\/us.edu.pl\/wydzial\/wsne\/wp-json\/wp\/v2\/pages\/156481"}],"collection":[{"href":"https:\/\/us.edu.pl\/wydzial\/wsne\/wp-json\/wp\/v2\/pages"}],"about":[{"href":"https:\/\/us.edu.pl\/wydzial\/wsne\/wp-json\/wp\/v2\/types\/page"}],"author":[{"embeddable":true,"href":"https:\/\/us.edu.pl\/wydzial\/wsne\/wp-json\/wp\/v2\/users\/110"}],"replies":[{"embeddable":true,"href":"https:\/\/us.edu.pl\/wydzial\/wsne\/wp-json\/wp\/v2\/comments?post=156481"}],"version-history":[{"count":10,"href":"https:\/\/us.edu.pl\/wydzial\/wsne\/wp-json\/wp\/v2\/pages\/156481\/revisions"}],"predecessor-version":[{"id":173851,"href":"https:\/\/us.edu.pl\/wydzial\/wsne\/wp-json\/wp\/v2\/pages\/156481\/revisions\/173851"}],"wp:attachment":[{"href":"https:\/\/us.edu.pl\/wydzial\/wsne\/wp-json\/wp\/v2\/media?parent=156481"}],"curies":[{"name":"wp","href":"https:\/\/api.w.org\/{rel}","templated":true}]}}