{"id":157474,"date":"2023-01-20T10:33:22","date_gmt":"2023-01-20T09:33:22","guid":{"rendered":"https:\/\/us.edu.pl\/wydzial\/wsne\/?page_id=157474"},"modified":"2026-01-26T08:21:20","modified_gmt":"2026-01-26T07:21:20","slug":"system-zapewniania-jakosci-ksztalcenia","status":"publish","type":"page","link":"https:\/\/us.edu.pl\/wydzial\/wsne\/system-zapewniania-jakosci-ksztalcenia\/","title":{"rendered":"System zapewniania jako\u015bci kszta\u0142cenia"},"content":{"rendered":"<p>[vc_row][vc_column][vc_column_text]<\/p>\n<h3>Procedury Systemu Zapewniania Jako\u015bci Kszta\u0142cenia dla kierunk\u00f3w studi\u00f3w organizowanych przez Wydzia\u0142 Sztuki i Nauk o Edukacji<\/h3>\n<p>&nbsp;<\/p>\n<p><strong><span style=\"font-size: 14pt;\"><a href=\"https:\/\/us.edu.pl\/wydzial\/wsne\/wp-content\/uploads\/sites\/20\/Bez-kategorii\/Procedury-Systemu-Zapewniania-Jakosci-Ksztalcenia-dla-kierunkow-studiow-organizowanych-przez-Wydzial.pdf\" class=\"mtli_attachment mtli_pdf\" data-mtli=\"mtli_filesize717,77kB\">Procedury Systemu Zapewniania Jako\u015bci Kszta\u0142cenia dla kierunk\u00f3w studi\u00f3w organizowanych przez Wydzia\u0142<\/a><\/span><\/strong><\/p>\n<p>&nbsp;<\/p>\n<p><strong><span style=\"font-size: 14pt;\"><a href=\"https:\/\/us.edu.pl\/wydzial\/wsne\/wp-content\/uploads\/sites\/20\/Bez-kategorii\/Wydzialowa-strategia-ksztalcenia-z-wykorzystaniem-metod-i-technik-ksztalcenia-na-odleglosc-1.pdf\" class=\"mtli_attachment mtli_pdf\" data-mtli=\"mtli_filesize216,06kB\">Wydzia\u0142owa strategia kszta\u0142cenia z wykorzystaniem metod i technik kszta\u0142cenia na odleg\u0142o\u015b\u0107<\/a><\/span><\/strong><\/p>\n<p>&nbsp;<\/p>\n<p><strong>Raport samooceny<\/strong><\/p>\n<p><strong><span style=\"font-size: 14pt;\"><a href=\"https:\/\/us.edu.pl\/wydzial\/wsne\/wp-content\/uploads\/sites\/20\/Bez-kategorii\/Raport-samooceny-dla-kierunku-Edukacja-artystyczna-w-zakresie-sztuk-plastycznych.pdf\" class=\"mtli_attachment mtli_pdf\" data-mtli=\"mtli_filesize2,73MB\">Raport samooceny PKA dla kierunku Edukacja artystyczna w zakresie sztuk plastycznych<\/a><\/span><\/strong><\/p>\n<p><strong><span style=\"font-size: 14pt;\"><a href=\"https:\/\/us.edu.pl\/wydzial\/wsne\/wp-content\/uploads\/sites\/20\/Bez-kategorii\/Raport-samooceny-PKA-dla-kierunnku-Muzyka-w-multimediach.pdf\" class=\"mtli_attachment mtli_pdf\" data-mtli=\"mtli_filesize2,65MB\">Raport samooceny PKA dla kierunnku Muzyka w multimediach<\/a><\/span><\/strong><\/p>\n<p><strong><span style=\"font-size: 14pt;\"><a href=\"https:\/\/us.edu.pl\/wydzial\/wsne\/wp-content\/uploads\/sites\/20\/Bez-kategorii\/Raport-samooceny-PKA-dla-kierunku-Grafika.pdf\" class=\"mtli_attachment mtli_pdf\" data-mtli=\"mtli_filesize1,38MB\">Raport samooceny PKA dla kierunku Grafika<\/a><\/span><\/strong><\/p>\n<p><strong><span style=\"font-size: 14pt;\"><a href=\"https:\/\/us.edu.pl\/wydzial\/wsne\/wp-content\/uploads\/sites\/20\/Bez-kategorii\/Raport-samooceny-PKA-dla-kierunku-Edukacja-artystyczna-w-zakresie-sztuki-muzycznej.pdf\" class=\"mtli_attachment mtli_pdf\" data-mtli=\"mtli_filesize1,92MB\">Raport-samooceny-PKA-dla-kierunku-Edukacja-artystyczna-w-zakresie-sztuki-muzycznej<\/a><\/span><\/strong>[\/vc_column_text][\/vc_column][\/vc_row]<\/p>\n<style type=\"text\/css\">a[data-mtli~=\"mtli_filesize717,77kB\"]:after {content:\" (717,77 kB)\"}a[data-mtli~=\"mtli_filesize216,06kB\"]:after {content:\" (216,06 kB)\"}a[data-mtli~=\"mtli_filesize2,73MB\"]:after {content:\" (2,73 MB)\"}a[data-mtli~=\"mtli_filesize2,65MB\"]:after {content:\" (2,65 MB)\"}a[data-mtli~=\"mtli_filesize1,38MB\"]:after {content:\" (1,38 MB)\"}a[data-mtli~=\"mtli_filesize1,92MB\"]:after {content:\" (1,92 MB)\"}<\/style>","protected":false},"excerpt":{"rendered":"<p>[vc_row][vc_column][vc_column_text] Procedury Systemu Zapewniania Jako\u015bci Kszta\u0142cenia dla kierunk\u00f3w studi\u00f3w organizowanych przez Wydzia\u0142 Sztuki i Nauk o Edukacji &nbsp; Procedury Systemu Zapewniania Jako\u015bci Kszta\u0142cenia dla kierunk\u00f3w studi\u00f3w organizowanych przez Wydzia\u0142 &nbsp; Wydzia\u0142owa strategia kszta\u0142cenia z wykorzystaniem metod i technik kszta\u0142cenia na odleg\u0142o\u015b\u0107 &nbsp; Raport samooceny Raport samooceny PKA dla kierunku Edukacja artystyczna w zakresie sztuk plastycznych [&#8230;]<\/p>\n<p><a class=\"btn btn-secondary understrap-read-more-link\" href=\"https:\/\/us.edu.pl\/wydzial\/wsne\/system-zapewniania-jakosci-ksztalcenia\/\">Read More&#8230;<\/a><\/p>\n","protected":false},"author":110,"featured_media":0,"parent":0,"menu_order":0,"comment_status":"closed","ping_status":"closed","template":"page-templates\/inner-page.php","meta":{"_expiration-date-status":"","_expiration-date":0,"_expiration-date-type":"","_expiration-date-categories":[],"_expiration-date-options":[]},"acf":[],"_links":{"self":[{"href":"https:\/\/us.edu.pl\/wydzial\/wsne\/wp-json\/wp\/v2\/pages\/157474"}],"collection":[{"href":"https:\/\/us.edu.pl\/wydzial\/wsne\/wp-json\/wp\/v2\/pages"}],"about":[{"href":"https:\/\/us.edu.pl\/wydzial\/wsne\/wp-json\/wp\/v2\/types\/page"}],"author":[{"embeddable":true,"href":"https:\/\/us.edu.pl\/wydzial\/wsne\/wp-json\/wp\/v2\/users\/110"}],"replies":[{"embeddable":true,"href":"https:\/\/us.edu.pl\/wydzial\/wsne\/wp-json\/wp\/v2\/comments?post=157474"}],"version-history":[{"count":10,"href":"https:\/\/us.edu.pl\/wydzial\/wsne\/wp-json\/wp\/v2\/pages\/157474\/revisions"}],"predecessor-version":[{"id":173231,"href":"https:\/\/us.edu.pl\/wydzial\/wsne\/wp-json\/wp\/v2\/pages\/157474\/revisions\/173231"}],"wp:attachment":[{"href":"https:\/\/us.edu.pl\/wydzial\/wsne\/wp-json\/wp\/v2\/media?parent=157474"}],"curies":[{"name":"wp","href":"https:\/\/api.w.org\/{rel}","templated":true}]}}