{"id":157650,"date":"2023-02-20T12:13:35","date_gmt":"2023-02-20T11:13:35","guid":{"rendered":"https:\/\/us.edu.pl\/wydzial\/wsne\/?page_id=157650"},"modified":"2023-02-20T14:01:50","modified_gmt":"2023-02-20T13:01:50","slug":"instytut-sztuk-muzycznych","status":"publish","type":"page","link":"https:\/\/us.edu.pl\/wydzial\/wsne\/instytut-sztuk-muzycznych\/","title":{"rendered":"Instytut Sztuk Muzycznych"},"content":{"rendered":"<p>[vc_row][vc_column width=&#8221;1\/2&#8243;][vc_column_text]<\/p>\n<p style=\"text-align: center;\"><img class=\"alignnone size-medium wp-image-157643\" src=\"https:\/\/us.edu.pl\/wydzial\/wsne\/wp-content\/uploads\/sites\/20\/Bez-kategorii\/dni-otwarte_harmonogram-MUZYCZNY-627x900.jpg\" alt=\"Plakat-dni otwarte harmonogram MUZYCZNY\" width=\"627\" height=\"900\" srcset=\"https:\/\/us.edu.pl\/wydzial\/wsne\/wp-content\/uploads\/sites\/20\/Bez-kategorii\/dni-otwarte_harmonogram-MUZYCZNY-627x900.jpg 627w, https:\/\/us.edu.pl\/wydzial\/wsne\/wp-content\/uploads\/sites\/20\/Bez-kategorii\/dni-otwarte_harmonogram-MUZYCZNY-836x1200.jpg 836w, https:\/\/us.edu.pl\/wydzial\/wsne\/wp-content\/uploads\/sites\/20\/Bez-kategorii\/dni-otwarte_harmonogram-MUZYCZNY-768x1102.jpg 768w, https:\/\/us.edu.pl\/wydzial\/wsne\/wp-content\/uploads\/sites\/20\/Bez-kategorii\/dni-otwarte_harmonogram-MUZYCZNY-1070x1536.jpg 1070w, https:\/\/us.edu.pl\/wydzial\/wsne\/wp-content\/uploads\/sites\/20\/Bez-kategorii\/dni-otwarte_harmonogram-MUZYCZNY-1427x2048.jpg 1427w, https:\/\/us.edu.pl\/wydzial\/wsne\/wp-content\/uploads\/sites\/20\/Bez-kategorii\/dni-otwarte_harmonogram-MUZYCZNY-401x575.jpg 401w, https:\/\/us.edu.pl\/wydzial\/wsne\/wp-content\/uploads\/sites\/20\/Bez-kategorii\/dni-otwarte_harmonogram-MUZYCZNY-scaled.jpg 1783w\" sizes=\"(max-width: 627px) 100vw, 627px\" \/><\/p>\n<p>[\/vc_column_text][\/vc_column][vc_column width=&#8221;1\/2&#8243;]\r\n                <div class=\"text-modules\">\r\n                    <div class=\"container\">\r\n                        \r\n                        <div class=\"text-modules__content\"><\/p>\n<div class=\"xu06os2 x1ok221b\"><\/div>\n<div class=\"\" dir=\"auto\">\n<div id=\"jsc_c_p\" class=\"x1iorvi4 x1pi30zi x1swvt13 x1l90r2v\" data-ad-comet-preview=\"message\" data-ad-preview=\"message\">\n<div class=\"x78zum5 xdt5ytf xz62fqu x16ldp7u\">\n<div class=\"xu06os2 x1ok221b\">\n<div class=\"x11i5rnm xat24cr x1mh8g0r x1vvkbs xtlvy1s x126k92a\">\n<p><strong><span style=\"font-size: 12pt;\">Wydzia\u0142 Sztuki i Nauk o Edukacji U\u015a<\/span><\/strong><br \/>\n<strong><span style=\"font-size: 12pt;\">Instytut Sztuk Muzycznych<\/span><\/strong><\/p>\n<ul>\n<li><span style=\"font-size: 12pt;\">koncert<\/span><\/li>\n<li><span style=\"font-size: 12pt;\">warsztaty wokalne<\/span><\/li>\n<li><span style=\"font-size: 12pt;\">warsztaty muzyczno &#8211; ruchowe<\/span><\/li>\n<li><span style=\"font-size: 12pt;\">studio nagra\u0144<\/span><\/li>\n<\/ul>\n<p><span style=\"font-size: 12pt;\">Mo\u017cesz zapisa\u0107 si\u0119 ju\u017c dzi\u015b! <a href=\"https:\/\/l.facebook.com\/l.php?u=https%3A%2F%2Fel.us.edu.pl%2Fankiety%2Findex.php%2F725%3Fnewtest%3DY%26lang%3Dpl&amp;h=AT0oRS4aA5ayXWk1O1Q01y0qXVUFfUWlbUQN-RTMYtfUE_PysL0RFBPSaTy09BvfQdWzWokpXBdCUFw1sQ9ZO7M5zKvq1S-sscPnkpFwBirgsMjldMtsJ-oRRRFawz36Osdyc66aTTamUGhjUKEY&amp;__tn__=R]-R&amp;c[0]=AT19pnd-_zneSTH5ccnzZI87Ebe8b4JKGaQ5f2zQypj3tPVs2ue3j183aP2DjH49V8cMEirIEpyAamAcdTe6rR5teglusNGv4PQb6lowbxSKarnf3UCZarpTNwbmJMEdCKvHBrNsedLZcJrEn3uP57Q8a_XE0x97FEbFbloqT5pz7qGaH-Lbd053MiYHd_1bTrEzPYdI61VMMwlPsQNxx9oQfgR-RT0cIl0m\">Link do formularza rejestracyjnego!<\/a><\/span><\/p>\n<p><span class=\"x193iq5w xeuugli x13faqbe x1vvkbs x1xmvt09 x1lliihq x1s928wv xhkezso x1gmr53x x1cpjm7i x1fgarty x1943h6x xudqn12 x3x7a5m x6prxxf xvq8zen xo1l8bm xzsf02u x1yc453h\" dir=\"auto\" style=\"font-size: 12pt;\"><a class=\"x1i10hfl xjbqb8w x6umtig x1b1mbwd xaqea5y xav7gou x9f619 x1ypdohk xt0psk2 xe8uvvx xdj266r x11i5rnm xat24cr x1mh8g0r xexx8yu x4uap5 x18d9i69 xkhd6sd x16tdsg8 x1hl2dhg xggy1nq x1a2a7pz xt0b8zv x1qq9wsj xo1l8bm\" tabindex=\"0\" role=\"link\" href=\"https:\/\/www.facebook.com\/im.cieszyn?__cft__[0]=AZXqNyWI7H3ar7yoEzKyFY-IAd_lwss7XHTgh35vTGUvv9Uk_mkn2w5UMeGz-FmsNoRS-Rm2tVmLSw0WUcv_A9iLXDD7m52mF068cqfw_qkUW3Rmb0vf5eB2Myi1sUWMI9C1z31ncfgTKR3q58SgSyfrL2qTER8ZSw8OdfHh9hGG16MD92j9jnj4Sqx6NNf8hkEiVJqB57nNTXWMHbYzFZpg&amp;__tn__=-]K-R\">Instytut Sztuk Muzycznych w Cieszynie<\/a> <\/span><\/p>\n<\/div>\n<\/div>\n<\/div>\n<\/div>\n<p style=\"text-align: center;\"><img class=\"wp-image-157637 size-large alignleft\" src=\"https:\/\/us.edu.pl\/wydzial\/wsne\/wp-content\/uploads\/sites\/20\/Bez-kategorii\/dni-otwarte_grafika-MUZYCZNY-1200x807.jpg\" alt=\"Plakat-dni otwarte grafika MUZYCZNY\" width=\"640\" height=\"430\" srcset=\"https:\/\/us.edu.pl\/wydzial\/wsne\/wp-content\/uploads\/sites\/20\/Bez-kategorii\/dni-otwarte_grafika-MUZYCZNY-1200x807.jpg 1200w, https:\/\/us.edu.pl\/wydzial\/wsne\/wp-content\/uploads\/sites\/20\/Bez-kategorii\/dni-otwarte_grafika-MUZYCZNY-900x605.jpg 900w, https:\/\/us.edu.pl\/wydzial\/wsne\/wp-content\/uploads\/sites\/20\/Bez-kategorii\/dni-otwarte_grafika-MUZYCZNY-768x517.jpg 768w, https:\/\/us.edu.pl\/wydzial\/wsne\/wp-content\/uploads\/sites\/20\/Bez-kategorii\/dni-otwarte_grafika-MUZYCZNY-1536x1033.jpg 1536w, https:\/\/us.edu.pl\/wydzial\/wsne\/wp-content\/uploads\/sites\/20\/Bez-kategorii\/dni-otwarte_grafika-MUZYCZNY-2048x1378.jpg 2048w, https:\/\/us.edu.pl\/wydzial\/wsne\/wp-content\/uploads\/sites\/20\/Bez-kategorii\/dni-otwarte_grafika-MUZYCZNY-575x387.jpg 575w\" sizes=\"(max-width: 640px) 100vw, 640px\" \/><\/p>\n<\/div>\n<p>\n<\/div>\r\n                    <\/div>\r\n                <\/div>[\/vc_column][\/vc_row]<\/p>","protected":false},"excerpt":{"rendered":"<p>[vc_row][vc_column width=&#8221;1\/2&#8243;][vc_column_text] [\/vc_column_text][\/vc_column][vc_column width=&#8221;1\/2&#8243;][\/vc_column][\/vc_row] [&#8230;]<\/p>\n<p><a class=\"btn btn-secondary understrap-read-more-link\" href=\"https:\/\/us.edu.pl\/wydzial\/wsne\/instytut-sztuk-muzycznych\/\">Read More&#8230;<\/a><\/p>\n","protected":false},"author":110,"featured_media":0,"parent":0,"menu_order":0,"comment_status":"closed","ping_status":"closed","template":"","meta":{"_expiration-date-status":"","_expiration-date":0,"_expiration-date-type":"","_expiration-date-categories":[],"_expiration-date-options":[]},"acf":[],"_links":{"self":[{"href":"https:\/\/us.edu.pl\/wydzial\/wsne\/wp-json\/wp\/v2\/pages\/157650"}],"collection":[{"href":"https:\/\/us.edu.pl\/wydzial\/wsne\/wp-json\/wp\/v2\/pages"}],"about":[{"href":"https:\/\/us.edu.pl\/wydzial\/wsne\/wp-json\/wp\/v2\/types\/page"}],"author":[{"embeddable":true,"href":"https:\/\/us.edu.pl\/wydzial\/wsne\/wp-json\/wp\/v2\/users\/110"}],"replies":[{"embeddable":true,"href":"https:\/\/us.edu.pl\/wydzial\/wsne\/wp-json\/wp\/v2\/comments?post=157650"}],"version-history":[{"count":8,"href":"https:\/\/us.edu.pl\/wydzial\/wsne\/wp-json\/wp\/v2\/pages\/157650\/revisions"}],"predecessor-version":[{"id":157680,"href":"https:\/\/us.edu.pl\/wydzial\/wsne\/wp-json\/wp\/v2\/pages\/157650\/revisions\/157680"}],"wp:attachment":[{"href":"https:\/\/us.edu.pl\/wydzial\/wsne\/wp-json\/wp\/v2\/media?parent=157650"}],"curies":[{"name":"wp","href":"https:\/\/api.w.org\/{rel}","templated":true}]}}