{"id":157659,"date":"2023-02-20T12:50:09","date_gmt":"2023-02-20T11:50:09","guid":{"rendered":"https:\/\/us.edu.pl\/wydzial\/wsne\/?page_id=157659"},"modified":"2023-02-20T14:00:42","modified_gmt":"2023-02-20T13:00:42","slug":"instytut-sztuk-plastycznych","status":"publish","type":"page","link":"https:\/\/us.edu.pl\/wydzial\/wsne\/instytut-sztuk-plastycznych\/","title":{"rendered":"Instytut Sztuk Plastycznych"},"content":{"rendered":"<p>[vc_row][vc_column width=&#8221;1\/2&#8243;][\/vc_column][vc_column width=&#8221;1\/2&#8243;][\/vc_column][\/vc_row][vc_row][vc_column width=&#8221;1\/2&#8243;]\r\n                <div class=\"text-modules\">\r\n                    <div class=\"container\">\r\n                        \r\n                        <div class=\"text-modules__content\"><\/p>\n<p style=\"text-align: center;\"><img class=\"alignnone size-medium wp-image-157645\" src=\"https:\/\/us.edu.pl\/wydzial\/wsne\/wp-content\/uploads\/sites\/20\/Bez-kategorii\/dni-otwarte_harmonogram-PLASTYCZNY-721x900.jpg\" alt=\"Plakat-dni otwarte harmonogram PLASTYCZNY\" width=\"721\" height=\"900\" srcset=\"https:\/\/us.edu.pl\/wydzial\/wsne\/wp-content\/uploads\/sites\/20\/Bez-kategorii\/dni-otwarte_harmonogram-PLASTYCZNY-721x900.jpg 721w, https:\/\/us.edu.pl\/wydzial\/wsne\/wp-content\/uploads\/sites\/20\/Bez-kategorii\/dni-otwarte_harmonogram-PLASTYCZNY-961x1200.jpg 961w, https:\/\/us.edu.pl\/wydzial\/wsne\/wp-content\/uploads\/sites\/20\/Bez-kategorii\/dni-otwarte_harmonogram-PLASTYCZNY-768x959.jpg 768w, https:\/\/us.edu.pl\/wydzial\/wsne\/wp-content\/uploads\/sites\/20\/Bez-kategorii\/dni-otwarte_harmonogram-PLASTYCZNY-1230x1536.jpg 1230w, https:\/\/us.edu.pl\/wydzial\/wsne\/wp-content\/uploads\/sites\/20\/Bez-kategorii\/dni-otwarte_harmonogram-PLASTYCZNY-1641x2048.jpg 1641w, https:\/\/us.edu.pl\/wydzial\/wsne\/wp-content\/uploads\/sites\/20\/Bez-kategorii\/dni-otwarte_harmonogram-PLASTYCZNY-461x575.jpg 461w\" sizes=\"(max-width: 721px) 100vw, 721px\" \/><\/p>\n<table style=\"border-collapse: collapse; width: 100%;\">\n<tbody>\n<tr>\n<td style=\"width: 19.6028%;\"><\/td>\n<td style=\"width: 80.3972%;\"><span style=\"font-size: 12pt;\"><strong>Wydzia\u0142 Sztuki i Nauk o Edukacji U\u015a<\/strong><\/span><br \/>\n<span style=\"font-size: 12pt;\"><strong>Instytut Sztuk Plastycznych<\/strong><\/span><\/p>\n<ul>\n<li><span style=\"font-size: 12pt;\">prezentacja pracowni<\/span><\/li>\n<li><span style=\"font-size: 12pt;\">indywidualne konsultacje prac z rysunku i malarstwa<\/span><\/li>\n<li><span style=\"font-size: 12pt;\">\u015bwiat VR, AR<\/span><\/li>\n<li><span style=\"font-size: 12pt;\">modelowanie 3D<\/span><\/li>\n<li><span style=\"font-size: 12pt;\">design postaci<\/span><\/li>\n<li><span style=\"font-size: 12pt;\">wyk\u0142ad<\/span><\/li>\n<\/ul>\n<p><span style=\"font-size: 12pt;\">Mo\u017cesz zapisa\u0107 si\u0119 ju\u017c dzi\u015b!\u00a0<a href=\"https:\/\/l.facebook.com\/l.php?u=https%3A%2F%2Fel.us.edu.pl%2Fankiety%2Findex.php%2F725%3Fnewtest%3DY%26lang%3Dpl&amp;h=AT0oRS4aA5ayXWk1O1Q01y0qXVUFfUWlbUQN-RTMYtfUE_PysL0RFBPSaTy09BvfQdWzWokpXBdCUFw1sQ9ZO7M5zKvq1S-sscPnkpFwBirgsMjldMtsJ-oRRRFawz36Osdyc66aTTamUGhjUKEY&amp;__tn__=R]-R&amp;c[0]=AT2gCj958bLUClh59-0vJCO9bqzGaY_8qMffJkMdzSF8HUMiD7EXEiD-R14YLwJrtB6ZRZQpe6uU9l4rOtbj-Rb-J6SVRkEhG_EAEB9OXLNfmlyChWDPxuCkRPPU4guzplFfUx8q5M_SLq4CgUHsPoP6qn4rrd0CMGGZRFMD0mhHmo7j4loZ4DyxyfIwo5B7q96kdi_XSlYYhH7bqpb5YiVxLvvv6mfUaP4S\">Link do formularza rejestracyjnego!<\/a><\/span><\/p>\n<p><span class=\"x193iq5w xeuugli x13faqbe x1vvkbs x1xmvt09 x1lliihq x1s928wv xhkezso x1gmr53x x1cpjm7i x1fgarty x1943h6x xudqn12 x3x7a5m x6prxxf xvq8zen xo1l8bm xzsf02u x1yc453h\" dir=\"auto\" style=\"font-size: 12pt;\"><a class=\"x1i10hfl xjbqb8w x6umtig x1b1mbwd xaqea5y xav7gou x9f619 x1ypdohk xt0psk2 xe8uvvx xdj266r x11i5rnm xat24cr x1mh8g0r xexx8yu x4uap5 x18d9i69 xkhd6sd x16tdsg8 x1hl2dhg xggy1nq x1a2a7pz xt0b8zv x1qq9wsj xo1l8bm\" tabindex=\"0\" role=\"link\" href=\"https:\/\/www.facebook.com\/is.cieszyn?__cft__[0]=AZXqNyWI7H3ar7yoEzKyFY-IAd_lwss7XHTgh35vTGUvv9Uk_mkn2w5UMeGz-FmsNoRS-Rm2tVmLSw0WUcv_A9iLXDD7m52mF068cqfw_qkUW3Rmb0vf5eB2Myi1sUWMI9C1z31ncfgTKR3q58SgSyfrL2qTER8ZSw8OdfHh9hGG16MD92j9jnj4Sqx6NNf8hkEiVJqB57nNTXWMHbYzFZpg&amp;__tn__=-]K-R\">Instytut Sztuk Plastycznych<\/a> <\/span><\/td>\n<\/tr>\n<\/tbody>\n<\/table>\n<p>\n<\/div>\r\n                    <\/div>\r\n                <\/div>[\/vc_column][vc_column width=&#8221;1\/2&#8243;]\r\n                <div class=\"text-modules\">\r\n                    <div class=\"container\">\r\n                        \r\n                        <div class=\"text-modules__content\"><\/p>\n<p style=\"text-align: center;\"><img class=\"alignnone size-medium wp-image-157642\" src=\"https:\/\/us.edu.pl\/wydzial\/wsne\/wp-content\/uploads\/sites\/20\/Bez-kategorii\/dni-otwarte_harmonogram-GRY-741x900.jpg\" alt=\"Plakat-dni otwarte harmonogram GRY\" width=\"741\" height=\"900\" srcset=\"https:\/\/us.edu.pl\/wydzial\/wsne\/wp-content\/uploads\/sites\/20\/Bez-kategorii\/dni-otwarte_harmonogram-GRY-741x900.jpg 741w, https:\/\/us.edu.pl\/wydzial\/wsne\/wp-content\/uploads\/sites\/20\/Bez-kategorii\/dni-otwarte_harmonogram-GRY-988x1200.jpg 988w, https:\/\/us.edu.pl\/wydzial\/wsne\/wp-content\/uploads\/sites\/20\/Bez-kategorii\/dni-otwarte_harmonogram-GRY-768x932.jpg 768w, https:\/\/us.edu.pl\/wydzial\/wsne\/wp-content\/uploads\/sites\/20\/Bez-kategorii\/dni-otwarte_harmonogram-GRY-1265x1536.jpg 1265w, https:\/\/us.edu.pl\/wydzial\/wsne\/wp-content\/uploads\/sites\/20\/Bez-kategorii\/dni-otwarte_harmonogram-GRY-1687x2048.jpg 1687w, https:\/\/us.edu.pl\/wydzial\/wsne\/wp-content\/uploads\/sites\/20\/Bez-kategorii\/dni-otwarte_harmonogram-GRY-474x575.jpg 474w\" sizes=\"(max-width: 741px) 100vw, 741px\" \/><\/p>\n<table style=\"border-collapse: collapse; width: 100%;\">\n<tbody>\n<tr>\n<td style=\"width: 19.2573%;\"><\/td>\n<td style=\"width: 80.7427%;\"><span style=\"font-size: 12pt;\"><strong>Wydzia\u0142 Sztuki i Nauk o Edukacji U\u015a<\/strong><\/span><br \/>\n<span style=\"font-size: 12pt;\"><strong>Instytut Sztuk Plastycznych<\/strong><\/span><br \/>\n<span style=\"font-size: 12pt;\"><strong>Projektowanie Gier i Przestrzeni Wirtualnej<\/strong><\/span><\/p>\n<ul>\n<li><span style=\"font-size: 12pt;\">prezentacja pracowni<\/span><\/li>\n<li><span style=\"font-size: 12pt;\">indywidualne konsultacje<\/span><\/li>\n<li><span style=\"font-size: 12pt;\">animacja<\/span><\/li>\n<li><span style=\"font-size: 12pt;\">\u015bwiat VR, AR<\/span><\/li>\n<li><span style=\"font-size: 12pt;\">modelowanie 3D<\/span><\/li>\n<li><span style=\"font-size: 12pt;\">design postaci<\/span><\/li>\n<li><span style=\"font-size: 12pt;\">wyk\u0142ad<\/span><\/li>\n<\/ul>\n<p><span style=\"font-size: 12pt;\">Mo\u017cesz zapisa\u0107 si\u0119 ju\u017c dzi\u015b!\u00a0<a href=\"https:\/\/l.facebook.com\/l.php?u=https%3A%2F%2Fel.us.edu.pl%2Fankiety%2Findex.php%2F725%3Fnewtest%3DY%26lang%3Dpl&amp;h=AT0oRS4aA5ayXWk1O1Q01y0qXVUFfUWlbUQN-RTMYtfUE_PysL0RFBPSaTy09BvfQdWzWokpXBdCUFw1sQ9ZO7M5zKvq1S-sscPnkpFwBirgsMjldMtsJ-oRRRFawz36Osdyc66aTTamUGhjUKEY&amp;__tn__=R]-R&amp;c[0]=AT1V_oEkOxcHU2Mq0EVT6TgXOEAZhnTciAD7ntelSmqyO3YT_pFWZYQO7KEWsHszLLVM4-G1rNKa_F8abGipKNMxc6z_aceaYOIPOnMt5GIAk0hZeCBut0pTpgQs4Fgzw-ZUJorY6E8y0ckGTU7IBVAgh_7XFjbvDTcCcZtWxZE-zlyn5I4zcI15f0Xb0Bf--W9it-0pqHiSlO2hxR07paxYXZdTch8HH5yX\">Link do formularza rejestracyjnego!<\/a><\/span><\/p>\n<p><span class=\"x193iq5w xeuugli x13faqbe x1vvkbs x1xmvt09 x1lliihq x1s928wv xhkezso x1gmr53x x1cpjm7i x1fgarty x1943h6x xudqn12 x3x7a5m x6prxxf xvq8zen xo1l8bm xzsf02u x1yc453h\" dir=\"auto\" style=\"font-size: 12pt;\"><a class=\"x1i10hfl xjbqb8w x6umtig x1b1mbwd xaqea5y xav7gou x9f619 x1ypdohk xt0psk2 xe8uvvx xdj266r x11i5rnm xat24cr x1mh8g0r xexx8yu x4uap5 x18d9i69 xkhd6sd x16tdsg8 x1hl2dhg xggy1nq x1a2a7pz xt0b8zv x1qq9wsj xo1l8bm\" tabindex=\"0\" role=\"link\" href=\"https:\/\/www.facebook.com\/is.cieszyn?__cft__[0]=AZXqNyWI7H3ar7yoEzKyFY-IAd_lwss7XHTgh35vTGUvv9Uk_mkn2w5UMeGz-FmsNoRS-Rm2tVmLSw0WUcv_A9iLXDD7m52mF068cqfw_qkUW3Rmb0vf5eB2Myi1sUWMI9C1z31ncfgTKR3q58SgSyfrL2qTER8ZSw8OdfHh9hGG16MD92j9jnj4Sqx6NNf8hkEiVJqB57nNTXWMHbYzFZpg&amp;__tn__=-]K-R\">Instytut Sztuk Plastycznych<\/a> <\/span><\/td>\n<\/tr>\n<\/tbody>\n<\/table>\n<p>\n<\/div>\r\n                    <\/div>\r\n                <\/div>[\/vc_column][\/vc_row]<\/p>","protected":false},"excerpt":{"rendered":"<p>[vc_row][vc_column width=&#8221;1\/2&#8243;][\/vc_column][vc_column width=&#8221;1\/2&#8243;][\/vc_column][\/vc_row][vc_row][vc_column width=&#8221;1\/2&#8243;][\/vc_column][vc_column width=&#8221;1\/2&#8243;][\/vc_column][\/vc_row] [&#8230;]<\/p>\n<p><a class=\"btn btn-secondary understrap-read-more-link\" href=\"https:\/\/us.edu.pl\/wydzial\/wsne\/instytut-sztuk-plastycznych\/\">Read More&#8230;<\/a><\/p>\n","protected":false},"author":110,"featured_media":0,"parent":0,"menu_order":0,"comment_status":"closed","ping_status":"closed","template":"","meta":{"_expiration-date-status":"","_expiration-date":0,"_expiration-date-type":"","_expiration-date-categories":[],"_expiration-date-options":[]},"acf":[],"_links":{"self":[{"href":"https:\/\/us.edu.pl\/wydzial\/wsne\/wp-json\/wp\/v2\/pages\/157659"}],"collection":[{"href":"https:\/\/us.edu.pl\/wydzial\/wsne\/wp-json\/wp\/v2\/pages"}],"about":[{"href":"https:\/\/us.edu.pl\/wydzial\/wsne\/wp-json\/wp\/v2\/types\/page"}],"author":[{"embeddable":true,"href":"https:\/\/us.edu.pl\/wydzial\/wsne\/wp-json\/wp\/v2\/users\/110"}],"replies":[{"embeddable":true,"href":"https:\/\/us.edu.pl\/wydzial\/wsne\/wp-json\/wp\/v2\/comments?post=157659"}],"version-history":[{"count":3,"href":"https:\/\/us.edu.pl\/wydzial\/wsne\/wp-json\/wp\/v2\/pages\/157659\/revisions"}],"predecessor-version":[{"id":157679,"href":"https:\/\/us.edu.pl\/wydzial\/wsne\/wp-json\/wp\/v2\/pages\/157659\/revisions\/157679"}],"wp:attachment":[{"href":"https:\/\/us.edu.pl\/wydzial\/wsne\/wp-json\/wp\/v2\/media?parent=157659"}],"curies":[{"name":"wp","href":"https:\/\/api.w.org\/{rel}","templated":true}]}}