{"id":157666,"date":"2023-02-20T13:17:10","date_gmt":"2023-02-20T12:17:10","guid":{"rendered":"https:\/\/us.edu.pl\/wydzial\/wsne\/?page_id=157666"},"modified":"2023-02-20T13:56:49","modified_gmt":"2023-02-20T12:56:49","slug":"animacja-spoleczno-kulturalna-z-edukacja-kulturalna","status":"publish","type":"page","link":"https:\/\/us.edu.pl\/wydzial\/wsne\/animacja-spoleczno-kulturalna-z-edukacja-kulturalna\/","title":{"rendered":"Animacja Spo\u0142eczno-Kulturalna z Edukacj\u0105 Kulturaln\u0105"},"content":{"rendered":"<p>[vc_row][vc_column]\r\n                <div class=\"text-modules\">\r\n                    <div class=\"container\">\r\n                        \r\n                        <div class=\"text-modules__content\"><\/p>\n<p style=\"text-align: center;\"><img class=\"alignnone size-medium wp-image-157635\" src=\"https:\/\/us.edu.pl\/wydzial\/wsne\/wp-content\/uploads\/sites\/20\/Bez-kategorii\/dni-otwarte_grafika-ANIMACJA-900x605.jpg\" alt=\"Plakat-dni otwarte grafika ANIMACJA\" width=\"900\" height=\"605\" srcset=\"https:\/\/us.edu.pl\/wydzial\/wsne\/wp-content\/uploads\/sites\/20\/Bez-kategorii\/dni-otwarte_grafika-ANIMACJA-900x605.jpg 900w, https:\/\/us.edu.pl\/wydzial\/wsne\/wp-content\/uploads\/sites\/20\/Bez-kategorii\/dni-otwarte_grafika-ANIMACJA-1200x807.jpg 1200w, https:\/\/us.edu.pl\/wydzial\/wsne\/wp-content\/uploads\/sites\/20\/Bez-kategorii\/dni-otwarte_grafika-ANIMACJA-768x517.jpg 768w, https:\/\/us.edu.pl\/wydzial\/wsne\/wp-content\/uploads\/sites\/20\/Bez-kategorii\/dni-otwarte_grafika-ANIMACJA-1536x1033.jpg 1536w, https:\/\/us.edu.pl\/wydzial\/wsne\/wp-content\/uploads\/sites\/20\/Bez-kategorii\/dni-otwarte_grafika-ANIMACJA-2048x1378.jpg 2048w, https:\/\/us.edu.pl\/wydzial\/wsne\/wp-content\/uploads\/sites\/20\/Bez-kategorii\/dni-otwarte_grafika-ANIMACJA-575x387.jpg 575w\" sizes=\"(max-width: 900px) 100vw, 900px\" \/><\/p>\n<table style=\"border-collapse: collapse; width: 100%;\">\n<tbody>\n<tr>\n<td style=\"width: 19.2573%;\"><\/td>\n<td style=\"width: 80.7427%;\"><span style=\"font-size: 12pt;\"><strong>Wydzia\u0142 Sztuki i Nauk o Edukacji U\u015a<\/strong><\/span><br \/>\n<span style=\"font-size: 12pt;\"><strong>Animacja Spo\u0142eczno-Kulturalna z Edukacj\u0105 Kulturaln\u0105<\/strong><\/span><span style=\"font-size: 12pt;\">Mo\u017cesz zapisa\u0107 si\u0119 ju\u017c dzi\u015b!\u00a0<a href=\"https:\/\/l.facebook.com\/l.php?u=https%3A%2F%2Fel.us.edu.pl%2Fankiety%2Findex.php%2F725%3Fnewtest%3DY%26lang%3Dpl%25F0%259F%2591%2589%25F0%259F%2593%2583%25F0%259F%2596%258A&amp;h=AT2SP5nvfataNal0yJEVEahxUmxRXqEfali9uTYVU7-hEfnxEMj9gshDFzvpI8XThBdjf8FBK-VcLSo-GgYaGbVboHU2iwWQlJe73Usir74ICNW3w_46EGgiJaHrV6eEN0l88-RK4QfY7aPZBHvj&amp;__tn__=R]-R&amp;c[0]=AT1UCuj6BjFQf53ftnbAxSXifAEaKwUMoHQAQVTCyakBc69CDegNoDIJrvIWDuPICX2HR3XYRANedQ6fQkCAr7u_rbC4O846BxNpZaE_etT0pD3hJXTv30DXNHDJIGKWPl0jU-l8vh-jJY4jfMHIJvTzd5nQ4FnoV13jmM-C7cPd8wrUOPZ0_GNHsYsGPgoSHBsb9d9hqNImVHvvT2-1PESTHiXL0kUyhv9O\">Link do formularza rejestracyjnego!<\/a><\/span><\/p>\n<p><span class=\"x193iq5w xeuugli x13faqbe x1vvkbs x1xmvt09 x1lliihq x1s928wv xhkezso x1gmr53x x1cpjm7i x1fgarty x1943h6x xudqn12 x3x7a5m x6prxxf xvq8zen xo1l8bm xzsf02u x1yc453h\" dir=\"auto\"><a class=\"x1i10hfl xjbqb8w x6umtig x1b1mbwd xaqea5y xav7gou x9f619 x1ypdohk xt0psk2 xe8uvvx xdj266r x11i5rnm xat24cr x1mh8g0r xexx8yu x4uap5 x18d9i69 xkhd6sd x16tdsg8 x1hl2dhg xggy1nq x1a2a7pz xt0b8zv x1qq9wsj xo1l8bm\" tabindex=\"0\" role=\"link\" href=\"https:\/\/www.facebook.com\/AnimacjaSpolecznoKulturalna.Cieszyn?__cft__[0]=AZXqNyWI7H3ar7yoEzKyFY-IAd_lwss7XHTgh35vTGUvv9Uk_mkn2w5UMeGz-FmsNoRS-Rm2tVmLSw0WUcv_A9iLXDD7m52mF068cqfw_qkUW3Rmb0vf5eB2Myi1sUWMI9C1z31ncfgTKR3q58SgSyfrL2qTER8ZSw8OdfHh9hGG16MD92j9jnj4Sqx6NNf8hkEiVJqB57nNTXWMHbYzFZpg&amp;__tn__=-]K-R\"><span style=\"font-size: 12pt;\">Animacja Spo\u0142eczno-Kulturalna<\/span><\/a> <\/span><\/td>\n<\/tr>\n<\/tbody>\n<\/table>\n<p>\n<\/div>\r\n                    <\/div>\r\n                <\/div>[\/vc_column][\/vc_row]<\/p>","protected":false},"excerpt":{"rendered":"<p>[vc_row][vc_column][\/vc_column][\/vc_row] [&#8230;]<\/p>\n<p><a class=\"btn btn-secondary understrap-read-more-link\" href=\"https:\/\/us.edu.pl\/wydzial\/wsne\/animacja-spoleczno-kulturalna-z-edukacja-kulturalna\/\">Read More&#8230;<\/a><\/p>\n","protected":false},"author":110,"featured_media":0,"parent":0,"menu_order":0,"comment_status":"closed","ping_status":"closed","template":"","meta":{"_expiration-date-status":"","_expiration-date":0,"_expiration-date-type":"","_expiration-date-categories":[],"_expiration-date-options":[]},"acf":[],"_links":{"self":[{"href":"https:\/\/us.edu.pl\/wydzial\/wsne\/wp-json\/wp\/v2\/pages\/157666"}],"collection":[{"href":"https:\/\/us.edu.pl\/wydzial\/wsne\/wp-json\/wp\/v2\/pages"}],"about":[{"href":"https:\/\/us.edu.pl\/wydzial\/wsne\/wp-json\/wp\/v2\/types\/page"}],"author":[{"embeddable":true,"href":"https:\/\/us.edu.pl\/wydzial\/wsne\/wp-json\/wp\/v2\/users\/110"}],"replies":[{"embeddable":true,"href":"https:\/\/us.edu.pl\/wydzial\/wsne\/wp-json\/wp\/v2\/comments?post=157666"}],"version-history":[{"count":2,"href":"https:\/\/us.edu.pl\/wydzial\/wsne\/wp-json\/wp\/v2\/pages\/157666\/revisions"}],"predecessor-version":[{"id":157676,"href":"https:\/\/us.edu.pl\/wydzial\/wsne\/wp-json\/wp\/v2\/pages\/157666\/revisions\/157676"}],"wp:attachment":[{"href":"https:\/\/us.edu.pl\/wydzial\/wsne\/wp-json\/wp\/v2\/media?parent=157666"}],"curies":[{"name":"wp","href":"https:\/\/api.w.org\/{rel}","templated":true}]}}