{"id":157668,"date":"2023-02-20T13:21:56","date_gmt":"2023-02-20T12:21:56","guid":{"rendered":"https:\/\/us.edu.pl\/wydzial\/wsne\/?page_id=157668"},"modified":"2023-02-20T14:03:44","modified_gmt":"2023-02-20T13:03:44","slug":"157668-2","status":"publish","type":"page","link":"https:\/\/us.edu.pl\/wydzial\/wsne\/157668-2\/","title":{"rendered":"Studium J\u0119zyk\u00f3w Obcych"},"content":{"rendered":"<p>[vc_row][vc_column]\r\n                <div class=\"text-modules\">\r\n                    <div class=\"container\">\r\n                        \r\n                        <div class=\"text-modules__content\"><\/p>\n<p style=\"text-align: center;\"><img class=\"alignnone size-medium wp-image-157640\" src=\"https:\/\/us.edu.pl\/wydzial\/wsne\/wp-content\/uploads\/sites\/20\/Bez-kategorii\/dni-otwarte_harmonogram-ANGIELSKI-900x628.jpg\" alt=\"Plakat-dni otwarte harmonogram ANGIELSKI\" width=\"900\" height=\"628\" srcset=\"https:\/\/us.edu.pl\/wydzial\/wsne\/wp-content\/uploads\/sites\/20\/Bez-kategorii\/dni-otwarte_harmonogram-ANGIELSKI-900x628.jpg 900w, https:\/\/us.edu.pl\/wydzial\/wsne\/wp-content\/uploads\/sites\/20\/Bez-kategorii\/dni-otwarte_harmonogram-ANGIELSKI-1200x837.jpg 1200w, https:\/\/us.edu.pl\/wydzial\/wsne\/wp-content\/uploads\/sites\/20\/Bez-kategorii\/dni-otwarte_harmonogram-ANGIELSKI-768x536.jpg 768w, https:\/\/us.edu.pl\/wydzial\/wsne\/wp-content\/uploads\/sites\/20\/Bez-kategorii\/dni-otwarte_harmonogram-ANGIELSKI-1536x1071.jpg 1536w, https:\/\/us.edu.pl\/wydzial\/wsne\/wp-content\/uploads\/sites\/20\/Bez-kategorii\/dni-otwarte_harmonogram-ANGIELSKI-2048x1429.jpg 2048w, https:\/\/us.edu.pl\/wydzial\/wsne\/wp-content\/uploads\/sites\/20\/Bez-kategorii\/dni-otwarte_harmonogram-ANGIELSKI-575x401.jpg 575w\" sizes=\"(max-width: 900px) 100vw, 900px\" \/><\/p>\n<table style=\"border-collapse: collapse; width: 100%;\">\n<tbody>\n<tr>\n<td style=\"width: 19.7755%;\"><\/td>\n<td style=\"width: 80.2245%;\"><strong><span style=\"font-size: 12pt;\">Wydzia\u0142 Sztuki i Nauk o Edukacji U\u015a<\/span><\/strong><br \/>\n<strong><span style=\"font-size: 12pt;\">Studium J\u0119zyk\u00f3w Obcych<\/span><\/strong><\/p>\n<ul>\n<li><span style=\"font-size: 12pt;\">warsztaty j\u0119zykowe z angielskiego<\/span><\/li>\n<\/ul>\n<p><span style=\"font-size: 12pt;\">Mo\u017cesz zapisa\u0107 si\u0119 ju\u017c dzi\u015b! <a href=\"https:\/\/l.facebook.com\/l.php?u=https%3A%2F%2Fel.us.edu.pl%2Fankiety%2Findex.php%2F725%3Fnewtest%3DY%26lang%3Dpl%25F0%259F%2591%2589%25F0%259F%2593%2583%25F0%259F%2596%258A&amp;h=AT2SP5nvfataNal0yJEVEahxUmxRXqEfali9uTYVU7-hEfnxEMj9gshDFzvpI8XThBdjf8FBK-VcLSo-GgYaGbVboHU2iwWQlJe73Usir74ICNW3w_46EGgiJaHrV6eEN0l88-RK4QfY7aPZBHvj&amp;__tn__=R]-R&amp;c[0]=AT1UCuj6BjFQf53ftnbAxSXifAEaKwUMoHQAQVTCyakBc69CDegNoDIJrvIWDuPICX2HR3XYRANedQ6fQkCAr7u_rbC4O846BxNpZaE_etT0pD3hJXTv30DXNHDJIGKWPl0jU-l8vh-jJY4jfMHIJvTzd5nQ4FnoV13jmM-C7cPd8wrUOPZ0_GNHsYsGPgoSHBsb9d9hqNImVHvvT2-1PESTHiXL0kUyhv9O\">Link do formularza rejestracyjnego!<\/a><\/span><\/td>\n<\/tr>\n<\/tbody>\n<\/table>\n<p>\n<\/div>\r\n                    <\/div>\r\n                <\/div>[\/vc_column][\/vc_row]<\/p>","protected":false},"excerpt":{"rendered":"<p>[vc_row][vc_column][\/vc_column][\/vc_row] [&#8230;]<\/p>\n<p><a class=\"btn btn-secondary understrap-read-more-link\" href=\"https:\/\/us.edu.pl\/wydzial\/wsne\/157668-2\/\">Read More&#8230;<\/a><\/p>\n","protected":false},"author":110,"featured_media":0,"parent":0,"menu_order":0,"comment_status":"closed","ping_status":"closed","template":"","meta":{"_expiration-date-status":"","_expiration-date":0,"_expiration-date-type":"","_expiration-date-categories":[],"_expiration-date-options":[]},"acf":[],"_links":{"self":[{"href":"https:\/\/us.edu.pl\/wydzial\/wsne\/wp-json\/wp\/v2\/pages\/157668"}],"collection":[{"href":"https:\/\/us.edu.pl\/wydzial\/wsne\/wp-json\/wp\/v2\/pages"}],"about":[{"href":"https:\/\/us.edu.pl\/wydzial\/wsne\/wp-json\/wp\/v2\/types\/page"}],"author":[{"embeddable":true,"href":"https:\/\/us.edu.pl\/wydzial\/wsne\/wp-json\/wp\/v2\/users\/110"}],"replies":[{"embeddable":true,"href":"https:\/\/us.edu.pl\/wydzial\/wsne\/wp-json\/wp\/v2\/comments?post=157668"}],"version-history":[{"count":2,"href":"https:\/\/us.edu.pl\/wydzial\/wsne\/wp-json\/wp\/v2\/pages\/157668\/revisions"}],"predecessor-version":[{"id":157681,"href":"https:\/\/us.edu.pl\/wydzial\/wsne\/wp-json\/wp\/v2\/pages\/157668\/revisions\/157681"}],"wp:attachment":[{"href":"https:\/\/us.edu.pl\/wydzial\/wsne\/wp-json\/wp\/v2\/media?parent=157668"}],"curies":[{"name":"wp","href":"https:\/\/api.w.org\/{rel}","templated":true}]}}