{"id":157670,"date":"2023-02-20T13:30:36","date_gmt":"2023-02-20T12:30:36","guid":{"rendered":"https:\/\/us.edu.pl\/wydzial\/wsne\/?page_id=157670"},"modified":"2023-02-20T13:58:02","modified_gmt":"2023-02-20T12:58:02","slug":"etnologia-i-antropologia-kulturowa","status":"publish","type":"page","link":"https:\/\/us.edu.pl\/wydzial\/wsne\/etnologia-i-antropologia-kulturowa\/","title":{"rendered":"Etnologia i Antropologia Kulturowa"},"content":{"rendered":"<p>[vc_row][vc_column width=&#8221;1\/2&#8243;]\r\n                <div class=\"text-modules\">\r\n                    <div class=\"container\">\r\n                        \r\n                        <div class=\"text-modules__content\"><\/p>\n<p style=\"text-align: center;\"><img class=\"alignnone wp-image-157641\" src=\"https:\/\/us.edu.pl\/wydzial\/wsne\/wp-content\/uploads\/sites\/20\/Bez-kategorii\/dni-otwarte_harmonogram-ETNOLOGIA-418x900.jpg\" alt=\"Plakat-dni otwarte harmonogram ETNOLOGIA\" width=\"606\" height=\"1305\" srcset=\"https:\/\/us.edu.pl\/wydzial\/wsne\/wp-content\/uploads\/sites\/20\/Bez-kategorii\/dni-otwarte_harmonogram-ETNOLOGIA-418x900.jpg 418w, https:\/\/us.edu.pl\/wydzial\/wsne\/wp-content\/uploads\/sites\/20\/Bez-kategorii\/dni-otwarte_harmonogram-ETNOLOGIA-557x1200.jpg 557w, https:\/\/us.edu.pl\/wydzial\/wsne\/wp-content\/uploads\/sites\/20\/Bez-kategorii\/dni-otwarte_harmonogram-ETNOLOGIA-768x1654.jpg 768w, https:\/\/us.edu.pl\/wydzial\/wsne\/wp-content\/uploads\/sites\/20\/Bez-kategorii\/dni-otwarte_harmonogram-ETNOLOGIA-713x1536.jpg 713w, https:\/\/us.edu.pl\/wydzial\/wsne\/wp-content\/uploads\/sites\/20\/Bez-kategorii\/dni-otwarte_harmonogram-ETNOLOGIA-951x2048.jpg 951w, https:\/\/us.edu.pl\/wydzial\/wsne\/wp-content\/uploads\/sites\/20\/Bez-kategorii\/dni-otwarte_harmonogram-ETNOLOGIA-267x575.jpg 267w, https:\/\/us.edu.pl\/wydzial\/wsne\/wp-content\/uploads\/sites\/20\/Bez-kategorii\/dni-otwarte_harmonogram-ETNOLOGIA-scaled.jpg 1189w\" sizes=\"(max-width: 606px) 100vw, 606px\" \/><\/p>\n<p>\n<\/div>\r\n                    <\/div>\r\n                <\/div>[\/vc_column][vc_column width=&#8221;1\/2&#8243;]\r\n                <div class=\"text-modules\">\r\n                    <div class=\"container\">\r\n                        \r\n                        <div class=\"text-modules__content\"><p><span style=\"font-size: 12pt;\"><strong>Wydzia\u0142 Sztuki i Nauk o Edukacji U\u015a<\/strong><\/span><br \/>\n<span style=\"font-size: 12pt;\"><strong>Etnologia i Antropologia Kulturowa<\/strong><\/span><\/p>\n<ul>\n<li><span style=\"font-size: 12pt;\">gry symulacyjne<\/span><\/li>\n<li><span style=\"font-size: 12pt;\">podr\u00f3\u017c na Sahar\u0119<\/span><\/li>\n<li><span style=\"font-size: 12pt;\">filcowanie owczej we\u0142ny<\/span><\/li>\n<li><span style=\"font-size: 12pt;\">zapachy \u015bwiata i kszta\u0142ty czasu<\/span><\/li>\n<li><span style=\"font-size: 12pt;\">artefakty prosto z Ameryki P\u00f3\u0142nocnej i Afryki<\/span><\/li>\n<\/ul>\n<p><span style=\"font-size: 12pt;\">Mo\u017cesz zapisa\u0107 si\u0119 ju\u017c dzi\u015b!\u00a0<a href=\"https:\/\/l.facebook.com\/l.php?u=https%3A%2F%2Fel.us.edu.pl%2Fankiety%2Findex.php%2F725%3Fnewtest%3DY%26lang%3Dpl&amp;h=AT0oRS4aA5ayXWk1O1Q01y0qXVUFfUWlbUQN-RTMYtfUE_PysL0RFBPSaTy09BvfQdWzWokpXBdCUFw1sQ9ZO7M5zKvq1S-sscPnkpFwBirgsMjldMtsJ-oRRRFawz36Osdyc66aTTamUGhjUKEY&amp;__tn__=R]-R&amp;c[0]=AT19pnd-_zneSTH5ccnzZI87Ebe8b4JKGaQ5f2zQypj3tPVs2ue3j183aP2DjH49V8cMEirIEpyAamAcdTe6rR5teglusNGv4PQb6lowbxSKarnf3UCZarpTNwbmJMEdCKvHBrNsedLZcJrEn3uP57Q8a_XE0x97FEbFbloqT5pz7qGaH-Lbd053MiYHd_1bTrEzPYdI61VMMwlPsQNxx9oQfgR-RT0cIl0m\">Link do formularza rejestracyjnego!<\/a><\/span><\/p>\n<p><span class=\"x193iq5w xeuugli x13faqbe x1vvkbs x1xmvt09 x1lliihq x1s928wv xhkezso x1gmr53x x1cpjm7i x1fgarty x1943h6x xudqn12 x3x7a5m x6prxxf xvq8zen xo1l8bm xzsf02u x1yc453h\" dir=\"auto\" style=\"font-size: 12pt;\"><a class=\"x1i10hfl xjbqb8w x6umtig x1b1mbwd xaqea5y xav7gou x9f619 x1ypdohk xt0psk2 xe8uvvx xdj266r x11i5rnm xat24cr x1mh8g0r xexx8yu x4uap5 x18d9i69 xkhd6sd x16tdsg8 x1hl2dhg xggy1nq x1a2a7pz xt0b8zv x1qq9wsj xo1l8bm\" tabindex=\"0\" role=\"link\" href=\"https:\/\/www.facebook.com\/EtnologiaCieszyn?__cft__[0]=AZXqNyWI7H3ar7yoEzKyFY-IAd_lwss7XHTgh35vTGUvv9Uk_mkn2w5UMeGz-FmsNoRS-Rm2tVmLSw0WUcv_A9iLXDD7m52mF068cqfw_qkUW3Rmb0vf5eB2Myi1sUWMI9C1z31ncfgTKR3q58SgSyfrL2qTER8ZSw8OdfHh9hGG16MD92j9jnj4Sqx6NNf8hkEiVJqB57nNTXWMHbYzFZpg&amp;__tn__=-]K-R\">Etnologia i Antropologia Kulturowa w Cieszynie<\/a> <\/span><\/p>\n<p style=\"text-align: center;\"><span style=\"font-size: 12pt;\">7 MARCA 2023 (WTOREK)<\/span><\/p>\n<table style=\"width: 100%; border-collapse: collapse;\" border=\"1\">\n<tbody>\n<tr>\n<td style=\"width: 12.71%;\">9.00-10.30<\/p>\n<p>Budynek G\u0142\u00f3wny,<\/p>\n<p>sala B-1.10 (09)<\/td>\n<td style=\"width: 25.8173%;\">Walka o maj\u0105tek i w\u0142adz\u0119 (warsztaty)<br \/>\nProwadz\u0105cy:<br \/>\ndr hab. Anna Dro\u017cd\u017c, prof. U\u015a; dr hab. Katarzyna Marcol, prof. U\u015a<br \/>\nlimit os\u00f3b: 15<\/td>\n<td style=\"width: 61.4726%;\">Warsztat b\u0119dzie mia\u0142 charakter gry symulacyjnej, podczas kt\u00f3rej uczestnicy b\u0119d\u0105 mieli szans\u0119 podzieli\u0107 si\u0119 pomi\u0119dzy sob\u0105 maj\u0105tkiem i w\u0142adz\u0105 na \u015bwiecie. Jednocze\u015bnie w trakcie \u0107wiczenia ukazane zostan\u0105 nier\u00f3wno\u015bci wyst\u0119puj\u0105ce w trakcie tego procesu. W trakcie gry poruszone zostan\u0105 takie zagadnienia jak: brak r\u00f3wno\u015bci w podziale bogactwa na \u015bwiecie, konsekwencje niesprawiedliwego podzia\u0142u w\u0142adzy i niesprawiedliwo\u015b\u0107 ub\u00f3stwa. Celem tego warsztatu b\u0119dzie pr\u00f3ba zrozumienia niesprawiedliwo\u015bci, wynikaj\u0105cej z nier\u00f3wnego podzia\u0142u maj\u0105tku i w\u0142adzy oraz krytyczne spojrzenie na przyczyny i konsekwencje ub\u00f3stwa.<\/td>\n<\/tr>\n<tr>\n<td style=\"width: 12.71%;\">11.00-13.00<\/p>\n<p>Budynek G\u0142\u00f3wny,<\/p>\n<p>sala B-1.10 (09)<\/td>\n<td style=\"width: 25.8173%;\">Zew pustyni \u2013 dzie\u0144 inspiracji kulturami Maroka (warsztaty)<br \/>\nProwadz\u0105cy: Africae Deserta Project \u2013 Stowarzyszenie wsp\u00f3\u0142pracy polsko-maroka\u0144skiej, Aneta Okupaska-Ponc, Mutpaha El Boudani<br \/>\nlimit os\u00f3b: 30<\/td>\n<td style=\"width: 61.4726%;\">Zabierzemy Was na po\u0142udnie Maroka, na Sahar\u0119. Opowiemy o Szlaku 1000 Kazb, rdzennych Nomadach, tradycyjnej muzyce, kuchni, zwyczajach i codziennym \u017cyciu tamtejszych mieszka\u0144c\u00f3w. Zaaran\u017cujemy wystaw\u0119 bi\u017cuterii etnicznej P\u00f3\u0142nocnej Afryki. Poka\u017cemy dywany wyrabiane przez kobiety mieszkaj\u0105ce na obrze\u017cach Sahary. Towarzyszy\u0107 b\u0119dzie nam Mustapha El Boudani \u2013 muzyk wywodz\u0105cy si\u0119 z kultury Nomad\u00f3w, kt\u00f3ry opowie o tradycyjnych instrumentach i zaprezentuje ich brzmienie.<\/td>\n<\/tr>\n<\/tbody>\n<\/table>\n<p style=\"text-align: center;\"><span style=\"font-size: 12pt;\">8 MARCA 2023 (\u015aRODA)<\/span><\/p>\n<table style=\"width: 100%; border-collapse: collapse;\" border=\"1\">\n<tbody>\n<tr>\n<td style=\"width: 13.1683%;\">9.00-10.15<\/p>\n<p>Budynek G\u0142\u00f3wny,<\/p>\n<p>sala B.3.9 (118)<\/td>\n<td style=\"width: 25.634%;\">Serce owcy \u2013 filcowanie owczej we\u0142ny (warsztaty rotacyjne)<br \/>\nProwadz\u0105cy:<br \/>\nmgr Kamilla Ksi\u0119\u017cniklimit os\u00f3b: jednocze\u015bnie mo\u017ce uczestniczy\u0107 maksymalnie 10 os\u00f3b<\/td>\n<td style=\"width: 61.1976%;\">Uczestnik\/ka warsztat\u00f3w w ci\u0105gu kilkunastu minut wykonuje unikatowe serce z we\u0142ny beskidzkich owiec (filcowanie metod\u0105 na sucho).<\/td>\n<\/tr>\n<tr>\n<td style=\"width: 13.1683%;\">10.30-12.00<\/p>\n<p>Budynek G\u0142\u00f3wny,<\/p>\n<p>sala B-1.11 (09)<\/td>\n<td style=\"width: 25.634%;\">Zapachy \u015bwiata i kszta\u0142ty czasu (warsztaty)<br \/>\nProwadz\u0105cy:<br \/>\ndr Grzegorz B\u0142ahut<br \/>\nlimit os\u00f3b: 20<\/td>\n<td style=\"width: 61.1976%;\">Zadaniem uczestniczek i uczestnik\u00f3w jest rozpoznanie r\u00f3\u017cnych przedmiot\u00f3w po zapachu lub kszta\u0142cie. To pretekst do opowie\u015bci o egzotycznych krajach i kulturach. Omawiaj\u0105 tak\u017ce przedmioty, kt\u00f3re nie funkcjonuj\u0105 ju\u017c w codzienno\u015bci u\u015bwiadamiaj\u0105c sobie tak\u017ce zmiany jakie zasz\u0142y w ich w\u0142asnej kulturze. W tym celu z zas\u0142oni\u0119tymi oczami bior\u0105 do r\u0105k zagadkowe, stare przedmioty, charakterystyczne ze wzgl\u0119du na sw\u00f3j kszta\u0142t, faktur\u0119, czy d\u017awi\u0119ki jakie mo\u017cna z nich wydoby\u0107.<\/td>\n<\/tr>\n<tr>\n<td style=\"width: 13.1683%;\">12.30-13.00<\/p>\n<p>Budynek G\u0142\u00f3wny,<\/p>\n<p>B1.6 (17)<\/td>\n<td style=\"width: 25.634%;\">O czym opowiadaj\u0105 eksponaty z Gabinetu antropologicznego? (pogadanka) Prowadz\u0105cy: dr hab. Maciej Kurcz, prof. U\u015a,<br \/>\nlimit os\u00f3b: 8<\/td>\n<td style=\"width: 61.1976%;\">W tzw. Gabinecie antropologicznym na Wydziale Sztuki i Nauk Edukacji w Cieszynie s\u0105 przechowywane niezwykle interesuj\u0105ce zbiory muzealne i kolekcje etnograficzne. Przede wszystkim wsp\u00f3\u0142tworzy j\u0105 ksi\u0119gozbi\u00f3r, obejmuj\u0105cy kilkaset tytu\u0142\u00f3w najbardziej wp\u0142ywowych zagranicznych czasopism etnologicznych. Mamy tak\u017ce kolekcje etnograficzne z obszar\u00f3w Ameryki P\u00f3\u0142nocnej oraz Afryki, w tym bogaty zbi\u00f3r masek obrz\u0119dowych Irokez\u00f3w, a tak\u017ce intryguj\u0105ce przedmioty codziennego u\u017cytku z Sudanu. O tych i innych artefaktach opowiemy w\u0142a\u015bnie w czasie projektowanego spotkania.<\/td>\n<\/tr>\n<tr>\n<td style=\"width: 13.1683%;\">13.30-14.30<\/p>\n<p>Budynek G\u0142\u00f3wny,<\/p>\n<p>sala B-1.11 (09)<\/td>\n<td style=\"width: 25.634%;\">Wodnik, Strzyga, Leszy, Zmora \u2026Dzisiaj poznasz swego potwora (warsztaty)<br \/>\nProwadz\u0105cy:<br \/>\nmgr Ewa Kozik, Ko\u0142o Naukowe Etnolog\u00f3w (Dominika W\u00f3jcik, Zofia Pluta) limit os\u00f3b: 25<\/td>\n<td style=\"width: 61.1976%;\">Dla przybyszy ciekawych \u015bwiata przygotowa\u0142y\u015bmy warsztat, w kt\u00f3rym rzucimy troch\u0119 \u015bwiat\u0142a na antagonist\u00f3w wielu pie\u015bni i ludowych opowie\u015bci. Strzygi, Po\u0142udnice, Dusio\u0142ki i wiele innych stwor\u00f3w, kt\u00f3rych nazwaniem i scharakteryzowaniem wsp\u00f3lnie si\u0119 zajmiemy. Mo\u017cemy spojrze\u0107 strachowi prosto w \u015blepia, poznaj\u0105c ile\u017c twarzy potrafi przybra\u0107. Zajmiemy si\u0119 demonologi\u0105 s\u0142owia\u0144sk\u0105, nie tylko opowiadaj\u0105c o wiedzy naszych przodk\u00f3w ale i r\u00f3wnie\u017c o ich wsp\u00f3\u0142czesnym bytowaniu w popkulturze.<\/td>\n<\/tr>\n<\/tbody>\n<\/table>\n<p style=\"text-align: center;\"><span style=\"font-size: 12pt;\">9 MARCA 2023 (CZWARTEK)<\/span><\/p>\n<table style=\"width: 100%; border-collapse: collapse;\" border=\"1\">\n<tbody>\n<tr>\n<td style=\"width: 13.4432%;\">11.00-11.45<\/p>\n<p>Budynek G\u0142\u00f3wny,<\/p>\n<p>sala B-1.10 (09)<\/td>\n<td style=\"width: 25.2674%;\">Stereotypy i uprzedzenia kulturowe, czyli jak widzimy innych (mini-wyk\u0142ad z prezentacj\u0105 multimedialn\u0105)<br \/>\nProwadz\u0105cy: dr Grzegorz Odoj, prof. U\u015a<br \/>\nlimit os\u00f3b: 20<\/td>\n<td style=\"width: 61.2893%;\">Wyk\u0142ad w przyst\u0119pnej formie ukazuje czynniki wp\u0142ywaj\u0105ce na schematyczne i negatywne postrzeganie przedstawicieli innych, uznawanych za obce, kultur i grup spo\u0142ecznych. Przedmiotem refleksji b\u0119dzie pr\u00f3ba odpowiedzi na pytania: Sk\u0105d bierze si\u0119 niech\u0119\u0107 do owych obcych? Jakie s\u0105 najcz\u0119stsze postawy wobec obco\u015bci\/inno\u015bci? C\u00f3\u017c to takiego etnocentryzm? Jaka jest geneza, oblicza i funkcjonowanie stereotyp\u00f3w i uprzedze\u0144?<\/td>\n<\/tr>\n<tr>\n<td style=\"width: 13.4432%;\">12.00-13.30<\/p>\n<p>(orientacyjnie)<\/p>\n<p>Budynek G\u0142\u00f3wny,<\/p>\n<p>sala B.3.9 (118)<\/td>\n<td style=\"width: 25.2674%;\">Poznaj Cieszyn&#8230;.gra \u201e+plU\u015a \u2013 minU\u015a (warsztaty \u2013 gra) Prowadz\u0105cy: dr hab. Agnieszka Pie\u0144czak, prof. U\u015a, dr Magdalena Szalbot<br \/>\nlimit os\u00f3b: 8<\/td>\n<td style=\"width: 61.2893%;\">Celem gry jest otwarcie sejfu, w kt\u00f3rym znajduje si\u0119 tajemnicze przes\u0142anie z przesz\u0142o\u015bci. Aby to zrobi\u0107 nale\u017cy poprawnie rozwi\u0105za\u0107 zadania i zagadki zawarte na kartach, a nast\u0119pnie w odpowiedniej sekwencji wpisa\u0107 cztery cyfry kodu umo\u017cliwiaj\u0105cego dost\u0119p do sejfu. Gra sk\u0142ada si\u0119 z instrukcji, puzzli z wizerunkiem budynku WSNE, czterech zestaw\u00f3w pyta\u0144 oznaczonych karcianymi symbolami oraz sejfu z tajemnicz\u0105 zawarto\u015bci\u0105, do kt\u00f3rego dost\u0119p zablokowany jest zamkiem szyfruj\u0105cym. Zagadki, kt\u00f3re s\u0105 umieszczone na awersach specjalnie zaprojektowanych kart i dotycz\u0105 historii Cieszyna oraz naszego Wydzia\u0142u.<\/td>\n<\/tr>\n<\/tbody>\n<\/table>\n<p>\n<\/div>\r\n                    <\/div>\r\n                <\/div>[\/vc_column][\/vc_row]<\/p>","protected":false},"excerpt":{"rendered":"<p>[vc_row][vc_column width=&#8221;1\/2&#8243;][\/vc_column][vc_column width=&#8221;1\/2&#8243;][\/vc_column][\/vc_row] [&#8230;]<\/p>\n<p><a class=\"btn btn-secondary understrap-read-more-link\" href=\"https:\/\/us.edu.pl\/wydzial\/wsne\/etnologia-i-antropologia-kulturowa\/\">Read More&#8230;<\/a><\/p>\n","protected":false},"author":110,"featured_media":0,"parent":0,"menu_order":0,"comment_status":"closed","ping_status":"closed","template":"","meta":{"_expiration-date-status":"","_expiration-date":0,"_expiration-date-type":"","_expiration-date-categories":[],"_expiration-date-options":[]},"acf":[],"_links":{"self":[{"href":"https:\/\/us.edu.pl\/wydzial\/wsne\/wp-json\/wp\/v2\/pages\/157670"}],"collection":[{"href":"https:\/\/us.edu.pl\/wydzial\/wsne\/wp-json\/wp\/v2\/pages"}],"about":[{"href":"https:\/\/us.edu.pl\/wydzial\/wsne\/wp-json\/wp\/v2\/types\/page"}],"author":[{"embeddable":true,"href":"https:\/\/us.edu.pl\/wydzial\/wsne\/wp-json\/wp\/v2\/users\/110"}],"replies":[{"embeddable":true,"href":"https:\/\/us.edu.pl\/wydzial\/wsne\/wp-json\/wp\/v2\/comments?post=157670"}],"version-history":[{"count":6,"href":"https:\/\/us.edu.pl\/wydzial\/wsne\/wp-json\/wp\/v2\/pages\/157670\/revisions"}],"predecessor-version":[{"id":157677,"href":"https:\/\/us.edu.pl\/wydzial\/wsne\/wp-json\/wp\/v2\/pages\/157670\/revisions\/157677"}],"wp:attachment":[{"href":"https:\/\/us.edu.pl\/wydzial\/wsne\/wp-json\/wp\/v2\/media?parent=157670"}],"curies":[{"name":"wp","href":"https:\/\/api.w.org\/{rel}","templated":true}]}}