{"id":1578,"date":"2020-01-14T14:55:50","date_gmt":"2020-01-14T13:55:50","guid":{"rendered":"https:\/\/us.edu.pl\/wydzial\/wsne\/?page_id=1578"},"modified":"2020-01-15T09:49:38","modified_gmt":"2020-01-15T08:49:38","slug":"zespol-folkowy-folkus","status":"publish","type":"page","link":"https:\/\/us.edu.pl\/wydzial\/wsne\/zespol-folkowy-folkus\/","title":{"rendered":"Zesp\u00f3\u0142 Folkowy Folku\u015b"},"content":{"rendered":"<p>[vc_row][vc_column width=&#8221;1\/2&#8243;][vc_video link=&#8221;https:\/\/youtu.be\/gmYSGmv3ik4&#8243; el_width=&#8221;90&#8243;][\/vc_column][vc_column width=&#8221;1\/2&#8243;]            \r\n                    <div class=\"container\">\r\n                        <div class=\"gallery gallery_2\" data-images-in-row=\"2\">\r\n                            \r\n                            <div class=\"row m-0\">\r\n                                <a data-fancybox-group=\"button\" title=\"\" data-fancybox=\"6050\" href=\"https:\/\/us.edu.pl\/wydzial\/wsne\/wp-content\/uploads\/sites\/20\/Nieprzypisane\/Prof-Turek-07.jpg\" class=\"gallery__item thumbnail\"\r\n                                    style=\"background-image: url(https:\/\/us.edu.pl\/wydzial\/wsne\/wp-content\/uploads\/sites\/20\/Nieprzypisane\/Prof-Turek-07.jpg)\"> <span class=\"d-none\">https:\/\/us.edu.pl\/wydzial\/wsne\/wp-content\/uploads\/sites\/20\/Nieprzypisane\/Prof-Turek-07.jpg<\/span> <\/a>\r\n                            <\/div>\r\n                    <\/div>\r\n                <\/div>[\/vc_column][\/vc_row][vc_row][vc_column][vc_column_text]<\/p>\n<h2 class=\"thm-titlecustomstyle\"><span style=\"font-size: 14pt\">MI\u0118DZYWYDZIA\u0141OWY ZESP\u00d3\u0141 FOLKOWY<\/span><\/h2>\n<div class=\"wpb_text_column wpb_content_element \">\n<div class=\"wpb_wrapper\">\n<p>Mi\u0119dzywydzia\u0142owy Zesp\u00f3\u0142 Folkowy\u00a0<big><b>FolkU\u015a<\/b><\/big>\u00a0powsta\u0142 w\u00a02009 roku z\u00a0\u00a0inicjatywy dr\u00a0Katarzyny Marcol, studentki El\u017cbiety Mikociak i\u00a0grupy student\u00f3w Wydzia\u0142u Etnologii i\u00a0Nauk o Edukacji, a\u00a0w\u00a0roku 2011 zyska\u0142 status Ko\u0142a Naukowego. W\u00a0trakcie pierwszego roku dzia\u0142alno\u015bci kierowniczk\u0105 zespo\u0142u by\u0142a El\u017cbieta Mikociak, w\u00a02010 roku funkcj\u0119 t\u0119 pe\u0142ni\u0142a studentka etnologii Anna Bachniak i\u00a0kolejno: w\u00a02012 \u2013 Agnieszka Tuszy\u0144ska i\u00a0Sara Szczotka, w\u00a02013 \u2013\u00a0Urszula Kurowska, w\u00a02014 \u2013\u00a0Patrycja Figura. Kierownikiem muzycznym oraz autorem aran\u017cacji by\u0142 w\u00a0tym czasie absolwent Instytutu Muzyki \u2013\u00a0mgr\u00a0Maciej Musia\u0142.<br \/>\nOd 2015 roku opiek\u0119 merytoryczn\u0105 i\u00a0organizacyjn\u0105 obj\u0119\u0142a\u00a0<a href=\"http:\/\/old.instytutmuzyki.us.edu.pl\/files\/magdalena.szyndler.htm\"><strong>dr\u00a0hab. Magdalena Szyndler<\/strong><\/a>\u00a0\u2013\u00a0etnomuzykolog z\u00a0Instytutu Muzyki (Wydzia\u0142 Artystyczny), za\u015b funkcj\u0119 przewodnicz\u0105cej Ko\u0142a pe\u0142ni obecnie studentka Julia Pawlik (Wydzia\u0142 Etnologii i\u00a0Nauk o Edukacji).<br \/>\nW\u00a0sk\u0142ad zespo\u0142u wchodz\u0105 studenci cieszy\u0144skich wydzia\u0142\u00f3w Uniwersytetu \u015al\u0105skiego. Repertuar grupy to zar\u00f3wno muzyka\u00a0<i>in crudo<\/i>\u00a0(Karpaty, Ba\u0142kany, Beskidy, ze szczeg\u00f3lnym uwzgl\u0119dnieniem \u015al\u0105ska Cieszy\u0144skiego), jak i\u00a0artystyczne przekszta\u0142cenia oraz aran\u017cacje w\u00a0ramach szeroko rozumianej muzyki folkowej.<\/p>\n<p><big>Obecny sk\u0142ad zespo\u0142u:<\/big><\/p>\n<ul>\n<li><b>Julia Pawlik<\/b>\u00a0\u2013 skrzypce, \u015bpiew<\/li>\n<li><b>Edyta B\u0105k<\/b>\u00a0\u2013 \u015bpiew<\/li>\n<li><b>Agnieszka Sikora<\/b>\u00a0\u2013 \u015bpiew<\/li>\n<li><b>Dominika Sobel<\/b>\u00a0\u2013 skrzypce<\/li>\n<li><b>Ewa Nowak<\/b>\u00a0\u2013 skrzypce<\/li>\n<li><b>Radek \u015ami\u0142owski<\/b>\u00a0\u2013 skrzypce<\/li>\n<li><b>Wojciech Baraniok<\/b>\u00a0\u2013 akordeon<\/li>\n<li><b>Dominika Wrzeszcz<\/b>\u00a0\u2013 alt\u00f3wka<\/li>\n<li><b>Emil Kie\u0142basa<\/b>\u00a0\u2013 perkusja<\/li>\n<\/ul>\n<\/div>\n<\/div>\n<div class=\"wpb_text_column wpb_content_element \">\n<div class=\"wpb_wrapper\">\n<p><big>Osoby zaanga\u017cowane w powstanie \u201eKol\u0119dUSi\u201d 2017:<\/big><\/p>\n<ul>\n<li><b>Martyna Prochowska<\/b>\u00a0\u2013 \u015bpiew, aran\u017cacje<\/li>\n<li><b>Piotr Garczyk<\/b>\u00a0\u2013 tr\u0105bka<\/li>\n<li><b>Pawe\u0142 Borkowski<\/b>\u00a0\u2013 tr\u0105bka<\/li>\n<li><b>Aleksandra M\u0119drala<\/b>\u00a0\u2013 saksofon<\/li>\n<li><b>Micha\u0142 Guzdek<\/b>\u00a0\u2013 gitara elektryczna<\/li>\n<li><b>Jakub Bejda<\/b>\u00a0\u2013 gitara basowa<\/li>\n<li><b>Adrianna W\u00f3jcikowska<\/b>\u00a0\u2013 wokal<\/li>\n<li><b>Krzysztof Kaczor<\/b>\u00a0\u2013 wokal<\/li>\n<li><b>Beniamin \u0106wiklak<\/b>\u00a0\u2013 klawisze<\/li>\n<\/ul>\n<\/div>\n<\/div>\n<div class=\"wpb_text_column wpb_content_element \">\n<div class=\"wpb_wrapper\">\n<p><big>Aktywno\u015b\u0107 Zespo\u0142u od roku 2015 (wybrane wyst\u0119py):<\/big><\/p>\n<ul>\n<li><b>2015-2016<\/b>\u00a0\u2013 koncerty kol\u0119dowe w ramach Wigilii WA i WeiNoE, a tak\u017ce dla \u015brodowiska lokalnego \u2013 Cieszyn os. Pog\u00f3rze, Osiedlowe Centrum Kultury i Rekreacji,<\/li>\n<li><b>2016<\/b>\u00a0\u2013 koncert w ramach Konferencji Rektor\u00f3w,<\/li>\n<li><b>2016<\/b>\u00a0\u2013\u00a0<i>Chodzenie Miko\u0142aj\u00f3w<\/i>\u00a0\u2013 odtworzenie dawnego zwyczaju z Beskidu \u015al\u0105skiego,<\/li>\n<li><strong>2016<\/strong>\u00a0\u2013 udzia\u0142 w \u015al\u0105skim Festiwalu Nauki \u2013 koncert,<\/li>\n<li><b>2015-2016<\/b>\u00a0\u2013 w ramach\u00a0<i>Wigilijki<\/i>\u00a0dla student\u00f3w \u2013 koncert,<\/li>\n<li><b>2016<\/b>\u00a0\u2013 udzia\u0142 w koncercie zaduszkowym po\u015bwi\u0119conym pami\u0119ci zmar\u0142ych pracownik\u00f3w Instytutu Muzyki,<\/li>\n<li><b>2017<\/b>\u00a0\u2013 udzia\u0142 w Dniu Otwartym Wydzia\u0142u Artystycznego \u2013 koncert.<\/li>\n<\/ul>\n<div class=\"addon-themeum-title \">\n<div class=\"themeum-title title-leftborder leftborder\">\n<h2 class=\"thm-titlecustomstyle\"><span style=\"font-size: 12pt\">POS\u0141UCHAJ<\/span><\/h2>\n<\/div>\n<\/div>\n<\/div>\n<p><a href=\"https:\/\/us.edu.pl\/wydzial\/wsne\/wp-content\/uploads\/sites\/20\/2020\/01\/Kuzniczka.mp3\"><span class=\"wp-playlist-item-meta wp-playlist-item-title\">\u201eKu\u017aniczka\u201d<\/span><span class=\"wp-playlist-item-meta wp-playlist-item-album\">FolkU\u015a pod kierunkiem dr hab. Magdaleny Szyndler<\/span><\/a><\/p>\n<p><a href=\"https:\/\/us.edu.pl\/wydzial\/wsne\/wp-content\/uploads\/sites\/20\/2020\/01\/Hajduk.mp3\"><span class=\"wp-playlist-item-meta wp-playlist-item-title\">\u201eHajduk\u201d<\/span><span class=\"wp-playlist-item-meta wp-playlist-item-album\">FolkU\u015a pod kierunkiem dr hab. Magdaleny Szyndler<\/span><\/a><\/p>\n<\/div>\n<p>[\/vc_column_text][\/vc_column][\/vc_row][vc_row][vc_column][\/vc_column][\/vc_row][vc_row][vc_column width=&#8221;1\/2&#8243;][vc_video link=&#8221;https:\/\/youtu.be\/zUguGdF1QJk&#8221; el_width=&#8221;90&#8243;][\/vc_column][vc_column width=&#8221;1\/2&#8243;][vc_video link=&#8221;https:\/\/youtu.be\/UjtBypWMQHU&#8221; el_width=&#8221;90&#8243;][\/vc_column][\/vc_row][vc_row][vc_column width=&#8221;1\/2&#8243;][vc_video link=&#8221;https:\/\/youtu.be\/d9Sn6xp8ulM&#8221; el_width=&#8221;90&#8243;][\/vc_column][vc_column width=&#8221;1\/2&#8243;][vc_video link=&#8221;https:\/\/youtu.be\/hX7D5BfbPAw&#8221; el_width=&#8221;90&#8243;][\/vc_column][\/vc_row][vc_row][vc_column][vc_video link=&#8221;https:\/\/youtu.be\/K6YP-gQRFyA&#8221; el_width=&#8221;50&#8243;][\/vc_column][\/vc_row][vc_row][vc_column]\r\n                <div class=\"text-modules \">\r\n                    <div class=\"container\">\r\n                         \r\n                        <div class=\"row m-0\">\r\n                            <div class=\"text-modules__content\">\r\n                                W 2016 roku Telewizja Uniwersytetu \u015al\u0105skiego zarejestrowa\u0142a kr\u00f3tki reporta\u017c o zespole, natomiast w roku 2017 grupa wzi\u0119\u0142a udzia\u0142 w nagraniu albumu p\u0142ytowego wydanego z okazji 50-lecia U\u015a. \r\n                                <div class=\"mt-3\"><\/div>\r\n                            <\/div>\r\n                            \r\n                            <div class=\"text-modules__img\"><img src=\"https:\/\/us.edu.pl\/wydzial\/wsne\/wp-content\/uploads\/sites\/20\/Nieprzypisane\/50-lat-U\u015a.jpg\" alt=\"img\"><\/div>\r\n                        <\/div>\r\n                    <\/div>\r\n                <\/div>[\/vc_column][\/vc_row]<\/p>","protected":false},"excerpt":{"rendered":"<p>[vc_row][vc_column width=&#8221;1\/2&#8243;][vc_video link=&#8221;https:\/\/youtu.be\/gmYSGmv3ik4&#8243; el_width=&#8221;90&#8243;][\/vc_column][vc_column width=&#8221;1\/2&#8243;][\/vc_column][\/vc_row][vc_row][vc_column][vc_column_text] MI\u0118DZYWYDZIA\u0141OWY ZESP\u00d3\u0141 FOLKOWY Mi\u0119dzywydzia\u0142owy Zesp\u00f3\u0142 Folkowy\u00a0FolkU\u015a\u00a0powsta\u0142 w\u00a02009 roku z\u00a0\u00a0inicjatywy dr\u00a0Katarzyny Marcol, studentki El\u017cbiety Mikociak i\u00a0grupy student\u00f3w Wydzia\u0142u Etnologii i\u00a0Nauk o Edukacji, a\u00a0w\u00a0roku 2011 zyska\u0142 status Ko\u0142a Naukowego. W\u00a0trakcie pierwszego roku dzia\u0142alno\u015bci kierowniczk\u0105 zespo\u0142u by\u0142a El\u017cbieta Mikociak, w\u00a02010 roku funkcj\u0119 t\u0119 pe\u0142ni\u0142a studentka etnologii Anna Bachniak i\u00a0kolejno: w\u00a02012 \u2013 Agnieszka Tuszy\u0144ska [&#8230;]<\/p>\n<p><a class=\"btn btn-secondary understrap-read-more-link\" href=\"https:\/\/us.edu.pl\/wydzial\/wsne\/zespol-folkowy-folkus\/\">Read More&#8230;<\/a><\/p>\n","protected":false},"author":110,"featured_media":0,"parent":0,"menu_order":0,"comment_status":"closed","ping_status":"closed","template":"page-templates\/inner-page.php","meta":{"_expiration-date-status":"saved","_expiration-date":0,"_expiration-date-type":"","_expiration-date-categories":[],"_expiration-date-options":[]},"acf":[],"_links":{"self":[{"href":"https:\/\/us.edu.pl\/wydzial\/wsne\/wp-json\/wp\/v2\/pages\/1578"}],"collection":[{"href":"https:\/\/us.edu.pl\/wydzial\/wsne\/wp-json\/wp\/v2\/pages"}],"about":[{"href":"https:\/\/us.edu.pl\/wydzial\/wsne\/wp-json\/wp\/v2\/types\/page"}],"author":[{"embeddable":true,"href":"https:\/\/us.edu.pl\/wydzial\/wsne\/wp-json\/wp\/v2\/users\/110"}],"replies":[{"embeddable":true,"href":"https:\/\/us.edu.pl\/wydzial\/wsne\/wp-json\/wp\/v2\/comments?post=1578"}],"version-history":[{"count":17,"href":"https:\/\/us.edu.pl\/wydzial\/wsne\/wp-json\/wp\/v2\/pages\/1578\/revisions"}],"predecessor-version":[{"id":1601,"href":"https:\/\/us.edu.pl\/wydzial\/wsne\/wp-json\/wp\/v2\/pages\/1578\/revisions\/1601"}],"wp:attachment":[{"href":"https:\/\/us.edu.pl\/wydzial\/wsne\/wp-json\/wp\/v2\/media?parent=1578"}],"curies":[{"name":"wp","href":"https:\/\/api.w.org\/{rel}","templated":true}]}}