{"id":157811,"date":"2023-03-17T13:35:54","date_gmt":"2023-03-17T12:35:54","guid":{"rendered":"https:\/\/us.edu.pl\/wydzial\/wsne\/?page_id=157811"},"modified":"2024-09-23T13:45:41","modified_gmt":"2024-09-23T11:45:41","slug":"fitped-ai","status":"publish","type":"page","link":"https:\/\/us.edu.pl\/wydzial\/wsne\/fitped-ai\/","title":{"rendered":"FITPED-AI"},"content":{"rendered":"<p>[vc_row][vc_column]\r\n                <div class=\"text-modules\">\r\n                    <div class=\"container\">\r\n                        \r\n                        <div class=\"text-modules__content\"><\/p>\n<p style=\"text-align: center;\"><strong><span style=\"font-size: 14pt;\">The project Future IT Professionals Education in Artificial Intelligence &#8211; FITPED-AI (<a href=\"https:\/\/www.fitped.eu\">https:\/\/www.fitped.eu<\/a>)<\/span><\/strong><\/p>\n<p style=\"text-align: center;\"><strong><span style=\"font-size: 14pt;\">Grant. no. 2021-1-SK01-KA220-HED-000032095<\/span><\/strong><\/p>\n<p style=\"text-align: center;\"><img class=\"alignnone size-full wp-image-157812\" src=\"https:\/\/us.edu.pl\/wydzial\/wsne\/wp-content\/uploads\/sites\/20\/Bez-kategorii\/Fitped-AI-1.jpg\" alt=\"Logo\" width=\"519\" height=\"66\" \/><\/p>\n<p>\n<\/div>\r\n                    <\/div>\r\n                <\/div>[\/vc_column][\/vc_row][vc_row][vc_column]\r\n                <div class=\"text-modules reverse\">\r\n                    <div class=\"container\">\r\n                        <h3 class=\"section-title section-title_border-bottom\">FITPED-AI Project Meeting, was held in Slovakia on 16 and 17 September 2024<\/h3> \r\n                        <div class=\"row m-0\">\r\n                            <div class=\"text-modules__content\">\r\n                                <img class=\"alignnone size-medium wp-image-162154\" src=\"https:\/\/us.edu.pl\/wydzial\/wsne\/wp-content\/uploads\/sites\/20\/Bez-kategorii\/Fot-006-8-900x406.jpg\" alt=\"\" width=\"900\" height=\"406\" srcset=\"https:\/\/us.edu.pl\/wydzial\/wsne\/wp-content\/uploads\/sites\/20\/Bez-kategorii\/Fot-006-8-900x406.jpg 900w, https:\/\/us.edu.pl\/wydzial\/wsne\/wp-content\/uploads\/sites\/20\/Bez-kategorii\/Fot-006-8-768x347.jpg 768w, https:\/\/us.edu.pl\/wydzial\/wsne\/wp-content\/uploads\/sites\/20\/Bez-kategorii\/Fot-006-8-575x259.jpg 575w, https:\/\/us.edu.pl\/wydzial\/wsne\/wp-content\/uploads\/sites\/20\/Bez-kategorii\/Fot-006-8.jpg 1024w\" sizes=\"(max-width: 900px) 100vw, 900px\" \/> \r\n                                <div class=\"mt-3\"><\/div>\r\n                            <\/div>\r\n                            \r\n                            <div class=\"text-modules__img\"><img src=\"https:\/\/us.edu.pl\/wydzial\/wsne\/wp-content\/uploads\/sites\/20\/Bez-kategorii\/Fot-009-6.jpg\" alt=\"img\"><\/div>\r\n                        <\/div>\r\n                    <\/div>\r\n                <\/div>[\/vc_column][\/vc_row][vc_row][vc_column]\r\n                <div class=\"text-modules reverse\">\r\n                    <div class=\"container\">\r\n                        <h3 class=\"section-title section-title_border-bottom\">\u015al\u0105ski Festiwal Nauki<\/h3> \r\n                        <div class=\"row m-0\">\r\n                            <div class=\"text-modules__content\">\r\n                                <\/p>\n<div dir=\"auto\">Warsztaty<\/div>\n<div dir=\"auto\">Sztuczna inteligencja bez tajemnic<\/div>\n<div dir=\"auto\">\u015al\u0105ski Festiwal Nauki<\/div>\n<div dir=\"auto\"><a href=\"https:\/\/slaskifestiwalnauki.pl\/sztuczna-inteligencja-bez-tajemnic\">https:\/\/slaskifestiwalnauki.pl\/sztuczna-inteligencja-bez-tajemnic<\/a><\/div>\n<div dir=\"auto\"><a href=\"https:\/\/us.edu.pl\/wydzial\/wnst\/multimedia\/wydzial-nauk-scislych-i-technicznych-na-7-slaskim-festiwalu-nauki\">https:\/\/us.edu.pl\/wydzial\/wnst\/multimedia\/wydzial-nauk-scislych-i-technicznych-na-7-slaskim-festiwalu-nauki<\/a><\/div>\n<div dir=\"auto\"><img class=\"alignnone wp-image-160414 \" src=\"https:\/\/us.edu.pl\/wydzial\/wsne\/wp-content\/uploads\/sites\/20\/Bez-kategorii\/Slaski-Festiwal-Nauki-1.png\" alt=\"\" width=\"493\" height=\"370\" srcset=\"https:\/\/us.edu.pl\/wydzial\/wsne\/wp-content\/uploads\/sites\/20\/Bez-kategorii\/Slaski-Festiwal-Nauki-1.png 760w, https:\/\/us.edu.pl\/wydzial\/wsne\/wp-content\/uploads\/sites\/20\/Bez-kategorii\/Slaski-Festiwal-Nauki-1-575x431.png 575w\" sizes=\"(max-width: 493px) 100vw, 493px\" \/><\/div>\n<div class=\"mt-3\"><\/div>\r\n                            <\/div>\r\n                            \r\n                            <div class=\"text-modules__img\"><img src=\"https:\/\/us.edu.pl\/wydzial\/wsne\/wp-content\/uploads\/sites\/20\/Bez-kategorii\/Slaski-Festiwal-Nauki-2.jpg\" alt=\"img\"><\/div>\r\n                        <\/div>\r\n                    <\/div>\r\n                <\/div>[\/vc_column][\/vc_row][vc_row][vc_column]\r\n                <div class=\"text-modules reverse\">\r\n                    <div class=\"container\">\r\n                        <h3 class=\"section-title section-title_border-bottom\">Fitped-AI Project Meeting Vilnius 25-26 May 2023<\/h3> \r\n                        <div class=\"row m-0\">\r\n                            <div class=\"text-modules__content\">\r\n                                <span class=\"x193iq5w xeuugli x13faqbe x1vvkbs x1xmvt09 x1lliihq x1s928wv xhkezso x1gmr53x x1cpjm7i x1fgarty x1943h6x xudqn12 x3x7a5m x6prxxf xvq8zen xo1l8bm xzsf02u x1yc453h\" dir=\"auto\">Fitped-AI Project Meeting Vilnius 25-26 May 2023<\/span><\/p>\n<p><img class=\"alignnone wp-image-159050\" src=\"https:\/\/us.edu.pl\/wydzial\/wsne\/wp-content\/uploads\/sites\/20\/Bez-kategorii\/Fitped-AI_Vilnius_May_2023-0001-900x406.jpg\" alt=\"Fitped-AI_Vilnius_May_2023 \" width=\"400\" height=\"180\" srcset=\"https:\/\/us.edu.pl\/wydzial\/wsne\/wp-content\/uploads\/sites\/20\/Bez-kategorii\/Fitped-AI_Vilnius_May_2023-0001-900x406.jpg 900w, https:\/\/us.edu.pl\/wydzial\/wsne\/wp-content\/uploads\/sites\/20\/Bez-kategorii\/Fitped-AI_Vilnius_May_2023-0001-1200x541.jpg 1200w, https:\/\/us.edu.pl\/wydzial\/wsne\/wp-content\/uploads\/sites\/20\/Bez-kategorii\/Fitped-AI_Vilnius_May_2023-0001-768x346.jpg 768w, https:\/\/us.edu.pl\/wydzial\/wsne\/wp-content\/uploads\/sites\/20\/Bez-kategorii\/Fitped-AI_Vilnius_May_2023-0001-1536x692.jpg 1536w, https:\/\/us.edu.pl\/wydzial\/wsne\/wp-content\/uploads\/sites\/20\/Bez-kategorii\/Fitped-AI_Vilnius_May_2023-0001-575x259.jpg 575w, https:\/\/us.edu.pl\/wydzial\/wsne\/wp-content\/uploads\/sites\/20\/Bez-kategorii\/Fitped-AI_Vilnius_May_2023-0001.jpg 1600w\" sizes=\"(max-width: 400px) 100vw, 400px\" \/><img class=\"alignnone wp-image-159051\" src=\"https:\/\/us.edu.pl\/wydzial\/wsne\/wp-content\/uploads\/sites\/20\/Bez-kategorii\/Fitped-AI_Vilnius_May_2023-001-900x405.jpg\" alt=\"Fitped-AI_Vilnius_May_2023 \" width=\"400\" height=\"180\" srcset=\"https:\/\/us.edu.pl\/wydzial\/wsne\/wp-content\/uploads\/sites\/20\/Bez-kategorii\/Fitped-AI_Vilnius_May_2023-001-900x405.jpg 900w, https:\/\/us.edu.pl\/wydzial\/wsne\/wp-content\/uploads\/sites\/20\/Bez-kategorii\/Fitped-AI_Vilnius_May_2023-001-1200x540.jpg 1200w, https:\/\/us.edu.pl\/wydzial\/wsne\/wp-content\/uploads\/sites\/20\/Bez-kategorii\/Fitped-AI_Vilnius_May_2023-001-768x346.jpg 768w, https:\/\/us.edu.pl\/wydzial\/wsne\/wp-content\/uploads\/sites\/20\/Bez-kategorii\/Fitped-AI_Vilnius_May_2023-001-1536x691.jpg 1536w, https:\/\/us.edu.pl\/wydzial\/wsne\/wp-content\/uploads\/sites\/20\/Bez-kategorii\/Fitped-AI_Vilnius_May_2023-001-575x259.jpg 575w, https:\/\/us.edu.pl\/wydzial\/wsne\/wp-content\/uploads\/sites\/20\/Bez-kategorii\/Fitped-AI_Vilnius_May_2023-001.jpg 1600w\" sizes=\"(max-width: 400px) 100vw, 400px\" \/> \r\n                                <div class=\"mt-3\"><\/div>\r\n                            <\/div>\r\n                            \r\n                            <div class=\"text-modules__img\"><img src=\"https:\/\/us.edu.pl\/wydzial\/wsne\/wp-content\/uploads\/sites\/20\/Bez-kategorii\/Fitped-AI_Vilnius_May_2023-2.jpg\" alt=\"img\"><\/div>\r\n                        <\/div>\r\n                    <\/div>\r\n                <\/div>[\/vc_column][\/vc_row][vc_row][vc_column]\r\n                <div class=\"text-modules reverse\">\r\n                    <div class=\"container\">\r\n                        <h3 class=\"section-title section-title_border-bottom\">Warsztaty FITPED AI<\/h3> \r\n                        <div class=\"row m-0\">\r\n                            <div class=\"text-modules__content\">\r\n                                W dniu 20.03.2023 roku w IX Liceum Og\u00f3lnokszta\u0142c\u0105ce im. Wis\u0142awy Szymborskiej w Sosnowcu odby\u0142y si\u0119 warsztaty FITPED AI, kt\u00f3re zrealizowane zosta\u0142y w ramach projektu \u201eKszta\u0142cenie dla przysz\u0142o\u015bci\u201d <a href=\"https:\/\/us.edu.pl\/wydzial\/wnst\/wspolpraca\/szkoly\/ksztalcenie-dla-przyszlosci\/ksztalcenie-dla-przyszlosci-informatyka\/\">https:\/\/us.edu.pl\/wydzial\/wnst\/wspolpraca\/szkoly\/ksztalcenie-dla-przyszlosci\/ksztalcenie-dla-przyszlosci-informatyka\/<\/a><\/p>\n<p>Prowadz\u0105cy dr Kornel Chromi\u0144ski, dr hab. Ma\u0142gorzata Przyby\u0142a-Kasperek, prof. U\u015a i dr hab. Beata Zielosko, prof. U\u015a wprowadzili uczni\u00f3w w tematyk\u0119 sztucznej inteligencji oraz opowiedzieli o za\u0142o\u017ceniach projektu FITPED-AI. Nast\u0119pnie uczniowie mogli zapozna\u0107 si\u0119 z mo\u017cliwo\u015bciami platformy Priscilla i dost\u0119pnymi kursami. Ca\u0142o\u015b\u0107 zako\u0144czona zosta\u0142a kr\u00f3tkim testem na temat sztucznej inteligencji. Uczniowie byli bardzo zainteresowani zagadnieniami sztucznej inteligencji i mo\u017cliwo\u015bciami platformy Priscilla.<\/p>\n<p>Co: Warsztaty FITPED AI<\/p>\n<p>Gdzie: IX Liceum Og\u00f3lnokszta\u0142c\u0105ce im. Wis\u0142awy Szymborskiej w Sosnowcu<\/p>\n<p>Kiedy: 20.03.2023r.<\/p>\n<p>A FITPED AI workshop was conducted at the Wislawa Szymborska High School No. 9 in Sosnowiec on 20.03.2023, which was realized as part of the &#8222;Education for the Future&#8221; project https:\/\/us.edu.pl\/wydzial\/wnst\/wspolpraca\/szkoly\/ksztalcenie-dla-przyszlosci\/ksztalcenie-dla-przyszlosci-informatyka\/<\/p>\n<p>The teachers dr Kornel Chromi\u0144ski, dr hab. Ma\u0142gorzata Przyby\u0142a-Kasperek, prof. U\u015a, dr hab. Beata Zielosko, prof. U\u015a introduced the students to the subject of artificial intelligence and talked about the\u00a0 FITPED-AI project. Then the students could familiarize the Priscilla platform and the available list of courses. The workshop ended with a short test on artificial intelligence. The students were very interested in the issues of artificial intelligence and the possibilities of the Priscilla platform. \r\n                                <div class=\"mt-3\"><\/div>\r\n                            <\/div>\r\n                            \r\n                            <div class=\"text-modules__img\"><img src=\"https:\/\/us.edu.pl\/wydzial\/wsne\/wp-content\/uploads\/sites\/20\/Bez-kategorii\/IMG_7661.jpg\" alt=\"img\"><\/div>\r\n                        <\/div>\r\n                    <\/div>\r\n                <\/div>[\/vc_column][\/vc_row][vc_row][vc_column]\r\n                <div class=\"text-modules reverse\">\r\n                    <div class=\"container\">\r\n                        <h3 class=\"section-title section-title_border-bottom\">Sztuczna inteligencja - mity kontra fakty. Projekt FITPED AI<\/h3> \r\n                        <div class=\"row m-0\">\r\n                            <div class=\"text-modules__content\">\r\n                                14 marca jest mi\u0119dzynarodowym Dniem Liczby Pi (termin nie jest przypadkowy \u2013 nawi\u0105zuje do ameryka\u0144skiego zapisu daty 14 marca: 3.14 ).\u00a0Z tej okazji na Wydziale Nauk \u015acis\u0142ych i Technicznych Uniwersytetu \u015al\u0105skiego zorganizowane zosta\u0142y liczne warsztaty i wyk\u0142adach https:\/\/us.edu.pl\/wydzial\/wnst\/wspolpraca\/szkoly\/swieto-liczby-pi\/. W\u015br\u00f3d nich zaproponowany zosta\u0142 r\u00f3wnie\u017c wyk\u0142ad Sztuczna inteligencja &#8211; mity kontra fakty. Projekt FITPED AI, kt\u00f3ry prowadzi\u0142a dr hab. Ma\u0142gorzata Przyby\u0142a-Kasperek, prof. U\u015a pracownik Instytuti Informatyki Uniwersytetu \u015al\u0105skiego https:\/\/us.edu.pl\/wydzial\/wnst\/wspolpraca\/szkoly\/swieto-liczby-pi\/harmonogram-xvii-swieta-liczby-pi\/#1674944011898-1709e567-70ae. Tematyka dotyczy\u0142a historii rozwoju sztucznej inteligencji \u2013 od pierwszych sukces\u00f3w do obecnego stanu. Przedstawione zosta\u0142y zastosowania, praktyczne wykorzystanie sztucznej inteligencji. Tematem zaj\u0119\u0107 by\u0142y r\u00f3wnie\u017c mo\u017cliwo\u015bci aplikacji PRISCILLA \u2013 narz\u0119dzia realizowanego w ramach projektu FITPET AI. Uczestnikom zaprezentowane zosta\u0142y darmowe kursy online umo\u017cliwiaj\u0105ce przyswojenie zagadnie\u0144 sztucznej inteligencji. Uczniowie szko\u0142y \u015bredniej mogli zrealizowa\u0107 lekcje przygotowane w ramach projektu FITPED AI. Aplikacja cieszy\u0142a si\u0119 du\u017cym i \u017cywym zainteresowaniem.<\/p>\n<p>Miejsce: Instytut Informatyki, Wydzia\u0142 Nauk \u015acis\u0142ych i Technicznych Uniwersytetu \u015al\u0105skiego, ul. B\u0119dzie\u0144ska 39, Sosnowiec<\/p>\n<p>Kiedy: 14.03.2023 10:00-11:00<\/p>\n<p>Temat: Sztuczna inteligencja &#8211; mity kontra fakty. Projekt FITPED AI<\/p>\n<p>kto prowadzi\u0142: dr hab. Ma\u0142gorzata Przyby\u0142a-Kasperek, prof. U\u015a<\/p>\n<p>dla kogo: uczniowie szko\u0142y \u015bredniej, m\u0142odzie\u017c<\/p>\n<div class=\"mt-3\"><\/div>\r\n                            <\/div>\r\n                            \r\n                            <div class=\"text-modules__img\"><img src=\"https:\/\/us.edu.pl\/wydzial\/wsne\/wp-content\/uploads\/sites\/20\/Bez-kategorii\/Liczba-Pi-009-900x600.jpg\" alt=\"img\"><\/div>\r\n                        <\/div>\r\n                    <\/div>\r\n                <\/div>[\/vc_column][\/vc_row][vc_row][vc_column]\r\n                <div class=\"text-modules reverse\">\r\n                    <div class=\"container\">\r\n                        <h3 class=\"section-title section-title_border-bottom\">Nowa publikacja<\/h3> \r\n                        <div class=\"row m-0\">\r\n                            <div class=\"text-modules__content\">\r\n                                <\/p>\n<div class=\"\" dir=\"auto\">\n<div id=\"jsc_c_1v\" class=\"x1iorvi4 x1pi30zi x1swvt13 x1l90r2v\" data-ad-comet-preview=\"message\" data-ad-preview=\"message\">\n<div class=\"x78zum5 xdt5ytf xz62fqu x16ldp7u\">\n<div class=\"xu06os2 x1ok221b\">\n<div class=\"x11i5rnm xat24cr x1mh8g0r x1vvkbs xdj266r x126k92a\">\n<div dir=\"auto\">Szanowni Pa\u0144stwo,<\/div>\n<div dir=\"auto\">Mi\u0142o nam poinformowa\u0107 o nowej publikacji z projektu FITPED:<\/div>\n<div dir=\"auto\">Smyrnova-Trybulska, E., Kommers, P., Drl\u00edk, M., Skalka, J., (Eds) (2022) Microlearning. New Approaches To A More Effective Higher Education. Springer Nature Switzerland ISBN 978-3-031-13358-9 ISBN 978-3-031-13359-6 (eBook) <a class=\"x1i10hfl xjbqb8w x6umtig x1b1mbwd xaqea5y xav7gou x9f619 x1ypdohk xt0psk2 xe8uvvx xdj266r x11i5rnm xat24cr x1mh8g0r xexx8yu x4uap5 x18d9i69 xkhd6sd x16tdsg8 x1hl2dhg xggy1nq x1a2a7pz xt0b8zv x1fey0fg\" tabindex=\"0\" role=\"link\" href=\"https:\/\/doi.org\/10.1007\/978-3-031-13359-6\" target=\"_blank\" rel=\"nofollow noopener\">https:\/\/doi.org\/10.1007\/978-3-031-13359-6<\/a><\/div>\n<div dir=\"auto\">Zapraszamy do lektury<\/div>\n<\/div>\n<\/div>\n<\/div>\n<\/div>\n<\/div>\n<div class=\"mt-3\"><\/div>\r\n                            <\/div>\r\n                            \r\n                            <div class=\"text-modules__img\"><img src=\"https:\/\/us.edu.pl\/wydzial\/wsne\/wp-content\/uploads\/sites\/20\/Bez-kategorii\/Springer.jpg\" alt=\"img\"><\/div>\r\n                        <\/div>\r\n                    <\/div>\r\n                <\/div>[\/vc_column][\/vc_row][vc_row][vc_column]\r\n                <div class=\"text-modules reverse\">\r\n                    <div class=\"container\">\r\n                        <h3 class=\"section-title section-title_border-bottom\">Mi\u0119dzynarodowe spotkanie w Cieszynie<\/h3> \r\n                        <div class=\"row m-0\">\r\n                            <div class=\"text-modules__content\">\r\n                                <\/p>\n<div class=\"\" dir=\"auto\">\n<div id=\"jsc_c_26\" class=\"x1iorvi4 x1pi30zi x1swvt13 x1l90r2v\" data-ad-comet-preview=\"message\" data-ad-preview=\"message\">\n<div class=\"x78zum5 xdt5ytf xz62fqu x16ldp7u\">\n<div class=\"xu06os2 x1ok221b\">\n<div class=\"x11i5rnm xat24cr x1mh8g0r x1vvkbs xdj266r x126k92a\">\n<div dir=\"auto\">Future IT Professionals Education in Artificial Intelligence (2021-2024 FITPED-AI project (grant no. 2021-1-SK01-KA220-HED-000032095) has been funded with support from the European Commission under the ERASMUS+ Programme 2021, KA2)<\/div>\n<div dir=\"auto\">Transnational meeting,<\/div>\n<div dir=\"auto\">University of Silesia, Cieszyn, Poland 6-7\/10\/2022<\/div>\n<\/div>\n<div class=\"x11i5rnm xat24cr x1mh8g0r x1vvkbs xtlvy1s x126k92a\">\n<div dir=\"auto\">with participation<\/div>\n<div dir=\"auto\">Coordinator<\/div>\n<div dir=\"auto\">CONSTANTINE THE PHILOSOPHER UNIVERSITY IN NITRA (Slovakia)<\/div>\n<div dir=\"auto\">Universities<\/div>\n<div dir=\"auto\">MENDEL UNIVERSITY IN BRNO (Czech Republic)<\/div>\n<div dir=\"auto\">UNIVERSITY OF SILESIA (Poland)<\/div>\n<div dir=\"auto\">VILNIUS UNIVERSITY (Lithuania)<\/div>\n<div dir=\"auto\">SMEs<\/div>\n<div dir=\"auto\">HELIX5 (Netherlands) \u2013 partner of networking, implementation of innovation, technology transfer<\/div>\n<div dir=\"auto\">TEACHER.SK (Slovakia) \u2013 technological partner<\/div>\n<\/div>\n<\/div>\n<\/div>\n<\/div>\n<\/div>\n<div class=\"mt-3\"><\/div>\r\n                            <\/div>\r\n                            \r\n                            <div class=\"text-modules__img\"><img src=\"https:\/\/us.edu.pl\/wydzial\/wsne\/wp-content\/uploads\/sites\/20\/Bez-kategorii\/Miedzynarodowe-spotkanie-w-Cieszynie.jpg\" alt=\"img\"><\/div>\r\n                        <\/div>\r\n                    <\/div>\r\n                <\/div>[\/vc_column][\/vc_row]<\/p>","protected":false},"excerpt":{"rendered":"<p>[vc_row][vc_column][\/vc_column][\/vc_row][vc_row][vc_column][\/vc_column][\/vc_row][vc_row][vc_column][\/vc_column][\/vc_row][vc_row][vc_column][\/vc_column][\/vc_row][vc_row][vc_column][\/vc_column][\/vc_row][vc_row][vc_column][\/vc_column][\/vc_row][vc_row][vc_column][\/vc_column][\/vc_row][vc_row][vc_column][\/vc_column][\/vc_row] [&#8230;]<\/p>\n<p><a class=\"btn btn-secondary understrap-read-more-link\" href=\"https:\/\/us.edu.pl\/wydzial\/wsne\/fitped-ai\/\">Read More&#8230;<\/a><\/p>\n","protected":false},"author":110,"featured_media":0,"parent":0,"menu_order":0,"comment_status":"closed","ping_status":"closed","template":"","meta":{"_expiration-date-status":"","_expiration-date":0,"_expiration-date-type":"","_expiration-date-categories":[],"_expiration-date-options":[]},"acf":[],"_links":{"self":[{"href":"https:\/\/us.edu.pl\/wydzial\/wsne\/wp-json\/wp\/v2\/pages\/157811"}],"collection":[{"href":"https:\/\/us.edu.pl\/wydzial\/wsne\/wp-json\/wp\/v2\/pages"}],"about":[{"href":"https:\/\/us.edu.pl\/wydzial\/wsne\/wp-json\/wp\/v2\/types\/page"}],"author":[{"embeddable":true,"href":"https:\/\/us.edu.pl\/wydzial\/wsne\/wp-json\/wp\/v2\/users\/110"}],"replies":[{"embeddable":true,"href":"https:\/\/us.edu.pl\/wydzial\/wsne\/wp-json\/wp\/v2\/comments?post=157811"}],"version-history":[{"count":10,"href":"https:\/\/us.edu.pl\/wydzial\/wsne\/wp-json\/wp\/v2\/pages\/157811\/revisions"}],"predecessor-version":[{"id":162156,"href":"https:\/\/us.edu.pl\/wydzial\/wsne\/wp-json\/wp\/v2\/pages\/157811\/revisions\/162156"}],"wp:attachment":[{"href":"https:\/\/us.edu.pl\/wydzial\/wsne\/wp-json\/wp\/v2\/media?parent=157811"}],"curies":[{"name":"wp","href":"https:\/\/api.w.org\/{rel}","templated":true}]}}