{"id":158841,"date":"2023-05-15T12:56:20","date_gmt":"2023-05-15T10:56:20","guid":{"rendered":"https:\/\/us.edu.pl\/wydzial\/wsne\/?page_id=158841"},"modified":"2026-01-15T13:10:35","modified_gmt":"2026-01-15T12:10:35","slug":"dla-kandydatow-2","status":"publish","type":"page","link":"https:\/\/us.edu.pl\/wydzial\/wsne\/dla-kandydatow-2\/","title":{"rendered":"Dla kandydat\u00f3w"},"content":{"rendered":"<p>[vc_row][vc_column]\r\n                <div class=\"text-modules\">\r\n                    <div class=\"container\">\r\n                        \r\n                        <div class=\"text-modules__content\"><p><span style=\"font-size: 12pt;\"><strong>Oferta dydaktyczna<\/strong><\/span><br \/>\n<span style=\"font-size: 12pt;\"><strong>Kierunki studi\u00f3w w Kampusie Cieszy\u0144skim:<\/strong><\/span><\/p>\n<h3 style=\"text-align: left;\">Instytut Sztuk Plastycznych<\/h3>\n<p style=\"text-align: left;\"><a href=\"https:\/\/us.edu.pl\/wydzial\/wsne\/strona-kierunku-eawzsp\/\"><img class=\"alignnone wp-image-159284 size-thumbnail\" src=\"https:\/\/us.edu.pl\/wydzial\/wsne\/wp-content\/uploads\/sites\/20\/Bez-kategorii\/EA_WSNE-300x300.jpg\" alt=\"Napis Edukacja Artystyczna w Zakresie Sztuk Plastycznych-grafika\" width=\"300\" height=\"300\" srcset=\"https:\/\/us.edu.pl\/wydzial\/wsne\/wp-content\/uploads\/sites\/20\/Bez-kategorii\/EA_WSNE-300x300.jpg 300w, https:\/\/us.edu.pl\/wydzial\/wsne\/wp-content\/uploads\/sites\/20\/Bez-kategorii\/EA_WSNE-900x900.jpg 900w, https:\/\/us.edu.pl\/wydzial\/wsne\/wp-content\/uploads\/sites\/20\/Bez-kategorii\/EA_WSNE.jpg 1200w, https:\/\/us.edu.pl\/wydzial\/wsne\/wp-content\/uploads\/sites\/20\/Bez-kategorii\/EA_WSNE-768x768.jpg 768w, https:\/\/us.edu.pl\/wydzial\/wsne\/wp-content\/uploads\/sites\/20\/Bez-kategorii\/EA_WSNE-575x575.jpg 575w\" sizes=\"(max-width: 300px) 100vw, 300px\" \/><\/a>\u00a0 \u00a0 \u00a0 \u00a0 <a href=\"https:\/\/us.edu.pl\/wydzial\/wsne\/strona-kierunku-grafika\/\"><img class=\"alignnone wp-image-159283 size-thumbnail\" src=\"https:\/\/us.edu.pl\/wydzial\/wsne\/wp-content\/uploads\/sites\/20\/Bez-kategorii\/Grafika_WSNE-300x300.jpg\" alt=\"Napis Grafika WSNE-obraz-grafika\" width=\"300\" height=\"300\" srcset=\"https:\/\/us.edu.pl\/wydzial\/wsne\/wp-content\/uploads\/sites\/20\/Bez-kategorii\/Grafika_WSNE-300x300.jpg 300w, https:\/\/us.edu.pl\/wydzial\/wsne\/wp-content\/uploads\/sites\/20\/Bez-kategorii\/Grafika_WSNE-900x900.jpg 900w, https:\/\/us.edu.pl\/wydzial\/wsne\/wp-content\/uploads\/sites\/20\/Bez-kategorii\/Grafika_WSNE.jpg 1200w, https:\/\/us.edu.pl\/wydzial\/wsne\/wp-content\/uploads\/sites\/20\/Bez-kategorii\/Grafika_WSNE-768x768.jpg 768w, https:\/\/us.edu.pl\/wydzial\/wsne\/wp-content\/uploads\/sites\/20\/Bez-kategorii\/Grafika_WSNE-575x575.jpg 575w\" sizes=\"(max-width: 300px) 100vw, 300px\" \/><\/a>\u00a0 \u00a0 \u00a0 \u00a0 <a href=\"https:\/\/us.edu.pl\/wydzial\/wsne\/strona-kierunku-pgipw\/\"><img class=\"alignnone wp-image-159297 size-thumbnail\" src=\"https:\/\/us.edu.pl\/wydzial\/wsne\/wp-content\/uploads\/sites\/20\/Bez-kategorii\/PGiPW_WSNE-300x300.jpg\" alt=\"Napis Projektowanie Gier i Przestrzeni Wirtualnej-grafika\" width=\"300\" height=\"300\" srcset=\"https:\/\/us.edu.pl\/wydzial\/wsne\/wp-content\/uploads\/sites\/20\/Bez-kategorii\/PGiPW_WSNE-300x300.jpg 300w, https:\/\/us.edu.pl\/wydzial\/wsne\/wp-content\/uploads\/sites\/20\/Bez-kategorii\/PGiPW_WSNE-900x900.jpg 900w, https:\/\/us.edu.pl\/wydzial\/wsne\/wp-content\/uploads\/sites\/20\/Bez-kategorii\/PGiPW_WSNE.jpg 1200w, https:\/\/us.edu.pl\/wydzial\/wsne\/wp-content\/uploads\/sites\/20\/Bez-kategorii\/PGiPW_WSNE-768x768.jpg 768w, https:\/\/us.edu.pl\/wydzial\/wsne\/wp-content\/uploads\/sites\/20\/Bez-kategorii\/PGiPW_WSNE-575x575.jpg 575w\" sizes=\"(max-width: 300px) 100vw, 300px\" \/><\/a><\/p>\n<h3 style=\"text-align: left;\">Instytut Sztuk Muzycznych<\/h3>\n<p style=\"text-align: left;\"><a href=\"https:\/\/us.edu.pl\/wydzial\/wsne\/strona-kierunku-eawzsm\/\"><img class=\"alignnone wp-image-159311 size-thumbnail\" src=\"https:\/\/us.edu.pl\/wydzial\/wsne\/wp-content\/uploads\/sites\/20\/Bez-kategorii\/EAM_WSNE-300x300.jpg\" alt=\"Napis Edukacja Artystyczna w Zakresie Sztuki Muzycznej-grafika\" width=\"300\" height=\"300\" srcset=\"https:\/\/us.edu.pl\/wydzial\/wsne\/wp-content\/uploads\/sites\/20\/Bez-kategorii\/EAM_WSNE-300x300.jpg 300w, https:\/\/us.edu.pl\/wydzial\/wsne\/wp-content\/uploads\/sites\/20\/Bez-kategorii\/EAM_WSNE-900x900.jpg 900w, https:\/\/us.edu.pl\/wydzial\/wsne\/wp-content\/uploads\/sites\/20\/Bez-kategorii\/EAM_WSNE.jpg 1200w, https:\/\/us.edu.pl\/wydzial\/wsne\/wp-content\/uploads\/sites\/20\/Bez-kategorii\/EAM_WSNE-768x768.jpg 768w, https:\/\/us.edu.pl\/wydzial\/wsne\/wp-content\/uploads\/sites\/20\/Bez-kategorii\/EAM_WSNE-575x575.jpg 575w\" sizes=\"(max-width: 300px) 100vw, 300px\" \/><\/a>\u00a0 \u00a0 \u00a0 \u00a0 <a href=\"https:\/\/us.edu.pl\/wydzial\/wsne\/strona-kierunku-muzyka-w-multimediach\/\"><img class=\"alignnone wp-image-159316 size-thumbnail\" src=\"https:\/\/us.edu.pl\/wydzial\/wsne\/wp-content\/uploads\/sites\/20\/Bez-kategorii\/MwM_WSNE-300x300.jpg\" alt=\"Napis Muzyka w Multimediach-grafika\" width=\"300\" height=\"300\" srcset=\"https:\/\/us.edu.pl\/wydzial\/wsne\/wp-content\/uploads\/sites\/20\/Bez-kategorii\/MwM_WSNE-300x300.jpg 300w, https:\/\/us.edu.pl\/wydzial\/wsne\/wp-content\/uploads\/sites\/20\/Bez-kategorii\/MwM_WSNE-900x900.jpg 900w, https:\/\/us.edu.pl\/wydzial\/wsne\/wp-content\/uploads\/sites\/20\/Bez-kategorii\/MwM_WSNE.jpg 1200w, https:\/\/us.edu.pl\/wydzial\/wsne\/wp-content\/uploads\/sites\/20\/Bez-kategorii\/MwM_WSNE-768x768.jpg 768w, https:\/\/us.edu.pl\/wydzial\/wsne\/wp-content\/uploads\/sites\/20\/Bez-kategorii\/MwM_WSNE-575x575.jpg 575w\" sizes=\"(max-width: 300px) 100vw, 300px\" \/><\/a>\u00a0 \u00a0 \u00a0 \u00a0 <a href=\"https:\/\/us.edu.pl\/wydzial\/wsne\/digital-creativity-art-science-digicrea\/\"><img class=\"alignnone wp-image-173193 size-thumbnail\" src=\"https:\/\/us.edu.pl\/wydzial\/wsne\/wp-content\/uploads\/sites\/20\/Bez-kategorii\/DigiCrea_01-300x300.jpg\" alt=\"DigiCrea-plakat\" width=\"300\" height=\"300\" srcset=\"https:\/\/us.edu.pl\/wydzial\/wsne\/wp-content\/uploads\/sites\/20\/Bez-kategorii\/DigiCrea_01-300x300.jpg 300w, https:\/\/us.edu.pl\/wydzial\/wsne\/wp-content\/uploads\/sites\/20\/Bez-kategorii\/DigiCrea_01-900x900.jpg 900w, https:\/\/us.edu.pl\/wydzial\/wsne\/wp-content\/uploads\/sites\/20\/Bez-kategorii\/DigiCrea_01-1200x1200.jpg 1200w, https:\/\/us.edu.pl\/wydzial\/wsne\/wp-content\/uploads\/sites\/20\/Bez-kategorii\/DigiCrea_01-768x768.jpg 768w, https:\/\/us.edu.pl\/wydzial\/wsne\/wp-content\/uploads\/sites\/20\/Bez-kategorii\/DigiCrea_01-1536x1536.jpg 1536w, https:\/\/us.edu.pl\/wydzial\/wsne\/wp-content\/uploads\/sites\/20\/Bez-kategorii\/DigiCrea_01-575x575.jpg 575w, https:\/\/us.edu.pl\/wydzial\/wsne\/wp-content\/uploads\/sites\/20\/Bez-kategorii\/DigiCrea_01.jpg 1611w\" sizes=\"(max-width: 300px) 100vw, 300px\" \/><\/a><\/p>\n<h3 style=\"text-align: left;\">Instytut Pedagogiki<\/h3>\n<p style=\"text-align: left;\"><a href=\"https:\/\/us.edu.pl\/wydzial\/wsne\/strona-kierunku-pedagogika\/\"><img class=\"alignnone wp-image-159325 size-thumbnail\" src=\"https:\/\/us.edu.pl\/wydzial\/wsne\/wp-content\/uploads\/sites\/20\/Bez-kategorii\/Pedagogika_WSNE-300x300.jpg\" alt=\"Napis Pedagogika-grafika\" width=\"300\" height=\"300\" srcset=\"https:\/\/us.edu.pl\/wydzial\/wsne\/wp-content\/uploads\/sites\/20\/Bez-kategorii\/Pedagogika_WSNE-300x300.jpg 300w, https:\/\/us.edu.pl\/wydzial\/wsne\/wp-content\/uploads\/sites\/20\/Bez-kategorii\/Pedagogika_WSNE-900x900.jpg 900w, https:\/\/us.edu.pl\/wydzial\/wsne\/wp-content\/uploads\/sites\/20\/Bez-kategorii\/Pedagogika_WSNE.jpg 1200w, https:\/\/us.edu.pl\/wydzial\/wsne\/wp-content\/uploads\/sites\/20\/Bez-kategorii\/Pedagogika_WSNE-768x768.jpg 768w, https:\/\/us.edu.pl\/wydzial\/wsne\/wp-content\/uploads\/sites\/20\/Bez-kategorii\/Pedagogika_WSNE-575x575.jpg 575w\" sizes=\"(max-width: 300px) 100vw, 300px\" \/><\/a>\u00a0 \u00a0 \u00a0 \u00a0 <a href=\"https:\/\/us.edu.pl\/wydzial\/wsne\/strona-kierunku-ppiw\/\"><img class=\"alignnone wp-image-159336 size-thumbnail\" src=\"https:\/\/us.edu.pl\/wydzial\/wsne\/wp-content\/uploads\/sites\/20\/Bez-kategorii\/PPiW_WSNE-300x300.jpg\" alt=\"Napis Pedagogika Przedszkolna i Wczesnoszkolna-grafika\" width=\"300\" height=\"300\" srcset=\"https:\/\/us.edu.pl\/wydzial\/wsne\/wp-content\/uploads\/sites\/20\/Bez-kategorii\/PPiW_WSNE-300x300.jpg 300w, https:\/\/us.edu.pl\/wydzial\/wsne\/wp-content\/uploads\/sites\/20\/Bez-kategorii\/PPiW_WSNE-900x900.jpg 900w, https:\/\/us.edu.pl\/wydzial\/wsne\/wp-content\/uploads\/sites\/20\/Bez-kategorii\/PPiW_WSNE.jpg 1200w, https:\/\/us.edu.pl\/wydzial\/wsne\/wp-content\/uploads\/sites\/20\/Bez-kategorii\/PPiW_WSNE-768x768.jpg 768w, https:\/\/us.edu.pl\/wydzial\/wsne\/wp-content\/uploads\/sites\/20\/Bez-kategorii\/PPiW_WSNE-575x575.jpg 575w\" sizes=\"(max-width: 300px) 100vw, 300px\" \/><\/a> \u00a0 \u00a0 \u00a0\u00a0 <a href=\"https:\/\/us.edu.pl\/wydzial\/wsne\/strona-kierunku-ps\/\"><img class=\"alignnone wp-image-159356 size-thumbnail\" src=\"https:\/\/us.edu.pl\/wydzial\/wsne\/wp-content\/uploads\/sites\/20\/Bez-kategorii\/PS_WSNE-300x300.jpg\" alt=\"Napis Pedagogika Specjalna-grafika\" width=\"300\" height=\"300\" srcset=\"https:\/\/us.edu.pl\/wydzial\/wsne\/wp-content\/uploads\/sites\/20\/Bez-kategorii\/PS_WSNE-300x300.jpg 300w, https:\/\/us.edu.pl\/wydzial\/wsne\/wp-content\/uploads\/sites\/20\/Bez-kategorii\/PS_WSNE-900x900.jpg 900w, https:\/\/us.edu.pl\/wydzial\/wsne\/wp-content\/uploads\/sites\/20\/Bez-kategorii\/PS_WSNE.jpg 1200w, https:\/\/us.edu.pl\/wydzial\/wsne\/wp-content\/uploads\/sites\/20\/Bez-kategorii\/PS_WSNE-768x768.jpg 768w, https:\/\/us.edu.pl\/wydzial\/wsne\/wp-content\/uploads\/sites\/20\/Bez-kategorii\/PS_WSNE-575x575.jpg 575w\" sizes=\"(max-width: 300px) 100vw, 300px\" \/><\/a><\/p>\n<h3 style=\"text-align: left;\">Instytut Nauk o Kulturze<\/h3>\n<p style=\"text-align: left;\"><a href=\"https:\/\/us.edu.pl\/wydzial\/wsne\/strona-kierunku-eiak\/\"><img class=\"alignnone wp-image-159366 size-thumbnail\" src=\"https:\/\/us.edu.pl\/wydzial\/wsne\/wp-content\/uploads\/sites\/20\/Bez-kategorii\/EiAK_WSNE-300x300.jpg\" alt=\"Napis Etnologia i Antropologia Kulturowa-grafika\" width=\"300\" height=\"300\" srcset=\"https:\/\/us.edu.pl\/wydzial\/wsne\/wp-content\/uploads\/sites\/20\/Bez-kategorii\/EiAK_WSNE-300x300.jpg 300w, https:\/\/us.edu.pl\/wydzial\/wsne\/wp-content\/uploads\/sites\/20\/Bez-kategorii\/EiAK_WSNE-900x900.jpg 900w, https:\/\/us.edu.pl\/wydzial\/wsne\/wp-content\/uploads\/sites\/20\/Bez-kategorii\/EiAK_WSNE.jpg 1200w, https:\/\/us.edu.pl\/wydzial\/wsne\/wp-content\/uploads\/sites\/20\/Bez-kategorii\/EiAK_WSNE-768x768.jpg 768w, https:\/\/us.edu.pl\/wydzial\/wsne\/wp-content\/uploads\/sites\/20\/Bez-kategorii\/EiAK_WSNE-575x575.jpg 575w\" sizes=\"(max-width: 300px) 100vw, 300px\" \/><\/a>\u00a0 \u00a0 \u00a0 \u00a0 <a href=\"https:\/\/us.edu.pl\/wydzial\/wsne\/strona-kierunku-askzek\/\"><img class=\"alignnone wp-image-159379 size-thumbnail\" src=\"https:\/\/us.edu.pl\/wydzial\/wsne\/wp-content\/uploads\/sites\/20\/2023\/06\/ASK_WSNE-300x300.jpg\" alt=\"Napis Animacja Spo\u0142eczno-Kulturalna z Edukacj\u0105 Kulturaln\u0105-grafika\" width=\"300\" height=\"300\" srcset=\"https:\/\/us.edu.pl\/wydzial\/wsne\/wp-content\/uploads\/sites\/20\/2023\/06\/ASK_WSNE-300x300.jpg 300w, https:\/\/us.edu.pl\/wydzial\/wsne\/wp-content\/uploads\/sites\/20\/2023\/06\/ASK_WSNE-900x900.jpg 900w, https:\/\/us.edu.pl\/wydzial\/wsne\/wp-content\/uploads\/sites\/20\/2023\/06\/ASK_WSNE.jpg 1200w, https:\/\/us.edu.pl\/wydzial\/wsne\/wp-content\/uploads\/sites\/20\/2023\/06\/ASK_WSNE-768x768.jpg 768w, https:\/\/us.edu.pl\/wydzial\/wsne\/wp-content\/uploads\/sites\/20\/2023\/06\/ASK_WSNE-575x575.jpg 575w\" sizes=\"(max-width: 300px) 100vw, 300px\" \/><\/a>\u00a0 \u00a0 \u00a0 \u00a0 <a href=\"https:\/\/us.edu.pl\/wydzial\/wsne\/strona-kierunku-edukacja-kulturalna\/\"><img class=\"alignnone wp-image-158463 size-thumbnail\" src=\"https:\/\/us.edu.pl\/wydzial\/wsne\/wp-content\/uploads\/sites\/20\/Bez-kategorii\/edukacja-kulturalna-300x300.jpg\" alt=\"plakat-Edukacja kulturalna\" width=\"300\" height=\"300\" srcset=\"https:\/\/us.edu.pl\/wydzial\/wsne\/wp-content\/uploads\/sites\/20\/Bez-kategorii\/edukacja-kulturalna-300x300.jpg 300w, https:\/\/us.edu.pl\/wydzial\/wsne\/wp-content\/uploads\/sites\/20\/Bez-kategorii\/edukacja-kulturalna-768x768.jpg 768w, https:\/\/us.edu.pl\/wydzial\/wsne\/wp-content\/uploads\/sites\/20\/Bez-kategorii\/edukacja-kulturalna-575x575.jpg 575w, https:\/\/us.edu.pl\/wydzial\/wsne\/wp-content\/uploads\/sites\/20\/Bez-kategorii\/edukacja-kulturalna.jpg 901w\" sizes=\"(max-width: 300px) 100vw, 300px\" \/><\/a><\/p>\n<h3><a href=\"https:\/\/www.studiapodyplomowe.us.edu.pl\/category\/wsinoe\/\"><strong>Studia podyplomowe<\/strong><\/a><\/h3>\n<p>\n<\/div>\r\n                    <\/div>\r\n                <\/div>[\/vc_column][\/vc_row]<\/p>","protected":false},"excerpt":{"rendered":"<p>[vc_row][vc_column][\/vc_column][\/vc_row] [&#8230;]<\/p>\n<p><a class=\"btn btn-secondary understrap-read-more-link\" href=\"https:\/\/us.edu.pl\/wydzial\/wsne\/dla-kandydatow-2\/\">Read More&#8230;<\/a><\/p>\n","protected":false},"author":110,"featured_media":0,"parent":0,"menu_order":0,"comment_status":"closed","ping_status":"closed","template":"page-templates\/page-with-bookmarks.php","meta":{"_expiration-date-status":"","_expiration-date":0,"_expiration-date-type":"","_expiration-date-categories":[],"_expiration-date-options":[]},"acf":[],"_links":{"self":[{"href":"https:\/\/us.edu.pl\/wydzial\/wsne\/wp-json\/wp\/v2\/pages\/158841"}],"collection":[{"href":"https:\/\/us.edu.pl\/wydzial\/wsne\/wp-json\/wp\/v2\/pages"}],"about":[{"href":"https:\/\/us.edu.pl\/wydzial\/wsne\/wp-json\/wp\/v2\/types\/page"}],"author":[{"embeddable":true,"href":"https:\/\/us.edu.pl\/wydzial\/wsne\/wp-json\/wp\/v2\/users\/110"}],"replies":[{"embeddable":true,"href":"https:\/\/us.edu.pl\/wydzial\/wsne\/wp-json\/wp\/v2\/comments?post=158841"}],"version-history":[{"count":10,"href":"https:\/\/us.edu.pl\/wydzial\/wsne\/wp-json\/wp\/v2\/pages\/158841\/revisions"}],"predecessor-version":[{"id":173196,"href":"https:\/\/us.edu.pl\/wydzial\/wsne\/wp-json\/wp\/v2\/pages\/158841\/revisions\/173196"}],"wp:attachment":[{"href":"https:\/\/us.edu.pl\/wydzial\/wsne\/wp-json\/wp\/v2\/media?parent=158841"}],"curies":[{"name":"wp","href":"https:\/\/api.w.org\/{rel}","templated":true}]}}