{"id":159434,"date":"2023-06-20T14:26:20","date_gmt":"2023-06-20T12:26:20","guid":{"rendered":"https:\/\/us.edu.pl\/wydzial\/wsne\/?page_id=159434"},"modified":"2023-07-31T09:38:59","modified_gmt":"2023-07-31T07:38:59","slug":"dlcc","status":"publish","type":"page","link":"https:\/\/us.edu.pl\/wydzial\/wsne\/dlcc\/","title":{"rendered":"DLCC"},"content":{"rendered":"<p>[vc_row][vc_column][vc_column_text][\/vc_column_text][\/vc_column][\/vc_row][vc_row][vc_column][vc_separator color=&#8221;black&#8221; style=&#8221;shadow&#8221; border_width=&#8221;6&#8243; el_width=&#8221;80&#8243;][\/vc_column][\/vc_row][vc_row][vc_column]\r\n                <div class=\"text-modules\">\r\n                    <div class=\"container\">\r\n                        \r\n                        <div class=\"text-modules__content\"><\/p>\n<p style=\"text-align: center;\"><img class=\"alignnone size-medium wp-image-159677\" src=\"https:\/\/us.edu.pl\/wydzial\/wsne\/wp-content\/uploads\/sites\/20\/2023\/06\/banner_dlcc23.fw_-900x133.jpg\" alt=\"banner DLCC2023\" width=\"900\" height=\"133\" srcset=\"https:\/\/us.edu.pl\/wydzial\/wsne\/wp-content\/uploads\/sites\/20\/2023\/06\/banner_dlcc23.fw_-900x133.jpg 900w, https:\/\/us.edu.pl\/wydzial\/wsne\/wp-content\/uploads\/sites\/20\/2023\/06\/banner_dlcc23.fw_-768x113.jpg 768w, https:\/\/us.edu.pl\/wydzial\/wsne\/wp-content\/uploads\/sites\/20\/2023\/06\/banner_dlcc23.fw_-575x85.jpg 575w, https:\/\/us.edu.pl\/wydzial\/wsne\/wp-content\/uploads\/sites\/20\/2023\/06\/banner_dlcc23.fw_.jpg 1015w\" sizes=\"(max-width: 900px) 100vw, 900px\" \/><\/p>\n<p>\n<\/div>\r\n                    <\/div>\r\n                <\/div>[\/vc_column][\/vc_row][vc_row][vc_column][vc_separator color=&#8221;black&#8221; style=&#8221;shadow&#8221; border_width=&#8221;6&#8243; el_width=&#8221;80&#8243;][\/vc_column][\/vc_row][vc_row][vc_column width=&#8221;1\/2&#8243;]\r\n                <div class=\"text-modules\">\r\n                    <div class=\"container\">\r\n                        \r\n                        <div class=\"text-modules__content\"><\/p>\n<p style=\"text-align: center;\"><span style=\"font-size: 16pt;\"><strong>15th Annual International Scientific Conference<\/strong><\/span><br \/>\n<span style=\"font-size: 16pt;\"><strong>Theoretical and Practical Aspects of Distance Learning<\/strong><\/span><br \/>\n<span style=\"font-size: 16pt;\"><strong>Subtitle: E-learning &amp; Artificial Intelligence<\/strong><\/span><br \/>\n<span style=\"font-size: 16pt;\"><strong>DLCC2023 \u2013 Katowice\u2013Sosnowiec, Poland<\/strong><\/span><br \/>\n<span style=\"font-size: 16pt;\"><strong>Monday 23th and Tuesday 24th October 2023<\/strong><\/span><\/p>\n<p>&nbsp;<\/p>\n<p style=\"padding-left: 120px;\"><strong><span style=\"font-size: 12pt;\"><a href=\"https:\/\/formularze.us.edu.pl\/dlcc2023\/744\/4162\" target=\"_blank\" rel=\"noopener\">Registration Form DLCC2023<\/a> &#8211; <a href=\"https:\/\/formularze.us.edu.pl\/dlcc2023\" target=\"_blank\" rel=\"noopener\">https:\/\/formularze.us.edu.pl\/dlcc2023<\/a><\/span><\/strong><\/p>\n<p style=\"padding-left: 120px;\"><a href=\"https:\/\/us.edu.pl\/wydzial\/wsne\/the-conference-topics-include-the-following-thematic-sections\/\" target=\"_blank\" rel=\"noopener\"><strong><span style=\"font-size: 12pt;\">The conference topics include the following thematic sections<\/span><\/strong><\/a><\/p>\n<p style=\"padding-left: 120px;\"><a href=\"https:\/\/us.edu.pl\/wydzial\/wsne\/159456-2\/\" target=\"_blank\" rel=\"noopener\"><strong><span style=\"font-size: 12pt;\">Important dates, <\/span><\/strong><strong><span style=\"font-size: 12pt;\">Conference Organising Committee, Contact, The payments (conference fee) should be addressed to:<\/span><\/strong><\/a><\/p>\n<p>&nbsp;<\/p>\n<p style=\"padding-left: 120px;\"><span style=\"font-size: 12pt;\"><strong><a href=\"https:\/\/us.edu.pl\/wydzial\/wsne\/wp-content\/uploads\/sites\/20\/Bez-kategorii\/Invitation-DLCC2023-7.pdf\" class=\"mtli_attachment mtli_pdf\" data-mtli=\"mtli_filesize4,56MB\" class=\"mtli_attachment mtli_pdf\" data-mtli=\"mtli_filesize4,56MB\" target=\"_blank\" rel=\"noopener\">Invitation-DLCC2023<\/a><\/strong><\/span><\/p>\n<p style=\"padding-left: 120px;\"><strong><span style=\"font-size: 12pt;\"><a href=\"https:\/\/us.edu.pl\/wydzial\/wsne\/wp-content\/uploads\/sites\/20\/Bez-kategorii\/DLCC-2023-poster.pdf\" class=\"mtli_attachment mtli_pdf\" data-mtli=\"mtli_filesize7,26MB\" class=\"mtli_attachment mtli_pdf\" data-mtli=\"mtli_filesize7,26MB\" target=\"_blank\" rel=\"noopener\">DLCC 2023 poster<\/a><\/span><\/strong><\/p>\n<p style=\"padding-left: 120px;\"><strong><span style=\"font-size: 12pt;\"><a href=\"https:\/\/us.edu.pl\/wydzial\/wsne\/wp-content\/uploads\/sites\/20\/Bez-kategorii\/Workshop-2023.pdf\" class=\"mtli_attachment mtli_pdf\" data-mtli=\"mtli_filesize5,48MB\" class=\"mtli_attachment mtli_pdf\" data-mtli=\"mtli_filesize5,48MB\" target=\"_blank\" rel=\"noopener\">Workshop 2023<\/a><\/span><\/strong><\/p>\n<p style=\"padding-left: 120px;\"><strong><span style=\"font-size: 12pt;\"><a href=\"https:\/\/www.facebook.com\/DLCConference\" target=\"_blank\" rel=\"noopener\">https:\/\/www.facebook.com\/DLCConference<\/a><\/span><\/strong><\/p>\n<p>&nbsp;<\/p>\n<ul>\n<li style=\"list-style-type: none;\">\n<ul>\n<li style=\"list-style-type: none;\">\n<ul>\n<li style=\"text-align: left;\"><span style=\"font-size: 12pt;\"><strong><a href=\"https:\/\/us.edu.pl\/wydzial\/wsne\/nauka-i-badania\/serie-wydawnicze\/seria-e-learning\/\" target=\"_blank\" rel=\"noopener\">Publications E-learning Series<\/a><\/strong><\/span><\/li>\n<li style=\"text-align: left;\"><span style=\"font-size: 12pt;\"><strong><a href=\"https:\/\/us.edu.pl\/wydzial\/wsne\/scientific-programme-committee\/\" target=\"_blank\" rel=\"noopener\">Scientific Programme Committee<\/a><\/strong><\/span><\/li>\n<li style=\"text-align: left;\"><span style=\"font-size: 12pt;\"><strong><a href=\"https:\/\/us.edu.pl\/wydzial\/wsne\/editorial-board\/\" target=\"_blank\" rel=\"noopener\">Editorial Board<\/a><\/strong><\/span><\/li>\n<li style=\"text-align: left;\"><span style=\"font-size: 12pt;\"><strong><a href=\"https:\/\/us.edu.pl\/wydzial\/wsne\/ethics-policy-and-norm\/\" target=\"_blank\" rel=\"noopener\">Ethics Policy and Norm<\/a><\/strong><\/span><\/li>\n<li style=\"text-align: left;\"><span style=\"font-size: 12pt;\"><strong><a href=\"https:\/\/us.edu.pl\/wydzial\/wsne\/for-authors\/\" target=\"_blank\" rel=\"noopener\">For Authors<\/a><\/strong><\/span><\/li>\n<li style=\"text-align: left;\"><span style=\"font-size: 12pt;\"><a href=\"https:\/\/us.edu.pl\/wydzial\/wsne\/reviewing-procedure\/\" target=\"_blank\" rel=\"noopener\"><strong>Reviewing Procedure<\/strong><\/a><\/span><\/li>\n<li style=\"text-align: left;\"><span style=\"font-size: 12pt;\"><strong><a href=\"https:\/\/us.edu.pl\/wydzial\/wsne\/publishing-house\/\" target=\"_blank\" rel=\"noopener\">Publishing house<\/a><\/strong><\/span><\/li>\n<\/ul>\n<\/li>\n<\/ul>\n<\/li>\n<\/ul>\n<p>\n<style type=\"text\/css\">a[data-mtli~=\"mtli_filesize4,56MB\"]:after {content:\" (4,56 MB)\"}a[data-mtli~=\"mtli_filesize7,26MB\"]:after {content:\" (7,26 MB)\"}a[data-mtli~=\"mtli_filesize5,48MB\"]:after {content:\" (5,48 MB)\"}<\/style><\/div>\r\n                    <\/div>\r\n                <\/div>[\/vc_column][vc_column width=&#8221;1\/2&#8243;]\r\n                <div class=\"text-modules\">\r\n                    <div class=\"container\">\r\n                        \r\n                        <div class=\"text-modules__content\"><\/p>\n<p style=\"text-align: center;\"><strong><span style=\"font-size: 14pt;\">The Conference is organized under the auspices of<\/span><\/strong><br \/>\n<span style=\"font-size: 14pt;\">Rector of the University of Silesia in Katowice &#8211; <\/span><strong><span style=\"font-size: 14pt;\">Prof. dr hab. Ryszard Kozio\u0142ek<\/span><\/strong><br \/>\n<span style=\"font-size: 14pt;\">Dean of the Faculty of Arts and Sciences of Education &#8211; <\/span><strong><span style=\"font-size: 14pt;\">Prof. dr hab. Katarzyna Marcol<\/span><\/strong><br \/>\n<span style=\"font-size: 14pt;\">Dean of the Faculty of Social Sciences &#8211; <\/span><strong><span style=\"font-size: 14pt;\">Prof. dr hab. Zenon Gajdzica<\/span><\/strong><br \/>\n<span style=\"font-size: 14pt;\">Director of the Institute of Pedagogy &#8211; <\/span><strong><span style=\"font-size: 14pt;\">Prof. dr hab. Irena Polewczyk<\/span><\/strong><br \/>\n<span style=\"font-size: 14pt;\">Dean of the Faculty of Science and Technology &#8211; <\/span><strong><span style=\"font-size: 14pt;\">Prof. dr hab. Danuta Str\u00f3\u017c<\/span><\/strong><br \/>\n<span style=\"font-size: 14pt;\">Director of the Institute of Computer Science &#8211; <\/span><strong><span style=\"font-size: 14pt;\">Prof. dr hab. in\u017c. Rafa\u0142 Doroz<\/span><\/strong><\/p>\n<p style=\"text-align: center;\"><strong><span style=\"font-size: 14pt;\">Co-organizers and Partners:<\/span><\/strong><br \/>\n<span style=\"font-size: 14pt;\"><strong>University of Ostrava<\/strong> (UO), Czech Republic<\/span><br \/>\n<span style=\"font-size: 14pt;\"><strong>Silesian University in Opava<\/strong> (SU), Czech Republic<\/span><br \/>\n<span style=\"font-size: 14pt;\"><strong>Constantine the Philosopher University in Nitra<\/strong> (UKF), Slovakia<\/span><br \/>\n<span style=\"font-size: 14pt;\"><strong>University of Extremadura<\/strong> (UEx), Spain<\/span><br \/>\n<span style=\"font-size: 14pt;\"><strong>University of Twente<\/strong> (UT), The Netherlands<\/span><br \/>\n<span style=\"font-size: 14pt;\"><strong>Lisbon Lusiada University<\/strong> (LU), Portugal<\/span><br \/>\n<span style=\"font-size: 14pt;\"><strong>Curtin University in Perth<\/strong> (CU), Australia<\/span><br \/>\n<span style=\"font-size: 14pt;\"><strong>Borys Grinchenko Kyiv University<\/strong> (BGKU), Ukraine<\/span><br \/>\n<strong><span style=\"font-size: 14pt;\">Herzen State Pedagogical University of Russia,<\/span><\/strong><br \/>\n<span style=\"font-size: 14pt;\"><strong>St.Petersburg<\/strong> (HSPU), Russian Federation<\/span><br \/>\n<span style=\"font-size: 14pt;\"><strong>Dniprovsk State Technical University<\/strong> (DSTU), Ukraine<\/span><br \/>\n<strong><span style=\"font-size: 14pt;\">IADIS \u2013 International Association for Development<\/span><\/strong><br \/>\n<span style=\"font-size: 14pt;\"><strong>of the Information Society<\/strong>, a non-profi t association<\/span><br \/>\n<span style=\"font-size: 14pt;\">Polish Pedagogical Society, Branch in Cieszyn<\/span><br \/>\n<strong><span style=\"font-size: 14pt;\">Polish Scientifi c Society for Internet Education<\/span><\/strong><br \/>\n<span style=\"font-size: 14pt;\"><strong>Association of Academic E-learning<\/strong>, Poland<\/span><\/p>\n<p>\n<\/div>\r\n                    <\/div>\r\n                <\/div>[\/vc_column][\/vc_row][vc_row][vc_column][vc_separator color=&#8221;black&#8221; style=&#8221;shadow&#8221; border_width=&#8221;6&#8243; el_width=&#8221;80&#8243;][\/vc_column][\/vc_row][vc_row][vc_column width=&#8221;1\/2&#8243;]\r\n                <div class=\"text-modules\">\r\n                    <div class=\"container\">\r\n                        \r\n                        <div class=\"text-modules__content\"><\/p>\n<p style=\"padding-left: 120px;\"><strong>Honorary Scientific Committee<\/strong><\/p>\n<p style=\"padding-left: 120px;\"><strong>Prof. dr hab. Katarzyna Marcol<\/strong><br \/>\nDean of the Faculty of Arts and Sciences of Education, University of Silesia in Katowice, Poland<br \/>\n<strong>Prof. dr hab. Zenon Gajdzica<\/strong><br \/>\nDean of the Faculty of Social Sciences, University of Silesia in Katowice, Poland<br \/>\n<strong>Prof. dr Piet Kommers, Professor UNESCO<\/strong><br \/>\nUniversity of Twente, The Netherlands<br \/>\n<strong>Doc. Ing. Kate\u0159ina Kostol\u00e1nyov\u00e1, PhD<\/strong><br \/>\nVice-Dean of the Faculty of Pedagogy University of Ostrava, Czech Republic<br \/>\n<strong>Prof. dr hab. in\u017c. Jan Kusiak<\/strong><br \/>\nHead of E-Learning Centre, University of Science and Technology in Cracow (AGH), Poland<br \/>\n<strong>Prof. dr hab. Natalia Morze<\/strong><br \/>\nVice-Rector of the Borys Grinchenko Kyiv University, Ukraine<br \/>\n<strong>Prof. dr hab. Tatiana Noskova<\/strong><br \/>\nDean of the Faculty of Information Technology, Herzen State Pedagogical University of Russia, St.Petersburg, Russian Federation<br \/>\n<strong>Professor Norbert Pachler<\/strong><br \/>\nLondon University, United Kingdom<br \/>\n<strong>Prof. dr hab. Irena Polewczyk<\/strong><br \/>\nDirector of the Institute of Pedagogy, University of Silesia in Katowice, Poland<br \/>\n<strong>Prof. dr hab. in\u017c. Rafa\u0142 Doroz<\/strong><br \/>\nDirector of the Institute of Computer Science, University of Silesia in Katowice, Poland<br \/>\n<strong>Prof. dr hab. Danuta Str\u00f3\u017c<\/strong><br \/>\nDean of the Faculty of Sciences and Technology, University of Silesia in Katowice, Poland<br \/>\n<strong>Prof. dr hab. Maciej Tana\u015b<\/strong><br \/>\nDean of the Pedagogical Faculty, Maria Grzegorzewska Academy of Special Education, Poland<br \/>\n<strong>Professor dr. in\u017c. Milan Tur\u010d\u00e1ni<\/strong><br \/>\nConstantine the Philosopher University in Nitra, Slovakia<br \/>\n<strong>Professor Pedro Veiga<\/strong><br \/>\nVice-Rector of the Lisbon University, Portugal<\/p>\n<p>\n<\/div>\r\n                    <\/div>\r\n                <\/div>[\/vc_column][vc_column width=&#8221;1\/2&#8243;]\r\n                <div class=\"text-modules\">\r\n                    <div class=\"container\">\r\n                        \r\n                        <div class=\"text-modules__content\"><\/p>\n<p style=\"padding-left: 120px;\"><strong>International Programme Committee:<\/strong><\/p>\n<p style=\"padding-left: 120px;\"><strong>Xabier Basogain<\/strong> \u2013 University of the Basque Country, Spain<br \/>\n<strong>Filipe Carrera<\/strong> \u2013 Lisbon Technical University, Portugal<br \/>\n<strong>Sixto Cubo<\/strong> \u2013 University of Extremadura, Spain<br \/>\n<strong>Franz Feiner<\/strong> \u2013 Catholic University College for Education, Graz, Austria<br \/>\n<strong>Zenon Gajdzica<\/strong> \u2013 University of Silesia in Katowice, Poland<br \/>\n<strong>Bogdan Galwas<\/strong> \u2013 Warsaw Technical University, Poland<br \/>\n<strong>Krzysztof Gurba<\/strong> \u2013 Pedagogical University, Krakow, Poland<br \/>\n<strong>Miroslav Hrub\u00fd<\/strong> \u2013 University of Defence, Czech Republic<br \/>\n<strong>Milena Jan\u00e1kov\u00e1<\/strong> \u2013 Silesian University in Opava, Czech Republic<br \/>\n<strong>Pedro Isaias<\/strong> \u2013 University of New South Wales (UNSW Sydney), Australia<br \/>\n<strong>Tomayess Issa<\/strong> \u2013 Curtin University in Perth (CU), Australia<br \/>\n<strong>Theo Hug<\/strong> \u2013 University of Innsbruck, Austria<br \/>\n<strong>Piet Kommers<\/strong> \u2013 University of Twente, The Netherlands<br \/>\n<strong>P\u00e9ter Zsombor K\u00f6rtesi<\/strong> \u2013 University of Miskolc, Hungary<br \/>\n<strong>Kate\u0159ina Kostol\u00e1nyov\u00e1<\/strong> \u2013 University of Ostrava, Czech Republic<br \/>\n<strong>Jan \u0141aszczyk<\/strong> \u2013 Maria Grzegorzewska Academy of Special Education, Poland<br \/>\n<strong>Josef Malach<\/strong> \u2013 University of Ostrava, Czech Republic<br \/>\n<strong>Elspeth McKay<\/strong> \u2013 RMIT University, Melbourne, Australia<br \/>\n<strong>Natalia Morze<\/strong> \u2013 Borys Grinchenko Kyiv University, Ukraine<br \/>\n<strong>Tatiana<\/strong> <strong>Noskova<\/strong> \u2013 Herzen State Pedagogical University of Russia, St.Petersburg, Russian Federation<br \/>\n<strong>Ewa Ogrodzka-Mazur<\/strong> \u2013 University of Silesia in Katowice, Poland<br \/>\n<strong>Norbert<\/strong> <strong>Pachler<\/strong> \u2013 London University, United Kingdom<br \/>\n<strong>Paulo<\/strong> <strong>Pinto<\/strong> \u2013 The Lisbon Lusiada University, Portugal<br \/>\n<strong>Maria Potes Barbas<\/strong> \u2013 Polytechnic Institute of Santar\u00e9m, the Open University in Lisbon, Portugal<br \/>\n<strong>Ant\u00f3nio dos Reis<\/strong> \u2013 The Graal Institute, Portugal<br \/>\n<strong>David Richardson<\/strong> \u2013 Linnaeus University, Sweden<br \/>\n<strong>Magdalena Roszak<\/strong> \u2013 Poznan University of Medical Sciences, Poland<br \/>\n<strong>Halina<\/strong> <strong>Rusek<\/strong> \u2013 University of Silesia in Katowice, Poland<br \/>\n<strong>Nuria Salvador<\/strong> \u2013 22 Century Foundation, Spain<br \/>\n<strong>George Siemens<\/strong> \u2013 Athabasca University, Canada<br \/>\n<strong>Eugenia Smyrnova-Trybulska<\/strong> \u2013 University of Silesia in Katowice, Poland<br \/>\n<strong>Maciej M. Sys\u0142o<\/strong> \u2013 Warsaw School of Computer Science, Warszawa, Poland<br \/>\n<strong>Aleksander Sadovoy<\/strong> \u2013 Dniprovsk State Technical University, Ukraine<br \/>\n<strong>Anna Szafra\u0144ska<\/strong> \u2013 University of Silesia in Katowice, Poland<br \/>\n<strong>Anna \u015al\u00f3sarz<\/strong> \u2013 Pedagogical University of Krak\u00f3w, Poland<br \/>\n<strong>Maciej Tana\u015b<\/strong> \u2013 Maria Grzegorzewska Academy of Special Education, Poland<br \/>\n<strong>Milan Tur\u010d\u00e1ni<\/strong> \u2013 Constantine the Philosopher University in Nitra, Slovakia<br \/>\n<strong>Max Ugaz<\/strong> \u2013 University of S. Martin de Porres, Peru<br \/>\n<strong>Pedro Veiga<\/strong> \u2013 Lisbon University, Portugal<br \/>\n<strong>Dominik Vym\u011btal<\/strong> \u2013 Silesian University in Opava, Czech Republic<br \/>\n<strong>Kazimierz Wenta<\/strong> \u2013 Higher School of Humanities in Szczecin, Poland<br \/>\n<strong>Halina Wid\u0142a<\/strong> \u2013 University of Silesia in Katowice, Poland<br \/>\n<strong>Miroslav Zhaldak<\/strong> \u2013 Dragomanov National Pedagogical University in Kyiv, Ukraine<\/p>\n<p>\n<\/div>\r\n                    <\/div>\r\n                <\/div>[\/vc_column][\/vc_row][vc_row][vc_column][vc_separator color=&#8221;black&#8221; style=&#8221;shadow&#8221; border_width=&#8221;6&#8243; el_width=&#8221;80&#8243;][\/vc_column][\/vc_row][vc_row][vc_column]\r\n                <div class=\"text-modules\">\r\n                    <div class=\"container\">\r\n                        \r\n                        <div class=\"text-modules__content\"><\/p>\n<p style=\"text-align: center;\"><img class=\"alignnone wp-image-159436 size-full\" src=\"https:\/\/us.edu.pl\/wydzial\/wsne\/wp-content\/uploads\/sites\/20\/Bez-kategorii\/Plakat-DLCC2023.jpg\" alt=\"Plakat-DLCC2023\" width=\"552\" height=\"778\" srcset=\"https:\/\/us.edu.pl\/wydzial\/wsne\/wp-content\/uploads\/sites\/20\/Bez-kategorii\/Plakat-DLCC2023.jpg 552w, https:\/\/us.edu.pl\/wydzial\/wsne\/wp-content\/uploads\/sites\/20\/Bez-kategorii\/Plakat-DLCC2023-408x575.jpg 408w\" sizes=\"(max-width: 552px) 100vw, 552px\" \/><\/p>\n<p>\n<\/div>\r\n                    <\/div>\r\n                <\/div>[\/vc_column][\/vc_row][vc_row][vc_column][vc_separator color=&#8221;black&#8221; style=&#8221;shadow&#8221; border_width=&#8221;6&#8243; el_width=&#8221;80&#8243;][\/vc_column][\/vc_row][vc_row][vc_column]\r\n                <div class=\"text-modules\">\r\n                    <div class=\"container\">\r\n                        \r\n                        <div class=\"text-modules__content\"><p><img class=\"aligncenter wp-image-159813 size-full\" src=\"https:\/\/us.edu.pl\/wydzial\/wsne\/wp-content\/uploads\/sites\/20\/Bez-kategorii\/dlcc2023-plakat-1.jpg\" alt=\"\" width=\"100%\" srcset=\"https:\/\/us.edu.pl\/wydzial\/wsne\/wp-content\/uploads\/sites\/20\/Bez-kategorii\/dlcc2023-plakat-1.jpg 1554w, https:\/\/us.edu.pl\/wydzial\/wsne\/wp-content\/uploads\/sites\/20\/Bez-kategorii\/dlcc2023-plakat-1-900x477.jpg 900w, https:\/\/us.edu.pl\/wydzial\/wsne\/wp-content\/uploads\/sites\/20\/Bez-kategorii\/dlcc2023-plakat-1-1200x636.jpg 1200w, https:\/\/us.edu.pl\/wydzial\/wsne\/wp-content\/uploads\/sites\/20\/Bez-kategorii\/dlcc2023-plakat-1-768x407.jpg 768w, https:\/\/us.edu.pl\/wydzial\/wsne\/wp-content\/uploads\/sites\/20\/Bez-kategorii\/dlcc2023-plakat-1-1536x814.jpg 1536w, https:\/\/us.edu.pl\/wydzial\/wsne\/wp-content\/uploads\/sites\/20\/Bez-kategorii\/dlcc2023-plakat-1-575x305.jpg 575w\" sizes=\"(max-width: 1554px) 100vw, 1554px\" \/><\/p>\n<\/div>\r\n                    <\/div>\r\n                <\/div>\r\n                <div class=\"text-modules\">\r\n                    <div class=\"container\">\r\n                        \r\n                        <div class=\"text-modules__content\"><p><img class=\"aligncenter wp-image-159814 size-full\" src=\"https:\/\/us.edu.pl\/wydzial\/wsne\/wp-content\/uploads\/sites\/20\/Bez-kategorii\/dlcc2023-plakat-2.jpg\" alt=\"\" width=\"100%\" srcset=\"https:\/\/us.edu.pl\/wydzial\/wsne\/wp-content\/uploads\/sites\/20\/Bez-kategorii\/dlcc2023-plakat-2.jpg 1554w, https:\/\/us.edu.pl\/wydzial\/wsne\/wp-content\/uploads\/sites\/20\/Bez-kategorii\/dlcc2023-plakat-2-900x508.jpg 900w, https:\/\/us.edu.pl\/wydzial\/wsne\/wp-content\/uploads\/sites\/20\/Bez-kategorii\/dlcc2023-plakat-2-1200x677.jpg 1200w, https:\/\/us.edu.pl\/wydzial\/wsne\/wp-content\/uploads\/sites\/20\/Bez-kategorii\/dlcc2023-plakat-2-768x433.jpg 768w, https:\/\/us.edu.pl\/wydzial\/wsne\/wp-content\/uploads\/sites\/20\/Bez-kategorii\/dlcc2023-plakat-2-1536x867.jpg 1536w, https:\/\/us.edu.pl\/wydzial\/wsne\/wp-content\/uploads\/sites\/20\/Bez-kategorii\/dlcc2023-plakat-2-575x325.jpg 575w\" sizes=\"(max-width: 1554px) 100vw, 1554px\" \/><\/p>\n<\/div>\r\n                    <\/div>\r\n                <\/div>[\/vc_column][\/vc_row][vc_row][vc_column][vc_separator color=&#8221;black&#8221; style=&#8221;shadow&#8221; border_width=&#8221;6&#8243; el_width=&#8221;80&#8243;][\/vc_column][\/vc_row][vc_row][vc_column]\r\n                <div class=\"text-modules\">\r\n                    <div class=\"container\">\r\n                        \r\n                        <div class=\"text-modules__content\"><\/p>\n<p style=\"text-align: left;\"><a href=\"https:\/\/allconferencealert.net\/\" target=\"_blank\" rel=\"noopener\"><img class=\"alignnone size-full wp-image-159781 aligncenter\" src=\"https:\/\/us.edu.pl\/wydzial\/wsne\/wp-content\/uploads\/sites\/20\/Bez-kategorii\/Allconferencealert.jpg\" alt=\"Logo\" width=\"600\" height=\"174\" srcset=\"https:\/\/us.edu.pl\/wydzial\/wsne\/wp-content\/uploads\/sites\/20\/Bez-kategorii\/Allconferencealert.jpg 600w, https:\/\/us.edu.pl\/wydzial\/wsne\/wp-content\/uploads\/sites\/20\/Bez-kategorii\/Allconferencealert-575x167.jpg 575w\" sizes=\"(max-width: 600px) 100vw, 600px\" \/><\/a>\u00a0 \u00a0 \u00a0 \u00a0 \u00a0 <a href=\"https:\/\/internationalconferencealerts.com\/\" target=\"_blank\" rel=\"noopener\"><img class=\"alignnone wp-image-159783 aligncenter\" src=\"https:\/\/us.edu.pl\/wydzial\/wsne\/wp-content\/uploads\/sites\/20\/Bez-kategorii\/INTERNATIONAL-CONFERENCE-ALERTS-900x291.png\" alt=\"logo\" width=\"600\" height=\"194\" srcset=\"https:\/\/us.edu.pl\/wydzial\/wsne\/wp-content\/uploads\/sites\/20\/Bez-kategorii\/INTERNATIONAL-CONFERENCE-ALERTS-900x291.png 900w, https:\/\/us.edu.pl\/wydzial\/wsne\/wp-content\/uploads\/sites\/20\/Bez-kategorii\/INTERNATIONAL-CONFERENCE-ALERTS-1200x389.png 1200w, https:\/\/us.edu.pl\/wydzial\/wsne\/wp-content\/uploads\/sites\/20\/Bez-kategorii\/INTERNATIONAL-CONFERENCE-ALERTS-768x249.png 768w, https:\/\/us.edu.pl\/wydzial\/wsne\/wp-content\/uploads\/sites\/20\/Bez-kategorii\/INTERNATIONAL-CONFERENCE-ALERTS-1536x497.png 1536w, https:\/\/us.edu.pl\/wydzial\/wsne\/wp-content\/uploads\/sites\/20\/Bez-kategorii\/INTERNATIONAL-CONFERENCE-ALERTS-2048x663.png 2048w, https:\/\/us.edu.pl\/wydzial\/wsne\/wp-content\/uploads\/sites\/20\/Bez-kategorii\/INTERNATIONAL-CONFERENCE-ALERTS-575x186.png 575w\" sizes=\"(max-width: 600px) 100vw, 600px\" \/><\/a><\/p>\n<p>\n<\/div>\r\n                    <\/div>\r\n                <\/div>[\/vc_column][\/vc_row][vc_row][vc_column][vc_column_text][\/vc_column_text][\/vc_column][\/vc_row]<\/p>\n<style type=\"text\/css\">a[data-mtli~=\"mtli_filesize4,56MB\"]:after {content:\" (4,56 MB)\"}a[data-mtli~=\"mtli_filesize7,26MB\"]:after {content:\" (7,26 MB)\"}a[data-mtli~=\"mtli_filesize5,48MB\"]:after {content:\" (5,48 MB)\"}<\/style>","protected":false},"excerpt":{"rendered":"<p>[vc_row][vc_column][vc_column_text][\/vc_column_text][\/vc_column][\/vc_row][vc_row][vc_column][vc_separator color=&#8221;black&#8221; style=&#8221;shadow&#8221; border_width=&#8221;6&#8243; el_width=&#8221;80&#8243;][\/vc_column][\/vc_row][vc_row][vc_column][\/vc_column][\/vc_row][vc_row][vc_column][vc_separator color=&#8221;black&#8221; style=&#8221;shadow&#8221; border_width=&#8221;6&#8243; el_width=&#8221;80&#8243;][\/vc_column][\/vc_row][vc_row][vc_column width=&#8221;1\/2&#8243;][\/vc_column][vc_column width=&#8221;1\/2&#8243;][\/vc_column][\/vc_row][vc_row][vc_column][vc_separator color=&#8221;black&#8221; style=&#8221;shadow&#8221; border_width=&#8221;6&#8243; el_width=&#8221;80&#8243;][\/vc_column][\/vc_row][vc_row][vc_column width=&#8221;1\/2&#8243;][\/vc_column][vc_column width=&#8221;1\/2&#8243;][\/vc_column][\/vc_row][vc_row][vc_column][vc_separator color=&#8221;black&#8221; style=&#8221;shadow&#8221; border_width=&#8221;6&#8243; el_width=&#8221;80&#8243;][\/vc_column][\/vc_row][vc_row][vc_column][\/vc_column][\/vc_row][vc_row][vc_column][vc_separator color=&#8221;black&#8221; style=&#8221;shadow&#8221; border_width=&#8221;6&#8243; el_width=&#8221;80&#8243;][\/vc_column][\/vc_row][vc_row][vc_column][\/vc_column][\/vc_row][vc_row][vc_column][vc_separator color=&#8221;black&#8221; style=&#8221;shadow&#8221; border_width=&#8221;6&#8243; el_width=&#8221;80&#8243;][\/vc_column][\/vc_row][vc_row][vc_column][\/vc_column][\/vc_row][vc_row][vc_column][vc_column_text][\/vc_column_text][\/vc_column][\/vc_row] [&#8230;]<\/p>\n<p><a class=\"btn btn-secondary understrap-read-more-link\" href=\"https:\/\/us.edu.pl\/wydzial\/wsne\/dlcc\/\">Read More&#8230;<\/a><\/p>\n","protected":false},"author":110,"featured_media":0,"parent":0,"menu_order":0,"comment_status":"closed","ping_status":"closed","template":"","meta":{"_expiration-date-status":"","_expiration-date":0,"_expiration-date-type":"","_expiration-date-categories":[],"_expiration-date-options":[]},"acf":[],"_links":{"self":[{"href":"https:\/\/us.edu.pl\/wydzial\/wsne\/wp-json\/wp\/v2\/pages\/159434"}],"collection":[{"href":"https:\/\/us.edu.pl\/wydzial\/wsne\/wp-json\/wp\/v2\/pages"}],"about":[{"href":"https:\/\/us.edu.pl\/wydzial\/wsne\/wp-json\/wp\/v2\/types\/page"}],"author":[{"embeddable":true,"href":"https:\/\/us.edu.pl\/wydzial\/wsne\/wp-json\/wp\/v2\/users\/110"}],"replies":[{"embeddable":true,"href":"https:\/\/us.edu.pl\/wydzial\/wsne\/wp-json\/wp\/v2\/comments?post=159434"}],"version-history":[{"count":10,"href":"https:\/\/us.edu.pl\/wydzial\/wsne\/wp-json\/wp\/v2\/pages\/159434\/revisions"}],"predecessor-version":[{"id":159817,"href":"https:\/\/us.edu.pl\/wydzial\/wsne\/wp-json\/wp\/v2\/pages\/159434\/revisions\/159817"}],"wp:attachment":[{"href":"https:\/\/us.edu.pl\/wydzial\/wsne\/wp-json\/wp\/v2\/media?parent=159434"}],"curies":[{"name":"wp","href":"https:\/\/api.w.org\/{rel}","templated":true}]}}