{"id":159456,"date":"2023-06-21T10:19:24","date_gmt":"2023-06-21T08:19:24","guid":{"rendered":"https:\/\/us.edu.pl\/wydzial\/wsne\/?page_id=159456"},"modified":"2023-07-19T14:03:19","modified_gmt":"2023-07-19T12:03:19","slug":"159456-2","status":"publish","type":"page","link":"https:\/\/us.edu.pl\/wydzial\/wsne\/159456-2\/","title":{"rendered":"Contact"},"content":{"rendered":"<p>[vc_row][vc_column][vc_column_text]<\/p>\n<p style=\"padding-left: 120px;\"><strong>Important dates:<\/strong><\/p>\n<p style=\"padding-left: 120px;\"><strong>1st August 2023<\/strong> \u2013 2nd deadline for submitting registration forms, abstracts, monograph chapters (2023) and IJREL articles (2023). Registration fee payment<br \/>\n<strong>31st August 2023<\/strong> \u2013 3rd deadline for submission of registration forms and the final deadline for submission of IJREL article (2023). Registration fee payment.<br \/>\n<strong>15th September 2023<\/strong> \u2013 4th deadline for submission of registration forms and IJREL articles (2024). End of registation fee payment.<br \/>\n<strong>1st October 2023<\/strong> \u2013 distribution of the complete conference programme.<\/p>\n<p style=\"padding-left: 120px;\"><strong>The payments (conference fee) should be addressed to:<\/strong><br \/>\nUniwersytet \u015al\u0105ski<br \/>\nul. Bankowa 12, 40-007 Katowice, Poland<br \/>\nING BANK \u015aL\u0104SKI, Oddzia\u0142 w Katowicach<br \/>\nul. Mickiewicza 3, 40-092 KATOWICE, Poland<br \/>\nAccount number: 74 1050 1214 1000 0007 0000 7909<br \/>\nFor international transfers (SWIFT \/ BIC):<br \/>\nINGBPLPW<br \/>\nIBAN:<br \/>\nPL 74 1050 1214 1000 0007 0000 7909<br \/>\nPurpose of Payment: \u201cConference DLCC2023\u201d<\/p>\n<p style=\"padding-left: 120px;\"><strong>Conference Organising Committee:<\/strong><\/p>\n<p style=\"padding-left: 120px;\">Dr hab. Eugenia Smyrnova-Trybulska, prof. U\u015a \u2013 Conference Chief, Coordinator of the DLCC2023 Conference \u2013 e-mail: eugenia.smyrnova-trybulska@us.edu.pl<br \/>\nDr hab. Ma\u0142gorzata Przyby\u0142a-Kasperek, prof. U\u015a \u2013 e-mail: malgorzata.przybyla-kasperek@us.edu.pl<br \/>\nDr Natalia Ruman \u2013 Secretary of the Conference \u2013 e-mail: natalia.ruman@us.edu.pl<br \/>\nDr Anna Porczy\u0144ska-Ciszewska \u2013 e-mail: anna.porczynska@us.edu.pl<br \/>\nDr Tomasz Kopczy\u0144ski \u2013 email: tomasz.kopczynski@us.edu.pl<\/p>\n<p style=\"padding-left: 120px;\"><strong>Contact:<\/strong><\/p>\n<p style=\"padding-left: 120px;\">If you have any queries regarding the conference, please contact: \u2013 dlcc@us.edu.pl<\/p>\n<p style=\"padding-left: 120px;\">Tel.: (+ 48) 33-8546-112<br \/>\nFax: (+ 48) 33-8546-101<br \/>\nMobile: (+ 48) 608-655-386<br \/>\nUniversity of Silesia in Katowice<br \/>\nul. Bankowa 12, 40-007 Katowice<br \/>\nFaculty of Arts and Sciences of Education Institute of Pedagogy<br \/>\nul. Bielska 62, 43-400 Cieszyn, Poland<\/p>\n<p>[\/vc_column_text][\/vc_column][\/vc_row]<\/p>","protected":false},"excerpt":{"rendered":"<p>[vc_row][vc_column][vc_column_text] Important dates: 1st August 2023 \u2013 2nd deadline for submitting registration forms, abstracts, monograph chapters (2023) and IJREL articles (2023). Registration fee payment 31st August 2023 \u2013 3rd deadline for submission of registration forms and the final deadline for submission of IJREL article (2023). Registration fee payment. 15th September 2023 \u2013 4th deadline for [&#8230;]<\/p>\n<p><a class=\"btn btn-secondary understrap-read-more-link\" href=\"https:\/\/us.edu.pl\/wydzial\/wsne\/159456-2\/\">Read More&#8230;<\/a><\/p>\n","protected":false},"author":110,"featured_media":0,"parent":0,"menu_order":0,"comment_status":"closed","ping_status":"closed","template":"","meta":{"_expiration-date-status":"","_expiration-date":0,"_expiration-date-type":"","_expiration-date-categories":[],"_expiration-date-options":[]},"acf":[],"_links":{"self":[{"href":"https:\/\/us.edu.pl\/wydzial\/wsne\/wp-json\/wp\/v2\/pages\/159456"}],"collection":[{"href":"https:\/\/us.edu.pl\/wydzial\/wsne\/wp-json\/wp\/v2\/pages"}],"about":[{"href":"https:\/\/us.edu.pl\/wydzial\/wsne\/wp-json\/wp\/v2\/types\/page"}],"author":[{"embeddable":true,"href":"https:\/\/us.edu.pl\/wydzial\/wsne\/wp-json\/wp\/v2\/users\/110"}],"replies":[{"embeddable":true,"href":"https:\/\/us.edu.pl\/wydzial\/wsne\/wp-json\/wp\/v2\/comments?post=159456"}],"version-history":[{"count":8,"href":"https:\/\/us.edu.pl\/wydzial\/wsne\/wp-json\/wp\/v2\/pages\/159456\/revisions"}],"predecessor-version":[{"id":159805,"href":"https:\/\/us.edu.pl\/wydzial\/wsne\/wp-json\/wp\/v2\/pages\/159456\/revisions\/159805"}],"wp:attachment":[{"href":"https:\/\/us.edu.pl\/wydzial\/wsne\/wp-json\/wp\/v2\/media?parent=159456"}],"curies":[{"name":"wp","href":"https:\/\/api.w.org\/{rel}","templated":true}]}}