{"id":161085,"date":"2024-05-08T09:52:33","date_gmt":"2024-05-08T07:52:33","guid":{"rendered":"https:\/\/us.edu.pl\/wydzial\/wsne\/?page_id=161085"},"modified":"2024-05-08T10:13:49","modified_gmt":"2024-05-08T08:13:49","slug":"15-articles","status":"publish","type":"page","link":"https:\/\/us.edu.pl\/wydzial\/wsne\/nauka-i-badania\/serie-wydawnicze\/seria-e-learning\/15-articles\/","title":{"rendered":"15 &#8211; Articles"},"content":{"rendered":"<p><strong><span style=\"font-size: 14pt;\">Articles &#8211; E-learning &amp; Artificial Intelligence<\/span><\/strong><\/p>\n<p>Eugenia Smyrnova-Trybulska<br \/>\n<strong>INTRODUCTION<br \/>\n<\/strong><a href=\"https:\/\/us.edu.pl\/wydzial\/wsne\/wp-content\/uploads\/sites\/20\/Bez-kategorii\/el-2023-15-01.pdf\" class=\"mtli_attachment mtli_pdf\" data-mtli=\"mtli_filesize275,25kB\">el-2023-15-01<\/a><\/p>\n<p>Kornel Chromi\u0144ski, Ma\u0142gorzata Przyby\u0142a-Kasperek, Eugenia Smyrnova-Trybulska, Ainur Bazarbayeva, &amp; Nataliia Morze<br \/>\n<strong>COMPARATIVE INTERNATIONAL RESEARCH IN AREA OF EDUCATIONAL PLATFORM AND MOOCs IN OPINION OF IT STUDENTS USING DATA MINING ANALYSING<br \/>\n<\/strong><a href=\"https:\/\/us.edu.pl\/wydzial\/wsne\/wp-content\/uploads\/sites\/20\/Bez-kategorii\/el-2023-15-02.pdf\" class=\"mtli_attachment mtli_pdf\" data-mtli=\"mtli_filesize1,17MB\">el-2023-15-02<\/a><\/p>\n<p>Jan Skalka, Martin Drlik, &amp; Peter Kuna<br \/>\n<strong>EXPLORING VIRTUAL REALITY: A THEORETICAL REVIEW OF EDUCATIONAL GOALS, LEARNING DESIGN, AND EVALUATION<br \/>\n<\/strong><a href=\"https:\/\/us.edu.pl\/wydzial\/wsne\/wp-content\/uploads\/sites\/20\/Bez-kategorii\/el-2023-15-03.pdf\" class=\"mtli_attachment mtli_pdf\" data-mtli=\"mtli_filesize412,71kB\">el-2023-15-03<\/a><\/p>\n<p>Todorka Glushkova &amp; Anna Malinova<br \/>\n<strong>ADVANTAGES, PROBLEMS AND CHALLENGES IN THE APPLICATION OF AI TECHNOLOGIES IN SCHOOL EDUCATION<br \/>\n<\/strong><a href=\"https:\/\/us.edu.pl\/wydzial\/wsne\/wp-content\/uploads\/sites\/20\/Bez-kategorii\/el-2023-15-04.pdf\" class=\"mtli_attachment mtli_pdf\" data-mtli=\"mtli_filesize876,96kB\">el-2023-15-04<\/a><\/p>\n<p>Isabel Alvarez &amp; Nino Silva<br \/>\n<strong>AI IN HIGHER EDUCATION: UTOPIA OR REALITY!<br \/>\n<\/strong><a href=\"https:\/\/us.edu.pl\/wydzial\/wsne\/wp-content\/uploads\/sites\/20\/Bez-kategorii\/el-2023-15-05.pdf\" class=\"mtli_attachment mtli_pdf\" data-mtli=\"mtli_filesize414,65kB\">el-2023-15-05<\/a><\/p>\n<p>Milena Janakova &amp; Petr Suchanek<br \/>\n<strong>AI INFLUENCING E-LEARNING TO OPTIMIZE SKILLS FOR BUSINESS PROCESSES<br \/>\n<\/strong><a href=\"https:\/\/us.edu.pl\/wydzial\/wsne\/wp-content\/uploads\/sites\/20\/Bez-kategorii\/el-2023-15-06.pdf\" class=\"mtli_attachment mtli_pdf\" data-mtli=\"mtli_filesize361,22kB\">el-2023-15-06<\/a><\/p>\n<p>Tetiana A. Vakaliuk, Dmytro S. Antoniuk, Oksana A. Chernysh, Vlada V. Lukashevych, Anastasiia B. Cheverda, &amp; Valerii V. Kontsedailo<br \/>\n<strong>EXPERIENCE OF INVOLVING FUTURE IT PROFESSIONALS IN THE DEVELOPMENT OF LEARNING TOOLS AS AN ELEMENT OF DIGITAL TRANSFORMATION OF EDUCATION<br \/>\n<\/strong><a href=\"https:\/\/us.edu.pl\/wydzial\/wsne\/wp-content\/uploads\/sites\/20\/Bez-kategorii\/el-2023-15-07.pdf\" class=\"mtli_attachment mtli_pdf\" data-mtli=\"mtli_filesize913,86kB\">el-2023-15-07<\/a><\/p>\n<p>Liubov Lokhvytska, Nataliia Martovytska, &amp; Anna Tkachenko<br \/>\n<strong>STUDENTS\u2019 SCIENTIFIC WORK IN CONDITIONS OF E-LEARNING: REFLECTION OF UNIVERSITY STUDENTS<br \/>\n<\/strong><a href=\"https:\/\/us.edu.pl\/wydzial\/wsne\/wp-content\/uploads\/sites\/20\/Bez-kategorii\/el-2023-15-08.pdf\" class=\"mtli_attachment mtli_pdf\" data-mtli=\"mtli_filesize457,51kB\">el-2023-15-08<\/a><\/p>\n<p>Tetiana Symonenko, Svitlana Skvortsova, Kira Hnezdilova, &amp; Tetiana Britskan<br \/>\n<strong>DIGITAL TOOLS OF BUSINESS COMMUNICATION IN EDUCATIONAL ORGANIZATIONS OF EUROPE<br \/>\n<\/strong><a href=\"https:\/\/us.edu.pl\/wydzial\/wsne\/wp-content\/uploads\/sites\/20\/Bez-kategorii\/el-2023-15-09.pdf\" class=\"mtli_attachment mtli_pdf\" data-mtli=\"mtli_filesize431,06kB\">el-2023-15-09<\/a><\/p>\n<p>Saima Mehboob<br \/>\n<strong>LEVERAGING ARTIFICIAL INTELLIGENCE FOR PLAYFUL AND INCLUSIVE EDUCATION: DEVELOPING SEMI-AUTOMATIC AND ADAPTIVE EDUCATIONAL PATHS<br \/>\n<\/strong><a href=\"https:\/\/us.edu.pl\/wydzial\/wsne\/wp-content\/uploads\/sites\/20\/Bez-kategorii\/el-2023-15-10.pdf\" class=\"mtli_attachment mtli_pdf\" data-mtli=\"mtli_filesize500,86kB\">el-2023-15-10<\/a><\/p>\n<p>Filipe Carrera<br \/>\n<strong>PREFACE. ENHANCING STUDENT FLEXIBILITY AND ENGAGEMENT IN ONLINE HIGHER EDUCATION: THE IMPACT OF INSTRUCTOR-CREATED VIDEO MATERIALS<br \/>\n<\/strong><a href=\"https:\/\/us.edu.pl\/wydzial\/wsne\/wp-content\/uploads\/sites\/20\/Bez-kategorii\/el-2023-15-11.pdf\" class=\"mtli_attachment mtli_pdf\" data-mtli=\"mtli_filesize269,53kB\">el-2023-15-11<\/a><\/p>\n<p>Yuliia Rudenko, Volodymyr Proshkin, Olha Naboka, Artem Yurchenko, &amp; Olena Semenikhina<br \/>\n<strong>USING BLOOM\u2019S TAXONOMY TO ASSESS INFORMATION HYGIENE SKILLS<br \/>\n<\/strong><a href=\"https:\/\/us.edu.pl\/wydzial\/wsne\/wp-content\/uploads\/sites\/20\/Bez-kategorii\/el-2023-15-12.pdf\" class=\"mtli_attachment mtli_pdf\" data-mtli=\"mtli_filesize428,05kB\">el-2023-15-12<\/a><\/p>\n<p>Magdalena Zavodna, Tatiana Havlaskova, Tomas Javorcik, &amp; Katerina Kostolanyova<br \/>\n<strong>TEACHER STUDENTS\u2019 PERCEPTIONS OF THE ADVANTAGES AND DISADVANTAGES OF ONLINE AND FACE-TO-FACE LEARNING AS A BASIS FOR DESIGNING HYBRID LEARNING<br \/>\n<\/strong><a href=\"https:\/\/us.edu.pl\/wydzial\/wsne\/wp-content\/uploads\/sites\/20\/Bez-kategorii\/el-2023-15-13.pdf\" class=\"mtli_attachment mtli_pdf\" data-mtli=\"mtli_filesize374,23kB\">el-2023-15-13<\/a><\/p>\n<p>Mariia Astafieva, Oksana Hlushak, Kateryna Hruzdova, &amp; Volodymyr Proshkin<br \/>\n<strong>USING MOODLE FOR INQUIRY BASED LEARNING IN MATHEMATICS<br \/>\n<\/strong><a href=\"https:\/\/us.edu.pl\/wydzial\/wsne\/wp-content\/uploads\/sites\/20\/Bez-kategorii\/el-2023-15-14.pdf\" class=\"mtli_attachment mtli_pdf\" data-mtli=\"mtli_filesize939,70kB\">el-2023-15-14<\/a><\/p>\n<p>Valeriia Necherda, Kateryna Bezruk, Zhanna Petrochko, &amp; Valentyna Kyrychenko, Olena Denysiuk<br \/>\n<strong>GAMIFICATION AS A MEANS OF FORMATION SOCIALLY SUCCESSFUL PERSONALITY OF A TEENAGER<br \/>\n<\/strong><a href=\"https:\/\/us.edu.pl\/wydzial\/wsne\/wp-content\/uploads\/sites\/20\/Bez-kategorii\/el-2023-15-15.pdf\" class=\"mtli_attachment mtli_pdf\" data-mtli=\"mtli_filesize488,43kB\">el-2023-15-15<\/a><\/p>\n<p>Iryna Machulina, Liudmila Sorokina, Oksana Shelomovska, Nataliia Sorokina, &amp; Maryna Romaniukha<br \/>\n<strong>DEVELOPING INFORMATION CULTURE IN STUDENTS DURING E-LEARNING<br \/>\n<\/strong><a href=\"https:\/\/us.edu.pl\/wydzial\/wsne\/wp-content\/uploads\/sites\/20\/Bez-kategorii\/el-2023-15-16.pdf\" class=\"mtli_attachment mtli_pdf\" data-mtli=\"mtli_filesize560,63kB\">el-2023-15-16<\/a><\/p>\n<p>Ani Epitropova<br \/>\n<strong>EVALUATING THE TOOL FOR ENHANCING PRE-SERVICE TEACHERS\u2019 DIGITAL COMPETENCIES IN PROFESSIONAL COMMUNICATION AND COLLABORATION<br \/>\n<\/strong><a href=\"https:\/\/us.edu.pl\/wydzial\/wsne\/wp-content\/uploads\/sites\/20\/Bez-kategorii\/el-2023-15-17.pdf\" class=\"mtli_attachment mtli_pdf\" data-mtli=\"mtli_filesize529,87kB\">el-2023-15-17<\/a><\/p>\n<p>Svitlana Skvortsova, Tetiana Britskan, Tetiana Symonenko, &amp; Kateryna Niedialkova<br \/>\n<strong>DEGREE OF READINESS OF TEACHERS OF UKRAINE FOR USE ICT IN THEIR PROFESSIONAL ACTIVITIES: 2019\u20122022<br \/>\n<\/strong><a href=\"https:\/\/us.edu.pl\/wydzial\/wsne\/wp-content\/uploads\/sites\/20\/Bez-kategorii\/el-2023-15-18.pdf\" class=\"mtli_attachment mtli_pdf\" data-mtli=\"mtli_filesize420,15kB\">el-2023-15-18<\/a><\/p>\n<p>\u0160tefan Gubo, Ladislav V\u00e9gh, Zolt\u00e1n Feh\u00e9r, &amp; Ladislav Jaruska<br \/>\n<strong>EXAMINATION OF SOLUTION TIMES TO COMPUTER SCIENCE AND PHYSICS TASKS: A STUDY IN SLOVAK AND HUNGARIAN SECONDARY SCHOOL STUDENTS<br \/>\n<\/strong><a href=\"https:\/\/us.edu.pl\/wydzial\/wsne\/wp-content\/uploads\/sites\/20\/Bez-kategorii\/el-2023-15-19.pdf\" class=\"mtli_attachment mtli_pdf\" data-mtli=\"mtli_filesize622,61kB\">el-2023-15-19<\/a><\/p>\n<p>Angelika Schmid, Lilla Korenova, Adi Nur Cahyono, Jozef Hvorecky, &amp; Zsolt Lavicza<br \/>\n<strong>GEOGEBRA AS A CONSTRUCTIVISM TEACHING TOOL FOR VISUALIZATION GEOMETRY USING VR AND AR<br \/>\n<\/strong><a href=\"https:\/\/us.edu.pl\/wydzial\/wsne\/wp-content\/uploads\/sites\/20\/Bez-kategorii\/el-2023-15-20.pdf\" class=\"mtli_attachment mtli_pdf\" data-mtli=\"mtli_filesize1,86MB\">el-2023-15-20<\/a><\/p>\n<p>Oksana A. Chernysh, Tetiana A. Vakaliuk, Y. O. Kanchura, N. P. Plakhotniuk, B. C. Ba\u015faran Uysal, &amp; N. A. Panchenko<br \/>\n<strong>SURVEY ON THE USE OF ELECTRONIC MULTILINGUAL TERMINOLOGICAL DICTIONARY<br \/>\n<\/strong><a href=\"https:\/\/us.edu.pl\/wydzial\/wsne\/wp-content\/uploads\/sites\/20\/Bez-kategorii\/el-2023-15-21.pdf\" class=\"mtli_attachment mtli_pdf\" data-mtli=\"mtli_filesize445,15kB\">el-2023-15-21<\/a><\/p>\n<p>Ma\u0142gorzata Bartoszewicz, Grzegorz Krzy\u015bko, Kamil Cie\u015blak, &amp; Julia Fr\u0105ckowiak<br \/>\n<strong>DIGITAL SUPPORT IN THE IMPLEMENTATION OF CHEMISTRY LABORATORY CLASSES<br \/>\n<\/strong><a href=\"https:\/\/us.edu.pl\/wydzial\/wsne\/wp-content\/uploads\/sites\/20\/Bez-kategorii\/el-2023-15-22.pdf\" class=\"mtli_attachment mtli_pdf\" data-mtli=\"mtli_filesize951,54kB\">el-2023-15-22<\/a><\/p>\n<p>Hennadii Karimov, Marina Romaniukha, Ivan Karimov, &amp; Natalia Kuzmenko<br \/>\n<strong>TRENDS IN DEVELOPING DIGITAL SKILLS OF STUDENTS IN DUAL STUDY MODE<br \/>\n<\/strong><a href=\"https:\/\/us.edu.pl\/wydzial\/wsne\/wp-content\/uploads\/sites\/20\/Bez-kategorii\/el-2023-15-23.pdf\" class=\"mtli_attachment mtli_pdf\" data-mtli=\"mtli_filesize736,44kB\">el-2023-15-23<\/a><\/p>\n<style type=\"text\/css\">a[data-mtli~=\"mtli_filesize275,25kB\"]:after {content:\" (275,25 kB)\"}a[data-mtli~=\"mtli_filesize1,17MB\"]:after {content:\" (1,17 MB)\"}a[data-mtli~=\"mtli_filesize412,71kB\"]:after {content:\" (412,71 kB)\"}a[data-mtli~=\"mtli_filesize876,96kB\"]:after {content:\" (876,96 kB)\"}a[data-mtli~=\"mtli_filesize414,65kB\"]:after {content:\" (414,65 kB)\"}a[data-mtli~=\"mtli_filesize361,22kB\"]:after {content:\" (361,22 kB)\"}a[data-mtli~=\"mtli_filesize913,86kB\"]:after {content:\" (913,86 kB)\"}a[data-mtli~=\"mtli_filesize457,51kB\"]:after {content:\" (457,51 kB)\"}a[data-mtli~=\"mtli_filesize431,06kB\"]:after {content:\" (431,06 kB)\"}a[data-mtli~=\"mtli_filesize500,86kB\"]:after {content:\" (500,86 kB)\"}a[data-mtli~=\"mtli_filesize269,53kB\"]:after {content:\" (269,53 kB)\"}a[data-mtli~=\"mtli_filesize428,05kB\"]:after {content:\" (428,05 kB)\"}a[data-mtli~=\"mtli_filesize374,23kB\"]:after {content:\" (374,23 kB)\"}a[data-mtli~=\"mtli_filesize939,70kB\"]:after {content:\" (939,70 kB)\"}a[data-mtli~=\"mtli_filesize488,43kB\"]:after {content:\" (488,43 kB)\"}a[data-mtli~=\"mtli_filesize560,63kB\"]:after {content:\" (560,63 kB)\"}a[data-mtli~=\"mtli_filesize529,87kB\"]:after {content:\" (529,87 kB)\"}a[data-mtli~=\"mtli_filesize420,15kB\"]:after {content:\" (420,15 kB)\"}a[data-mtli~=\"mtli_filesize622,61kB\"]:after {content:\" (622,61 kB)\"}a[data-mtli~=\"mtli_filesize1,86MB\"]:after {content:\" (1,86 MB)\"}a[data-mtli~=\"mtli_filesize445,15kB\"]:after {content:\" (445,15 kB)\"}a[data-mtli~=\"mtli_filesize951,54kB\"]:after {content:\" (951,54 kB)\"}a[data-mtli~=\"mtli_filesize736,44kB\"]:after {content:\" (736,44 kB)\"}<\/style>","protected":false},"excerpt":{"rendered":"<p>Articles &#8211; E-learning &amp; Artificial Intelligence Eugenia Smyrnova-Trybulska INTRODUCTION el-2023-15-01 Kornel Chromi\u0144ski, Ma\u0142gorzata Przyby\u0142a-Kasperek, Eugenia Smyrnova-Trybulska, Ainur Bazarbayeva, &amp; Nataliia Morze COMPARATIVE INTERNATIONAL RESEARCH IN AREA OF EDUCATIONAL PLATFORM AND MOOCs IN OPINION OF IT STUDENTS USING DATA MINING ANALYSING el-2023-15-02 Jan Skalka, Martin Drlik, &amp; Peter Kuna EXPLORING VIRTUAL REALITY: A THEORETICAL REVIEW OF [&#8230;]<\/p>\n<p><a class=\"btn btn-secondary understrap-read-more-link\" href=\"https:\/\/us.edu.pl\/wydzial\/wsne\/nauka-i-badania\/serie-wydawnicze\/seria-e-learning\/15-articles\/\">Read More&#8230;<\/a><\/p>\n","protected":false},"author":110,"featured_media":0,"parent":1227,"menu_order":0,"comment_status":"closed","ping_status":"closed","template":"page-templates\/inner-page.php","meta":{"_expiration-date-status":"","_expiration-date":0,"_expiration-date-type":"","_expiration-date-categories":[],"_expiration-date-options":[]},"acf":[],"_links":{"self":[{"href":"https:\/\/us.edu.pl\/wydzial\/wsne\/wp-json\/wp\/v2\/pages\/161085"}],"collection":[{"href":"https:\/\/us.edu.pl\/wydzial\/wsne\/wp-json\/wp\/v2\/pages"}],"about":[{"href":"https:\/\/us.edu.pl\/wydzial\/wsne\/wp-json\/wp\/v2\/types\/page"}],"author":[{"embeddable":true,"href":"https:\/\/us.edu.pl\/wydzial\/wsne\/wp-json\/wp\/v2\/users\/110"}],"replies":[{"embeddable":true,"href":"https:\/\/us.edu.pl\/wydzial\/wsne\/wp-json\/wp\/v2\/comments?post=161085"}],"version-history":[{"count":4,"href":"https:\/\/us.edu.pl\/wydzial\/wsne\/wp-json\/wp\/v2\/pages\/161085\/revisions"}],"predecessor-version":[{"id":161121,"href":"https:\/\/us.edu.pl\/wydzial\/wsne\/wp-json\/wp\/v2\/pages\/161085\/revisions\/161121"}],"up":[{"embeddable":true,"href":"https:\/\/us.edu.pl\/wydzial\/wsne\/wp-json\/wp\/v2\/pages\/1227"}],"wp:attachment":[{"href":"https:\/\/us.edu.pl\/wydzial\/wsne\/wp-json\/wp\/v2\/media?parent=161085"}],"curies":[{"name":"wp","href":"https:\/\/api.w.org\/{rel}","templated":true}]}}