{"id":1623,"date":"2020-01-16T15:02:45","date_gmt":"2020-01-16T14:02:45","guid":{"rendered":"https:\/\/us.edu.pl\/wydzial\/wsne\/?page_id=1623"},"modified":"2020-04-06T11:47:41","modified_gmt":"2020-04-06T09:47:41","slug":"15-2","status":"publish","type":"page","link":"https:\/\/us.edu.pl\/wydzial\/wsne\/nauka-i-badania\/serie-wydawnicze\/seria-e-learning\/11-e-learning-and-stem-education-articles\/15-2\/","title":{"rendered":"15"},"content":{"rendered":"<p><strong>MENTORING AS A SIGNIFICANT TOOL IN EDUCATION AT A CZECH UNIVERSITY<\/strong><\/p>\n<p><a href=\"https:\/\/us.edu.pl\/wydzial\/wsne\/wp-content\/uploads\/sites\/20\/Nieprzypisane\/el-2019-11-16-MENTORING-AS-A-SIGNIFICANT.pdf\" class=\"mtli_attachment mtli_pdf\" data-mtli=\"mtli_filesize314,85kB\">full-text article<\/a><\/p>\n<p>DOI: 10.34916\/el.2019.11.16<\/p>\n<p><strong>Miroslav Hrub\u00fd<\/strong> University of Defence in Brno (Czech Republic)<\/p>\n<p><strong>Abstract<\/strong>: The paper deals with the author\u2019s experience in mentoring usage at the Faculty of Military Technology (FMT), University of Defence (UoD) in Brno, the Czech Republic. Firstly, the content of the term mentoring is described. Secondly, the following questions were addressed: why mentoring was used at the FMT UoD, what effects this tool has brought and what can be expected in the future.<\/p>\n<p><strong>Keywords<\/strong>: mentoring, education, mathematics, university<\/p>\n<p><strong>REFERENCES<\/strong><\/p>\n<ul>\n<li>EDOST, s.r.o. (2012). Mentoring ve firemn\u00ed praxi. Retrieved from https:\/\/www.ohkcv.cz\/wp-content\/uploads\/2018\/02\/studijni-material-mentoring.pdf (accessed 25 June 2019).<\/li>\n<li>Gibbons, A. (2017). 16 mentoring definitions. <em>Training Journal<\/em>. Retrieved from https:\/\/www.trainingjournal.com\/blog\/16-mentoring-definitions (accessed 19 June 2019).<\/li>\n<li>Herinkov\u00e1 (2019). Pre\u010do si n\u00e1js\u0165 mentora? <em>eduworld.sk<\/em> Retrieved from https:\/\/eduworld.sk\/cd\/eliska-herinkova\/3122\/preco-si-najst-mentora (accessed 25 June 2019).<\/li>\n<li>Hrub\u00fd, M., Sta\u0148kov\u00e1, E. (2019). Searching for the future cream of the crop in the Czech military. <em>ERIE 2019 Conference Proceedings<\/em>, Prague, pp. 90-96. Retrieved from https:\/\/erie.v2.czu.cz\/en\/r-14822-proceedings-2019 (accessed 25 June 2019).<\/li>\n<li>Reh, F. J. (2019). A Guide to Understanding the Role of a Mentor. Retrieved from https:\/\/www.thebalancecareers.com\/a-guide-to-understanding-the-role-of-a-mentor-2275318 (accessed 19 June 2019).<\/li>\n<li>SchoolEducationGateway (2017). Mentorstvo: invest\u00edcia pre \u0161tudentov, rodiny a u\u010dite\u013eov. Retrieved from https:\/\/www.schooleducationgateway.eu\/sk\/pub\/latest\/practices\/mentoring-an-investment-for-s.htm (accessed 25 June 2019).<\/li>\n<li>Whatishumanresource.com website on HMR for students (2019). Mentoring &amp; Counselling. Retrieved from http:\/\/www.whatishumanresource.com\/mentoring (accessed 19 June 2019).<\/li>\n<\/ul>\n<p><\/p>\n<style type=\"text\/css\">a[data-mtli~=\"mtli_filesize314,85kB\"]:after {content:\" (314,85 kB)\"}<\/style>","protected":false},"excerpt":{"rendered":"<p>MENTORING AS A SIGNIFICANT TOOL IN EDUCATION AT A CZECH UNIVERSITY full-text article DOI: 10.34916\/el.2019.11.16 Miroslav Hrub\u00fd University of Defence in Brno (Czech Republic) Abstract: The paper deals with the author\u2019s experience in mentoring usage at the Faculty of Military Technology (FMT), University of Defence (UoD) in Brno, the Czech Republic. Firstly, the content of [&#8230;]<\/p>\n<p><a class=\"btn btn-secondary understrap-read-more-link\" href=\"https:\/\/us.edu.pl\/wydzial\/wsne\/nauka-i-badania\/serie-wydawnicze\/seria-e-learning\/11-e-learning-and-stem-education-articles\/15-2\/\">Read More&#8230;<\/a><\/p>\n","protected":false},"author":110,"featured_media":0,"parent":1452,"menu_order":15,"comment_status":"closed","ping_status":"closed","template":"page-templates\/inner-page.php","meta":{"_expiration-date-status":"saved","_expiration-date":0,"_expiration-date-type":"","_expiration-date-categories":[],"_expiration-date-options":[]},"acf":[],"_links":{"self":[{"href":"https:\/\/us.edu.pl\/wydzial\/wsne\/wp-json\/wp\/v2\/pages\/1623"}],"collection":[{"href":"https:\/\/us.edu.pl\/wydzial\/wsne\/wp-json\/wp\/v2\/pages"}],"about":[{"href":"https:\/\/us.edu.pl\/wydzial\/wsne\/wp-json\/wp\/v2\/types\/page"}],"author":[{"embeddable":true,"href":"https:\/\/us.edu.pl\/wydzial\/wsne\/wp-json\/wp\/v2\/users\/110"}],"replies":[{"embeddable":true,"href":"https:\/\/us.edu.pl\/wydzial\/wsne\/wp-json\/wp\/v2\/comments?post=1623"}],"version-history":[{"count":4,"href":"https:\/\/us.edu.pl\/wydzial\/wsne\/wp-json\/wp\/v2\/pages\/1623\/revisions"}],"predecessor-version":[{"id":2544,"href":"https:\/\/us.edu.pl\/wydzial\/wsne\/wp-json\/wp\/v2\/pages\/1623\/revisions\/2544"}],"up":[{"embeddable":true,"href":"https:\/\/us.edu.pl\/wydzial\/wsne\/wp-json\/wp\/v2\/pages\/1452"}],"wp:attachment":[{"href":"https:\/\/us.edu.pl\/wydzial\/wsne\/wp-json\/wp\/v2\/media?parent=1623"}],"curies":[{"name":"wp","href":"https:\/\/api.w.org\/{rel}","templated":true}]}}