{"id":162766,"date":"2024-10-08T09:26:06","date_gmt":"2024-10-08T07:26:06","guid":{"rendered":"https:\/\/us.edu.pl\/wydzial\/wsne\/?page_id=162766"},"modified":"2026-01-08T08:35:40","modified_gmt":"2026-01-08T07:35:40","slug":"komisje-wydzialowe","status":"publish","type":"page","link":"https:\/\/us.edu.pl\/wydzial\/wsne\/komisje-wydzialowe\/","title":{"rendered":"Komisje Wydzia\u0142owe"},"content":{"rendered":"<p>[vc_row][vc_column]\r\n                <div class=\"text-modules\">\r\n                    <div class=\"container\">\r\n                        \r\n                        <div class=\"text-modules__content\"><\/p>\n<h3><strong>Sk\u0142ad Wydzia\u0142owej Komisji ds. Studenckich i Kszta\u0142cenia:<\/strong><\/h3>\n<ol>\n<li>dr Ilona Fajfer-Kruczek \u2013 Prodziekan ds. Studenckich i Kszta\u0142cenia \u2013 Przewodnicz\u0105ca Komisji<\/li>\n<li>dr hab. Hanna Grzonka-Karwacka, prof. U\u015a \u2013 Dyrektor Kierunk\u00f3w: Edukacja artystyczna w zakresie sztuk plastycznych; Grafika<\/li>\n<li>dr hab. Katarzyna Pyka prof. U\u015a \u2013 Zast\u0119pca Dyrektora Kierunk\u00f3w: Edukacja artystyczna w zakresie sztuk plastycznych; Grafika<\/li>\n<li>dr Justyna Stefa\u0144czyk \u2013 Dyrektor Kierunku: Projektowanie gier i przestrzeni wirtualnej<\/li>\n<li>dr Wojciech Osuchowski, prof. U\u015a \u2013 Zast\u0119pca Dyrektora Kierunku: Projektowanie gier i przestrzeni wirtualnej<\/li>\n<li>dr hab. Krzysztof Gawlas, prof. U\u015a \u2013 Dyrektor Kierunk\u00f3w: Edukacja artystyczna w zakresie sztuki muzycznej; Muzyka w multimediach<\/li>\n<li>dr Danuta Zo\u0144-Ciuk, prof. U\u015a \u2013 Zast\u0119pca Dyrektora Kierunk\u00f3w: Edukacja artystyczna w zakresie sztuki muzycznej; Muzyka w multimediach<\/li>\n<li>dr Barbara Chojnacka-Synaszko \u2013 Dyrektor Kierunk\u00f3w Pedagogika; Pedagogika przedszkolna i wczesnoszkolna; Pedagogika specjalna<\/li>\n<li>dr Anna Trzcionka-Wieczorek \u2013 Pe\u0142nomocnik Dziekana ds. Jako\u015bci Kszta\u0142cenia i Akredytacji, Zast\u0119pca Dyrektora Kierunk\u00f3w: Pedagogika; Pedagogika specjalna; Pedagogika przedszkolna i wczesnoszkolna<\/li>\n<li>dr Sylwia Wrona \u2013 Zast\u0119pca Dyrektora Kierunk\u00f3w: Pedagogika, Pedagogika specjalna; Pedagogika przedszkolna i wczesnoszkolna<\/li>\n<li>dr hab. Agnieszka Pie\u0144czak, prof. U\u015a \u2013 Dyrektor Kierunk\u00f3w: Animacja spo\u0142eczno-kulturalna z edukacj\u0105 kulturaln\u0105; Edukacja kulturalna; Etnologia i antropologia kulturowa<\/li>\n<li>dr hab. Jolanta Skutnik, prof. U\u015a \u2013 Zast\u0119pca Dyrektora Kierunk\u00f3w: Animacja spo\u0142eczno-kulturalna z edukacj\u0105 kulturaln\u0105; Edukacja kulturalna; Etnologia i antropologia kulturowa<\/li>\n<li>dr Tomasz Kopczy\u0144ski, prof. U\u015a \u2013 Pe\u0142nomocnik Dziekana Wydzia\u0142u Sztuki i Nauk o Edukacji ds. kszta\u0142cenia na odleg\u0142o\u015b\u0107<\/li>\n<li>dr Magdalena Be\u0142za-Gajdzica- Wydzia\u0142owy Koordynator ds. dostosowania studi\u00f3w<\/li>\n<li>dr Dorota Prysak- Wydzia\u0142owy Koordynator ds. wsp\u00f3\u0142pracy z Interesariuszami<\/li>\n<li>dr Adrian Robak, prof. U\u015a- Pe\u0142nomocnik Dziekana Wydzia\u0142u Sztuki i Nauk o Edukacji ds. wsp\u00f3\u0142pracy mi\u0119dzynarodowej<\/li>\n<li>Oliwia \u017bytkowicz- Przewodnicz\u0105ca Wydzia\u0142owej Rady Samorz\u0105du Studenckiego<\/li>\n<\/ol>\n<p>\n<\/div>\r\n                    <\/div>\r\n                <\/div>[\/vc_column][\/vc_row]<\/p>","protected":false},"excerpt":{"rendered":"<p>[vc_row][vc_column][\/vc_column][\/vc_row] [&#8230;]<\/p>\n<p><a class=\"btn btn-secondary understrap-read-more-link\" href=\"https:\/\/us.edu.pl\/wydzial\/wsne\/komisje-wydzialowe\/\">Read More&#8230;<\/a><\/p>\n","protected":false},"author":110,"featured_media":0,"parent":0,"menu_order":0,"comment_status":"closed","ping_status":"closed","template":"","meta":{"_expiration-date-status":"","_expiration-date":0,"_expiration-date-type":"","_expiration-date-categories":[],"_expiration-date-options":[]},"acf":[],"_links":{"self":[{"href":"https:\/\/us.edu.pl\/wydzial\/wsne\/wp-json\/wp\/v2\/pages\/162766"}],"collection":[{"href":"https:\/\/us.edu.pl\/wydzial\/wsne\/wp-json\/wp\/v2\/pages"}],"about":[{"href":"https:\/\/us.edu.pl\/wydzial\/wsne\/wp-json\/wp\/v2\/types\/page"}],"author":[{"embeddable":true,"href":"https:\/\/us.edu.pl\/wydzial\/wsne\/wp-json\/wp\/v2\/users\/110"}],"replies":[{"embeddable":true,"href":"https:\/\/us.edu.pl\/wydzial\/wsne\/wp-json\/wp\/v2\/comments?post=162766"}],"version-history":[{"count":7,"href":"https:\/\/us.edu.pl\/wydzial\/wsne\/wp-json\/wp\/v2\/pages\/162766\/revisions"}],"predecessor-version":[{"id":172671,"href":"https:\/\/us.edu.pl\/wydzial\/wsne\/wp-json\/wp\/v2\/pages\/162766\/revisions\/172671"}],"wp:attachment":[{"href":"https:\/\/us.edu.pl\/wydzial\/wsne\/wp-json\/wp\/v2\/media?parent=162766"}],"curies":[{"name":"wp","href":"https:\/\/api.w.org\/{rel}","templated":true}]}}