{"id":1629,"date":"2020-01-16T15:28:02","date_gmt":"2020-01-16T14:28:02","guid":{"rendered":"https:\/\/us.edu.pl\/wydzial\/wsne\/?page_id=1629"},"modified":"2020-05-15T14:57:42","modified_gmt":"2020-05-15T12:57:42","slug":"17-2","status":"publish","type":"page","link":"https:\/\/us.edu.pl\/wydzial\/wsne\/nauka-i-badania\/serie-wydawnicze\/seria-e-learning\/11-e-learning-and-stem-education-articles\/17-2\/","title":{"rendered":"17"},"content":{"rendered":"<p>TRAINING FOR FUTURE PRIMARY SCHOOL TEACHERS IN USING SERVICE H5P TEACHING MATHEMATICS<\/p>\n<p><a href=\"https:\/\/us.edu.pl\/wydzial\/wsne\/wp-content\/uploads\/sites\/20\/Nieprzypisane\/el-2019-11-18-TRAINING-FOR-FUTURE-PRIMARY.pdf\" class=\"mtli_attachment mtli_pdf\" data-mtli=\"mtli_filesize1,45MB\">full-text article<\/a><\/p>\n<p>DOI: 10.34916\/el.2019.11.18<\/p>\n<p><strong>Svitlana Skvortsova <\/strong>South Ukrainian National Pedagogical University named after K. Ushynsky (Ukraine)<br \/>\n<strong>Oksana Onopriienko <\/strong>Department of Primary Education, Institute of Pedagogy of the National Academy of Pedagogical Sciences of Ukraine (Ukraine)<br \/>\n<strong>Tetiana Britskan <\/strong>Izmail State University of Humanities (Ukraine)<\/p>\n<p><strong>Abstract<\/strong>: The article is devoted to a research of the problem of the training for future primary school teachers in using information technology (IT) in teaching mathematics, in particular, in the aspect of the use of various online resources and online services for teachers. The necessity of using IT in mathematics lessons is substantiated based on peculiarities of the development of digital generation children\u2019s cognitive processes. The advantages and disadvantages of using services such as Learning Apps, Plickers and H5P to create interactive exercises, have been revealed. The results of IT introduction in the training for future primary school teachers were analyzed. The technology of teaching future primary school teachers to create interactive math exercises with the help of the online service H5P have been developed and implemented in the process of methodological training at the South Ukrainian National Pedagogical University named after K. Ushynsky and Izmail State University of Humanities.<\/p>\n<p><strong>Keywords<\/strong>: information technologies, gadgets, digital generation, cognitive processes, training for future primary school teachers, interactive exercises, Learning Apps, Plickers \u0442\u0430 H5P<\/p>\n<p><strong>REFERENCES<\/strong><\/p>\n<ul>\n<li>Armstrong, A. and Casement, C., (2000). <em>The Child and the Machine: How Computers Put our Children`s Education at Risk. <\/em>Beltsville, MD: Robins Lane Press.<\/li>\n<li>Bennett, S., and Maton, K. (2010). Beyond the \u201cdigital natives\u201d debate: towards a more nuanced understanding of students` technology experiences. <em>Comput. Assist. Learn., 26<\/em>, 321-331.<\/li>\n<li>DeBell, M., Chapman, C. (2006) <em>Computer and Internet Use by Students in 2003.<\/em> Statistical Analysis Report. NCES 2006-065. Washington (D.C.): National Center for Education Statistics.<\/li>\n<li>Fish, A.M., Li X., McCarrick, K., Partridge, T. (2008). Early Childhood Computer Experience and Cognitive Development among Urban Low-Income Preschoolers. <em>Journal of Educational Computing Research, 38 (1)<\/em>, 97\u2013113.<\/li>\n<li>Howe, J. (2006). Your web, your way. <em>Time, 168,<\/em> 60-63.<\/li>\n<li>Jackson, L.A., Witt, E.A., Games, A.I., Fitzgerald, H.E., von Eye, A., Zhao, Y. (2012) Information technology use and creativity: Findings from the Children and Technology Project. <em>Computers in Human Behavior<\/em>, 28, 370\u2013 376.<\/li>\n<li>Morze, N., Vember, V. (2019). Implementation of peer assessment in educational process. <em>Open Educational E-Environment of Modern University, 6, <\/em>44-54.<\/li>\n<li>Plowman, L., and McPake, D. (2013). Seven myth about young children and technology. <em>Child Education, 89, <\/em>27-33.<\/li>\n<li>Proposal for a COUNCIL RECOMMENDATION on Key Competences for Lifelong Learning (2019). Retrieved from https:\/\/ec.europa.eu\/education\/sites\/education\/files\/recommendation-key-competences-lifelong-learning.pdf (accessed on 1 July 2019)<\/li>\n<li>Skvortsova, S. O. &amp; Onopr\u0456ienko, O. V. (2017a). Matematika. 1 klas. Navchal&#8217;nij zoshit: U 3 ch. \u2013 CH. 1. druk. Harkiv: Vidavnictvo \u00abRanok\u00bb, 2017. \u2013 88 s. : \u0456l. 96. [In Ukrainian]<\/li>\n<li>Skvortsova, S. O. &amp; Onopr\u0456ienko, O. V. (2017b). Matematika. 1 klas. Navchal&#8217;nij zoshit: U 3 ch. \u2013 CH. 2. druk. Harkiv: Vidavnictvo \u00abRanok\u00bb, 2017. \u2013 96 s. : \u0456l. 96. [In Ukrainian]<\/li>\n<li>Skvortsova, S. O. &amp; Onopr\u0456ienko, O. V. (2017c). Matematika. 1 klas. Navchal&#8217;nij zoshit: U 3 ch. \u2013 CH. 3. druk. Harkiv: Vidavnictvo \u00abRanok\u00bb, 2017. \u2013 96 s. : \u0456l 96. [In Ukrainian]<\/li>\n<li>Skvortsova, S. O. &amp; Onopr\u0456ienko, O. V. (2017d). Matematika. 2 klas. Navchal&#8217;nij zoshit: u 3ch. CH. 1 druk. Harkiv: Vid-vo \u00abRanok\u00bb, 2017. \u2013 88 s. : \u0456l. + Dodatok \u00abPracyuyu samost\u0456jno 1\u00bb ( 32 s.) + Vkladka ( 1 ark.) 88+32. [In Ukrainian]<\/li>\n<li>Skvortsova, S., Britskan, T. (2019). Training of Primary School Teachers for the Use of Information Technology Teaching Mathematics. In M. Hruby (ed.) Proceedings of the international conference MITAV 2019 (Matematika, Informa\u010dn\u00ed Technologie a Aplikovan\u00e9 V\u011bdy). (p. 31) Brno<\/li>\n<li>Skvortsova, S., Britskan, T. (2019). Vybir Internet servisiv dlia stvorennia i vykorystannia interaktyvnykh vprav na urokakh matematyky v pochatkovii shkoli. In N. Tarasenkova (ed.) <em>Proceedings from the<\/em> <em>Materials of International Scientific and Methodological Conference Problems of mathematical education.<\/em> (pp.182-183) Paphos: Bohdan Khmelnitsky National University of Cherkasy. [In Ukrainian]<\/li>\n<li>Small, G., Vorgan, G. (2008). Meet your ibrain. <em>Scientific American Mind<\/em>, 19, 42\u201349. doi:10.1038\/scientificamericanmind1008-42.<\/li>\n<li>Soldatova, G.U. (2018). Digital socialization in the cultural-historical paradigm: a changing child in a changing world. <em>Social Psychology and Society, 9,<\/em> 71-80. [in Russian]<\/li>\n<li>Spitzer, M. (2014). <em>Antimosg.<\/em> <em>Digital technologies and the brain<\/em>. Moscow: ACT [in Russian]<\/li>\n<li>Tarpley, T. (2001). Children, the Internet, and other new technologies \/ In D. Singer D., J. Singer (Eds.), <em>Handbook of Children and the Media<\/em> (pp. 547-556). Thousands Oaks (CA): Sage Publications.<\/li>\n<li>Van Deventer, S.S., White, J.A. (2002). Expert behavior in children\u2019s video game play<em>.<\/em> <em>Simulation &amp; Gaming, 33 (1)<\/em>, 28-48.<\/li>\n<li>Yelland, N. (2011). Reconceptualising play and learning in the lives of young children. <em>Australasian Journal of Early Childhood, 36<\/em>, 4-12.<\/li>\n<\/ul>\n<p><\/p>\n<style type=\"text\/css\">a[data-mtli~=\"mtli_filesize1,45MB\"]:after {content:\" (1,45 MB)\"}<\/style>","protected":false},"excerpt":{"rendered":"<p>TRAINING FOR FUTURE PRIMARY SCHOOL TEACHERS IN USING SERVICE H5P TEACHING MATHEMATICS full-text article DOI: 10.34916\/el.2019.11.18 Svitlana Skvortsova South Ukrainian National Pedagogical University named after K. Ushynsky (Ukraine) Oksana Onopriienko Department of Primary Education, Institute of Pedagogy of the National Academy of Pedagogical Sciences of Ukraine (Ukraine) Tetiana Britskan Izmail State University of Humanities (Ukraine) [&#8230;]<\/p>\n<p><a class=\"btn btn-secondary understrap-read-more-link\" href=\"https:\/\/us.edu.pl\/wydzial\/wsne\/nauka-i-badania\/serie-wydawnicze\/seria-e-learning\/11-e-learning-and-stem-education-articles\/17-2\/\">Read More&#8230;<\/a><\/p>\n","protected":false},"author":110,"featured_media":0,"parent":1452,"menu_order":17,"comment_status":"closed","ping_status":"closed","template":"page-templates\/inner-page.php","meta":{"_expiration-date-status":"saved","_expiration-date":0,"_expiration-date-type":"","_expiration-date-categories":[],"_expiration-date-options":[]},"acf":[],"_links":{"self":[{"href":"https:\/\/us.edu.pl\/wydzial\/wsne\/wp-json\/wp\/v2\/pages\/1629"}],"collection":[{"href":"https:\/\/us.edu.pl\/wydzial\/wsne\/wp-json\/wp\/v2\/pages"}],"about":[{"href":"https:\/\/us.edu.pl\/wydzial\/wsne\/wp-json\/wp\/v2\/types\/page"}],"author":[{"embeddable":true,"href":"https:\/\/us.edu.pl\/wydzial\/wsne\/wp-json\/wp\/v2\/users\/110"}],"replies":[{"embeddable":true,"href":"https:\/\/us.edu.pl\/wydzial\/wsne\/wp-json\/wp\/v2\/comments?post=1629"}],"version-history":[{"count":6,"href":"https:\/\/us.edu.pl\/wydzial\/wsne\/wp-json\/wp\/v2\/pages\/1629\/revisions"}],"predecessor-version":[{"id":3109,"href":"https:\/\/us.edu.pl\/wydzial\/wsne\/wp-json\/wp\/v2\/pages\/1629\/revisions\/3109"}],"up":[{"embeddable":true,"href":"https:\/\/us.edu.pl\/wydzial\/wsne\/wp-json\/wp\/v2\/pages\/1452"}],"wp:attachment":[{"href":"https:\/\/us.edu.pl\/wydzial\/wsne\/wp-json\/wp\/v2\/media?parent=1629"}],"curies":[{"name":"wp","href":"https:\/\/api.w.org\/{rel}","templated":true}]}}