{"id":1633,"date":"2020-01-16T15:38:37","date_gmt":"2020-01-16T14:38:37","guid":{"rendered":"https:\/\/us.edu.pl\/wydzial\/wsne\/?page_id=1633"},"modified":"2020-04-06T11:50:01","modified_gmt":"2020-04-06T09:50:01","slug":"18-2","status":"publish","type":"page","link":"https:\/\/us.edu.pl\/wydzial\/wsne\/nauka-i-badania\/serie-wydawnicze\/seria-e-learning\/11-e-learning-and-stem-education-articles\/18-2\/","title":{"rendered":"18"},"content":{"rendered":"<p><strong>MODELS OF E-LEARNING SYSTEMS ARCHITECTURE USING AI COMPONENTS\u00a0<\/strong><\/p>\n<p><a href=\"https:\/\/us.edu.pl\/wydzial\/wsne\/wp-content\/uploads\/sites\/20\/Nieprzypisane\/el-2019-11-19-MODELS-OF-E-LEARNING.pdf\" class=\"mtli_attachment mtli_pdf\" data-mtli=\"mtli_filesize421,92kB\">full-text article<\/a><\/p>\n<p>DOI: 10.34916\/el.2019.11.19<\/p>\n<p><strong>Jolanta Szulc<\/strong> University of Silesia in Katowice (Poland)<\/p>\n<p><strong>Abstract<\/strong>: The aim of the study is to present the current state of research on the models of e-learning systems architecture designed using Artificial Intelligence (AI) components. To achieve this goal, the literature of the subject selected from the databases: LISA, LISTA and ERIC and other internet sources were researched. The test results are presented in the following order: (1) Introduction. (2) Basic concepts. (3) Models of e-learning systems architecture. (4) Architecture of e-learning systems with AI elements. (5) Conclusions are presented at the end of the article.<\/p>\n<p><strong>Keywords<\/strong>: Artificial Intelligence, Intelligent Tutoring Systems, Learning Technology Systems Architecture<\/p>\n<p><strong>REFERENCES<\/strong><\/p>\n<ul>\n<li>Alharbi, M., Jemmali, M. (2016). Architecture of e-Learning. <em>International Journal of Knowledge Engineering<\/em>, <em>2(1)<\/em>, 20-25.<\/li>\n<li>Alkhatlan, A., Kalita, J. (2018). Intelligent Tutoring Systems: A Comprehensive Historical Survey with Recent Developments. <em>arXiv:1812.09628<\/em>. Retrieved from https:\/\/arxiv.org\/abs\/1812.09628 (accessed 1 August 2019).<\/li>\n<li>Armenski, G., Gusev, M. (2008). Architecture of modern e-learning systems. In: L. Antovski, M. Mihova (Eds.), <em>Proceedings of the Sixth Conference On Informatics And Information Technology CIIT 2008<\/em> (pp. 38-42). Retrieved from http:\/\/ciit.finki.ukim.mk\/data\/papers\/6CiiT\/6CiiT-09.pdf (accessed 1 August 2019).<\/li>\n<li>Bellman, R.E. (1978). <em>An Introduction to Artificial Intelligence: Can Computers Think?<\/em> San Francisco: Boyd &amp; Fraser Pub. Co.<\/li>\n<li>Brown J. S., Burton R. R., Kleer, J. De (2008). Pedagogical, natural language and knowledge engineering techniques in SOPHIE I, II &amp; III. In D. Sleeman &amp; J. S. Brown (Eds.), <em>Intelligent Tutoring Systems <\/em>(pp. 227-251). New York: Academic Press.<\/li>\n<li>Brusilovsky, P., Eklund, J., Schwarz, E. (1998). Web-based educationfor all: A tool for developing adaptive courseware<em>. Computer Networks and ISDN Systems,<\/em> <em>30(1-7)<\/em>, 291-300.<\/li>\n<li>Clancey, W. J. (1986). From Guidon to Neomycin and Heracles in Twenty Short Lessons: ORN Final Report 1979-1985. <em>AI Magazine<\/em>, <em>7(3)<\/em>, 40-60.<\/li>\n<li>CUPT. (2019). <em>Centrum Uniijnych Projekt\u00f3w Transportowych. Koncepcja architektury w procesie implementacji ITS<\/em>. Retrieved from https:\/\/www.cupt.gov.pl\/wdrazanie-projektow\/its\/its-frame\/architektura-frame\/koncepcja-architektury-w-procesie-implementacji-its (accessed 1 August 2019).<\/li>\n<li>Da\u0161i\u0107, P., Da\u0161i\u0107, J., Crvenkovi\u0107, B., \u0160erifi, V. (2016). A review of intelligent tutoring systems in e-learning. <em>Annals of the University of Oradea<\/em>, <em>3<\/em>, 85-89.<\/li>\n<li>D\u0105bkowski, J., Kowalski, M. (2005). Technologia JSP w tworzeniu aplikacji rozproszonych na przyk\u0142adzie systemu zarz\u0105dzania nieruchomo\u015bciami w gminie. [Translate to English] <em>In\u017cynieria Rolnicza<\/em>, <em>14<\/em>, 75-82.<\/li>\n<li>Draganidis, F., Chamopoulou, P., Mentzas, G. (2008). A semantic web architecture for integrating competence management and learning paths. <em>Journal of Knowledge Management<\/em>, 12(6), 121-136.<\/li>\n<li>Erl, T. (2014). <em>SOA : koncepcje, technologie i projektowanie<\/em>. (A. Gra\u017cy\u0144ski, Trans.). Gliwice: Helion. (Original work published 2005).<\/li>\n<li>Fernando, E. (2014, November). E-learning System Architecture based on Service orientation Architecture Cloud Computing. In Name of Editor (ed.) <em>International Conference on Education, Technology and sciences<\/em>. At: University of Jambi. Indonesia. doi: 10.13140\/2.1.4700.3841<\/li>\n<li>Findeisen, W. (ed.). (1985). <em>Analiza systemowa. Podstawy i metodologia<\/em>. [Translate to English] Warszawa: Pa\u0144stwowe Wydawnictwo Naukowe.<\/li>\n<li>Finke, A., Bic\u00e3ns, J. (2010). E-learning system content and architecture evolution. In A. Targamadz\u00e9 (Ed.) <em>Information Technilogies&#8217;2010: Proceedings of the 16th International Conference on Information and Software Technologies (IT 2010), Lithuania, Kaunas, 22-23 April, 2010<\/em> (pp. 311-315). Kaunas: Kaunas University of Technology.<\/li>\n<li>Flasi\u0144ski, M. (2010). <em>Introduction to artificial intelligence<\/em>. [Cham]: Springer International Publishing Switzerland.<\/li>\n<li>Garcia-Molina, H., Ullman, J. D., Widom, J. (2014). <em>Database systems: the complete book<\/em>. Harlow, England: Pearson.<\/li>\n<li>Ga\u017adzicki, J. (2003). Kompendium infrastruktur danych przestrzennych. Cz\u0119\u015b\u0107 II skr\u00f3conej wersji polskiej podr\u0119cznika Developing Spatial Data Infrastructures: The SDI Cookbook GIS \u015bwiat, s. 29, Douglas D. Nebert. [United States] : Global Spatial Data Infrastructure, 2001]. Red., oprac. wersji polskiej: J. Ga\u017adzicki. <em>Geodeta<\/em>, <em>3<\/em>, 29-32.<\/li>\n<li>Geoforum.pl. (2019a). <em>Od GIS do SDI<\/em>. Retrieved from https:\/\/geoforum.pl\/strona\/46814,46843,46927\/gis-krotki-wyklad-sdi-inaczej-od-gis-do-sdi (accessed 1 August 2019).<\/li>\n<li>Geoforum.pl. (2019b). <em>Przysz\u0142o\u015b\u0107 SDI<\/em>. Retrieved\u00a0from https:\/\/geoforum.pl\/page\/46814,46843,46927\/gis-krotki-wyklad-sdi-inaczej-od-gis-do-sdi (accessed 1 August 2019).<\/li>\n<li>Ghatasheh, N. (2015). Knowledge Level Assessment in e-Learning Systems Using Machine Learning and User Activity Analysis. <em>International Journal of Advanced Computer Science and Applications<\/em>, <em>6(4)<\/em>, 107-113.<\/li>\n<li>Graesser, A. C., VanLehn, K., Ros\u00e9, C. P., Jordan, P. W., Harter, D. (2001). Intelligent tutoring systems with conversational dialogue. <em>AI Magazine<\/em>, <em>22(4)<\/em>, 39-52.<\/li>\n<li>Gryglewicz-Kacerka, W., Duraj, A. (2013). <em>Projektowanie obiektowe system\u00f3w informatycznych. <\/em>[Translate to English] <em>Cz\u0119\u015b\u0107 II.<\/em> W\u0142oc\u0142awek: Pa\u0144stwowa Wy\u017csza Szko\u0142a Zawodowa we W\u0142oc\u0142awku. [Translate to English]<\/li>\n<li>Hoppe, U., Verdejo, M. F., Kay, J. (2003). <em>Artificial intelligence in education: shaping the future of learning through intelligent technologies<\/em>. Amsterdam, Netherlands Washington, D.C.: IOS Press; Tokyo, Japan: Ohmsha.<\/li>\n<li>IBM. (2019). <em>Design an SOA solution using a reference architecture<\/em>. Retrieved from https:\/\/www.ibm.com\/developerworks\/webservices\/library\/ar-archtemp\/index.html (accessed 1 August 2019).<\/li>\n<li>IEEE. (2003). <em>Std 1484.1-2003: IEEE Standard for Learning Technology-Learning Technology Systems Architecture (LTSA)<\/em>. [S.l.]: IEEE.<\/li>\n<li>ISO\/IEC 42010:2007 <em>Systems and software engineering &#8211; Recommended practice for architectural description of software-intensive systems <\/em>ISO\/IEC\/IEEE 42010:2011 <em>Systems and software engineering &#8211; Architecture Description<\/em><\/li>\n<li>Khan, M. A., Rehman, F. U. (2014, February 20). An Extendable Open Source Architecture of e-Learning System. In Name of Editor (ed.) <em>2013 Fourth International Conference on e-Learning<\/em> <em>Best Practices in Management, Design and Development of e-Courses: Standards of Excellence and Creativity<\/em>. Publisher: IEEE. doi: 10.1109\/ECONF.2013.51<\/li>\n<li>Ko\u0142odzi\u0144ski, E., Betli\u0144ski, G. (2007). Modelowanie system\u00f3w informacji przestrzennej z zastosowaniem uog\u00f3lnionej klasy obiekt\u00f3w. [Translate to English] <em>Roczniki Geomatyki<\/em>, [Translate to English] <em>5(2)<\/em>, 39-[53].<\/li>\n<li>Lofland J., Snow, D., Anderson, L., Lofland, L. (2009). <em>Analiza uk\u0142ad\u00f3w spo\u0142ecznych<\/em>. [Translate to English] (E. Ha\u0142as, A. Kordasiewicz, S. Urba\u0144ska, M. \u017bychli\u0144ska, Trans.). Warszawa: Wydawnictwo Naukowe SCHOLAR.<\/li>\n<li>Marciniak, J. (2014). Building E-Learning Content Repositories to Support Content Reusability. <em>International Journal of Emerging Technologies in Learning (iJET)<\/em>, <em>9(3)<\/em>, 45-52.<\/li>\n<li>Marciniak, J. (2015). <em>Inteligentne systemy e-learningowe wykorzystuj\u0105ce ontologie typu wordnet<\/em>. [Translate to English] Pozna\u0144: Wydawnictwo Naukowe UAM.<\/li>\n<li>Marciniak, J. (2016). Inteligentne systemy e-learningowe jako przyk\u0142ad wykorzystania sztucznej inteligencji w kszta\u0142ceniu na odleg\u0142o\u015b\u0107<em>. <\/em>[Translate to English]<em> EduAkcja. Magazyn edukacji elektronicznej<\/em>, <em>2(12)<\/em>, 87-101.<\/li>\n<li>Mendozaab, R., Baldirisab, S., Fabregat, R. (2015). Framework to Heritage Education Using Emerging Technologies. <em>Computer Science Procedures<\/em>, <em>75<\/em>, 239-249.<\/li>\n<li>Mousavinasab E., Zarifsanaiey, N., Kalhori, S. R. N., Rakhshan, M., Keikha, L., Saeedi, M. G. (2018, December 18). Intelligent tutoring systems: a systematic review of characteristics, applications, and evaluation methods. <em>Interactive Learning Environments. <\/em>doi: 10.1080\/10494820.2018.1558257 pp.??<\/li>\n<li>Murray, T. (1999). Authoring Intelligent Tutoring Systems: An analysis of the state of the art. <em>International Journal of Artificial Intelligence in Education<\/em>, <em>10<\/em>, 98-129.<\/li>\n<li>Noskova, T., Pavlova, T.,Yakovleva, O. (2018). Study of students&#8217; educational activity strategies in the social media environment. In E. Smyrnova-Trybulska (Ed.). <em>E-learning and smart learning environment for the preparation of new generation specialist: monograph<\/em> \u201cE-Learning\u201d. 10. (pp. 113-123). Katowice &#8211; Cieszyn: Studio Noa; for University of Silesia in Katowice.<\/li>\n<li>Nwana, H. S. (1990). Intelligent tutoring systems: an overview. <em>Artificial Intelligence Review<\/em>, <em>4(4)<\/em>, 251\u2013277.<\/li>\n<li>Pahl, C. (2008). <em>Architecture Solutions for E-Learning Systems<\/em>. IGI Global.<\/li>\n<li>Pattnayak, J., Pattnaik, S., Dash, P. (2017). Knowledge Management in E-Learning. A Critical Analysis<em>. International Journal of Engineering And Computer Science<\/em>, <em>6(5)<\/em>, 21528-21533.<\/li>\n<li>Phobun, P., Vicheanpanya, J. (2010). Adaptive intelligent tutoring systems for e-learning systems. <em>Procedia &#8211; Social and Behavioral Sciences<\/em>, <em>2(2)<\/em>, 4064-4069.<\/li>\n<li>Plebaniak, R. (2019). <em>Modelowanie i analiza system\u00f3w informatycznych \u00a0\u00a0<\/em>[Translate to English]<em> [Lecture]<\/em>. Retrieved from http:\/\/math.uni.lodz.pl\/~robpleb\/wyklad1_3.pdf (accessed 1 August 2019).<\/li>\n<li>Polson, M. C., Richardson, J. J. (1988). <em>Foundations of intelligent tutoring systems<\/em>. Hillsdale (New Jersey-USA): Lawrence Erlbaum Associates Publishers.<\/li>\n<li>Psotka, J.J., Massey, L.D., Mutter, S.A. (1988). <em>Intelligent tutoring systems: <\/em><\/li>\n<li><em>Lesson learned<\/em>. Hillsdale (New Jersey-USA): Lawrence Erlbaum Associates Publishers, 1988.<\/li>\n<li>Rawat, B., Dwivedi, S. K. (2017). Architecture for Recommendation of Courses in E-learning System. <em>Information Technology and Computer Science<\/em>, <em>4<\/em>, 39-47.<\/li>\n<li>Russell, S.J., Norvig, P. (2016). <em>Artificial intelligence: a modern approach<\/em>. Boston [etc.]: Pearson Education Limited.<\/li>\n<li>Santhi Dr. R., Priya B., Nadhini J. M.: Review of intelligent tutoring systems using bayesian approach. <em>arXiv:1302.7081. <\/em>Retrieved from https:\/\/arxiv.org\/abs\/1302.7081 (accessed 1 August 2019).<\/li>\n<li>Sharma, S., Ghorpade, S., Sahni, A., Saluja, N. (2014). Survey of Intelligent Tutoring Systems: A Review on the Development of Expert\/Intelligent Tutoring Systems, various Teaching Strategies and Expert Tutoring System Design Suggestions. <em>International Journal of Engineering Research &amp; Technology (IJERT)<\/em>, <em>3(11)<\/em>, 37-42.<\/li>\n<li>Smyrnova-Trybulska, E. (2018). Smart university in smart society \u2013 some trends. In E. Smyrnova-Trybulska (Ed.). <em>E-learning and smart learning environment for the preparation of new generation specialist : monograph <\/em>(pp. 65-80). Katowice: Studio Noa; Cieszyn: for University of Silesia in Katowice. Faculty of Ethnology and Sciences of Education.<\/li>\n<li>Sommerville, I. (2019). <em>In\u017cynieria oprogramowania. Rozdzia\u0142 10. [Lecture]<\/em>. Retrieved from www.mif.pg.gda.pl\/kft\/Rozdz10.ppt<\/li>\n<li>Sommerville, I. (2000). <em>Software Engineering 6th Edition<\/em>. Addison Wesley. Soofi, A. A., Uddin, M. (2019). A Systematic Review of Domains, Techniques, Delivery Modes and Validation Methods for Intelligent Tutoring Systems. <em>International Journal of Advanced Computer Science and Applications<\/em>, <em>10(3)<\/em>, 99-107.<\/li>\n<li>Sudhana, K. M., Cyril, V., Ravi, T. (2013). An Architectural-model for Context aware Adaptive Delivery of Learning Material. <em>International Journal of Advanced Computer Science and Applications<\/em>, <em>4(10)<\/em>, 80-87.<\/li>\n<li>Tadeusiewicz, R. (2019). <em>Analiza i projektowanie system\u00f3w informacyjnych \u00a0<\/em>[Translate to English]<em> [Lecture]<\/em>. Retrieved from https:\/\/www.uci.agh.edu.pl\/uczelnia\/tad\/aipsi\/index.php?id=psi (accessed<br \/>\n1 August 2019).<\/li>\n<li>VanLehn, K. (2011). The relative effectiveness of human tutoring, intelligent tutoring systems, and other tutoring systems. <em>Educational Psychologist<\/em>, <em>46(4)<\/em>, 197\u2013221.<\/li>\n<li>Wenger, \u00c9. (1987). <em>Artificial Intelligence and Tutoring Systems: Computational and Cognitive Approaches to the Communication of Knowledge<\/em>. Los Altos, CA: Morgan Kaufmann Publishers, Inc.<\/li>\n<li>Wolski, M. (2019). Dokumentacja wymaga\u0144 oparta na modelu. [Translate to English] <em>Wolski<\/em>. Retrieved from https:\/\/www.michalwolski.pl\/2015\/05\/ dokumentacja-wymagan-oparta-na-modelu\/ (accessed 1 August 2019).<\/li>\n<li>Zhang, J., Ren, F., Chen, T. (2006, February 27). Intelligent tutoring systems: Research status and its development in China. In Name of Editor (ed.) (Year). <em>2005 International Conference on Natural Language Processing and Knowledge Engineering<\/em>. Publisher: IEEE. doi: 10.1109\/NLPKE.2005.1598823.<\/li>\n<li>\u017beli\u0144ski, J. (2011). Cloud Computing to architektura system. <em>Jaros\u0142aw \u017beli\u0144ski IT-Consulting<\/em>, blog post, 11 October. Retrieved from Nhttps:\/\/it-consulting.pl\/autoinstalator\/wordpress\/?s=architektura+systemu (accessed 1 August 2019).<\/li>\n<\/ul>\n<p><\/p>\n<style type=\"text\/css\">a[data-mtli~=\"mtli_filesize421,92kB\"]:after {content:\" (421,92 kB)\"}<\/style>","protected":false},"excerpt":{"rendered":"<p>MODELS OF E-LEARNING SYSTEMS ARCHITECTURE USING AI COMPONENTS\u00a0 full-text article DOI: 10.34916\/el.2019.11.19 Jolanta Szulc University of Silesia in Katowice (Poland) Abstract: The aim of the study is to present the current state of research on the models of e-learning systems architecture designed using Artificial Intelligence (AI) components. To achieve this goal, the literature of the [&#8230;]<\/p>\n<p><a class=\"btn btn-secondary understrap-read-more-link\" href=\"https:\/\/us.edu.pl\/wydzial\/wsne\/nauka-i-badania\/serie-wydawnicze\/seria-e-learning\/11-e-learning-and-stem-education-articles\/18-2\/\">Read More&#8230;<\/a><\/p>\n","protected":false},"author":110,"featured_media":0,"parent":1452,"menu_order":18,"comment_status":"closed","ping_status":"closed","template":"page-templates\/inner-page.php","meta":{"_expiration-date-status":"saved","_expiration-date":0,"_expiration-date-type":"","_expiration-date-categories":[],"_expiration-date-options":[]},"acf":[],"_links":{"self":[{"href":"https:\/\/us.edu.pl\/wydzial\/wsne\/wp-json\/wp\/v2\/pages\/1633"}],"collection":[{"href":"https:\/\/us.edu.pl\/wydzial\/wsne\/wp-json\/wp\/v2\/pages"}],"about":[{"href":"https:\/\/us.edu.pl\/wydzial\/wsne\/wp-json\/wp\/v2\/types\/page"}],"author":[{"embeddable":true,"href":"https:\/\/us.edu.pl\/wydzial\/wsne\/wp-json\/wp\/v2\/users\/110"}],"replies":[{"embeddable":true,"href":"https:\/\/us.edu.pl\/wydzial\/wsne\/wp-json\/wp\/v2\/comments?post=1633"}],"version-history":[{"count":4,"href":"https:\/\/us.edu.pl\/wydzial\/wsne\/wp-json\/wp\/v2\/pages\/1633\/revisions"}],"predecessor-version":[{"id":2547,"href":"https:\/\/us.edu.pl\/wydzial\/wsne\/wp-json\/wp\/v2\/pages\/1633\/revisions\/2547"}],"up":[{"embeddable":true,"href":"https:\/\/us.edu.pl\/wydzial\/wsne\/wp-json\/wp\/v2\/pages\/1452"}],"wp:attachment":[{"href":"https:\/\/us.edu.pl\/wydzial\/wsne\/wp-json\/wp\/v2\/media?parent=1633"}],"curies":[{"name":"wp","href":"https:\/\/api.w.org\/{rel}","templated":true}]}}