{"id":165247,"date":"2025-02-19T12:16:11","date_gmt":"2025-02-19T11:16:11","guid":{"rendered":"https:\/\/us.edu.pl\/wydzial\/wsne\/?page_id=165247"},"modified":"2026-03-03T11:41:25","modified_gmt":"2026-03-03T10:41:25","slug":"instytut-nauk-o-kulturze-ogloszenia","status":"publish","type":"page","link":"https:\/\/us.edu.pl\/wydzial\/wsne\/instytut-nauk-o-kulturze-ogloszenia\/","title":{"rendered":"Instytut Nauk o Kulturze &#8211; og\u0142oszenia"},"content":{"rendered":"<p>[vc_row][vc_column]\r\n                <div class=\"text-modules\">\r\n                    <div class=\"container\">\r\n                        \r\n                        <div class=\"text-modules__content\"><\/p>\n<ul>\n<li><strong>dr Magdalena Szalbot\u00a0<\/strong> \u2013 nieobecno\u015b\u0107 w dniach 04-05.03.2026, (zaj\u0119cia i dy\u017cur)<\/li>\n<\/ul>\n<hr \/>\n<p>\n<\/div>\r\n                    <\/div>\r\n                <\/div>\r\n                <div class=\"text-modules\">\r\n                    <div class=\"container\">\r\n                        \r\n                        <div class=\"text-modules__content\"><\/p>\n<ul>\n<li>W dniu 9.12.2025 (wtorek) zaj\u0119cia z <strong>dr hab. Katarzyn\u0105 Marcol, prof. U\u015a<\/strong> nie odb\u0119d\u0105 si\u0119.<\/li>\n<\/ul>\n<hr \/>\n<p>\n<\/div>\r\n                    <\/div>\r\n                <\/div>\r\n                <div class=\"text-modules\">\r\n                    <div class=\"container\">\r\n                        \r\n                        <div class=\"text-modules__content\"><\/p>\n<ul>\n<li>\n<p class=\"v1MsoNormal\"><strong>dr Barbara Chojnacka-Synaszko<\/strong> \u2013 nieobecno\u015b\u0107 w dniu 26.11.2025, tj. \u015broda, ze wzgl\u0119du na wyjazd s\u0142u\u017cbowy<\/p>\n<p class=\"v1MsoNormal\"><strong>dr hab. Agnieszka Pie\u0144czak, prof. U\u015a<\/strong> \u2013 nieobecno\u015b\u0107 w dniach 18-21.11.2025, z powodu choroby<\/p>\n<p class=\"v1MsoNormal\"><strong>dr Halina Simo<\/strong> \u2013 w dniu 19.11.2025 odwo\u0142anie zaj\u0119\u0107, a odpracowanie zaplanowane na 24.11.2025, godz. 11.30-13.00 (online)<\/p>\n<\/li>\n<\/ul>\n<hr \/>\n<p>\n<\/div>\r\n                    <\/div>\r\n                <\/div>\r\n                <div class=\"text-modules\">\r\n                    <div class=\"container\">\r\n                        \r\n                        <div class=\"text-modules__content\"><\/p>\n<ul>\n<li><strong>dr hab. Grzegorz Studnicki<\/strong>, prof. U\u015a \u2013 nieobecno\u015b\u0107 od poniedzia\u0142ku 03.11.2025 do pi\u0105tku 07.11.2025 (w\u0142\u0105cznie)<\/li>\n<\/ul>\n<hr \/>\n<p>\n<\/div>\r\n                    <\/div>\r\n                <\/div>\r\n                <div class=\"text-modules\">\r\n                    <div class=\"container\">\r\n                        \r\n                        <div class=\"text-modules__content\"><\/p>\n<ul>\n<li><strong>Dr Malwina Rolka<\/strong> \u2013 w dniu 14.10.2025 godz. 09.00-10.30 odrabianie zaj\u0119\u0107 dla I\u00a0roku etnologii I st. z filozofii \u2013 dla zaj\u0119\u0107 z dnia 20.10.2025<\/li>\n<\/ul>\n<hr \/>\n<p>\n<\/div>\r\n                    <\/div>\r\n                <\/div>\r\n                <div class=\"text-modules\">\r\n                    <div class=\"container\">\r\n                        \r\n                        <div class=\"text-modules__content\"><\/p>\n<p class=\"single-title single-title_border-bottom\"><span style=\"font-size: 12pt;\"><strong>Punkt Konsultacyjny Przedsi\u0119biorczo\u015bci Akademickiej U\u015a<\/strong><\/span><\/p>\n<p class=\"single-title single-title_border-bottom\"><span style=\"font-size: 12pt;\"><strong> <a href=\"https:\/\/us.edu.pl\/wydzial\/wsne\/wp-content\/uploads\/sites\/20\/Bez-kategorii\/Announcement_Academic-Entrepreneurship-Consultation-Point_24.03_ENG.pdf\" class=\"mtli_attachment mtli_pdf\" data-mtli=\"mtli_filesize709,09kB\" class=\"mtli_attachment mtli_pdf\" data-mtli=\"mtli_filesize709,09kB\">Announcement_Academic Entrepreneurship Consultation Point_24.03_ENG<\/a><\/strong><\/span><\/p>\n<p class=\"single-title single-title_border-bottom\"><span style=\"font-size: 12pt;\"><strong><a href=\"https:\/\/us.edu.pl\/wydzial\/wsne\/wp-content\/uploads\/sites\/20\/Bez-kategorii\/Ogloszenie-punkt-konsultacyjny_24.03.pdf\" class=\"mtli_attachment mtli_pdf\" data-mtli=\"mtli_filesize710,51kB\" class=\"mtli_attachment mtli_pdf\" data-mtli=\"mtli_filesize710,51kB\">Og\u0142oszenie punkt konsultacyjny_24.03<\/a><\/strong><\/span><\/p>\n<hr \/>\n<p>\n<style type=\"text\/css\">a[data-mtli~=\"mtli_filesize709,09kB\"]:after {content:\" (709,09 kB)\"}a[data-mtli~=\"mtli_filesize710,51kB\"]:after {content:\" (710,51 kB)\"}<\/style><\/div>\r\n                    <\/div>\r\n                <\/div>[\/vc_column][\/vc_row]<\/p>\n<style type=\"text\/css\">a[data-mtli~=\"mtli_filesize709,09kB\"]:after {content:\" (709,09 kB)\"}a[data-mtli~=\"mtli_filesize710,51kB\"]:after {content:\" (710,51 kB)\"}<\/style>","protected":false},"excerpt":{"rendered":"<p>[vc_row][vc_column][\/vc_column][\/vc_row] [&#8230;]<\/p>\n<p><a class=\"btn btn-secondary understrap-read-more-link\" href=\"https:\/\/us.edu.pl\/wydzial\/wsne\/instytut-nauk-o-kulturze-ogloszenia\/\">Read More&#8230;<\/a><\/p>\n","protected":false},"author":110,"featured_media":0,"parent":0,"menu_order":0,"comment_status":"closed","ping_status":"closed","template":"","meta":{"_expiration-date-status":"","_expiration-date":0,"_expiration-date-type":"","_expiration-date-categories":[],"_expiration-date-options":[]},"acf":[],"_links":{"self":[{"href":"https:\/\/us.edu.pl\/wydzial\/wsne\/wp-json\/wp\/v2\/pages\/165247"}],"collection":[{"href":"https:\/\/us.edu.pl\/wydzial\/wsne\/wp-json\/wp\/v2\/pages"}],"about":[{"href":"https:\/\/us.edu.pl\/wydzial\/wsne\/wp-json\/wp\/v2\/types\/page"}],"author":[{"embeddable":true,"href":"https:\/\/us.edu.pl\/wydzial\/wsne\/wp-json\/wp\/v2\/users\/110"}],"replies":[{"embeddable":true,"href":"https:\/\/us.edu.pl\/wydzial\/wsne\/wp-json\/wp\/v2\/comments?post=165247"}],"version-history":[{"count":10,"href":"https:\/\/us.edu.pl\/wydzial\/wsne\/wp-json\/wp\/v2\/pages\/165247\/revisions"}],"predecessor-version":[{"id":173873,"href":"https:\/\/us.edu.pl\/wydzial\/wsne\/wp-json\/wp\/v2\/pages\/165247\/revisions\/173873"}],"wp:attachment":[{"href":"https:\/\/us.edu.pl\/wydzial\/wsne\/wp-json\/wp\/v2\/media?parent=165247"}],"curies":[{"name":"wp","href":"https:\/\/api.w.org\/{rel}","templated":true}]}}