{"id":166790,"date":"2025-03-19T10:02:01","date_gmt":"2025-03-19T09:02:01","guid":{"rendered":"https:\/\/us.edu.pl\/wydzial\/wsne\/?page_id=166790"},"modified":"2025-12-09T08:58:40","modified_gmt":"2025-12-09T07:58:40","slug":"instytut-sztuk-plastycznych-ogloszenia","status":"publish","type":"page","link":"https:\/\/us.edu.pl\/wydzial\/wsne\/instytut-sztuk-plastycznych-ogloszenia\/","title":{"rendered":"Instytut Sztuk Plastycznych \u2013 og\u0142oszenia"},"content":{"rendered":"<p>[vc_row][vc_column]\r\n                <div class=\"text-modules\">\r\n                    <div class=\"container\">\r\n                        \r\n                        <div class=\"text-modules__content\"><\/p>\n<ul>\n<li>\n<p class=\"v1MsoNormal\">W dniu 09.12.2025 r. zaj\u0119cia z Panem <strong>prof. Krzysztofem Kul\u0105<\/strong> nie odb\u0119d\u0105 si\u0119.<\/p>\n<\/li>\n<\/ul>\n<hr \/>\n<p>\n<\/div>\r\n                    <\/div>\r\n                <\/div>\r\n                <div class=\"text-modules\">\r\n                    <div class=\"container\">\r\n                        \r\n                        <div class=\"text-modules__content\"><\/p>\n<ul>\n<li>\n<p class=\"v1MsoNormal\">Pan <strong>prof. dr hab. Krzysztof Kula<\/strong> nieobecny w dniach 28.10-31.10.2025 r.<\/p>\n<\/li>\n<\/ul>\n<hr \/>\n<p>\n<\/div>\r\n                    <\/div>\r\n                <\/div>\r\n                <div class=\"text-modules\">\r\n                    <div class=\"container\">\r\n                        \r\n                        <div class=\"text-modules__content\"><\/p>\n<ul>\n<li>W dniu 27.10.2025 r. zaj\u0119cia z Panem <strong>dr Wojciechem Kukuczk\u0105<\/strong> nie odb\u0119d\u0105 si\u0119.<\/li>\n<\/ul>\n<hr \/>\n<p>\n<\/div>\r\n                    <\/div>\r\n                <\/div>\r\n                <div class=\"text-modules\">\r\n                    <div class=\"container\">\r\n                        \r\n                        <div class=\"text-modules__content\"><\/p>\n<ul>\n<li>Pan <strong>mgr in\u017c. Adam Cichy<\/strong> nieobecno\u015b\u0107 w dniach 24.10-30.10.2025 r.<\/li>\n<\/ul>\n<hr \/>\n<p>\n<\/div>\r\n                    <\/div>\r\n                <\/div>\r\n                <div class=\"text-modules\">\r\n                    <div class=\"container\">\r\n                        \r\n                        <div class=\"text-modules__content\"><p><span style=\"font-size: 12pt;\"><strong>Punkt Konsultacyjny Przedsi\u0119biorczo\u015bci Akademickiej U\u015a<\/strong><\/span><\/p>\n<p class=\"single-title single-title_border-bottom\"><span style=\"font-size: 12pt;\"><strong> <a href=\"https:\/\/us.edu.pl\/wydzial\/wsne\/wp-content\/uploads\/sites\/20\/Bez-kategorii\/Announcement_Academic-Entrepreneurship-Consultation-Point_24.03_ENG.pdf\" class=\"mtli_attachment mtli_pdf\" data-mtli=\"mtli_filesize709,09kB\" class=\"mtli_attachment mtli_pdf\" data-mtli=\"mtli_filesize709,09kB\">Announcement_Academic Entrepreneurship Consultation Point_24.03_ENG<\/a><\/strong><\/span><\/p>\n<p class=\"single-title single-title_border-bottom\"><span style=\"font-size: 12pt;\"><strong><a href=\"https:\/\/us.edu.pl\/wydzial\/wsne\/wp-content\/uploads\/sites\/20\/Bez-kategorii\/Ogloszenie-punkt-konsultacyjny_24.03.pdf\" class=\"mtli_attachment mtli_pdf\" data-mtli=\"mtli_filesize710,51kB\" class=\"mtli_attachment mtli_pdf\" data-mtli=\"mtli_filesize710,51kB\">Og\u0142oszenie punkt konsultacyjny_24.03<\/a><\/strong><\/span><\/p>\n<hr \/>\n<p>\n<style type=\"text\/css\">a[data-mtli~=\"mtli_filesize709,09kB\"]:after {content:\" (709,09 kB)\"}a[data-mtli~=\"mtli_filesize710,51kB\"]:after {content:\" (710,51 kB)\"}<\/style><\/div>\r\n                    <\/div>\r\n                <\/div>\r\n                <div class=\"text-modules\">\r\n                    <div class=\"container\">\r\n                        \r\n                        <div class=\"text-modules__content\"><\/p>\n<div class=\"vc_row wpb_row vc_row-fluid\">\n<div class=\"wpb_column vc_column_container vc_col-sm-12\">\n<div class=\"vc_column-inner\">\n<div class=\"wpb_wrapper\">\n<div class=\"text-modules\">\n<div class=\"container\">\n<div class=\"text-modules__content\">\n<p>&nbsp;<\/p>\n<p><strong style=\"font-size: 12pt;\">Rekrutacja na wyjazdy na studia w ramach programu Erasmus+\u00a0<\/strong><\/p>\n<\/div>\n<\/div>\n<\/div>\n<\/div>\n<\/div>\n<\/div>\n<\/div>\n<div class=\"vc_row wpb_row vc_row-fluid\">\n<div class=\"wpb_column vc_column_container vc_col-sm-12\">\n<div class=\"vc_column-inner\">\n<div class=\"wpb_wrapper\">\n<div class=\"text-modules\">\n<div class=\"container\">\n<div class=\"text-modules__content\">\n<p><span style=\"font-size: 12pt;\">Szanowni Pa\u0144stwo,<\/span><\/p>\n<p><span style=\"font-size: 12pt;\">\u00a0W zwi\u0105zku ze zbli\u017caj\u0105c\u0105 si\u0119 rekrutacj\u0105 na wyjazdy na studia w ramach programu Erasmus+ serdecznie zapraszamy na spotkania informacyjne, dotycz\u0105ce rekrutacji, kt\u00f3re odb\u0119d\u0105 si\u0119 w formie zdalnej poprzez platform\u0119 MS Teams w dniach:<\/span><\/p>\n<ul>\n<li><span style=\"font-size: 12pt;\"><strong>13.03.2025 (czwartek), g.13.00 (dla pozosta\u0142ych wydzia\u0142\u00f3w)<\/strong><\/span><\/li>\n<\/ul>\n<p><span style=\"font-size: 12pt;\">Link do spotkania:<\/span><\/p>\n<p><span style=\"font-size: 12pt;\"><a href=\"https:\/\/teams.microsoft.com\/l\/meetup-join\/19%3ameeting_MTIxMjUxYWYtNTllNS00MzU5LWFmY2ItZDMwODJkNGEwMzZl%40thread.v2\/0?context=%7b%22Tid%22%3a%2250c76291-0c80-4444-a2fb-4f8ab168c311%22%2c%22Oid%22%3a%22077ce266-ee4a-4812-86c7-9cd22f7e1e36%22%7d\" target=\"_blank\" rel=\"noopener noreferrer\">https:\/\/teams.microsoft.com\/l\/meetup-join\/19%3ameeting_MTIxMjUxYWYtNTllNS00MzU5LWFmY2ItZDMwODJkNGEwMzZl%40thread.v2\/0?context=%7b%22Tid%22%3a%2250c76291-0c80-4444-a2fb-4f8ab168c311%22%2c%22Oid%22%3a%22077ce266-ee4a-4812-86c7-9cd22f7e1e36%22%7d<\/a><\/span><\/p>\n<hr \/>\n<p>&nbsp;<\/p>\n<\/div>\n<\/div>\n<\/div>\n<\/div>\n<\/div>\n<\/div>\n<\/div>\n<div class=\"vc_row wpb_row vc_row-fluid\">\n<div class=\"wpb_column vc_column_container vc_col-sm-12\">\n<div class=\"vc_column-inner\">\n<div class=\"wpb_wrapper\">\n<div class=\"text-modules\">\n<div class=\"container\">\n<div class=\"text-modules__content\">\n<p><span style=\"font-size: 12pt;\">Trwa nab\u00f3r do projektu \u201ePROM. Kr\u00f3tkookresowa wymiana akademicka\u201d, finansowanego przez Narodow\u0105 Agencj\u0119 Wymiany Akademickiej, kt\u00f3ry umo\u017cliwia udzia\u0142 w kr\u00f3tkookresowych mobilno\u015bciach zagranicznych. Projekt skierowany jest r\u00f3wnie\u017c do student\u00f3w i studentek naszego Uniwersytetu. Rekrutacja potrwa do 7 marca 2025 r., do godziny 12.00.\u00a0<\/span><\/p>\n<p><span style=\"font-size: 12pt;\">Studenci i studentki mog\u0105 zaplanowa\u0107 mobilno\u015b\u0107 mi\u0119dzynarodow\u0105 trwaj\u0105c\u0105 tydzie\u0144 zwi\u0105zan\u0105 z udzia\u0142em w konferencji mi\u0119dzynarodowej, konkursach mi\u0119dzynarodowych oraz wizytach studyjnych. Celem mobilno\u015bci jest podniesienie kompetencji.\u00a0<\/span><\/p>\n<p><span style=\"font-size: 12pt;\">Wszystkie szczeg\u00f3\u0142y oraz dokumenty rekrutacyjne s\u0105 dost\u0119pne na stronie:\u00a0<a href=\"https:\/\/us.edu.pl\/komunikaty\/prom-krotkookresowa-wymiana-akademicka-nawa\/\" target=\"_blank\" rel=\"noopener noreferrer\">PROM \u2013 Kr\u00f3tkookresowa wymiana akademicka (NAWA) | Uniwersytet \u015al\u0105ski w Katowicach<\/a>. Pytania i uwagi prosimy kierowa\u0107 na adres:\u00a0<a href=\"mailto:drwm@us.edu.pl\" rel=\"noreferrer\">drwm@us.edu.pl<\/a>.<\/span><\/p>\n<\/div>\n<\/div>\n<\/div>\n<\/div>\n<\/div>\n<\/div>\n<\/div>\n<p>\n<\/div>\r\n                    <\/div>\r\n                <\/div>[\/vc_column][\/vc_row]<\/p>\n<style type=\"text\/css\">a[data-mtli~=\"mtli_filesize709,09kB\"]:after {content:\" (709,09 kB)\"}a[data-mtli~=\"mtli_filesize710,51kB\"]:after {content:\" (710,51 kB)\"}<\/style>","protected":false},"excerpt":{"rendered":"<p>[vc_row][vc_column][\/vc_column][\/vc_row] [&#8230;]<\/p>\n<p><a class=\"btn btn-secondary understrap-read-more-link\" href=\"https:\/\/us.edu.pl\/wydzial\/wsne\/instytut-sztuk-plastycznych-ogloszenia\/\">Read More&#8230;<\/a><\/p>\n","protected":false},"author":110,"featured_media":0,"parent":0,"menu_order":0,"comment_status":"closed","ping_status":"closed","template":"","meta":{"_expiration-date-status":"","_expiration-date":0,"_expiration-date-type":"","_expiration-date-categories":[],"_expiration-date-options":[]},"acf":[],"_links":{"self":[{"href":"https:\/\/us.edu.pl\/wydzial\/wsne\/wp-json\/wp\/v2\/pages\/166790"}],"collection":[{"href":"https:\/\/us.edu.pl\/wydzial\/wsne\/wp-json\/wp\/v2\/pages"}],"about":[{"href":"https:\/\/us.edu.pl\/wydzial\/wsne\/wp-json\/wp\/v2\/types\/page"}],"author":[{"embeddable":true,"href":"https:\/\/us.edu.pl\/wydzial\/wsne\/wp-json\/wp\/v2\/users\/110"}],"replies":[{"embeddable":true,"href":"https:\/\/us.edu.pl\/wydzial\/wsne\/wp-json\/wp\/v2\/comments?post=166790"}],"version-history":[{"count":10,"href":"https:\/\/us.edu.pl\/wydzial\/wsne\/wp-json\/wp\/v2\/pages\/166790\/revisions"}],"predecessor-version":[{"id":172529,"href":"https:\/\/us.edu.pl\/wydzial\/wsne\/wp-json\/wp\/v2\/pages\/166790\/revisions\/172529"}],"wp:attachment":[{"href":"https:\/\/us.edu.pl\/wydzial\/wsne\/wp-json\/wp\/v2\/media?parent=166790"}],"curies":[{"name":"wp","href":"https:\/\/api.w.org\/{rel}","templated":true}]}}