{"id":169086,"date":"2025-05-23T14:07:11","date_gmt":"2025-05-23T12:07:11","guid":{"rendered":"https:\/\/us.edu.pl\/wydzial\/wsne\/?page_id=169086"},"modified":"2025-05-26T10:05:54","modified_gmt":"2025-05-26T08:05:54","slug":"wzory-dokumentow","status":"publish","type":"page","link":"https:\/\/us.edu.pl\/wydzial\/wsne\/wzory-dokumentow\/","title":{"rendered":"Wzory dokument\u00f3w"},"content":{"rendered":"<p>[vc_row][vc_column]\r\n                <div class=\"text-modules\">\r\n                    <div class=\"container\">\r\n                        \r\n                        <div class=\"text-modules__content\"><p><strong>Dokumenty wymagane do powo\u0142ania promotora<\/strong><\/p>\n<p>Wniosek o powo\u0142anie promotora\/promotor\u00f3w\u00a0<a href=\"https:\/\/us.edu.pl\/instytut\/inpr\/wp-content\/uploads\/sites\/53\/Bez-kategorii\/Wniosk-o-powolanie-promotora-w-trybie-eksternistycznym_zal.-1.docx\" class=\"mtli_attachment mtli_docx\" class=\"mtli_attachment mtli_docx\">druk\u00a0<\/a><a href=\"https:\/\/us.edu.pl\/instytut\/inpr\/wp-content\/uploads\/sites\/53\/Bez-kategorii\/Wniosk-o-powolanie-promotora-w-trybie-eksternistycznym_zal.-1.pdf\" class=\"mtli_attachment mtli_pdf\" class=\"mtli_attachment mtli_pdf\">druk<\/a><\/p>\n<p>Zgoda na pe\u0142nienie funkcji promotora\u00a0<a href=\"https:\/\/us.edu.pl\/instytut\/inpr\/wp-content\/uploads\/sites\/53\/Bez-kategorii\/Zgoda-na-pelenie-funkcji-promotra_zal.-2.docx\" class=\"mtli_attachment mtli_docx\" class=\"mtli_attachment mtli_docx\">druk\u00a0<\/a><a href=\"https:\/\/us.edu.pl\/instytut\/inpr\/wp-content\/uploads\/sites\/53\/Bez-kategorii\/Zgoda-na-pelenie-funkcji-promotra_zal.-2.pdf\" class=\"mtli_attachment mtli_pdf\" class=\"mtli_attachment mtli_pdf\">druk<\/a><\/p>\n<p>Zgoda na pe\u0142nienie funkcji promotora pomocniczego\u00a0\u00a0<a href=\"https:\/\/us.edu.pl\/instytut\/inpr\/wp-content\/uploads\/sites\/53\/Bez-kategorii\/Zgoda-na-pelenie-funkcji-promotora-pomocniczego_zal.-3.docx\" class=\"mtli_attachment mtli_docx\" class=\"mtli_attachment mtli_docx\">druk\u00a0<\/a><a href=\"https:\/\/us.edu.pl\/instytut\/inpr\/wp-content\/uploads\/sites\/53\/Bez-kategorii\/Zgoda-na-pelenie-funkcji-promotora-pomocniczego_zal.-3.pdf\" class=\"mtli_attachment mtli_pdf\" class=\"mtli_attachment mtli_pdf\">druk<\/a><\/p>\n<p>Wniosek o przeprowadzenie weryfikacji 8 PRK\u00a0<a href=\"https:\/\/us.edu.pl\/instytut\/inpr\/wp-content\/uploads\/sites\/53\/Bez-kategorii\/Wniosek-o-przeprowadzenie-weryfikacji-8-PRK_zal.-4.docx\" class=\"mtli_attachment mtli_docx\" class=\"mtli_attachment mtli_docx\">druk\u00a0<\/a><a href=\"https:\/\/us.edu.pl\/instytut\/inpr\/wp-content\/uploads\/sites\/53\/Bez-kategorii\/Wniosek-o-przeprowadzenie-weryfikacji-8-PRK_zal.-4.pdf\" class=\"mtli_attachment mtli_pdf\" class=\"mtli_attachment mtli_pdf\">druk<\/a><\/p>\n<p>Wniosek o przeprowadzenie egzaminu z j\u0119zyka obcego\u00a0<a href=\"https:\/\/us.edu.pl\/instytut\/inpr\/wp-content\/uploads\/sites\/53\/Bez-kategorii\/Wniosek-o-przeprowadzenie-egzaminu-z-jezyka-obcego_zal.-5.docx\" class=\"mtli_attachment mtli_docx\" class=\"mtli_attachment mtli_docx\">druk\u00a0<\/a><a href=\"https:\/\/us.edu.pl\/instytut\/inpr\/wp-content\/uploads\/sites\/53\/Bez-kategorii\/Wniosek-o-przeprowadzenie-egzaminu-z-jezyka-obcego_zal.-5.pdf\" class=\"mtli_attachment mtli_pdf\" class=\"mtli_attachment mtli_pdf\">druk<\/a><\/p>\n<p>O\u015bwiadczenie o przebiegu wcze\u015bniejszego przewodu doktorskiego\u00a0<a href=\"https:\/\/us.edu.pl\/instytut\/inpr\/wp-content\/uploads\/sites\/53\/Bez-kategorii\/Oswiadczenie-o-przebiegu-wczesniejszego-przewodu-doktorskiego_zal.-8.docx\" class=\"mtli_attachment mtli_docx\" class=\"mtli_attachment mtli_docx\">druk\u00a0<\/a><a href=\"https:\/\/us.edu.pl\/instytut\/inpr\/wp-content\/uploads\/sites\/53\/Bez-kategorii\/Oswiadczenie-o-przebiegu-wczesniejszego-przewodu-doktorskiego_zal.-8.docx.pdf\" class=\"mtli_attachment mtli_pdf\" class=\"mtli_attachment mtli_pdf\">druk<\/a><\/p>\n<p>Klauzula RODO <a href=\"https:\/\/us.edu.pl\/instytut\/inpr\/wp-content\/uploads\/sites\/53\/Bez-kategorii\/Zalacznik-nr-31_Klauzula-informacyjna-RODO-dla-osob-wnioskujacych-o-nadanie-stopnia-doktora.pdf\" class=\"mtli_attachment mtli_pdf\" class=\"mtli_attachment mtli_pdf\">Klauzula informacyjna RODO\u00a0<\/a><\/p>\n<p>Szczeg\u00f3\u0142owy konspekt pracy doktorskiej<\/p>\n<p>Dokumentacja dorobku artystyczno-naukowego<\/p>\n<p>&nbsp;<\/p>\n<p><strong>Dokumenty wymagane do wszcz\u0119cia post\u0119powania<\/strong><\/p>\n<p>Wniosek o wszcz\u0119cie post\u0119powania w sprawie nadania stopnia doktora\u00a0<a href=\"https:\/\/us.edu.pl\/instytut\/inpr\/wp-content\/uploads\/sites\/53\/Bez-kategorii\/Wniosek-o-wszczecie-postepowania-w-sparwie-nadania-stopnia-doktora_zal.-11.docx\" class=\"mtli_attachment mtli_docx\" class=\"mtli_attachment mtli_docx\">druk\u00a0<\/a><a href=\"https:\/\/us.edu.pl\/instytut\/inpr\/wp-content\/uploads\/sites\/53\/Bez-kategorii\/Wniosek-o-wszczecie-postepowania-w-sparwie-nadania-stopnia-doktora_zal.-11.pdf\" class=\"mtli_attachment mtli_pdf\" class=\"mtli_attachment mtli_pdf\">druk<\/a><\/p>\n<p>Wykaz dorobku naukowego kandydata\u00a0<a href=\"https:\/\/us.edu.pl\/instytut\/inpr\/wp-content\/uploads\/sites\/53\/Bez-kategorii\/Wykaz-dorobku-naukowego-kandydata_zal.-7.docx\" class=\"mtli_attachment mtli_docx\" class=\"mtli_attachment mtli_docx\">druk\u00a0<\/a><a href=\"https:\/\/us.edu.pl\/instytut\/inpr\/wp-content\/uploads\/sites\/53\/Bez-kategorii\/Wykaz-dorobku-naukowego-kandydata_zal.-7.pdf\" class=\"mtli_attachment mtli_pdf\" class=\"mtli_attachment mtli_pdf\">druk<\/a><\/p>\n<p>O\u015bwiadczenie o oryginalno\u015bci rozprawy doktorskiej\u00a0<a href=\"https:\/\/us.edu.pl\/instytut\/inpr\/wp-content\/uploads\/sites\/53\/Bez-kategorii\/Oswiadczenie-o-oryginalnosci-rozprawy-doktorskiej_zal.-6.docx\" class=\"mtli_attachment mtli_docx\" class=\"mtli_attachment mtli_docx\">druk<\/a>\u00a0<a href=\"https:\/\/us.edu.pl\/instytut\/inpr\/wp-content\/uploads\/sites\/53\/Bez-kategorii\/Oswiadczenie-o-oryginalnosci-rozprawy-doktorskiej_zal.-6.pdf\" class=\"mtli_attachment mtli_pdf\" class=\"mtli_attachment mtli_pdf\">druk<\/a><\/p>\n<p>O\u015bwiadczenie kandydata o wk\u0142adzie w powstanie pracy\u00a0<a href=\"https:\/\/us.edu.pl\/instytut\/inpr\/wp-content\/uploads\/sites\/53\/Bez-kategorii\/Oswiadczenie-kandydata-o-o-wkladzie-w-poswasanie-pracy_zal.-9.docx\" class=\"mtli_attachment mtli_docx\" class=\"mtli_attachment mtli_docx\">druk\u00a0<\/a><a href=\"https:\/\/us.edu.pl\/instytut\/inpr\/wp-content\/uploads\/sites\/53\/Bez-kategorii\/Oswiadczenie-kandydata-o-o-wkladzie-w-poswasanie-pracy_zal.-9.pdf\" class=\"mtli_attachment mtli_pdf\" class=\"mtli_attachment mtli_pdf\">druk<\/a><\/p>\n<p>O\u015bwiadczenie wsp\u00f3\u0142autora o wk\u0142adzie w powstanie pracy\u00a0<a href=\"https:\/\/us.edu.pl\/instytut\/inpr\/wp-content\/uploads\/sites\/53\/Bez-kategorii\/Oswiadczenie-wspolautora-o-wkladzie-w-powstanie-pracy_zal.-10.docx\" class=\"mtli_attachment mtli_docx\" class=\"mtli_attachment mtli_docx\">druk\u00a0<\/a><a href=\"https:\/\/us.edu.pl\/instytut\/inpr\/wp-content\/uploads\/sites\/53\/Bez-kategorii\/Oswiadczenie-wspolautora-o-wkladzie-w-powstanie-pracy_zal.-10.pdf\" class=\"mtli_attachment mtli_pdf\" class=\"mtli_attachment mtli_pdf\">druk<\/a><\/p>\n<p>&nbsp;<\/p>\n<p>Podpisany przez promotora raport ze sprawdzenia rozprawy doktorskiej z wykorzystaniem Jednolitego Systemu Antyplagiatowego.<\/p>\n<p>Rozprawa w 5 egzemplarzach.<\/p>\n<\/div>\r\n                    <\/div>\r\n                <\/div>[\/vc_column][\/vc_row]<\/p>","protected":false},"excerpt":{"rendered":"<p>[vc_row][vc_column][\/vc_column][\/vc_row] [&#8230;]<\/p>\n<p><a class=\"btn btn-secondary understrap-read-more-link\" href=\"https:\/\/us.edu.pl\/wydzial\/wsne\/wzory-dokumentow\/\">Read More&#8230;<\/a><\/p>\n","protected":false},"author":110,"featured_media":0,"parent":0,"menu_order":0,"comment_status":"closed","ping_status":"closed","template":"","meta":{"_expiration-date-status":"","_expiration-date":0,"_expiration-date-type":"","_expiration-date-categories":[],"_expiration-date-options":[]},"acf":[],"_links":{"self":[{"href":"https:\/\/us.edu.pl\/wydzial\/wsne\/wp-json\/wp\/v2\/pages\/169086"}],"collection":[{"href":"https:\/\/us.edu.pl\/wydzial\/wsne\/wp-json\/wp\/v2\/pages"}],"about":[{"href":"https:\/\/us.edu.pl\/wydzial\/wsne\/wp-json\/wp\/v2\/types\/page"}],"author":[{"embeddable":true,"href":"https:\/\/us.edu.pl\/wydzial\/wsne\/wp-json\/wp\/v2\/users\/110"}],"replies":[{"embeddable":true,"href":"https:\/\/us.edu.pl\/wydzial\/wsne\/wp-json\/wp\/v2\/comments?post=169086"}],"version-history":[{"count":4,"href":"https:\/\/us.edu.pl\/wydzial\/wsne\/wp-json\/wp\/v2\/pages\/169086\/revisions"}],"predecessor-version":[{"id":169183,"href":"https:\/\/us.edu.pl\/wydzial\/wsne\/wp-json\/wp\/v2\/pages\/169086\/revisions\/169183"}],"wp:attachment":[{"href":"https:\/\/us.edu.pl\/wydzial\/wsne\/wp-json\/wp\/v2\/media?parent=169086"}],"curies":[{"name":"wp","href":"https:\/\/api.w.org\/{rel}","templated":true}]}}