{"id":171043,"date":"2025-07-07T08:07:06","date_gmt":"2025-07-07T06:07:06","guid":{"rendered":"https:\/\/us.edu.pl\/wydzial\/wsne\/?page_id=171043"},"modified":"2025-07-07T08:07:06","modified_gmt":"2025-07-07T06:07:06","slug":"dostosowanie-do-specjalnych-potrzeb","status":"publish","type":"page","link":"https:\/\/us.edu.pl\/wydzial\/wsne\/dostosowanie-do-specjalnych-potrzeb\/","title":{"rendered":"Dostosowanie do specjalnych potrzeb"},"content":{"rendered":"<p>[vc_row][vc_column]\r\n                <div class=\"text-modules\">\r\n                    <div class=\"container\">\r\n                        \r\n                        <div class=\"text-modules__content\"><p><span style=\"font-size: 12pt;\"><strong>Wydzia\u0142owy koordynator ds. dostosowania studi\u00f3w <\/strong><\/span><\/p>\n<p><span style=\"font-size: 12pt;\">dr Magdalena Be\u0142za-Gajdzica<\/span><\/p>\n<p><span style=\"font-size: 12pt;\">e-mail: magdalena.belza-gajdzica@us.edu.pl<\/span><\/p>\n<p><span style=\"font-size: 12pt;\">tel.: 33 854 6113<\/span><\/p>\n<p><span style=\"font-size: 12pt;\"><strong>\u00a0<\/strong><\/span><\/p>\n<p><span style=\"font-size: 12pt;\"><strong>Wydzia\u0142owy koordynator ds. organizacyjnego wsparcia OZN\/OSP<\/strong><\/span><\/p>\n<p><span style=\"font-size: 12pt;\">mgr Agnieszka Kmiotek<\/span><\/p>\n<p><span style=\"font-size: 12pt;\">e-mail: agnieszka.kmiotek@us.edu.pl<\/span><\/p>\n<p><span style=\"font-size: 12pt;\">tel.: 33 854 6112<\/span><\/p>\n<p>&nbsp;<\/p>\n<p><span style=\"font-size: 12pt;\">Wydzia\u0142owi koordynatorzy wspieraj\u0105 student\u00f3w bezpo\u015brednio na wydziale i po\u015brednicz\u0105 w kontakcie mi\u0119dzy studentami i pracownikami wydzia\u0142u oraz pracownikami Centrum Obs\u0142ugi Student\u00f3w, odpowiedzialnymi za organizacj\u0119 wsparcia student\u00f3w i doktorant\u00f3w z niepe\u0142nosprawno\u015bciami.<\/span><\/p>\n<p><span style=\"font-size: 12pt;\">Szczeg\u00f3\u0142owe informacje o dostosowaniu do specjalnych potrzeb os\u00f3b studiuj\u0105cych znajduj\u0105 si\u0119 tu:<\/span><\/p>\n<p><span style=\"font-size: 12pt;\"><a href=\"https:\/\/us.edu.pl\/student\/wsparcie-i-fundusze\/dostosowanie-do-specjalnych-potrzeb\/\">https:\/\/us.edu.pl\/student\/wsparcie-i-fundusze\/dostosowanie-do-specjalnych-potrzeb\/<\/a><\/span><\/p>\n<\/div>\r\n                    <\/div>\r\n                <\/div>[\/vc_column][\/vc_row]<\/p>","protected":false},"excerpt":{"rendered":"<p>[vc_row][vc_column][\/vc_column][\/vc_row] [&#8230;]<\/p>\n<p><a class=\"btn btn-secondary understrap-read-more-link\" href=\"https:\/\/us.edu.pl\/wydzial\/wsne\/dostosowanie-do-specjalnych-potrzeb\/\">Read More&#8230;<\/a><\/p>\n","protected":false},"author":110,"featured_media":0,"parent":0,"menu_order":0,"comment_status":"closed","ping_status":"closed","template":"","meta":{"_expiration-date-status":"","_expiration-date":0,"_expiration-date-type":"","_expiration-date-categories":[],"_expiration-date-options":[]},"acf":[],"_links":{"self":[{"href":"https:\/\/us.edu.pl\/wydzial\/wsne\/wp-json\/wp\/v2\/pages\/171043"}],"collection":[{"href":"https:\/\/us.edu.pl\/wydzial\/wsne\/wp-json\/wp\/v2\/pages"}],"about":[{"href":"https:\/\/us.edu.pl\/wydzial\/wsne\/wp-json\/wp\/v2\/types\/page"}],"author":[{"embeddable":true,"href":"https:\/\/us.edu.pl\/wydzial\/wsne\/wp-json\/wp\/v2\/users\/110"}],"replies":[{"embeddable":true,"href":"https:\/\/us.edu.pl\/wydzial\/wsne\/wp-json\/wp\/v2\/comments?post=171043"}],"version-history":[{"count":1,"href":"https:\/\/us.edu.pl\/wydzial\/wsne\/wp-json\/wp\/v2\/pages\/171043\/revisions"}],"predecessor-version":[{"id":171044,"href":"https:\/\/us.edu.pl\/wydzial\/wsne\/wp-json\/wp\/v2\/pages\/171043\/revisions\/171044"}],"wp:attachment":[{"href":"https:\/\/us.edu.pl\/wydzial\/wsne\/wp-json\/wp\/v2\/media?parent=171043"}],"curies":[{"name":"wp","href":"https:\/\/api.w.org\/{rel}","templated":true}]}}