{"id":171492,"date":"2025-09-12T12:43:29","date_gmt":"2025-09-12T10:43:29","guid":{"rendered":"https:\/\/us.edu.pl\/wydzial\/wsne\/?page_id=171492"},"modified":"2026-02-16T14:35:50","modified_gmt":"2026-02-16T13:35:50","slug":"spinart-centrum-edukacji-artystycznej-i-kulturalnej-us","status":"publish","type":"page","link":"https:\/\/us.edu.pl\/wydzial\/wsne\/spinart-centrum-edukacji-artystycznej-i-kulturalnej-us\/","title":{"rendered":"SpinART \u2013 Centrum Edukacji Artystycznej i Kulturalnej U\u015a"},"content":{"rendered":"<p>[vc_row][vc_column]\r\n                <div class=\"text-modules\">\r\n                    <div class=\"container\">\r\n                        \r\n                        <div class=\"text-modules__content\"><\/p>\n<h2><strong>SpinART \u2013 Centrum Edukacji Artystycznej i Kulturalnej U\u015a<\/strong><\/h2>\n<p>&nbsp;<\/p>\n<p style=\"text-align: center;\"><img class=\"alignnone size-medium wp-image-171543\" src=\"https:\/\/us.edu.pl\/wydzial\/wsne\/wp-content\/uploads\/sites\/20\/Bez-kategorii\/FE-SL-kolor-poziom-br-900x95.jpg\" alt=\"Logotypy UE,Polska, Woje.\u015alaskie\" width=\"900\" height=\"95\" srcset=\"https:\/\/us.edu.pl\/wydzial\/wsne\/wp-content\/uploads\/sites\/20\/Bez-kategorii\/FE-SL-kolor-poziom-br-900x95.jpg 900w, https:\/\/us.edu.pl\/wydzial\/wsne\/wp-content\/uploads\/sites\/20\/Bez-kategorii\/FE-SL-kolor-poziom-br-1200x127.jpg 1200w, https:\/\/us.edu.pl\/wydzial\/wsne\/wp-content\/uploads\/sites\/20\/Bez-kategorii\/FE-SL-kolor-poziom-br-768x81.jpg 768w, https:\/\/us.edu.pl\/wydzial\/wsne\/wp-content\/uploads\/sites\/20\/Bez-kategorii\/FE-SL-kolor-poziom-br-1536x162.jpg 1536w, https:\/\/us.edu.pl\/wydzial\/wsne\/wp-content\/uploads\/sites\/20\/Bez-kategorii\/FE-SL-kolor-poziom-br-575x61.jpg 575w, https:\/\/us.edu.pl\/wydzial\/wsne\/wp-content\/uploads\/sites\/20\/Bez-kategorii\/FE-SL-kolor-poziom-br.jpg 2015w\" sizes=\"(max-width: 900px) 100vw, 900px\" \/><\/p>\n<p>&nbsp;<\/p>\n<p>Decyzj\u0105 Zarz\u0105du Wojew\u00f3dztwa \u015al\u0105skiego Uniwersytet \u015al\u0105ski w Katowicach otrzyma\u0142 dofinansowanie w wysoko\u015bci 21 808 673,17 z\u0142 na dostosowanie infrastruktury i utworzenie Centrum Edukacji Artystycznej i Kulturalnej U\u015a (SpinART) w Cieszynie. Projekt ma stymulowa\u0107 wsp\u00f3\u0142prac\u0119 \u015brodowiska akademickiego z otoczeniem spo\u0142ecznym, s\u0142u\u017c\u0105c aktywno\u015bci obywatelskiej, w\u0142\u0105czeniu spo\u0142ecznemu, dialogowi mi\u0119dzykulturowemu oraz zachowaniu dziedzictwa kulturowego w kontek\u015bcie europejskim.<\/p>\n<\/div>\r\n                    <\/div>\r\n                <\/div>[\/vc_column][\/vc_row][vc_row][vc_column]\r\n                <div class=\"tiles-section\" style=\"background: \">\r\n                    <div class=\"container\">\r\n                        <h3 class=\"page-title\"><\/h3>\r\n                        <div class=\"tiles tiles-4\">\r\n                            <a href=\"https:\/\/us.edu.pl\/wydzial\/wsne\/spinart-w-strategii-wojewodztwa-slaskiego\/\" class=\"tile tile_ justify-content-center\" style=\"background-color: #002E5A; font-weight: ; color: #ffffff;  \">\r\n                                \r\n                                   \r\n                               \r\n                                <div class=\"tile__name\">SpinART w Strategii Wojew\u00f3dztwa \u015al\u0105skiego <\/div>\r\n                            <\/a>\r\n                            <a href=\"https:\/\/us.edu.pl\/wydzial\/wsne\/koncepcja-centrum-edukacji-artystycznej-i-kulturalnej-us\/\" class=\"tile tile_ justify-content-center\" style=\"background-color: #002E5A; font-weight: ; color: #ffffff;  \">\r\n                                \r\n                                   \r\n                               \r\n                                <div class=\"tile__name\">Koncepcja Centrum Edukacji Artystycznej i Kulturalnej U\u015a<\/div>\r\n                            <\/a>\r\n                            <a href=\"https:\/\/us.edu.pl\/wydzial\/wsne\/ksztalcenie-w-spinart\/\" class=\"tile tile_ justify-content-center\" style=\"background-color: #002E5A; font-weight: ; color: #ffffff;  \">\r\n                                \r\n                                   \r\n                               \r\n                                <div class=\"tile__name\">Kszta\u0142cenie w SpinART<\/div>\r\n                            <\/a>\r\n                            <a href=\"https:\/\/us.edu.pl\/wydzial\/wsne\/aktualnosci-spinart\/\" class=\"tile tile_ justify-content-center\" style=\"background-color: #002E5A; font-weight: ; color: #ffffff;  \">\r\n                                \r\n                                   \r\n                               \r\n                                <div class=\"tile__name\"> Aktualno\u015bci<\/div>\r\n                            <\/a><\/div>\r\n                    <\/div>\r\n                <\/div>[\/vc_column][\/vc_row][vc_row][vc_column][vc_gallery interval=&#8221;5&#8243; images=&#8221;171555,171551,171552,171545,171546,171548,171550,171547,171549,171950,171951,171952&#8243; img_size=&#8221;medium&#8221; css_animation=&#8221;fadeIn&#8221; el_id=&#8221;slider&#8221;][\/vc_column][\/vc_row][vc_row][vc_column]\r\n                <div class=\"text-modules\">\r\n                    <div class=\"container\">\r\n                        \r\n                        <div class=\"text-modules__content\"><p><span style=\"font-size: 8pt;\">Wizualizacje budynku spinART \u2013 Centrum Edukacji Artystycznej i Kulturalnej U\u015a| mat. SOUND &amp; SPACE Sp. z o.o.<\/span><\/p>\n<\/div>\r\n                    <\/div>\r\n                <\/div>[\/vc_column][\/vc_row][vc_row][vc_column]\r\n                <div class=\"text-modules\">\r\n                    <div class=\"container\">\r\n                        \r\n                        <div class=\"text-modules__content\"><\/p>\n<h3><strong>Podstawowe informacje o inwestycji<\/strong><\/h3>\n<p><span style=\"color: #0000ff;\"><strong>Programy:<\/strong><\/span><br \/>\nProgram Fundusze Europejskie dla \u015al\u0105skiego 2021-2027<br \/>\nPriorytet FESL.10 \u201eFundusze Europejskie na transformacj\u0119\u201d<br \/>\nDzia\u0142anie FESL.10.13 \u201eInfrastruktura szkolnictwa wy\u017cszego na potrzeby transformacji\u201d<\/p>\n<p><span style=\"color: #0000ff;\"><strong>Okres realizacji:<\/strong><\/span><br \/>\n19.02.2024 \u2013 31.12.2027<\/p>\n<p><span style=\"color: #0000ff;\"><strong>Ca\u0142kowita warto\u015b\u0107 projektu:<\/strong><\/span><br \/>\n25 657 262,55 PLN<\/p>\n<p><span style=\"color: #0000ff;\"><strong>Dofinansowanie ze \u015brodk\u00f3w Unii Europejskiej dla U\u015a:<\/strong><\/span><br \/>\n21 808 673,17 PLN<\/p>\n<p><span style=\"color: #0000ff;\"><strong>Koordynatorka projektu:<br \/>\n<\/strong><\/span>dr Lubomira Trojan<\/p>\n<p><span style=\"color: #0000ff;\"><strong>Zast\u0119pca koordynatorki projektu:<br \/>\n<\/strong><\/span>mgr in\u017c. Wioletta Beczek<\/p>\n<p>&nbsp;<\/p>\n<p>Celem projektu jest dostosowanie infrastruktury kampusu Uniwersytetu \u015al\u0105skiego w Cieszynie do aktualnych potrzeb rynku pracy, wyzwa\u0144 w zakresie transformacji cyfrowej, \u00a0transformacji w kierunku zielonej gospodarki oraz inteligentnych specjalizacji regionu.<\/p>\n<p>Za\u0142o\u017cenie to zostanie zrealizowane poprzez inwestycj\u0119 ukierunkowan\u0105 na przebudow\u0119 i remont pomieszcze\u0144 wraz z zapewnieniem wyposa\u017cenia budynku auli Kampusu Cieszyn U\u015a.<\/p>\n<p>Zakres projektu obejmuje przebudow\u0119 budynku auli w kompleksie Kampusu Cieszyn oraz utworzenie SpinART \u2013 Centrum Edukacji Artystycznej i Kulturalnej U\u015a poprzez realizacj\u0119 zaplanowanych dzia\u0142a\u0144 tj.:<\/p>\n<ul>\n<li>opracowanie dokumentacji projektowej,<\/li>\n<li>roboty budowlane i instalacyjne,<\/li>\n<li>dostosowanie do wymog\u00f3w dost\u0119pno\u015bci,<\/li>\n<li>zakup wyposa\u017cenia,<\/li>\n<li>zakup i zastosowanie element\u00f3w zwi\u0105zanych z Europejskim Zielonym \u0141adem (EZ\u0141) i gospodark\u0105 o obiegu zamkni\u0119tym (GOZ)<\/li>\n<\/ul>\n<p><strong>\u00a0<\/strong><\/p>\n<p>Uruchomienie SpinART \u2013 Centrum Edukacji Artystycznej i Kulturalnej U\u015a b\u0119dzie mia\u0142o wp\u0142yw na \u017cycie mieszka\u0144c\u00f3w regionu poprzez stworzenie warunk\u00f3w do rozwoju spo\u0142ecze\u0144stwa o wysokich kwalifikacjach zawodowych, poszukiwanych na rynku pracy. Interdyscyplinarne podej\u015bcie do edukacji pozwali lepiej przygotowa\u0107 absolwent\u00f3w do pracy w z\u0142o\u017conych i dynamicznie zmieniaj\u0105cych si\u0119 \u015brodowiskach zawodowych.<\/p>\n<p>Wysokiej klasy infrastruktura dydaktyczna przyci\u0105gnie do regionu wybitnych pracownik\u00f3w naukowo-dydaktycznych ze \u015bwiata, a wzrost poziomu kszta\u0142cenia zatrzyma najzdolniejsz\u0105 m\u0142odzie\u017c w wojew\u00f3dztwie \u015bl\u0105skim. D\u0142ugofalowo projekt pomo\u017ce przeciwdzia\u0142a\u0107 migracji mieszka\u0144c\u00f3w i przyczynieni si\u0119 do wzrostu atrakcyjno\u015bci regionu.<\/p>\n<p><a href=\"https:\/\/www.facebook.com\/hashtag\/FunduszeUE\/\"><strong>#FunduszeUE<\/strong><\/a><br \/>\n<a href=\"https:\/\/www.facebook.com\/hashtag\/funduszeeuropejskie\"><strong>#Fundusze Europejskie<\/strong><\/a><\/p>\n<\/div>\r\n                    <\/div>\r\n                <\/div>[\/vc_column][\/vc_row]<\/p>","protected":false},"excerpt":{"rendered":"<p>[vc_row][vc_column][\/vc_column][\/vc_row][vc_row][vc_column][\/vc_column][\/vc_row][vc_row][vc_column][vc_gallery interval=&#8221;5&#8243; images=&#8221;171555,171551,171552,171545,171546,171548,171550,171547,171549,171950,171951,171952&#8243; img_size=&#8221;medium&#8221; css_animation=&#8221;fadeIn&#8221; el_id=&#8221;slider&#8221;][\/vc_column][\/vc_row][vc_row][vc_column][\/vc_column][\/vc_row][vc_row][vc_column][\/vc_column][\/vc_row] [&#8230;]<\/p>\n<p><a class=\"btn btn-secondary understrap-read-more-link\" href=\"https:\/\/us.edu.pl\/wydzial\/wsne\/spinart-centrum-edukacji-artystycznej-i-kulturalnej-us\/\">Read More&#8230;<\/a><\/p>\n","protected":false},"author":110,"featured_media":0,"parent":0,"menu_order":0,"comment_status":"closed","ping_status":"closed","template":"","meta":{"_expiration-date-status":"","_expiration-date":0,"_expiration-date-type":"","_expiration-date-categories":[],"_expiration-date-options":[]},"acf":[],"_links":{"self":[{"href":"https:\/\/us.edu.pl\/wydzial\/wsne\/wp-json\/wp\/v2\/pages\/171492"}],"collection":[{"href":"https:\/\/us.edu.pl\/wydzial\/wsne\/wp-json\/wp\/v2\/pages"}],"about":[{"href":"https:\/\/us.edu.pl\/wydzial\/wsne\/wp-json\/wp\/v2\/types\/page"}],"author":[{"embeddable":true,"href":"https:\/\/us.edu.pl\/wydzial\/wsne\/wp-json\/wp\/v2\/users\/110"}],"replies":[{"embeddable":true,"href":"https:\/\/us.edu.pl\/wydzial\/wsne\/wp-json\/wp\/v2\/comments?post=171492"}],"version-history":[{"count":11,"href":"https:\/\/us.edu.pl\/wydzial\/wsne\/wp-json\/wp\/v2\/pages\/171492\/revisions"}],"predecessor-version":[{"id":173549,"href":"https:\/\/us.edu.pl\/wydzial\/wsne\/wp-json\/wp\/v2\/pages\/171492\/revisions\/173549"}],"wp:attachment":[{"href":"https:\/\/us.edu.pl\/wydzial\/wsne\/wp-json\/wp\/v2\/media?parent=171492"}],"curies":[{"name":"wp","href":"https:\/\/api.w.org\/{rel}","templated":true}]}}