{"id":171511,"date":"2025-09-12T13:06:55","date_gmt":"2025-09-12T11:06:55","guid":{"rendered":"https:\/\/us.edu.pl\/wydzial\/wsne\/?page_id=171511"},"modified":"2026-03-16T15:01:25","modified_gmt":"2026-03-16T14:01:25","slug":"spinart-w-strategii-wojewodztwa-slaskiego","status":"publish","type":"page","link":"https:\/\/us.edu.pl\/wydzial\/wsne\/spinart-w-strategii-wojewodztwa-slaskiego\/","title":{"rendered":"SpinART w Strategii Wojew\u00f3dztwa \u015al\u0105skiego"},"content":{"rendered":"<p>[vc_row][vc_column]\r\n                <div class=\"text-modules\">\r\n                    <div class=\"container\">\r\n                        \r\n                        <div class=\"text-modules__content\"><\/p>\n<p style=\"text-align: center;\"><img class=\"alignnone size-medium wp-image-171543\" src=\"https:\/\/us.edu.pl\/wydzial\/wsne\/wp-content\/uploads\/sites\/20\/Bez-kategorii\/FE-SL-kolor-poziom-br-900x95.jpg\" alt=\"Logotypy UE,Polska, Woje.\u015alaskie\" width=\"900\" height=\"95\" srcset=\"https:\/\/us.edu.pl\/wydzial\/wsne\/wp-content\/uploads\/sites\/20\/Bez-kategorii\/FE-SL-kolor-poziom-br-900x95.jpg 900w, https:\/\/us.edu.pl\/wydzial\/wsne\/wp-content\/uploads\/sites\/20\/Bez-kategorii\/FE-SL-kolor-poziom-br-1200x127.jpg 1200w, https:\/\/us.edu.pl\/wydzial\/wsne\/wp-content\/uploads\/sites\/20\/Bez-kategorii\/FE-SL-kolor-poziom-br-768x81.jpg 768w, https:\/\/us.edu.pl\/wydzial\/wsne\/wp-content\/uploads\/sites\/20\/Bez-kategorii\/FE-SL-kolor-poziom-br-1536x162.jpg 1536w, https:\/\/us.edu.pl\/wydzial\/wsne\/wp-content\/uploads\/sites\/20\/Bez-kategorii\/FE-SL-kolor-poziom-br-575x61.jpg 575w, https:\/\/us.edu.pl\/wydzial\/wsne\/wp-content\/uploads\/sites\/20\/Bez-kategorii\/FE-SL-kolor-poziom-br.jpg 2015w\" sizes=\"(max-width: 900px) 100vw, 900px\" \/><\/p>\n<p>\n<\/div>\r\n                    <\/div>\r\n                <\/div>[\/vc_column][\/vc_row][vc_row][vc_column]\r\n                <div class=\"text-modules\">\r\n                    <div class=\"container\">\r\n                        <h3 class=\"page-title text__title\">SpinART w Strategii Wojew\u00f3dztwa \u015al\u0105skiego<\/h3>\r\n                        <div class=\"text-modules__content\"><p>Przebudowa budynku auli w Kampusie Cieszyn na potrzeby \u00a0Centrum Edukacji Artystycznej i Kulturalnej (SpinART) jest zgodna z dokumentami strategicznymi dla Wojew\u00f3dztwa \u015al\u0105skiego i bezpo\u015brednio wpisuje si\u0119 w:<\/p>\n<p>&nbsp;<\/p>\n<ol>\n<li><strong> Strategi\u0119 Rozwoju Wojew\u00f3dztwa \u015al\u0105skiego <\/strong><strong>,,<\/strong><strong>\u015al\u0105skie 2030<\/strong><strong>\u201d<\/strong>Projekt przyczyni si\u0119 do realizacji takich cel\u00f3w operacyjnych jak:<\/li>\n<\/ol>\n<ul>\n<li>atrakcyjny i efektywny system edukacji i nauki \u2013 realizacja projektu wp\u0142ynie na popraw\u0119 jako\u015bci kszta\u0142cenia oferowanego przez U\u015a,<\/li>\n<li>wysoka jako\u015b\u0107 \u015brodowiska \u2013 projekt pozwoli zredukowa\u0107 zu\u017cycia energii w budynku, co prze\u0142o\u017cy si\u0119 na ograniczenie emisji CO2 przez obiekty publiczne na terenie Cieszyna,<\/li>\n<li>aktywna wsp\u00f3\u0142praca z otoczeniem i kreowanie silnej marki regionu \u2013 dzi\u0119ki podniesieniu jako\u015bci us\u0142ug dydaktycznych wzmocni si\u0119 marka o\u015brodka akademickiego U\u015a w Cieszynie.<\/li>\n<\/ul>\n<p>&nbsp;<\/p>\n<ol start=\"2\">\n<li><strong> Terytorialny Plan Sprawiedliwej Transformacji Wojew\u00f3dztwa \u015al\u0105skiego 2030<\/strong><\/li>\n<\/ol>\n<p>Przebudowa budynku auli i utworzenie SpinART wpisuje si\u0119 w cele operacyjne dokumentu, w szczeg\u00f3lno\u015bci w cel: Atrakcyjne i efektywne kszta\u0142cenie oraz podnoszenie kwalifikacji w podregionach g\u00f3rniczych.<\/p>\n<p>Realizacja projektu umo\u017cliwi \u015bwiadczenie wysokiej jako\u015bci us\u0142ug dydaktycznych na poziomie szkolnictwa wy\u017cszego, co przyczyni si\u0119 do wzmocnienia kapita\u0142u ludzkiego i zwi\u0119kszenia szans zatrudnienia mieszka\u0144c\u00f3w podregion\u00f3w g\u00f3rniczych. Projekt odpowiada na potrzeby wynikaj\u0105ce z proces\u00f3w transformacji spo\u0142eczno-gospodarczej, wp\u0142ynie na popraw\u0119 jako\u015bci i przeprofilowanie edukacji na rzecz nowoczesnej gospodarki podregion\u00f3w g\u00f3rniczych.<\/p>\n<p><strong>\u00a0<\/strong><\/p>\n<ol start=\"3\">\n<li><strong>Regionaln\u0105 Polityk\u0119 Rozwoju Edukacji Wojew\u00f3dztwa \u015al\u0105skiego<\/strong><\/li>\n<\/ol>\n<p>Celem tej polityki jest stworzenie atrakcyjnego i efektywnego systemu edukacji i nauki.<\/p>\n<p>Utworzenie SpinART wpisuje si\u0119 w jej za\u0142o\u017cenia poprzez:<\/p>\n<ul>\n<li>podj\u0119cie dzia\u0142a\u0144 zapobiegaj\u0105cych odp\u0142ywowi m\u0142odego, kreatywnego kapita\u0142u ludzkiego z wojew\u00f3dztwa,<\/li>\n<li>podniesienie jako\u015bci i popraw\u0119 dost\u0119pu do nowoczesnej oferty edukacyjnej na wszystkich poziomach nauczania,<\/li>\n<li>wzmocnienie potencja\u0142u infrastrukturalnego plac\u00f3wek edukacyjnych oraz o\u015brodk\u00f3w akademickich,<\/li>\n<li>zapewnienie dost\u0119pu do kszta\u0142cenia przez ca\u0142e \u017cycie \u2013 zgodnie z zasad\u0105 idei <em>lifelong learning<\/em> \u2013 oraz promowanie takiego podej\u015bcia,<\/li>\n<li>tworzenie atrakcyjnej oferty kszta\u0142cenia szkolnictwa wy\u017cszego, b\u0119d\u0105cej magnesem dla os\u00f3b spoza wojew\u00f3dztwa \u015bl\u0105skiego,<\/li>\n<li>promowanie uczelni wy\u017cszych z wojew\u00f3dztwa \u015bl\u0105skiego jako wysokiej jako\u015bci o\u015brodk\u00f3w edukacyjnych i naukowych.<\/li>\n<\/ul>\n<p>&nbsp;<\/p>\n<ol start=\"4\">\n<li><strong> Program Rozwoju Technologii Wojew\u00f3dztwa \u015al\u0105skiego na lata 2019-2030<\/strong><\/li>\n<\/ol>\n<p>Realizacja projektu przyczyni si\u0119 do poszerzenia oferty kszta\u0142cenia przez Uniwersytet \u015al\u0105ski, ukierunkowanej na zdobywanie umiej\u0119tno\u015bci sprzyjaj\u0105cych rozwojowi technologii.<\/p>\n<p>W Programie Rozwoju Technologii zdefiniowano cele operacyjne, kt\u00f3re okre\u015blono jako: unikatowy zas\u00f3b wiedzy i umiej\u0119tno\u015bci; otwarta kooperacja; elastyczna orientacja strategiczna. Wyznaczono r\u00f3wnie\u017c obszary technologiczne i przypisane im grupy technologiczne. Zakres projektu wpisuje si\u0119 w grup\u0119 technologii okre\u015blon\u0105 dla obszaru: \u00a0technologie informacyjne i telekomunikacyjne, a w szczeg\u00f3lno\u015bci: technologie telekomunikacyjne i informacyjne wspieraj\u0105ce przemys\u0142 4.0.<\/p>\n<p>&nbsp;<\/p>\n<ol start=\"5\">\n<li><strong> Regionalna Strategia Innowacji Wojew\u00f3dztwa \u015al\u0105skiego 2030<\/strong><\/li>\n<\/ol>\n<p>Utworzenie SpinART odpowiada na rosn\u0105ce oczekiwania i potrzeby prowadzenia nowoczesnej dydaktyki na wszystkich poziomach kszta\u0142cenia uniwersyteckiego. Kierunki kszta\u0142cenia w ramach Centrum Edukacji Artystycznej i Kulturalnej U\u015a wpisuj\u0105 si\u0119 w inteligentne specjalizacje, jak: technologie informacyjne i komunikacyjne, zielona gospodarka oraz przemys\u0142y wschodz\u0105ce.<\/p>\n<p>Przemys\u0142y wschodz\u0105ce stanowi\u0105 bran\u017ce:<\/p>\n<ul>\n<li>zazwyczaj oparte na nowych produktach, us\u0142ugach, technologiach lub pomys\u0142ach,<\/li>\n<li>na wczesnym etapie rozwoju,<\/li>\n<li>charakteryzuj\u0105ce si\u0119 wysokim tempem wzrostu,<\/li>\n<li>posiadaj\u0105ce potencja\u0142 rynkowy do osi\u0105gni\u0119cia nowych i globalnie znacz\u0105cych przewag konkurencyjnych,<\/li>\n<li>kluczowe dla przysz\u0142ej konkurencyjno\u015bci i dobrobytu w Europie.<\/li>\n<\/ul>\n<p>Do grupy przemys\u0142\u00f3w wschodz\u0105cych nale\u017c\u0105 przemys\u0142y kreatywne (<em>creative industries<\/em>), bazuj\u0105ce na \u2013 istotnych dla kszta\u0142cenia w cieszy\u0144skim kampusie \u2013 obszarach jak: sztuka, muzyka, sztuki widowiskowe, film, gry wideo, projektowanie, rzemios\u0142o, dziedzictwo kulturowe, architektura, moda.<\/p>\n<p>Projekt ma umo\u017cliwi\u0107 kierunkom realizowanym na WSNE odgrywanie bardziej aktywnej roli w kszta\u0142towaniu oferty edukacyjnej, \u0142\u0105cz\u0105cej kompetencje i przedsi\u0119biorczy spos\u00f3b my\u015blenia, w tym zwi\u0105zany z inteligentnymi specjalizacjami i przemys\u0142em 5.0, kt\u00f3ry lepiej odpowiada potrzebom nowoczesnego przemys\u0142u i us\u0142ug.<\/p>\n<\/div>\r\n                    <\/div>\r\n                <\/div>[\/vc_column][\/vc_row]<\/p>","protected":false},"excerpt":{"rendered":"<p>[vc_row][vc_column][\/vc_column][\/vc_row][vc_row][vc_column][\/vc_column][\/vc_row] [&#8230;]<\/p>\n<p><a class=\"btn btn-secondary understrap-read-more-link\" href=\"https:\/\/us.edu.pl\/wydzial\/wsne\/spinart-w-strategii-wojewodztwa-slaskiego\/\">Read More&#8230;<\/a><\/p>\n","protected":false},"author":110,"featured_media":0,"parent":0,"menu_order":0,"comment_status":"closed","ping_status":"closed","template":"","meta":{"_expiration-date-status":"","_expiration-date":0,"_expiration-date-type":"","_expiration-date-categories":[],"_expiration-date-options":[]},"acf":[],"_links":{"self":[{"href":"https:\/\/us.edu.pl\/wydzial\/wsne\/wp-json\/wp\/v2\/pages\/171511"}],"collection":[{"href":"https:\/\/us.edu.pl\/wydzial\/wsne\/wp-json\/wp\/v2\/pages"}],"about":[{"href":"https:\/\/us.edu.pl\/wydzial\/wsne\/wp-json\/wp\/v2\/types\/page"}],"author":[{"embeddable":true,"href":"https:\/\/us.edu.pl\/wydzial\/wsne\/wp-json\/wp\/v2\/users\/110"}],"replies":[{"embeddable":true,"href":"https:\/\/us.edu.pl\/wydzial\/wsne\/wp-json\/wp\/v2\/comments?post=171511"}],"version-history":[{"count":8,"href":"https:\/\/us.edu.pl\/wydzial\/wsne\/wp-json\/wp\/v2\/pages\/171511\/revisions"}],"predecessor-version":[{"id":173981,"href":"https:\/\/us.edu.pl\/wydzial\/wsne\/wp-json\/wp\/v2\/pages\/171511\/revisions\/173981"}],"wp:attachment":[{"href":"https:\/\/us.edu.pl\/wydzial\/wsne\/wp-json\/wp\/v2\/media?parent=171511"}],"curies":[{"name":"wp","href":"https:\/\/api.w.org\/{rel}","templated":true}]}}