{"id":171512,"date":"2025-09-12T13:07:46","date_gmt":"2025-09-12T11:07:46","guid":{"rendered":"https:\/\/us.edu.pl\/wydzial\/wsne\/?page_id=171512"},"modified":"2026-03-16T14:59:53","modified_gmt":"2026-03-16T13:59:53","slug":"koncepcja-centrum-edukacji-artystycznej-i-kulturalnej-us","status":"publish","type":"page","link":"https:\/\/us.edu.pl\/wydzial\/wsne\/koncepcja-centrum-edukacji-artystycznej-i-kulturalnej-us\/","title":{"rendered":"Koncepcja Centrum Edukacji Artystycznej i Kulturalnej U\u015a"},"content":{"rendered":"<p>[vc_row][vc_column]\r\n                <div class=\"text-modules\">\r\n                    <div class=\"container\">\r\n                        \r\n                        <div class=\"text-modules__content\"><\/p>\n<p style=\"text-align: center;\"><img class=\"alignnone size-medium wp-image-171543\" src=\"https:\/\/us.edu.pl\/wydzial\/wsne\/wp-content\/uploads\/sites\/20\/Bez-kategorii\/FE-SL-kolor-poziom-br-900x95.jpg\" alt=\"Logotypy UE,Polska, Woje.\u015alaskie\" width=\"900\" height=\"95\" srcset=\"https:\/\/us.edu.pl\/wydzial\/wsne\/wp-content\/uploads\/sites\/20\/Bez-kategorii\/FE-SL-kolor-poziom-br-900x95.jpg 900w, https:\/\/us.edu.pl\/wydzial\/wsne\/wp-content\/uploads\/sites\/20\/Bez-kategorii\/FE-SL-kolor-poziom-br-1200x127.jpg 1200w, https:\/\/us.edu.pl\/wydzial\/wsne\/wp-content\/uploads\/sites\/20\/Bez-kategorii\/FE-SL-kolor-poziom-br-768x81.jpg 768w, https:\/\/us.edu.pl\/wydzial\/wsne\/wp-content\/uploads\/sites\/20\/Bez-kategorii\/FE-SL-kolor-poziom-br-1536x162.jpg 1536w, https:\/\/us.edu.pl\/wydzial\/wsne\/wp-content\/uploads\/sites\/20\/Bez-kategorii\/FE-SL-kolor-poziom-br-575x61.jpg 575w, https:\/\/us.edu.pl\/wydzial\/wsne\/wp-content\/uploads\/sites\/20\/Bez-kategorii\/FE-SL-kolor-poziom-br.jpg 2015w\" sizes=\"(max-width: 900px) 100vw, 900px\" \/><\/p>\n<p>\n<\/div>\r\n                    <\/div>\r\n                <\/div>[\/vc_column][\/vc_row][vc_row][vc_column]\r\n                <div class=\"text-modules\">\r\n                    <div class=\"container\">\r\n                        <h3 class=\"page-title text__title\">Koncepcja Centrum Edukacji Artystycznej i Kulturalnej U\u015a<\/h3>\r\n                        <div class=\"text-modules__content\"><p>Projekt zak\u0142ada przebudow\u0119 budynku auli przy ul. Paderewskiego wraz z cz\u0119\u015bci\u0105 \u0142\u0105cznika prowadz\u0105cego do niej mi\u0119dzy obiektami Kampusu Cieszyn.<\/p>\n<p>Wykonane zostan\u0105 niezb\u0119dne roboty budowlane, maj\u0105ce na celu popraw\u0119 stanu technicznego budynku i jego wygl\u0105du, obejmuj\u0105ce tak\u017ce uporz\u0105dkowanie przestrzeni wok\u00f3\u0142. Przebudowa ma tak\u017ce przyczyni\u0107 si\u0119 do spe\u0142nienia standard\u00f3w dost\u0119pno\u015bci oraz redukcji zu\u017cycia energii \u2013 obiekt b\u0119dzie poddany termomodernizacji, planowane jest wykorzystanie odnawialnych \u017ar\u00f3de\u0142 energii (OZE), m.in. powietrznych pomp ciep\u0142a.<\/p>\n<p>Celem jest dostosowanie budynku do pe\u0142nienia nowoczesnych funkcji dydaktycznych oraz badawczych, zwi\u0105zanych z nauk\u0105 o obrazie i d\u017awi\u0119ku, sztukami widowiskowymi, sztuk\u0105 prezentacji oraz designem i tw\u00f3rczo\u015bci\u0105 kreatywn\u0105. Przestrzenie b\u0119d\u0105 zaprojektowane z my\u015bl\u0105 m.in. o osobach G\/g\u0142uchych i niedos\u0142ysz\u0105cych, co umo\u017cliwi prowadzenia edukacji ukierunkowanej na potrzeby os\u00f3b z niepe\u0142nosprawno\u015bciami.<\/p>\n<p>Obiekt podlegaj\u0105cy przebudowie ma pe\u0142ni\u0107 funkcje dydaktyczne, w ramach kt\u00f3rych wydzielone zostan\u0105:<\/p>\n<ul>\n<li>przestrze\u0144 warsztatowa: eksperymentowania i sztuk widowiskowych,<\/li>\n<li>przestrze\u0144 dydaktyczno-warsztatowa: reklamy i artystycznej prezentacji tw\u00f3rczo\u015bci i designu,<\/li>\n<li>przestrze\u0144 warsztat\u00f3w do\u015bwiadczalnych,<\/li>\n<li>przestrze\u0144 dydaktyczna: nauk o obrazie i d\u017awi\u0119ku,<\/li>\n<li>przestrze\u0144 dydaktyczno-warsztatowa: muzyczno-ruchowa,<\/li>\n<li>przestrze\u0144 studi\u00f3w interdyscyplinarnych nad kultur\u0105 i edukacj\u0105,<\/li>\n<li>przestrze\u0144 warsztat\u00f3w przedsi\u0119biorczo\u015bci akademickiej,<\/li>\n<li>przestrze\u0144 integracyjno-relaksacyjna student\u00f3w,<\/li>\n<li>przestrze\u0144 obron i wystaw student\u00f3w.<\/li>\n<\/ul>\n<p>\n<\/div>\r\n                    <\/div>\r\n                <\/div>[\/vc_column][\/vc_row]<\/p>","protected":false},"excerpt":{"rendered":"<p>[vc_row][vc_column][\/vc_column][\/vc_row][vc_row][vc_column][\/vc_column][\/vc_row] [&#8230;]<\/p>\n<p><a class=\"btn btn-secondary understrap-read-more-link\" href=\"https:\/\/us.edu.pl\/wydzial\/wsne\/koncepcja-centrum-edukacji-artystycznej-i-kulturalnej-us\/\">Read More&#8230;<\/a><\/p>\n","protected":false},"author":110,"featured_media":0,"parent":0,"menu_order":0,"comment_status":"closed","ping_status":"closed","template":"","meta":{"_expiration-date-status":"","_expiration-date":0,"_expiration-date-type":"","_expiration-date-categories":[],"_expiration-date-options":[]},"acf":[],"_links":{"self":[{"href":"https:\/\/us.edu.pl\/wydzial\/wsne\/wp-json\/wp\/v2\/pages\/171512"}],"collection":[{"href":"https:\/\/us.edu.pl\/wydzial\/wsne\/wp-json\/wp\/v2\/pages"}],"about":[{"href":"https:\/\/us.edu.pl\/wydzial\/wsne\/wp-json\/wp\/v2\/types\/page"}],"author":[{"embeddable":true,"href":"https:\/\/us.edu.pl\/wydzial\/wsne\/wp-json\/wp\/v2\/users\/110"}],"replies":[{"embeddable":true,"href":"https:\/\/us.edu.pl\/wydzial\/wsne\/wp-json\/wp\/v2\/comments?post=171512"}],"version-history":[{"count":5,"href":"https:\/\/us.edu.pl\/wydzial\/wsne\/wp-json\/wp\/v2\/pages\/171512\/revisions"}],"predecessor-version":[{"id":173980,"href":"https:\/\/us.edu.pl\/wydzial\/wsne\/wp-json\/wp\/v2\/pages\/171512\/revisions\/173980"}],"wp:attachment":[{"href":"https:\/\/us.edu.pl\/wydzial\/wsne\/wp-json\/wp\/v2\/media?parent=171512"}],"curies":[{"name":"wp","href":"https:\/\/api.w.org\/{rel}","templated":true}]}}