{"id":171514,"date":"2025-09-12T13:08:35","date_gmt":"2025-09-12T11:08:35","guid":{"rendered":"https:\/\/us.edu.pl\/wydzial\/wsne\/?page_id=171514"},"modified":"2026-03-16T15:02:36","modified_gmt":"2026-03-16T14:02:36","slug":"ksztalcenie-w-spinart","status":"publish","type":"page","link":"https:\/\/us.edu.pl\/wydzial\/wsne\/ksztalcenie-w-spinart\/","title":{"rendered":"Kszta\u0142cenie w SpinART"},"content":{"rendered":"<p>[vc_row][vc_column]\r\n                <div class=\"text-modules\">\r\n                    <div class=\"container\">\r\n                        \r\n                        <div class=\"text-modules__content\"><\/p>\n<p style=\"text-align: center;\"><img class=\"alignnone size-medium wp-image-171543\" src=\"https:\/\/us.edu.pl\/wydzial\/wsne\/wp-content\/uploads\/sites\/20\/Bez-kategorii\/FE-SL-kolor-poziom-br-900x95.jpg\" alt=\"Logotypy UE,Polska, Woje.\u015alaskie\" width=\"900\" height=\"95\" srcset=\"https:\/\/us.edu.pl\/wydzial\/wsne\/wp-content\/uploads\/sites\/20\/Bez-kategorii\/FE-SL-kolor-poziom-br-900x95.jpg 900w, https:\/\/us.edu.pl\/wydzial\/wsne\/wp-content\/uploads\/sites\/20\/Bez-kategorii\/FE-SL-kolor-poziom-br-1200x127.jpg 1200w, https:\/\/us.edu.pl\/wydzial\/wsne\/wp-content\/uploads\/sites\/20\/Bez-kategorii\/FE-SL-kolor-poziom-br-768x81.jpg 768w, https:\/\/us.edu.pl\/wydzial\/wsne\/wp-content\/uploads\/sites\/20\/Bez-kategorii\/FE-SL-kolor-poziom-br-1536x162.jpg 1536w, https:\/\/us.edu.pl\/wydzial\/wsne\/wp-content\/uploads\/sites\/20\/Bez-kategorii\/FE-SL-kolor-poziom-br-575x61.jpg 575w, https:\/\/us.edu.pl\/wydzial\/wsne\/wp-content\/uploads\/sites\/20\/Bez-kategorii\/FE-SL-kolor-poziom-br.jpg 2015w\" sizes=\"(max-width: 900px) 100vw, 900px\" \/><\/p>\n<p>\n<\/div>\r\n                    <\/div>\r\n                <\/div>[\/vc_column][\/vc_row][vc_row][vc_column]\r\n                <div class=\"text-modules\">\r\n                    <div class=\"container\">\r\n                        <h3 class=\"page-title text__title\">Kszta\u0142cenie w SpinART<\/h3>\r\n                        <div class=\"text-modules__content\"><p>Naszym celem jest rozw\u00f3j, oczekiwanych w bran\u017cy kreatywnej, kompetencji i umiej\u0119tno\u015bci student\u00f3w, kt\u00f3re b\u0119d\u0105 mogli praktycznie wykorzysta\u0107 w p\u00f3\u017aniejszej pracy zawodowej.<\/p>\n<p>Kszta\u0142cenie tych umiej\u0119tno\u015bci b\u0119dzie oznacza\u0107 dla absolwent\u00f3w zwi\u0119kszenie m.in.<\/p>\n<ul>\n<li>wiedzy z zakresu technologii informacyjno-komunikacyjnych, w tym z zakresu nowoczesnych technologii oraz komunikacji i ochrony danych,<\/li>\n<li>zdolno\u015bci do aktywnej pracy z danymi, w tym ich przetwarzania i analizy oraz rozumienia danych wizualnych,<\/li>\n<li>poziomu technicznego know-how, w tym wiedzy o technologiach, dzia\u0142aniach i procesach produkcyjnych, obs\u0142udze maszyn,<\/li>\n<li>poziomu umiej\u0119tno\u015bci osobowych, w tym m.in. zdolno\u015bci do adaptacji w miejscu pracy i gotowo\u015bci do zmian, umiej\u0119tno\u015bci podejmowania decyzji, kompetencji komunikacyjnych, pracy w zespole, zdolno\u015bci do zmiany decyzji pod wp\u0142ywem do\u015bwiadcze\u0144 i wiedzy.<\/li>\n<\/ul>\n<p>Projekt przyczyni si\u0119 do stworzenia przestrzeni do swobodnej tw\u00f3rczo\u015bci i wymiany wiedzy, a tak\u017ce w\u0142\u0105czenia do programu kszta\u0142cenia przedsi\u0119biorc\u00f3w i aktywist\u00f3w \u2013 praktyk\u00f3w w poszczeg\u00f3lnych dziedzinach.<\/p>\n<p>W wyniku realizacji projektu b\u0119dzie mo\u017cliwa bardziej aktywna wsp\u00f3\u0142praca \u015brodowiska naukowego i artystycznego z szeroko rozumianym otoczeniem spo\u0142eczno-gospodarczym (szko\u0142ami, organizacjami pozarz\u0105dowymi, sektorem kreatywnym) oraz \u0142\u0105czenie czterech sektor\u00f3w: edukacji, biznesu, spo\u0142ecze\u0144stwa i administracji, przyczyniaj\u0105ce si\u0119 do szerokiego w\u0142\u0105czenia spo\u0142ecznego w zakresie kszta\u0142cenia, szkole\u0144 i uczenia si\u0119 przez ca\u0142e \u017cycie.<\/p>\n<\/div>\r\n                    <\/div>\r\n                <\/div>[\/vc_column][\/vc_row]<\/p>","protected":false},"excerpt":{"rendered":"<p>[vc_row][vc_column][\/vc_column][\/vc_row][vc_row][vc_column][\/vc_column][\/vc_row] [&#8230;]<\/p>\n<p><a class=\"btn btn-secondary understrap-read-more-link\" href=\"https:\/\/us.edu.pl\/wydzial\/wsne\/ksztalcenie-w-spinart\/\">Read More&#8230;<\/a><\/p>\n","protected":false},"author":110,"featured_media":0,"parent":0,"menu_order":0,"comment_status":"closed","ping_status":"closed","template":"","meta":{"_expiration-date-status":"","_expiration-date":0,"_expiration-date-type":"","_expiration-date-categories":[],"_expiration-date-options":[]},"acf":[],"_links":{"self":[{"href":"https:\/\/us.edu.pl\/wydzial\/wsne\/wp-json\/wp\/v2\/pages\/171514"}],"collection":[{"href":"https:\/\/us.edu.pl\/wydzial\/wsne\/wp-json\/wp\/v2\/pages"}],"about":[{"href":"https:\/\/us.edu.pl\/wydzial\/wsne\/wp-json\/wp\/v2\/types\/page"}],"author":[{"embeddable":true,"href":"https:\/\/us.edu.pl\/wydzial\/wsne\/wp-json\/wp\/v2\/users\/110"}],"replies":[{"embeddable":true,"href":"https:\/\/us.edu.pl\/wydzial\/wsne\/wp-json\/wp\/v2\/comments?post=171514"}],"version-history":[{"count":5,"href":"https:\/\/us.edu.pl\/wydzial\/wsne\/wp-json\/wp\/v2\/pages\/171514\/revisions"}],"predecessor-version":[{"id":173982,"href":"https:\/\/us.edu.pl\/wydzial\/wsne\/wp-json\/wp\/v2\/pages\/171514\/revisions\/173982"}],"wp:attachment":[{"href":"https:\/\/us.edu.pl\/wydzial\/wsne\/wp-json\/wp\/v2\/media?parent=171514"}],"curies":[{"name":"wp","href":"https:\/\/api.w.org\/{rel}","templated":true}]}}