{"id":1877,"date":"2020-02-07T15:37:31","date_gmt":"2020-02-07T14:37:31","guid":{"rendered":"https:\/\/us.edu.pl\/wydzial\/wsne\/?page_id=1877"},"modified":"2025-05-06T09:19:30","modified_gmt":"2025-05-06T07:19:30","slug":"biuro-ewaluacji-i-obslugi-instytutow","status":"publish","type":"page","link":"https:\/\/us.edu.pl\/wydzial\/wsne\/biuro-ewaluacji-i-obslugi-instytutow\/","title":{"rendered":"Biuro Ewaluacji i Obs\u0142ugi Instytut\u00f3w"},"content":{"rendered":"<p><strong>Obszar dzia\u0142ania<\/strong><\/p>\n<p>\u2013 wsparcie obs\u0142ugi dzia\u0142alno\u015bci naukowej;<br \/>\n\u2013 wsparcie promocji i upowszechnienia wynik\u00f3w bada\u0144, dzia\u0142alno\u015bci naukowej;<br \/>\n\u2013 obs\u0142uga post\u0119powa\u0144 o nadanie stopnia doktora lub doktora habilitowanego;<br \/>\n\u2013 wsparcie zespo\u0142\u00f3w badawczych.<\/p>\n<p>&nbsp;<\/p>\n<h4>INSTYTUT SZTUK MUZYCZNYCH<\/h4>\n<p>mgr Diana Wiszniewska<br \/>\nadres: ul. Bielska 62, 43-400 Cieszyn, pok\u00f3j C1.1<br \/>\ntelefon: 33 8546150, email: diana.wiszniewska@us.edu.pl<\/p>\n<p>&nbsp;<\/p>\n<h4>INSTYTUT SZTUK PLASTYCZNYCH<\/h4>\n<p>Monika Ceglarska<br \/>\nAdres: ul. Bielska 62, 43-400 Cieszyn, pok\u00f3j C1.25<br \/>\ntelefon: 33 8546330, email: monika.ceglarska@us.edu.pl<\/p>\n<p>&nbsp;<\/p>\n<p><strong>Instytuty zlokalizowane w innych wydzia\u0142ach obs\u0142ugiwane przez Biuro ewaluacji i obs\u0142ugi instytut\u00f3w w Cieszynie:<\/strong><\/p>\n<h4>Wydzia\u0142 Nauk Spo\u0142ecznych<br \/>\nINSTYTUT PEDAGOGIKI, INSTYTUT SOCJOLOGII<\/h4>\n<h4>Wydzia\u0142 Humanistyczny<br \/>\nINSTYTUT FILOZOFII, INSTYTUT J\u0118ZYKOZNAWSTWA, INSTYTUT NAUK O SZTUCE<\/h4>\n<h4>Wydzia\u0142 Prawa i Administracji<br \/>\nINSTYTUT NAUK PRAWNYCH<\/h4>\n<h4>Wydzia\u0142 Humanistyczny<br \/>\nINSTYTUT NAUK O KULTURZE<\/h4>\n<p>Koordynator biura<\/p>\n<p><img class=\"alignnone wp-image-2204 size-thumbnail\" src=\"https:\/\/us.edu.pl\/wydzial\/wsne\/wp-content\/uploads\/sites\/20\/Nieprzypisane\/Ewa-Wenglorz-150x150.jpg\" alt=\"\" width=\"150\" height=\"150\" \/>\u00a0mgr Ewa Wenglorz<\/p>\n<p>adres: ul. Bielska 62, 43-400 Cieszyn, pok\u00f3j C1.24<br \/>\ntelefon: 33 8546114, email: ewa.wenglorz@us.edu.pl<\/p>","protected":false},"excerpt":{"rendered":"<p>Obszar dzia\u0142ania \u2013 wsparcie obs\u0142ugi dzia\u0142alno\u015bci naukowej; \u2013 wsparcie promocji i upowszechnienia wynik\u00f3w bada\u0144, dzia\u0142alno\u015bci naukowej; \u2013 obs\u0142uga post\u0119powa\u0144 o nadanie stopnia doktora lub doktora habilitowanego; \u2013 wsparcie zespo\u0142\u00f3w badawczych. &nbsp; INSTYTUT SZTUK MUZYCZNYCH mgr Diana Wiszniewska adres: ul. Bielska 62, 43-400 Cieszyn, pok\u00f3j C1.1 telefon: 33 8546150, email: diana.wiszniewska@us.edu.pl &nbsp; INSTYTUT SZTUK PLASTYCZNYCH Monika [&#8230;]<\/p>\n<p><a class=\"btn btn-secondary understrap-read-more-link\" href=\"https:\/\/us.edu.pl\/wydzial\/wsne\/biuro-ewaluacji-i-obslugi-instytutow\/\">Read More&#8230;<\/a><\/p>\n","protected":false},"author":110,"featured_media":0,"parent":0,"menu_order":0,"comment_status":"closed","ping_status":"closed","template":"page-templates\/inner-page.php","meta":{"_expiration-date-status":"","_expiration-date":0,"_expiration-date-type":"","_expiration-date-categories":[],"_expiration-date-options":[]},"acf":[],"_links":{"self":[{"href":"https:\/\/us.edu.pl\/wydzial\/wsne\/wp-json\/wp\/v2\/pages\/1877"}],"collection":[{"href":"https:\/\/us.edu.pl\/wydzial\/wsne\/wp-json\/wp\/v2\/pages"}],"about":[{"href":"https:\/\/us.edu.pl\/wydzial\/wsne\/wp-json\/wp\/v2\/types\/page"}],"author":[{"embeddable":true,"href":"https:\/\/us.edu.pl\/wydzial\/wsne\/wp-json\/wp\/v2\/users\/110"}],"replies":[{"embeddable":true,"href":"https:\/\/us.edu.pl\/wydzial\/wsne\/wp-json\/wp\/v2\/comments?post=1877"}],"version-history":[{"count":10,"href":"https:\/\/us.edu.pl\/wydzial\/wsne\/wp-json\/wp\/v2\/pages\/1877\/revisions"}],"predecessor-version":[{"id":168122,"href":"https:\/\/us.edu.pl\/wydzial\/wsne\/wp-json\/wp\/v2\/pages\/1877\/revisions\/168122"}],"wp:attachment":[{"href":"https:\/\/us.edu.pl\/wydzial\/wsne\/wp-json\/wp\/v2\/media?parent=1877"}],"curies":[{"name":"wp","href":"https:\/\/api.w.org\/{rel}","templated":true}]}}