{"id":1986,"date":"2020-02-14T13:03:02","date_gmt":"2020-02-14T12:03:02","guid":{"rendered":"https:\/\/us.edu.pl\/wydzial\/wsne\/?page_id=1986"},"modified":"2020-02-14T14:08:09","modified_gmt":"2020-02-14T13:08:09","slug":"absolwenci-polecaja-nasz-kampus","status":"publish","type":"page","link":"https:\/\/us.edu.pl\/wydzial\/wsne\/kampus-cieszyn\/absolwenci-polecaja-nasz-kampus\/","title":{"rendered":"Absolwenci polecaj\u0105 nasz Kampus"},"content":{"rendered":"<p><\/p>\n<h3>Hanna Malacina-Karpiel<\/h3>\n<p>absolwentka Wydzia\u0142u Etnologii i Nauk o Edukacji na Uniwersytecie \u015al\u0105skim<\/p>\n<p><em><img class=\"alignnone size-medium wp-image-1997\" src=\"https:\/\/us.edu.pl\/wydzial\/wsne\/wp-content\/uploads\/sites\/20\/Nieprzypisane\/Hanna-Malacina-Karpiel-300x200.jpg\" alt=\"\" width=\"300\" height=\"200\" srcset=\"https:\/\/us.edu.pl\/wydzial\/wsne\/wp-content\/uploads\/sites\/20\/Nieprzypisane\/Hanna-Malacina-Karpiel-300x200.jpg 300w, https:\/\/us.edu.pl\/wydzial\/wsne\/wp-content\/uploads\/sites\/20\/Nieprzypisane\/Hanna-Malacina-Karpiel-768x513.jpg 768w, https:\/\/us.edu.pl\/wydzial\/wsne\/wp-content\/uploads\/sites\/20\/Nieprzypisane\/Hanna-Malacina-Karpiel-575x384.jpg 575w, https:\/\/us.edu.pl\/wydzial\/wsne\/wp-content\/uploads\/sites\/20\/Nieprzypisane\/Hanna-Malacina-Karpiel.jpg 800w\" sizes=\"(max-width: 300px) 100vw, 300px\" \/><\/em><\/p>\n<p><em>Moje wspomnienia wi\u0105\u017c\u0105 si\u0119 z niesamowitymi lud\u017ami, kt\u00f3rych pozna\u0142am.\u00a0Ich podej\u015bcie do wielu spraw, kreatywno\u015b\u0107, ambicje, wi\u0119\u017a studencka dawa\u0142y poczucie tego,\u00a0\u017ce wyb\u00f3r uczelni i miejsca by\u0142 jak najbardziej s\u0142uszny.<\/em><\/p>\n<p><em>Jak wsz\u0119dzie, tak i tu, klimat tworzyli ludzie \u2013 zar\u00f3wno szanowne kole\u017ce\u0144stwo, jak i kadra wyk\u0142adowc\u00f3w. Na wszystkich zawsze mo\u017cna by\u0142o liczy\u0107. Bez wyj\u0105tku.<\/em><\/p>\n<h3>Katarzyna Sekulska<\/h3>\n<p>absolwentka kierunku grafika na Wydziale Artystycznym U\u015a, najlepsza absolwentka roku akademickiego 2015\/2016<\/p>\n<p><img class=\"alignnone size-medium wp-image-1999\" src=\"https:\/\/us.edu.pl\/wydzial\/wsne\/wp-content\/uploads\/sites\/20\/Nieprzypisane\/Katarzyna-Sekulska-223x300.jpg\" alt=\"\" width=\"223\" height=\"300\" srcset=\"https:\/\/us.edu.pl\/wydzial\/wsne\/wp-content\/uploads\/sites\/20\/Nieprzypisane\/Katarzyna-Sekulska-223x300.jpg 223w, https:\/\/us.edu.pl\/wydzial\/wsne\/wp-content\/uploads\/sites\/20\/Nieprzypisane\/Katarzyna-Sekulska-768x1034.jpg 768w, https:\/\/us.edu.pl\/wydzial\/wsne\/wp-content\/uploads\/sites\/20\/Nieprzypisane\/Katarzyna-Sekulska-760x1024.jpg 760w, https:\/\/us.edu.pl\/wydzial\/wsne\/wp-content\/uploads\/sites\/20\/Nieprzypisane\/Katarzyna-Sekulska-427x575.jpg 427w, https:\/\/us.edu.pl\/wydzial\/wsne\/wp-content\/uploads\/sites\/20\/Nieprzypisane\/Katarzyna-Sekulska.jpg 891w\" sizes=\"(max-width: 223px) 100vw, 223px\" \/><\/p>\n<p>Jest dwukrotn\u0105 laureatk\u0105 Stypendium Rektora Uniwersytetu \u015al\u0105skiego dla najlepszych student\u00f3w, za\u0142o\u017cycielk\u0105 Mi\u0119dzywydzia\u0142owego Studenckiego Klubu G\u00f3rskiego \u201eBukowe Czuby\u201d. Podczas studi\u00f3w nale\u017ca\u0142a r\u00f3wnie\u017c do Ko\u0142a Artystyczno-Naukowego Drzeworytnik\u00f3w i Linorytnik\u00f3w \u201eDeha\u201d. Jest tak\u017ce cz\u0142onkiem Klubu Chatkowego przy Chatce Studenckiej na Adamach oraz cz\u0142onkiem oddzia\u0142u uczelnianego PTTK Politechniki \u015al\u0105skiej. Absolwentka uczestniczy\u0142a w projekcie Etno Design zajmuj\u0105c si\u0119 ceramik\u0105. Do jej osi\u0105gni\u0119\u0107 artystycznych nale\u017c\u0105: wystawy zbiorowe \u2013 malarstwo \u2013 galeria Puda (Cieszyn), plakat \u2013 Kr\u0119gi Sztuki \u2013 Teatr Wyspia\u0144skiego (Katowice), plakat \u2013 galeria w alei fontann (Szczecin). Do jej zainteresowa\u0144, poza grafik\u0105 nale\u017cy teatr amatorski, praca z dzie\u0107mi, \u015bpiew, sztuka u\u017cytkowa oraz animacja spo\u0142eczno-kulturalna.<\/p>\n<h3>Karolina Stawowy<\/h3>\n<p>absolwentka kierunku edukacja artystyczna w zakresie sztuki muzycznej na Wydziale Artystycznym U\u015a, najlepsza absolwentka roku akademickiego 2015\/2016<\/p>\n<p><img class=\"alignnone size-medium wp-image-1996\" src=\"https:\/\/us.edu.pl\/wydzial\/wsne\/wp-content\/uploads\/sites\/20\/Nieprzypisane\/Karolina-Stawowy-236x300.jpg\" alt=\"\" width=\"236\" height=\"300\" srcset=\"https:\/\/us.edu.pl\/wydzial\/wsne\/wp-content\/uploads\/sites\/20\/Nieprzypisane\/Karolina-Stawowy-236x300.jpg 236w, https:\/\/us.edu.pl\/wydzial\/wsne\/wp-content\/uploads\/sites\/20\/Nieprzypisane\/Karolina-Stawowy-453x575.jpg 453w, https:\/\/us.edu.pl\/wydzial\/wsne\/wp-content\/uploads\/sites\/20\/Nieprzypisane\/Karolina-Stawowy.jpg 481w\" sizes=\"(max-width: 236px) 100vw, 236px\" \/><\/p>\n<div class=\"col-xs-12 col-sm-12 col-md-12 col-lg-12\">\n<div class=\"region region-content\">\n<div id=\"block-system-main\" class=\"block block-system\">\n<div class=\"content\">\n<div id=\"node-64\" class=\"node node-page clearfix\">\n<div class=\"content\">\n<div class=\"field field-name-body field-type-text-with-summary field-label-hidden\">\n<div class=\"field-items\">\n<div class=\"field-item even\">\n<p>Jest dwukrotn\u0105 laureatk\u0105 Stypendium Rektora Uniwersytetu \u015al\u0105skiego dla najlepszych student\u00f3w. W latach 2014-2016 pe\u0142ni\u0142a funkcj\u0119 wiceprzewodnicz\u0105cej Samorz\u0105du Studenckiego na Wydziale Artystycznym. Od 2018 roku nale\u017cy do ch\u00f3ru mieszanego \u201eSkowronek\u201d w Giera\u0142towicach, od 2014 roku pe\u0142ni\u0105c tam funkcj\u0119 asystentki dyrygenta. W roku akademickim 2014\/2015 nale\u017ca\u0142a do Ch\u00f3ru Uniwersytetu \u015al\u0105skiego \u201eHarmonia\u201d, z kt\u00f3rym zdoby\u0142a Z\u0142ot\u0105 Wst\u0119g\u0119 (I miejsce) w Mi\u0119dzynarodowym Konkursie Ch\u00f3ralnym w Ejszykowicach w 2015 roku.<\/p>\n<p>Jest tak\u017ce cz\u0142onkiem Orkiestry D\u0119tej OSP w Przyszowicach. W 2014 roku zosta\u0142a wyr\u00f3\u017cniona \u201eOdznaka Honorow\u0105 Br\u0105zow\u0105\u201d za zas\u0142ugi w pracy spo\u0142ecznej stowarzyszenia, nadawan\u0105 przez \u015al\u0105ski Zwi\u0105zek Ch\u00f3r\u00f3w i Orkiestr, zarz\u0105d g\u0142\u00f3wny w Katowicach. Obecnie absolwentka pracuje w Zespole Szkolno-Przedszkolnym w Pam\u00f3wkach jako nauczyciel muzyki, wychowawca \u015bwietlicy oraz rytmiczka i akompaniator w Zespole Dzieci\u0119cym \u201eBajtle\u201d.<\/p>\n<h3>Marta Jolanta Ja\u0142owiec<\/h3>\n<p>absolwentka kierunku pedagogika na Wydziale Etnologii i Nauk o Edukacji U\u015a, specjalno\u015b\u0107 zintegrowana edukacja wczesnoszkolna i wychowanie przedszkolne, najlepsza absolwentka roku akademickiego 2015\/2016<\/p>\n<p><img class=\"alignnone size-medium wp-image-2005\" src=\"https:\/\/us.edu.pl\/wydzial\/wsne\/wp-content\/uploads\/sites\/20\/Nieprzypisane\/Marta-Jolanta-Ja\u0142owiec-208x300.jpg\" alt=\"\" width=\"208\" height=\"300\" srcset=\"https:\/\/us.edu.pl\/wydzial\/wsne\/wp-content\/uploads\/sites\/20\/Nieprzypisane\/Marta-Jolanta-Ja\u0142owiec-208x300.jpg 208w, https:\/\/us.edu.pl\/wydzial\/wsne\/wp-content\/uploads\/sites\/20\/Nieprzypisane\/Marta-Jolanta-Ja\u0142owiec-768x1108.jpg 768w, https:\/\/us.edu.pl\/wydzial\/wsne\/wp-content\/uploads\/sites\/20\/Nieprzypisane\/Marta-Jolanta-Ja\u0142owiec-710x1024.jpg 710w, https:\/\/us.edu.pl\/wydzial\/wsne\/wp-content\/uploads\/sites\/20\/Nieprzypisane\/Marta-Jolanta-Ja\u0142owiec-399x575.jpg 399w, https:\/\/us.edu.pl\/wydzial\/wsne\/wp-content\/uploads\/sites\/20\/Nieprzypisane\/Marta-Jolanta-Ja\u0142owiec.jpg 832w\" sizes=\"(max-width: 208px) 100vw, 208px\" \/><\/p>\n<p>Uzyska\u0142a ocen\u0119 celuj\u0105c\u0105 na dyplomie. By\u0142a stypendystk\u0105 Stypendium Rektora U\u015a dla najlepszych student\u00f3w. Wzi\u0119\u0142a czynny udzia\u0142 w organizacji VI edycji Cieszy\u0144skiej Wampiriady. Uczestniczy\u0142a tak\u017ce w warsztatach pt. \u201eTa\u0144ce ludowe. Poziom podstawowy\u201d. Jej pasj\u0105 jest \u015bpiew, fotografia i taniec.<\/p>\n<h3>Anna Cieplak<\/h3>\n<p>absolwentka kierunku animacja spo\u0142eczno-kulturalna. Autorka ksi\u0105\u017cek \u201eZaufanie\u201d i \u201eMa by\u0107 czysto\u201d (ksi\u0105\u017cka roku 2016 wg Tr\u00f3jkowego Radiowego Domu Kultury).\u00a0 Nominowana do: Pozna\u0144skiej Nagrody Literackiej (Stypendium im. Stanis\u0142awa Bara\u0144czaka), Nagrody Literackiej im. Witolda Gombrowicza, Nagrody Literacka Gdynia. Nagrodzona przez Ministerstwo Kultury i Dziedzictwa Narodowego za dzia\u0142alno\u015b\u0107 w zakresie kultury (2014); stypendystka Ministra Kultury i Dziedzictwa Narodowego w ramach programu \u201eAktywno\u015b\u0107 Obywatelska\u201d (2015), stypendystka Rektora U\u015a. Od 2009 dzia\u0142a w \u015awietlicy Krytyki Politycznej \u201eNa Granicy\u201d jako koordynatorka projekt\u00f3w i animatorka kultury.<\/p>\n<p><img class=\"alignnone size-medium wp-image-1995\" src=\"https:\/\/us.edu.pl\/wydzial\/wsne\/wp-content\/uploads\/sites\/20\/Nieprzypisane\/Anna-Cieplak-300x300.jpg\" alt=\"\" width=\"300\" height=\"300\" srcset=\"https:\/\/us.edu.pl\/wydzial\/wsne\/wp-content\/uploads\/sites\/20\/Nieprzypisane\/Anna-Cieplak-300x300.jpg 300w, https:\/\/us.edu.pl\/wydzial\/wsne\/wp-content\/uploads\/sites\/20\/Nieprzypisane\/Anna-Cieplak-150x150.jpg 150w, https:\/\/us.edu.pl\/wydzial\/wsne\/wp-content\/uploads\/sites\/20\/Nieprzypisane\/Anna-Cieplak-768x768.jpg 768w, https:\/\/us.edu.pl\/wydzial\/wsne\/wp-content\/uploads\/sites\/20\/Nieprzypisane\/Anna-Cieplak-575x575.jpg 575w, https:\/\/us.edu.pl\/wydzial\/wsne\/wp-content\/uploads\/sites\/20\/Nieprzypisane\/Anna-Cieplak.jpg 900w\" sizes=\"(max-width: 300px) 100vw, 300px\" \/><\/p>\n<p><em>Przestrze\u0144 Cieszyna inspiruje, ale i wymaga wysi\u0142ku. Sam kampus jest jednym z naj\u0142adniejszych jakie widzia\u0142am. Chyba jest na tyle urodziwy, \u017ce czasem ci\u0119\u017cko z niego wyj\u015b\u0107, a powinno si\u0119 to zrobi\u0107, bo dopiero wtedy mo\u017cna m\u00f3wi\u0107, \u017ce naprawd\u0119 studiuje si\u0119 w Cieszynie.\u00a0 To dobre miejsce dla os\u00f3b, kt\u00f3re szukaj\u0105 swojego miejsca i chc\u0105 nie tylko studiowa\u0107, ale i pozna\u0107 niezwyk\u0142\u0105 przestrze\u0144 pogranicza. W Cieszynie mieszka\u0142 i pracowa\u0142 Julian Przybo\u015b, Kornel Filipowicz, powsta\u0142 Teatr CST, Galeria \u201eSzara\u201d, odbywa si\u0119 rokrocznie festiwal \u201eKino Na Granicy\u201d. Miasto \u017cyje w\u0142asnym rytmem, kt\u00f3re mo\u017cna poczu\u0107 dopiero b\u0119d\u0105c tutaj d\u0142u\u017cej.\u00a0<\/em><\/p>\n<h3>Karolina Kania<\/h3>\n<p>absolwentka kierunku etnologia. Od 2012 roku wolontariuszka AFS Polska Programy Mi\u0119dzykulturowe oraz trenerka edukacji mi\u0119dzykulturowej, cz\u0142onkini EFIL European Pool of Trainers. Od 2014 roku prowadzi badania dotycz\u0105ce relacji spo\u0142eczno-politycznych zwi\u0105zanych z rozwojem turystyki na wyspach archipelagu Nowej Kaledonii na Po\u0142udniowym Pacyfiku. Obecnie zwi\u0105zana z Institut de Recherche Interdisciplinaire sur les enjeux Sociaux w Pary\u017cu, a tak\u017ce z Wydzia\u0142em Geografii i Studi\u00f3w Regionalnych Uniwersytetu Warszawskiego.<\/p>\n<p><img class=\"alignnone size-medium wp-image-1991\" src=\"https:\/\/us.edu.pl\/wydzial\/wsne\/wp-content\/uploads\/sites\/20\/Nieprzypisane\/Karolina-Kania-240x300.jpg\" alt=\"\" width=\"240\" height=\"300\" srcset=\"https:\/\/us.edu.pl\/wydzial\/wsne\/wp-content\/uploads\/sites\/20\/Nieprzypisane\/Karolina-Kania-240x300.jpg 240w, https:\/\/us.edu.pl\/wydzial\/wsne\/wp-content\/uploads\/sites\/20\/Nieprzypisane\/Karolina-Kania-768x961.jpg 768w, https:\/\/us.edu.pl\/wydzial\/wsne\/wp-content\/uploads\/sites\/20\/Nieprzypisane\/Karolina-Kania-818x1024.jpg 818w, https:\/\/us.edu.pl\/wydzial\/wsne\/wp-content\/uploads\/sites\/20\/Nieprzypisane\/Karolina-Kania-460x575.jpg 460w, https:\/\/us.edu.pl\/wydzial\/wsne\/wp-content\/uploads\/sites\/20\/Nieprzypisane\/Karolina-Kania.jpg 900w\" sizes=\"(max-width: 240px) 100vw, 240px\" \/><\/p>\n<p><em>Studiowa\u0142am na pi\u0119ciu r\u00f3\u017cnych uczelniach, w trzech krajach i naprawd\u0119 uwa\u017cam, \u017ce w Cieszynie studiuje si\u0119 bardzo dobrze. Mimo bycia ma\u0142ym o\u015brodkiem, cieszy\u0144ski uniwersytet ma dobry poziom, a opr\u00f3cz tego sporo dodatkowych atut\u00f3w. W Cieszynie jest chocia\u017cby prawdziwy kampus, uczelnia nie jest porozrzucana po mie\u015bcie. No i jest ten klimat prowincjonalno\u015bci i ma\u0142omiasteczkowo\u015bci, w tym dobrym aspekcie. Ca\u0142y uniwersytet jest tu skoncentrowany na niewielkiej przestrzeni i to mi\u0119dzy innymi tworzy jego klimat. Studia etnologiczne by\u0142y i nadal s\u0105 dla mnie przeciekaw\u0105 przygod\u0105 intelektualn\u0105, poszerzaj\u0105c\u0105 horyzonty, otwieraj\u0105c\u0105 na Innych, pozwalaj\u0105c\u0105 zrozumie\u0107 cz\u0142owieka jako tw\u00f3rc\u0119 i odbiorc\u0119 kultury. Da\u0142y mi szans\u0119 krytycznego spojrzenia na otaczaj\u0105c\u0105 nas rzeczywisto\u015b\u0107. Wierz\u0119 bowiem, \u017ce etnologia, to co\u015b wi\u0119cej ni\u017c nauka. To spos\u00f3b patrzenia na \u015bwiat. A moim spojrzeniem dziel\u0119 si\u0119 na blogu EthnoPassion (<a href=\"http:\/\/www.ethnopassion.pl\/\">http:\/\/www.ethnopassion.pl\/<\/a>).<\/em><\/p>\n<h3>Stefan Ma\u0144ka<\/h3>\n<p>absolwent kierunku pedagogika (specjalno\u015b\u0107: animacja spo\u0142eczno-kulturalna). Aktualnie pracuje jako menad\u017cer ds. czesko-polskich projekt\u00f3w transgranicznych programu Interreg V-A, a tak\u017ce czeski przedstawiciel polskiego internetowego sklepu muzycznego Gigant.pl. Zajmuj\u0119 si\u0119 tak\u017ce czeskim marketingiem i promocj\u0105 Przegl\u0105du \u201eFilmowego Kino na Granicy\u201d. Ponadto wolny strzelec zajmuj\u0105cy si\u0119 dziennikarstwem, promocj\u0105, PR&#8217;em i marketingiem internetowym.<\/p>\n<p><img class=\"alignnone size-medium wp-image-1993\" src=\"https:\/\/us.edu.pl\/wydzial\/wsne\/wp-content\/uploads\/sites\/20\/Nieprzypisane\/Stefan-Ma\u0144ka-300x208.jpg\" alt=\"\" width=\"300\" height=\"208\" srcset=\"https:\/\/us.edu.pl\/wydzial\/wsne\/wp-content\/uploads\/sites\/20\/Nieprzypisane\/Stefan-Ma\u0144ka-300x208.jpg 300w, https:\/\/us.edu.pl\/wydzial\/wsne\/wp-content\/uploads\/sites\/20\/Nieprzypisane\/Stefan-Ma\u0144ka-768x532.jpg 768w, https:\/\/us.edu.pl\/wydzial\/wsne\/wp-content\/uploads\/sites\/20\/Nieprzypisane\/Stefan-Ma\u0144ka-575x398.jpg 575w, https:\/\/us.edu.pl\/wydzial\/wsne\/wp-content\/uploads\/sites\/20\/Nieprzypisane\/Stefan-Ma\u0144ka.jpg 900w\" sizes=\"(max-width: 300px) 100vw, 300px\" \/><\/p>\n<p><em>Zach\u0119t\u0105 do studiowania na cieszy\u0144skim kampusie powinien by\u0107 przede wszystkim klimat jaki tam panuje. Wszystko w pakiecie, w jednym miejscu i z rzesz\u0105 otwartych na \u015bwiat ludzi. Tutaj nie ma mo\u017cliwo\u015bci by si\u0119 nudzi\u0107 (chyba, \u017ce si\u0119 chce). Fajnie studiuje si\u0119 w Cieszynie tak\u017ce dlatego, \u017ce miasto jest bardzo przyjemne i podczas studi\u00f3w daje wiele mo\u017cliwo\u015bci do wykorzystania czasu wolnego. I nie jest drogie!<\/em><\/p>\n<h3>Zosia i Darek Jedzok-Kontny<\/h3>\n<p>absolwenci kierunku etnologia; poznali si\u0119 na studiach etnologicznych w Cieszynie i tam te\u017c osiedlili na kilkana\u015bcie lat, mi\u0142o\u015bnicy podr\u00f3\u017cy, \u00a0aktualnie spe\u0142niaj\u0105 swoje marzenia w Sydney, autorzy bloga podr\u00f3\u017cniczego: <a href=\"https:\/\/www.facebook.com\/Przedeptane\/\">https:\/\/www.facebook.com\/Przedeptane\/<\/a>.<\/p>\n<p><img class=\"alignnone size-medium wp-image-2004\" src=\"https:\/\/us.edu.pl\/wydzial\/wsne\/wp-content\/uploads\/sites\/20\/Nieprzypisane\/Zosia-i-Darek-Jedzok-Kontny-226x300.jpg\" alt=\"\" width=\"226\" height=\"300\" srcset=\"https:\/\/us.edu.pl\/wydzial\/wsne\/wp-content\/uploads\/sites\/20\/Nieprzypisane\/Zosia-i-Darek-Jedzok-Kontny-226x300.jpg 226w, https:\/\/us.edu.pl\/wydzial\/wsne\/wp-content\/uploads\/sites\/20\/Nieprzypisane\/Zosia-i-Darek-Jedzok-Kontny.jpg 398w\" sizes=\"(max-width: 226px) 100vw, 226px\" \/><\/p>\n<p><em>Je\u017celi masz zainteresowania humanistyczne, ale nie chcesz ugrz\u0119zn\u0105\u0107 w jednej dziedzinie, to zdecydowanie polecamy studia na kierunku etnologia i antropologia kulturowa w Cieszynie. Studia zaoferuj\u0105 Ci intryguj\u0105c\u0105 mieszank\u0119 socjologii, psychologii i wiedzy o kulturach lokalnych i pozaeuropejskich, uzupe\u0142nion\u0105 o wyk\u0142ady z archeologii, filozofii, sztuki\u2026 Idealny zestaw dla ludzi ciekawych \u015bwiata.<\/em><\/p>\n<h3>Katarzyna Szolc<\/h3>\n<p>absolwentka kierunku pedagogika (specjalno\u015b\u0107 lic. edukacja wczesnoszkolna i terapia pedagogiczna; mgr pedagogika spo\u0142eczna z socjoterapi\u0105), laureatka Wyr\u00f3\u017cnienia Rektora U\u015a za dzia\u0142alno\u015b\u0107 naukow\u0105 i spo\u0142eczn\u0105 w roku akademickim 2016\/2017, Stypendystka Rektora U\u015a, laureatka Stypendium Ministra Nauki i Szkolnictwa Wy\u017cszego za osi\u0105gni\u0119cia naukowe. Od roku mieszka w Warszawie, gdzie pr\u00f3buje swoich si\u0142 w r\u00f3\u017cnych specjalno\u015bciach z zakresu pedagogiki, na kt\u00f3re pozwalaj\u0105 jej mi\u0119dzy innymi studia uko\u0144czone na WEiNoE. Pracuje w Szkole Podstawowej jako terapeuta pedagogiczny, nauczyciel wspomagaj\u0105cy oraz wychowawca \u015bwietlicy, a tak\u017ce jako arteterapeuta w przedszkolu terapeutycznym. Wsp\u00f3\u0142pracuje tak\u017ce przy projekcie realizowanym przez m\u0142odzie\u017cowy o\u015brodek wychowawczy.<\/p>\n<p><img class=\"alignnone size-medium wp-image-1992\" src=\"https:\/\/us.edu.pl\/wydzial\/wsne\/wp-content\/uploads\/sites\/20\/Nieprzypisane\/Katarzyna-Szolc-202x300.jpg\" alt=\"\" width=\"202\" height=\"300\" srcset=\"https:\/\/us.edu.pl\/wydzial\/wsne\/wp-content\/uploads\/sites\/20\/Nieprzypisane\/Katarzyna-Szolc-202x300.jpg 202w, https:\/\/us.edu.pl\/wydzial\/wsne\/wp-content\/uploads\/sites\/20\/Nieprzypisane\/Katarzyna-Szolc-768x1139.jpg 768w, https:\/\/us.edu.pl\/wydzial\/wsne\/wp-content\/uploads\/sites\/20\/Nieprzypisane\/Katarzyna-Szolc-691x1024.jpg 691w, https:\/\/us.edu.pl\/wydzial\/wsne\/wp-content\/uploads\/sites\/20\/Nieprzypisane\/Katarzyna-Szolc-388x575.jpg 388w, https:\/\/us.edu.pl\/wydzial\/wsne\/wp-content\/uploads\/sites\/20\/Nieprzypisane\/Katarzyna-Szolc.jpg 800w\" sizes=\"(max-width: 202px) 100vw, 202px\" \/><\/p>\n<p><em>Rozwa\u017caj\u0105c jeszcze raz podj\u0119cie studi\u00f3w w Cieszynie a w innym mie\u015bcie z pewno\u015bci\u0105 zn\u00f3w wybra\u0142abym Cieszyn. Dobrze zorganizowany kampus, \u015bwietnie wyposa\u017cona biblioteka oraz klub studencki w jednym miejscu, a do tego poprawiaj\u0105ca si\u0119 komunikacja, kt\u00f3ra bez problemu pozwala dotrze\u0107 do najbli\u017cszych miejscowo\u015bci, ale tak\u017ce do Katowic, Krakowa czy Tych\u00f3w, to atut dla ka\u017cdego kto my\u015bli o praktycznych aspektach studiowania. Z drugiej strony mamy Wydzia\u0142 i \u015bwietne specjalno\u015bci na kierunku pedagogika, kt\u00f3re pozwalaj\u0105 uzyska\u0107 szerokie kwalifikacje, a w przysz\u0142o\u015bci \u0142atwo znale\u017a\u0107 prac\u0119, o czym przekona\u0142am si\u0119 podczas rozmowy kwalifikacyjnej, gdy us\u0142ysza\u0142am z wyrazem uznania \u201eO Pani po Uniwersytecie \u015al\u0105skim!\u201d.<\/em><\/p>\n<h3>Joanna Kapias<\/h3>\n<p>absolwentka kierunku pedagogika, studia I stopnia: Asystent Osoby Niepe\u0142nosprawnej i Terapia Pedagogiczna oraz Oligofrenopedagogika z Arteterapi\u0105, studia II stopnia: Zintegrowana Edukacja Wczesnoszkolna i Terapia Pedagogiczna; wielokrotna stypendystka rektora dla najlepszych student\u00f3w, w 2017 Laureatka wyr\u00f3\u017cnienia JM Rektora Uniwersytetu \u015al\u0105skiego. Autorka artyku\u0142\u00f3w w czasopi\u015bmie \u201e<a href=\"http:\/\/www.kson.pl\/gazeta\">Niepe\u0142nosprawni Tu i Teraz<\/a>\u201d.<br \/>\nAktualnie pracuje jako terapeuta w Domu Pomocy Spo\u0142ecznej.<\/p>\n<p><img class=\"alignnone size-medium wp-image-2003\" src=\"https:\/\/us.edu.pl\/wydzial\/wsne\/wp-content\/uploads\/sites\/20\/Nieprzypisane\/Joanna-Kapias-222x300.jpg\" alt=\"\" width=\"222\" height=\"300\" srcset=\"https:\/\/us.edu.pl\/wydzial\/wsne\/wp-content\/uploads\/sites\/20\/Nieprzypisane\/Joanna-Kapias-222x300.jpg 222w, https:\/\/us.edu.pl\/wydzial\/wsne\/wp-content\/uploads\/sites\/20\/Nieprzypisane\/Joanna-Kapias-768x1038.jpg 768w, https:\/\/us.edu.pl\/wydzial\/wsne\/wp-content\/uploads\/sites\/20\/Nieprzypisane\/Joanna-Kapias-758x1024.jpg 758w, https:\/\/us.edu.pl\/wydzial\/wsne\/wp-content\/uploads\/sites\/20\/Nieprzypisane\/Joanna-Kapias-426x575.jpg 426w, https:\/\/us.edu.pl\/wydzial\/wsne\/wp-content\/uploads\/sites\/20\/Nieprzypisane\/Joanna-Kapias.jpg 888w\" sizes=\"(max-width: 222px) 100vw, 222px\" \/><\/p>\n<p><em>Zach\u0119cam ka\u017cdego maturzyst\u0119, \u017ceby nie wybiera\u0142 studi\u00f3w pochopnie na zasadzie, \u201ebo blisko\u201d, albo, \u201ebo kole\u017canka te\u017c tam si\u0119 zapisa\u0142a\u201d. Niech ka\u017cdy zastanowi si\u0119, co go interesuje, co chce w \u017cyciu robi\u0107. Je\u015bli wyb\u00f3r padnie na dziedziny zwi\u0105zane\u00a0 z pedagogik\u0105 (w tym r\u00f3wnie\u017c specjaln\u0105), animacj\u0105 spo\u0142eczno-kulturaln\u0105 czy etnologi\u0105, w\u00f3wczas cieszy\u0144ski U\u015a jest wart polecenia.\u00a0<\/em><\/p>\n<h3>Klaudia Roksela<\/h3>\n<p>absolwentka kierunku etnologia. Pasjonatka gwary i kultury \u015bl\u0105skiej. \u00a0Wraz z m\u0119\u017cem prowadz\u0105 stron\u0119 <em>gryfnie.com<\/em> oraz jej facebookowy fanpage, kt\u00f3re po\u015bwi\u0119cone s\u0105 ciekawostkom o G\u00f3rnym \u015al\u0105sku i jego tradycjom. Laureatka Nagrody Specjalnej w konkursie <em>\u015al\u0105ska Rzecz 2015 <\/em>w kategorii <em>grafika u\u017cytkowa <\/em>za karty do gry <em>Szkat<\/em> jako <em>dobry przyk\u0142ad wsp\u00f3\u0142czesnej interpretacji klasycznego tematu, subtelne po\u0142\u0105czenie tradycji i nowoczesno\u015bci.<\/em><\/p>\n<p><img class=\"alignnone size-medium wp-image-2002\" src=\"https:\/\/us.edu.pl\/wydzial\/wsne\/wp-content\/uploads\/sites\/20\/Nieprzypisane\/Klaudia-Roksela-251x300.jpg\" alt=\"\" width=\"251\" height=\"300\" srcset=\"https:\/\/us.edu.pl\/wydzial\/wsne\/wp-content\/uploads\/sites\/20\/Nieprzypisane\/Klaudia-Roksela-251x300.jpg 251w, https:\/\/us.edu.pl\/wydzial\/wsne\/wp-content\/uploads\/sites\/20\/Nieprzypisane\/Klaudia-Roksela-768x920.jpg 768w, https:\/\/us.edu.pl\/wydzial\/wsne\/wp-content\/uploads\/sites\/20\/Nieprzypisane\/Klaudia-Roksela-855x1024.jpg 855w, https:\/\/us.edu.pl\/wydzial\/wsne\/wp-content\/uploads\/sites\/20\/Nieprzypisane\/Klaudia-Roksela-480x575.jpg 480w, https:\/\/us.edu.pl\/wydzial\/wsne\/wp-content\/uploads\/sites\/20\/Nieprzypisane\/Klaudia-Roksela.jpg 1002w\" sizes=\"(max-width: 251px) 100vw, 251px\" \/><\/p>\n<p><em>Studiuj\u0105c w Cieszynie czu\u0142am si\u0119 bardzo swojsko, jak w domu. Ma\u0142e miasto, ma\u0142o ludzi, spokojnie. Bardzo otwarci wyk\u0142adowcy, z kt\u00f3rymi utrzymuje si\u0119 kontakt r\u00f3wnie\u017c wiele lat po studiach.\u00a0<\/em><\/p>\n<h3>Bartosz Gajda<\/h3>\n<p>absolwent kierunku pedagogika o specjalno\u015bci animacja spo\u0142eczno-kulturalna. Artysta kabaretowy wyst\u0119puj\u0105cy w kabarecie \u0141owcy.B. Jako cz\u0142onek tego zespo\u0142u jest laureatem wielu presti\u017cowych nagr\u00f3d m.in. Na festiwalu PaKA czy Rybnickiej Jesieni Kabaretowej RYJEK.<\/p>\n<p><img class=\"alignnone size-medium wp-image-1994\" src=\"https:\/\/us.edu.pl\/wydzial\/wsne\/wp-content\/uploads\/sites\/20\/Nieprzypisane\/Bartosz-Gajda-300x300.jpg\" alt=\"\" width=\"300\" height=\"300\" srcset=\"https:\/\/us.edu.pl\/wydzial\/wsne\/wp-content\/uploads\/sites\/20\/Nieprzypisane\/Bartosz-Gajda-300x300.jpg 300w, https:\/\/us.edu.pl\/wydzial\/wsne\/wp-content\/uploads\/sites\/20\/Nieprzypisane\/Bartosz-Gajda-150x150.jpg 150w, https:\/\/us.edu.pl\/wydzial\/wsne\/wp-content\/uploads\/sites\/20\/Nieprzypisane\/Bartosz-Gajda.jpg 536w\" sizes=\"(max-width: 300px) 100vw, 300px\" \/><\/p>\n<p><em>Bardzo dobrze wspominam studia. Pierwszy okres w \u017cyciu, w kt\u00f3rym mog\u0142em poczu\u0107 si\u0119 jak doros\u0142y, a zarazem nie by\u0142o jeszcze tylu obowi\u0105zk\u00f3w co teraz. Zrobi\u0142em wtedy wszystkie g\u0142upie rzeczy, kt\u00f3re mog\u0142em zrobi\u0107. Pozna\u0142em bardzo du\u017co m\u0142odych ludzi. Z perspektywy czasu, najbardziej zapami\u0119tam ilo\u015b\u0107 energii, kt\u00f3r\u0105 mieli\u015bmy wszyscy. Fajnie, \u017ce t\u0119 energi\u0119 po\u017cytkowali\u015bmy nie tylko na wspomniane wcze\u015bniej g\u0142upoty. Robili\u015bmy du\u017co imprez na scenie, tak, \u017ceby inni te\u017c mogli si\u0119 bawi\u0107 z nami, udzielali\u015bmy si\u0119 na akademiach, festiwalach etc. W Cieszynie zawsze by\u0142o du\u017co &#8222;otwartych g\u0142\u00f3w&#8221;, nieszablonowych postaci, dzi\u0119ki kt\u00f3rym wynios\u0142em do doros\u0142ego \u017cycia wiele nowych kolor\u00f3w.\u00a0<\/em><\/p>\n<\/div>\n<\/div>\n<\/div>\n<\/div>\n<\/div>\n<\/div>\n<\/div>\n<\/div>\n<\/div>\n<p><\/p>","protected":false},"excerpt":{"rendered":"<p>Hanna Malacina-Karpiel absolwentka Wydzia\u0142u Etnologii i Nauk o Edukacji na Uniwersytecie \u015al\u0105skim Moje wspomnienia wi\u0105\u017c\u0105 si\u0119 z niesamowitymi lud\u017ami, kt\u00f3rych pozna\u0142am.\u00a0Ich podej\u015bcie do wielu spraw, kreatywno\u015b\u0107, ambicje, wi\u0119\u017a studencka dawa\u0142y poczucie tego,\u00a0\u017ce wyb\u00f3r uczelni i miejsca by\u0142 jak najbardziej s\u0142uszny. Jak wsz\u0119dzie, tak i tu, klimat tworzyli ludzie \u2013 zar\u00f3wno szanowne kole\u017ce\u0144stwo, jak i kadra [&#8230;]<\/p>\n<p><a class=\"btn btn-secondary understrap-read-more-link\" href=\"https:\/\/us.edu.pl\/wydzial\/wsne\/kampus-cieszyn\/absolwenci-polecaja-nasz-kampus\/\">Read More&#8230;<\/a><\/p>\n","protected":false},"author":110,"featured_media":0,"parent":635,"menu_order":0,"comment_status":"closed","ping_status":"closed","template":"page-templates\/inner-page.php","meta":{"_expiration-date-status":"saved","_expiration-date":0,"_expiration-date-type":"","_expiration-date-categories":[],"_expiration-date-options":[]},"acf":[],"_links":{"self":[{"href":"https:\/\/us.edu.pl\/wydzial\/wsne\/wp-json\/wp\/v2\/pages\/1986"}],"collection":[{"href":"https:\/\/us.edu.pl\/wydzial\/wsne\/wp-json\/wp\/v2\/pages"}],"about":[{"href":"https:\/\/us.edu.pl\/wydzial\/wsne\/wp-json\/wp\/v2\/types\/page"}],"author":[{"embeddable":true,"href":"https:\/\/us.edu.pl\/wydzial\/wsne\/wp-json\/wp\/v2\/users\/110"}],"replies":[{"embeddable":true,"href":"https:\/\/us.edu.pl\/wydzial\/wsne\/wp-json\/wp\/v2\/comments?post=1986"}],"version-history":[{"count":8,"href":"https:\/\/us.edu.pl\/wydzial\/wsne\/wp-json\/wp\/v2\/pages\/1986\/revisions"}],"predecessor-version":[{"id":2006,"href":"https:\/\/us.edu.pl\/wydzial\/wsne\/wp-json\/wp\/v2\/pages\/1986\/revisions\/2006"}],"up":[{"embeddable":true,"href":"https:\/\/us.edu.pl\/wydzial\/wsne\/wp-json\/wp\/v2\/pages\/635"}],"wp:attachment":[{"href":"https:\/\/us.edu.pl\/wydzial\/wsne\/wp-json\/wp\/v2\/media?parent=1986"}],"curies":[{"name":"wp","href":"https:\/\/api.w.org\/{rel}","templated":true}]}}