{"id":2162,"date":"2020-03-02T13:26:08","date_gmt":"2020-03-02T12:26:08","guid":{"rendered":"https:\/\/us.edu.pl\/wydzial\/wsne\/?page_id=2162"},"modified":"2026-01-12T08:43:22","modified_gmt":"2026-01-12T07:43:22","slug":"dziekan-wydzialu-sztuki-i-nauk-o-edukacji","status":"publish","type":"page","link":"https:\/\/us.edu.pl\/wydzial\/wsne\/dziekan-wydzialu-sztuki-i-nauk-o-edukacji\/","title":{"rendered":"Dziekan Wydzia\u0142u Sztuki I Nauk o Edukacji"},"content":{"rendered":"<p>DZIEKAN WYDZIA\u0141U SZTUKI I NAUK O EDUKACJI<\/p>\n<p>dr hab. Katarzyna Marcol, prof. U\u015a<\/p>\n<p>Kontakt:<\/p>\n<p>Biuro Organizacyjne Wydzia\u0142u Sztuki i Nauk o Edukacji<\/p>\n<p>mgr Katarzyna Holeksa<\/p>\n<p>Adres: ul. Bielska 62, 43-400 Cieszyn<\/p>\n<p>Telefon: 33 8546240<\/p>\n<p>Email: katarzyna.holeksa@us.edu.pl<\/p>","protected":false},"excerpt":{"rendered":"<p>DZIEKAN WYDZIA\u0141U SZTUKI I NAUK O EDUKACJI dr hab. Katarzyna Marcol, prof. U\u015a Kontakt: Biuro Organizacyjne Wydzia\u0142u Sztuki i Nauk o Edukacji mgr Katarzyna Holeksa Adres: ul. Bielska 62, 43-400 Cieszyn Telefon: 33 8546240 Email: katarzyna.holeksa@us.edu.pl [&#8230;]<\/p>\n<p><a class=\"btn btn-secondary understrap-read-more-link\" href=\"https:\/\/us.edu.pl\/wydzial\/wsne\/dziekan-wydzialu-sztuki-i-nauk-o-edukacji\/\">Read More&#8230;<\/a><\/p>\n","protected":false},"author":110,"featured_media":0,"parent":0,"menu_order":0,"comment_status":"closed","ping_status":"closed","template":"page-templates\/inner-page.php","meta":{"_expiration-date-status":"","_expiration-date":0,"_expiration-date-type":"","_expiration-date-categories":[],"_expiration-date-options":[]},"acf":[],"_links":{"self":[{"href":"https:\/\/us.edu.pl\/wydzial\/wsne\/wp-json\/wp\/v2\/pages\/2162"}],"collection":[{"href":"https:\/\/us.edu.pl\/wydzial\/wsne\/wp-json\/wp\/v2\/pages"}],"about":[{"href":"https:\/\/us.edu.pl\/wydzial\/wsne\/wp-json\/wp\/v2\/types\/page"}],"author":[{"embeddable":true,"href":"https:\/\/us.edu.pl\/wydzial\/wsne\/wp-json\/wp\/v2\/users\/110"}],"replies":[{"embeddable":true,"href":"https:\/\/us.edu.pl\/wydzial\/wsne\/wp-json\/wp\/v2\/comments?post=2162"}],"version-history":[{"count":5,"href":"https:\/\/us.edu.pl\/wydzial\/wsne\/wp-json\/wp\/v2\/pages\/2162\/revisions"}],"predecessor-version":[{"id":172937,"href":"https:\/\/us.edu.pl\/wydzial\/wsne\/wp-json\/wp\/v2\/pages\/2162\/revisions\/172937"}],"wp:attachment":[{"href":"https:\/\/us.edu.pl\/wydzial\/wsne\/wp-json\/wp\/v2\/media?parent=2162"}],"curies":[{"name":"wp","href":"https:\/\/api.w.org\/{rel}","templated":true}]}}