{"id":2188,"date":"2020-03-03T11:37:41","date_gmt":"2020-03-03T10:37:41","guid":{"rendered":"https:\/\/us.edu.pl\/wydzial\/wsne\/?page_id=2188"},"modified":"2020-03-03T13:42:35","modified_gmt":"2020-03-03T12:42:35","slug":"administracja-kampusu","status":"publish","type":"page","link":"https:\/\/us.edu.pl\/wydzial\/wsne\/administracja-kampusu\/","title":{"rendered":"Dzia\u0142 Administracyjno-Gospodarczy Kampusu Cieszy\u0144skiego"},"content":{"rendered":"<p>Dzia\u0142 Administracyjno-Gospodarczy Kampusu Cieszy\u0144skiego &#8211; Budynek Collegium Technicum<\/p>\n<p>Kierownik Dzia\u0142u Administracyjno-Gospodarczego Kampusu Cieszy\u0144skiego<\/p>\n<p>mgr in\u017c. Jacek \u015awierczek<\/p>\n<p>pok.9, tel. 338546450, jacek.swierczek@us.edu.pl<\/p>\n<p>Zast\u0119pca Kierownika Dzia\u0142u Administracyjno-Gospodarczego Kampusu Cieszy\u0144skiego<\/p>\n<p>in\u017c. Pawe\u0142 Linnert<\/p>\n<p>pok.4, tel. 338546415, pawel.linnert@us.edu.pl<\/p>\n<p>Koordynator Zespo\u0142u Infrastruktury Informatycznej Kampusu Cieszy\u0144skiego<\/p>\n<p>mgr in\u017c. Krzysztof Kasprzy\u0144ski<\/p>\n<p>pok. 16, tel.338546421, krzysztof.kasprzynski@us.edu.pl<\/p>\n<p>Zast\u0119pca Dyrektora Studium Wychowania Fizycznego i Sportu<\/p>\n<p>mgr Adrian Tomica<\/p>\n<p>Tel. 338546137, adrian.tomica@us.edu.pl<\/p>\n<p>Dzia\u0142 Spraw Osobowych i Socjalnych<\/p>\n<p>lic. Renata Wajsman<\/p>\n<p>pok.12, tel.338546430, renata.wajsman@us.edu.pl<\/p>\n<p>Dzia\u0142 P\u0142ac<\/p>\n<p>Agata Fajkis<\/p>\n<p>pok.12, tel.338546427, agata.fajkis@us.edu.pl<\/p>\n<p>Kierownik Osiedla Akademickiego w Cieszynie<\/p>\n<p>mgr Danuta Mielczarek<\/p>\n<p>tel. 338546130, danuta.mielczarek@us.edu.pl<\/p>\n<p>Oddzia\u0142 Biblioteki U\u015a w Cieszynie<\/p>\n<p>mgr Aneta W\u0119glarzy<\/p>\n<p>tel. 338546440, aneta.weglarzy@us.edu.pl<\/p>\n<p>&nbsp;<\/p>","protected":false},"excerpt":{"rendered":"<p>Dzia\u0142 Administracyjno-Gospodarczy Kampusu Cieszy\u0144skiego &#8211; Budynek Collegium Technicum Kierownik Dzia\u0142u Administracyjno-Gospodarczego Kampusu Cieszy\u0144skiego mgr in\u017c. Jacek \u015awierczek pok.9, tel. 338546450, jacek.swierczek@us.edu.pl Zast\u0119pca Kierownika Dzia\u0142u Administracyjno-Gospodarczego Kampusu Cieszy\u0144skiego in\u017c. Pawe\u0142 Linnert pok.4, tel. 338546415, pawel.linnert@us.edu.pl Koordynator Zespo\u0142u Infrastruktury Informatycznej Kampusu Cieszy\u0144skiego mgr in\u017c. Krzysztof Kasprzy\u0144ski pok. 16, tel.338546421, krzysztof.kasprzynski@us.edu.pl Zast\u0119pca Dyrektora Studium Wychowania Fizycznego i Sportu [&#8230;]<\/p>\n<p><a class=\"btn btn-secondary understrap-read-more-link\" href=\"https:\/\/us.edu.pl\/wydzial\/wsne\/administracja-kampusu\/\">Read More&#8230;<\/a><\/p>\n","protected":false},"author":110,"featured_media":0,"parent":0,"menu_order":0,"comment_status":"closed","ping_status":"closed","template":"page-templates\/inner-page.php","meta":{"_expiration-date-status":"saved","_expiration-date":0,"_expiration-date-type":"","_expiration-date-categories":[],"_expiration-date-options":[]},"acf":[],"_links":{"self":[{"href":"https:\/\/us.edu.pl\/wydzial\/wsne\/wp-json\/wp\/v2\/pages\/2188"}],"collection":[{"href":"https:\/\/us.edu.pl\/wydzial\/wsne\/wp-json\/wp\/v2\/pages"}],"about":[{"href":"https:\/\/us.edu.pl\/wydzial\/wsne\/wp-json\/wp\/v2\/types\/page"}],"author":[{"embeddable":true,"href":"https:\/\/us.edu.pl\/wydzial\/wsne\/wp-json\/wp\/v2\/users\/110"}],"replies":[{"embeddable":true,"href":"https:\/\/us.edu.pl\/wydzial\/wsne\/wp-json\/wp\/v2\/comments?post=2188"}],"version-history":[{"count":3,"href":"https:\/\/us.edu.pl\/wydzial\/wsne\/wp-json\/wp\/v2\/pages\/2188\/revisions"}],"predecessor-version":[{"id":2206,"href":"https:\/\/us.edu.pl\/wydzial\/wsne\/wp-json\/wp\/v2\/pages\/2188\/revisions\/2206"}],"wp:attachment":[{"href":"https:\/\/us.edu.pl\/wydzial\/wsne\/wp-json\/wp\/v2\/media?parent=2188"}],"curies":[{"name":"wp","href":"https:\/\/api.w.org\/{rel}","templated":true}]}}