{"id":251,"date":"2019-10-17T10:17:56","date_gmt":"2019-10-17T08:17:56","guid":{"rendered":"https:\/\/us.edu.pl\/wydzial\/wsne\/?page_id=251"},"modified":"2024-02-19T09:51:20","modified_gmt":"2024-02-19T08:51:20","slug":"usosweb","status":"publish","type":"page","link":"https:\/\/us.edu.pl\/wydzial\/wsne\/ksztalcenie\/student-wydzialu\/usosweb\/","title":{"rendered":"USOSweb"},"content":{"rendered":"<p>[vc_row][vc_column]\r\n                <div class=\"text-modules\">\r\n                    <div class=\"container\">\r\n                        <h3 class=\"page-title text__title\">USOSweb<\/h3>\r\n                        <div class=\"text-modules__content\"><p>Ka\u017cdy cz\u0142onek spo\u0142eczno\u015bci akademickiej Uniwersytetu \u015al\u0105skiego posiada swoje konto u\u017cytkownika w serwisie USOSweb, daj\u0105ce studentom mo\u017cliwo\u015b\u0107 wgl\u0105du w oceny oraz uzyskane punkty ECTS, sprawdzenia przyznanych stypendi\u00f3w oraz miejsca w akademiku, wprowadzenia zdj\u0119cia do Elektronicznej Legitymacji Studenckiej a tak\u017ce uzyskania informacji o numerze indywidualnego konta bankowego, na kt\u00f3re student b\u0119dzie zobowi\u0105zany wnosi\u0107 ewentualne op\u0142aty zwi\u0105zane ze studiami. Wi\u0119kszo\u015b\u0107 Wydzia\u0142\u00f3w Uniwersytetu \u015al\u0105skiego uruchamia elektroniczne rejestracje do grup zaj\u0119ciowych, w kt\u00f3rych studenci uczestnicz\u0105 za pomoc\u0105 serwisu USOSweb. Pracownikom prowadz\u0105cym zaj\u0119cia dydaktyczne serwis umo\u017cliwia wprowadzenie ocen oraz sylabus\u00f3w do zaj\u0119\u0107.<\/p>\n<\/div>\r\n                    <\/div>\r\n                <\/div>\r\n                <div class=\"title-with-link color-blue\" style=\"background: \">\r\n                    <div class=\"container\">\r\n                        <div class=\"title-with-link-container links-align-left\">\r\n                            <div class=\"title-with-link__title\"><span>USOSweb dla studenta<\/span><\/div>\r\n                            <a href=\"https:\/\/usosweb.us.edu.pl\/kontroler.php?_action=dla_stud\/index\" class=\"title-with-link__link\">przejd\u017a na stron\u0119<\/a>\r\n                        <\/div>\r\n                    <\/div>\r\n                <\/div>\r\n            [\/vc_column][\/vc_row]<\/p>","protected":false},"excerpt":{"rendered":"<p>[vc_row][vc_column][\/vc_column][\/vc_row] [&#8230;]<\/p>\n<p><a class=\"btn btn-secondary understrap-read-more-link\" href=\"https:\/\/us.edu.pl\/wydzial\/wsne\/ksztalcenie\/student-wydzialu\/usosweb\/\">Read More&#8230;<\/a><\/p>\n","protected":false},"author":1,"featured_media":0,"parent":247,"menu_order":2,"comment_status":"closed","ping_status":"closed","template":"","meta":{"_expiration-date-status":"","_expiration-date":0,"_expiration-date-type":"","_expiration-date-categories":[],"_expiration-date-options":[]},"acf":[],"_links":{"self":[{"href":"https:\/\/us.edu.pl\/wydzial\/wsne\/wp-json\/wp\/v2\/pages\/251"}],"collection":[{"href":"https:\/\/us.edu.pl\/wydzial\/wsne\/wp-json\/wp\/v2\/pages"}],"about":[{"href":"https:\/\/us.edu.pl\/wydzial\/wsne\/wp-json\/wp\/v2\/types\/page"}],"author":[{"embeddable":true,"href":"https:\/\/us.edu.pl\/wydzial\/wsne\/wp-json\/wp\/v2\/users\/1"}],"replies":[{"embeddable":true,"href":"https:\/\/us.edu.pl\/wydzial\/wsne\/wp-json\/wp\/v2\/comments?post=251"}],"version-history":[{"count":2,"href":"https:\/\/us.edu.pl\/wydzial\/wsne\/wp-json\/wp\/v2\/pages\/251\/revisions"}],"predecessor-version":[{"id":295,"href":"https:\/\/us.edu.pl\/wydzial\/wsne\/wp-json\/wp\/v2\/pages\/251\/revisions\/295"}],"up":[{"embeddable":true,"href":"https:\/\/us.edu.pl\/wydzial\/wsne\/wp-json\/wp\/v2\/pages\/247"}],"wp:attachment":[{"href":"https:\/\/us.edu.pl\/wydzial\/wsne\/wp-json\/wp\/v2\/media?parent=251"}],"curies":[{"name":"wp","href":"https:\/\/api.w.org\/{rel}","templated":true}]}}