{"id":253,"date":"2019-10-17T10:18:13","date_gmt":"2019-10-17T08:18:13","guid":{"rendered":"https:\/\/us.edu.pl\/wydzial\/wsne\/?page_id=253"},"modified":"2024-02-19T09:52:49","modified_gmt":"2024-02-19T08:52:49","slug":"llp-erasmus","status":"publish","type":"page","link":"https:\/\/us.edu.pl\/wydzial\/wsne\/ksztalcenie\/student-wydzialu\/llp-erasmus\/","title":{"rendered":"LLP-Erasmus"},"content":{"rendered":"<p>[vc_row el_class=&#8221;container&#8221;][vc_column el_class=&#8221;container&#8221;]\r\n                <div class=\"text-modules\">\r\n                    <div class=\"container\">\r\n                        <h3 class=\"page-title text__title\">LLP-Erasmus<\/h3>\r\n                        <div class=\"text-modules__content\"><\/p>\n<h2>Wyjazdy Student\u00f3w<\/h2>\n<div id=\"node-52\" class=\"node clear-block\">\n<div class=\"content\">\n<p><strong>Biuro Wymiany Mi\u0119dzynarodowej<\/strong><\/p>\n<p><strong>STUDIA I PRAKTYKI ZA GRANIC\u0104 W RAMACH PROGRAMU ERASMUS+ 2023\/24<\/strong><\/p>\n<\/div>\n<\/div>\n<p><a href=\"http:\/\/erasmus.us.edu.pl\/wyjazdy-studentow\"><strong><span style=\"font-size: 12pt;\">http:\/\/erasmus.us.edu.pl\/wyjazdy-studentow<\/span><\/strong><\/a><\/p>\n<hr \/>\n<p>&nbsp;<\/p>\n<p class=\"single-title single-title_border-bottom\"><strong>Rekrutacja na wyjazdy na studia zagraniczne w ramach programu Erasmus+ (2022r.)<\/strong><\/p>\n<p class=\"single-title single-title_border-bottom\"><a href=\"https:\/\/us.edu.pl\/wydzial\/wsne\/2022\/03\/24\/rekrutacja-na-wyjazdy-na-studia-zagraniczne-w-ramach-programu-erasmus-2\/\">https:\/\/us.edu.pl\/wydzial\/wsne\/2022\/03\/24\/rekrutacja-na-wyjazdy-na-studia-zagraniczne-w-ramach-programu-erasmus-2\/\u00a0<\/a><\/p>\n<p><a href=\"https:\/\/us.edu.pl\/wydzial\/wsne\/wp-content\/uploads\/sites\/20\/Nieprzypisane\/Informacja-dla-student\u00f3w.pdf\" class=\"mtli_attachment mtli_pdf\" class=\"mtli_attachment mtli_pdf\">Informacja dla student\u00f3w<\/a><\/p>\n<p><a href=\"https:\/\/us.edu.pl\/wydzial\/wsne\/wp-content\/uploads\/sites\/20\/Nieprzypisane\/BWZ-instrukcja-dla-student\u00f3w.pdf\" class=\"mtli_attachment mtli_pdf\" class=\"mtli_attachment mtli_pdf\">BWZ &#8211; instrukcja dla student\u00f3w<\/a><\/p>\n<p><a href=\"https:\/\/us.edu.pl\/wydzial\/wsne\/wp-content\/uploads\/sites\/20\/Nieprzypisane\/Lista-koordynator\u00f3w-Erasmus-pl-ang.pdf\" class=\"mtli_attachment mtli_pdf\" class=\"mtli_attachment mtli_pdf\">Lista koordynator\u00f3w Erasmus -pl-ang<\/a><\/p>\n<p><a href=\"https:\/\/us.edu.pl\/wydzial\/wsne\/wp-content\/uploads\/sites\/20\/Nieprzypisane\/Wydzia\u0142-Sztuki-i-Nauk-o-Edukacji-og\u0142asza-rekrutacj\u0119-na-wyjazdy-na-studia-w-ramach-Programu-Erasmus-studenci.pdf\" class=\"mtli_attachment mtli_pdf\" class=\"mtli_attachment mtli_pdf\">Wydzia\u0142 Sztuki i Nauk o Edukacji og\u0142asza rekrutacj\u0119 na wyjazdy na studia w ramach Programu Erasmus (studenci &#8211; w roku akad. 2020\/21)<\/a><\/p>\n<p><a href=\"http:\/\/erasmus.us.edu.pl\/\">\u00bb Wyjazdy student\u00f3w i pracownik\u00f3w<\/a><\/p>\n<p><a href=\"\/wydzial\/wsne\/wp-content\/uploads\/sites\/20\/Nieprzypisane\/informator_erasmus_uczelnie_30_07_2015.pdf\" class=\"mtli_attachment mtli_pdf\" class=\"mtli_attachment mtli_pdf\">\u00bb Informator<\/a><\/p>\n<\/div>\r\n                    <\/div>\r\n                <\/div>[\/vc_column][\/vc_row]<\/p>","protected":false},"excerpt":{"rendered":"<p>[vc_row el_class=&#8221;container&#8221;][vc_column el_class=&#8221;container&#8221;][\/vc_column][\/vc_row] [&#8230;]<\/p>\n<p><a class=\"btn btn-secondary understrap-read-more-link\" href=\"https:\/\/us.edu.pl\/wydzial\/wsne\/ksztalcenie\/student-wydzialu\/llp-erasmus\/\">Read More&#8230;<\/a><\/p>\n","protected":false},"author":1,"featured_media":0,"parent":247,"menu_order":3,"comment_status":"closed","ping_status":"closed","template":"","meta":{"_expiration-date-status":"","_expiration-date":0,"_expiration-date-type":"","_expiration-date-categories":[],"_expiration-date-options":[]},"acf":[],"_links":{"self":[{"href":"https:\/\/us.edu.pl\/wydzial\/wsne\/wp-json\/wp\/v2\/pages\/253"}],"collection":[{"href":"https:\/\/us.edu.pl\/wydzial\/wsne\/wp-json\/wp\/v2\/pages"}],"about":[{"href":"https:\/\/us.edu.pl\/wydzial\/wsne\/wp-json\/wp\/v2\/types\/page"}],"author":[{"embeddable":true,"href":"https:\/\/us.edu.pl\/wydzial\/wsne\/wp-json\/wp\/v2\/users\/1"}],"replies":[{"embeddable":true,"href":"https:\/\/us.edu.pl\/wydzial\/wsne\/wp-json\/wp\/v2\/comments?post=253"}],"version-history":[{"count":10,"href":"https:\/\/us.edu.pl\/wydzial\/wsne\/wp-json\/wp\/v2\/pages\/253\/revisions"}],"predecessor-version":[{"id":158103,"href":"https:\/\/us.edu.pl\/wydzial\/wsne\/wp-json\/wp\/v2\/pages\/253\/revisions\/158103"}],"up":[{"embeddable":true,"href":"https:\/\/us.edu.pl\/wydzial\/wsne\/wp-json\/wp\/v2\/pages\/247"}],"wp:attachment":[{"href":"https:\/\/us.edu.pl\/wydzial\/wsne\/wp-json\/wp\/v2\/media?parent=253"}],"curies":[{"name":"wp","href":"https:\/\/api.w.org\/{rel}","templated":true}]}}