{"id":259,"date":"2019-10-17T10:19:34","date_gmt":"2019-10-17T08:19:34","guid":{"rendered":"https:\/\/us.edu.pl\/wydzial\/wsne\/?page_id=259"},"modified":"2024-12-06T12:16:14","modified_gmt":"2024-12-06T11:16:14","slug":"organizacje-studenckie","status":"publish","type":"page","link":"https:\/\/us.edu.pl\/wydzial\/wsne\/ksztalcenie\/student-wydzialu\/organizacje-studenckie\/","title":{"rendered":"Organizacje studenckie"},"content":{"rendered":"<p>[vc_row el_class=&#8221;container&#8221;][vc_column el_class=&#8221;container&#8221;]\r\n\t\t\t\t<div class='container'>\r\n\t\t\t\t\t<div class='list-links list-links_'>\r\n\t\t\t\t\t\t  <h2 class='section-title'>Organizacje studenckie<\/h2>\r\n\t\t\t\t\t\t  <ul>\r\n\t\t\t\t\t\t\t\t<li><a href='https:\/\/us.edu.pl\/wydzial\/wsne\/ksztalcenie\/student-wydzialu\/organizacje-studenckie\/wydzialowa-rada-samorzadu-studenckiego\/'><p>WYDZIA\u0141OWA RADA SAMORZ\u0104DU STUDENCKIEGO<\/p><\/a><\/li>\r\n\t\t\t\t\t\t\t\t<li><a href='https:\/\/azscieszyn.us.edu.pl\/'><p>AZS ZWI\u0104ZEK SPORTOWY<\/p><\/a><\/li>\r\n\t\t\t\t\t\t\t\t<li><a href='https:\/\/us.edu.pl\/wydzial\/wsne\/ksztalcenie\/student-wydzialu\/organizacje-studenckie\/akademickie-stowarzyszenie-pomocy-spolecznej\/'><p>AKADEMICKIE STOWARZYSZENIE POMOCY SPO\u0141ECZNEJ ODDZIA\u0141 W CIESZYNIE<\/p><\/a><\/li>\r\n\t\t\t\t\t\t\t\t<li><a href='https:\/\/us.edu.pl\/wydzial\/wsne\/ksztalcenie\/student-wydzialu\/organizacje-studenckie\/kolo-naukowe-witrazu-i-szkla-artystycznego-lux\/'><p>KO\u0141O NAUKOWE WITRA\u017bU I SZK\u0141A ARTYSTYCZNEGO \u201cLUX\u201d<\/p><\/a><\/li>\r\n\t\t\t\t\t\t\t\t<li><a href='https:\/\/us.edu.pl\/wydzial\/wsne\/ksztalcenie\/student-wydzialu\/organizacje-studenckie\/kolo-kurant\/'><p>KO\u0141O KURANT<\/p><\/a><\/li>\r\n\t\t\t\t\t\t\t\t<li><a href='https:\/\/us.edu.pl\/wydzial\/wsne\/ksztalcenie\/student-wydzialu\/organizacje-studenckie\/kolo-deha\/'><p>KO\u0141O DEHA<\/p><\/a><\/li>\r\n\t\t\t\t\t\t\t\t<li><a href='https:\/\/us.edu.pl\/wydzial\/wsne\/ksztalcenie\/student-wydzialu\/organizacje-studenckie\/kolo-4ma\/'><p>KO\u0141O 4MA<\/p><\/a><\/li>\r\n\t\t\t\t\t\t\t\t<li><a href='https:\/\/us.edu.pl\/wydzial\/wsne\/ksztalcenie\/student-wydzialu\/organizacje-studenckie\/kolo-ton\/'><p>KO\u0141O TON<\/p><\/a><\/li>\r\n\t\t\t\t\t\t\t\t<li><a href='https:\/\/pl-pl.facebook.com\/Ko%C5%82o-Naukowe-ZEW-Cieszyn-133673823407532\/'><p>STUDENCKIE KO\u0141O NAUKOWE ZINTEGROWANEJ EDUKACJI WCZESNOSZKOLNEJ<\/p><\/a><\/li>\r\n\t\t\t\t\t\t\t\t<li><a href='https:\/\/www.facebook.com\/animatorzycieszyn\/?fref=ts'><p>KO\u0141O ANIMATOR\u00d3W KULTURY<\/p><\/a><\/li>\r\n\t\t\t\t\t\t\t\t<li><a href='https:\/\/www.facebook.com\/pfczaskina'><p>SEKCJA FILMOWA: PF CZASKINA<\/p><\/a><\/li>\r\n\t\t\t\t\t\t\t\t<li><a href='https:\/\/www.facebook.com\/kfklaps'><p>KLUB FILMOWY KLAPS<\/p><\/a><\/li>\r\n\t\t\t\t\t\t\t\t<li><a href='https:\/\/www.facebook.com\/knem.us\/'><p>KO\u0141O NAUKOWE EDUKACJI MI\u0118DZYKULTUROWEJ<\/p><\/a><\/li>\r\n\t\t\t\t\t\t\t\t<li><a href='http:\/\/www.kne.cieszyn.us.edu.pl\/'><p>KO\u0141O NAUKOWE ETNOLOG\u00d3W U\u015a CIESZYN<\/p><\/a><\/li>\r\n\t\t\t\t\t\t\t\t<li><a href='https:\/\/www.facebook.com\/KoloNaukowePedagogowUsCieszyn\/'><p>KO\u0141O NAUKOWE PEDAGOG\u00d3W<\/p><\/a><\/li><\/ul>\r\n\t\t\t\t\t<\/div>\r\n\t\t\t\t<\/div>   \r\n\t\t\t\t\t[\/vc_column][\/vc_row]<\/p>","protected":false},"excerpt":{"rendered":"<p>[vc_row el_class=&#8221;container&#8221;][vc_column el_class=&#8221;container&#8221;][\/vc_column][\/vc_row] [&#8230;]<\/p>\n<p><a class=\"btn btn-secondary understrap-read-more-link\" href=\"https:\/\/us.edu.pl\/wydzial\/wsne\/ksztalcenie\/student-wydzialu\/organizacje-studenckie\/\">Read More&#8230;<\/a><\/p>\n","protected":false},"author":1,"featured_media":0,"parent":247,"menu_order":6,"comment_status":"closed","ping_status":"closed","template":"","meta":{"_expiration-date-status":"","_expiration-date":0,"_expiration-date-type":"","_expiration-date-categories":[],"_expiration-date-options":[]},"acf":[],"_links":{"self":[{"href":"https:\/\/us.edu.pl\/wydzial\/wsne\/wp-json\/wp\/v2\/pages\/259"}],"collection":[{"href":"https:\/\/us.edu.pl\/wydzial\/wsne\/wp-json\/wp\/v2\/pages"}],"about":[{"href":"https:\/\/us.edu.pl\/wydzial\/wsne\/wp-json\/wp\/v2\/types\/page"}],"author":[{"embeddable":true,"href":"https:\/\/us.edu.pl\/wydzial\/wsne\/wp-json\/wp\/v2\/users\/1"}],"replies":[{"embeddable":true,"href":"https:\/\/us.edu.pl\/wydzial\/wsne\/wp-json\/wp\/v2\/comments?post=259"}],"version-history":[{"count":11,"href":"https:\/\/us.edu.pl\/wydzial\/wsne\/wp-json\/wp\/v2\/pages\/259\/revisions"}],"predecessor-version":[{"id":163938,"href":"https:\/\/us.edu.pl\/wydzial\/wsne\/wp-json\/wp\/v2\/pages\/259\/revisions\/163938"}],"up":[{"embeddable":true,"href":"https:\/\/us.edu.pl\/wydzial\/wsne\/wp-json\/wp\/v2\/pages\/247"}],"wp:attachment":[{"href":"https:\/\/us.edu.pl\/wydzial\/wsne\/wp-json\/wp\/v2\/media?parent=259"}],"curies":[{"name":"wp","href":"https:\/\/api.w.org\/{rel}","templated":true}]}}