{"id":2670,"date":"2020-04-08T13:48:51","date_gmt":"2020-04-08T11:48:51","guid":{"rendered":"https:\/\/us.edu.pl\/wydzial\/wsne\/?page_id=2670"},"modified":"2023-06-28T12:22:20","modified_gmt":"2023-06-28T10:22:20","slug":"articles-9-effective-development-of-teachers-skills-in-the-area-of-ict-and-e-learning","status":"publish","type":"page","link":"https:\/\/us.edu.pl\/wydzial\/wsne\/articles-9-effective-development-of-teachers-skills-in-the-area-of-ict-and-e-learning\/","title":{"rendered":"Articles-9. Effective Development of Teachers\u2019 Skills in the Area of ICT and E-learning"},"content":{"rendered":"<p>Wojciech Walat (Poland)<br \/>\n<strong> HOMO INTERNETICUS \u2013 FUNCTIONAL ILLITERACY OF CONTEMPORARY MAN<br \/>\n<a href=\"https:\/\/us.edu.pl\/wydzial\/wsne\/wp-content\/uploads\/sites\/20\/Bez-kategorii\/01-Walat-HOMO-INTERNETICUS.pdf\" class=\"mtli_attachment mtli_pdf\" data-mtli=\"mtli_filesize334,05kB\">01 Walat-HOMO INTERNETICUS<\/a><br \/>\n<\/strong><\/p>\n<p>Danuta Ka\u017amierczak (Poland)<br \/>\n<strong> SKILLS AND CAPABILITIES IN THE KNOWLEDGE SOCIETY<br \/>\n<a href=\"https:\/\/us.edu.pl\/wydzial\/wsne\/wp-content\/uploads\/sites\/20\/Bez-kategorii\/02-Kazmierczak-SKILLS-AND-CAPABILITIES.pdf\" class=\"mtli_attachment mtli_pdf\" data-mtli=\"mtli_filesize1&nbsp;015,79kB\">02 Ka\u017amierczak-SKILLS AND CAPABILITIES<\/a><br \/>\n<\/strong><\/p>\n<p>Iryna Sekret (Turkey)<br \/>\n<strong> DESIGNING THE SYLLABUS OF THE COURSE \u201cINTERNET TECHNOLOGIES IN TRANSLATION\u201d WITH THE REFERENCE TO THE TRANSLATION COMPETENCES AND CHALLENGES OF THE MARKET<br \/>\n<a href=\"https:\/\/us.edu.pl\/wydzial\/wsne\/wp-content\/uploads\/sites\/20\/Bez-kategorii\/03-Sekret-DESIGNING-THE-SYLLABUS.pdf\" class=\"mtli_attachment mtli_pdf\" data-mtli=\"mtli_filesize622,53kB\">03 Sekret-DESIGNING THE SYLLABUS<\/a><br \/>\n<\/strong><\/p>\n<p>Ewa P\u00f3\u0142torak Aleksandra Serwotka (Poland)<br \/>\n<strong> DISTANCE LEARNING TOOLS AT THE SERVICE OF MULTILINGUAL COMPETENCE DEVELOPMENT<br \/>\n<a href=\"https:\/\/us.edu.pl\/wydzial\/wsne\/wp-content\/uploads\/sites\/20\/Bez-kategorii\/04-Poltorak-Serwotka-DISTANCE-LEARNING.pdf\" class=\"mtli_attachment mtli_pdf\" data-mtli=\"mtli_filesize915,84kB\">04 P\u00f3\u0142torak, Serwotka-DISTANCE LEARNING<\/a><br \/>\n<\/strong><\/p>\n<p>Magdalena Roszak, Barbara Ko\u0142odziejczak (Poland)<br \/>\n<strong> TEACHERS&#8217; SKILLS AND ICT COMPETENCIES IN BLENDED LEARNING<\/strong><br \/>\n<strong><a href=\"https:\/\/us.edu.pl\/wydzial\/wsne\/wp-content\/uploads\/sites\/20\/Bez-kategorii\/05-RoszakKolodziejczak-TEACHERS-SKILLS.pdf\" class=\"mtli_attachment mtli_pdf\" data-mtli=\"mtli_filesize601,96kB\">05 Roszak,,Ko\u0142odziejczak-TEACHERS&#8217; SKILLS<\/a><\/strong><\/p>\n<p>Eugenia Smyrnova \u2013 Trybulska, Maria Stec, Anna Studenska (Poland), Tatiana Noskova, Tatiana Pavlova, Olga Yakovleva (Russia), Sixto Cubo Delgando (Spain)<br \/>\n<strong> GLOSSARY OF TERMS FOR ICT AND E-LEARNING: COMPARE THE POLISH, SPANISH AND RUSSIAN APPROACH<br \/>\n<a href=\"https:\/\/us.edu.pl\/wydzial\/wsne\/wp-content\/uploads\/sites\/20\/Bez-kategorii\/06-Smyrnova-et.all-GLOSSARY-OF-TERMS.pdf\" class=\"mtli_attachment mtli_pdf\" data-mtli=\"mtli_filesize538,83kB\">06 Smyrnova et.all-GLOSSARY OF TERMS<\/a><br \/>\n<\/strong><\/p>\n<p>Milena Janakova (Czech Republic)<br \/>\n<strong> DEVELOPMENT OF KEY COMPETENCES IN CRM FIELD AND E-LEARNING<br \/>\n<a href=\"https:\/\/us.edu.pl\/wydzial\/wsne\/wp-content\/uploads\/sites\/20\/Bez-kategorii\/07-Janakova-DEVELOPMENT-OF-KEY.pdf\" class=\"mtli_attachment mtli_pdf\" data-mtli=\"mtli_filesize195,58kB\">07 Janakova-DEVELOPMENT OF KEY<\/a><br \/>\n<\/strong><\/p>\n<p>Victor\u0456ia Sto\u0456kova (Ukraine)<br \/>\n<strong> DIGITAL COMPETENCIES OF THE LEADERSHIP OF MODERN NETWORK SCHOOL<br \/>\n<a href=\"https:\/\/us.edu.pl\/wydzial\/wsne\/wp-content\/uploads\/sites\/20\/Bez-kategorii\/08-Sto\u0456kova-DIGITAL-COMPETENCIES.pdf\" class=\"mtli_attachment mtli_pdf\" data-mtli=\"mtli_filesize367,28kB\">08 Sto\u0456kova-DIGITAL COMPETENCIES<\/a><br \/>\n<\/strong><\/p>\n<p>Eugenia Smyrnova \u2013 Trybulska (Poland), Nataliia Morze (Ukraine), Olga Yakovleva (Russia), Tomayess Issa, Theodora Issa (Australia)<br \/>\n<strong> SOME METHODOLOGICAL ASPECTS OF MOOCS DEVELOPING<br \/>\n<a href=\"https:\/\/us.edu.pl\/wydzial\/wsne\/wp-content\/uploads\/sites\/20\/Bez-kategorii\/09-Smyrnova-et.all-SOME-METHODOLOGICAL.pdf\" class=\"mtli_attachment mtli_pdf\" data-mtli=\"mtli_filesize693,51kB\">09 Smyrnova et.all-SOME METHODOLOGICAL<\/a><br \/>\n<\/strong><\/p>\n<p>Nataliia Morze, Viktoriia Vember, Liliia Varchenko-Trotsenko (Ukraine)<br \/>\n<strong> FORMATIVE AND PEER ASSESSMENT IN HIGHER EDUCATION<br \/>\n<a href=\"https:\/\/us.edu.pl\/wydzial\/wsne\/wp-content\/uploads\/sites\/20\/Bez-kategorii\/10-Morze-et.all-FORMATIVE-AND-PEER.pdf\" class=\"mtli_attachment mtli_pdf\" data-mtli=\"mtli_filesize791,26kB\">10 Morze et.all-FORMATIVE AND PEER<\/a><br \/>\n<\/strong><\/p>\n<p>Lucie Zormanov\u00e1 (Czech Republic)<br \/>\n<strong> PROS AND CONS OF DISTANCE EDUCATION AT THE UNIVERSITY OF HUMANITIES AND ECONOMICS IN LODZ AS PERCEIVED BY THE STUDENTS &#8211; A CASE STUDY<br \/>\n<a href=\"https:\/\/us.edu.pl\/wydzial\/wsne\/wp-content\/uploads\/sites\/20\/Bez-kategorii\/11-Zormanova-PROS-AND-CONS.pdf\" class=\"mtli_attachment mtli_pdf\" data-mtli=\"mtli_filesize683,75kB\">11 Zormanov\u00e1-PROS AND CONS<\/a><br \/>\n<\/strong><\/p>\n<p>Zoya Voronova, Irina Holter, Maryna Romaniukha (Ukraine)<br \/>\n<strong> DIDACTICAL ASPECTS OF TEST CREATION: THEORETICAL COMPONENT<br \/>\n<a href=\"https:\/\/us.edu.pl\/wydzial\/wsne\/wp-content\/uploads\/sites\/20\/Bez-kategorii\/12-Voronova-DIDACTICAL-ASPECTS.pdf\" class=\"mtli_attachment mtli_pdf\" data-mtli=\"mtli_filesize326,77kB\">12 Voronova-DIDACTICAL ASPECTS<\/a><br \/>\n<\/strong><\/p>\n<p>Miroslav Hrub\u00fd (Czech Republic)<br \/>\n<strong> GENERAL DATA PROTECTION REGULATION (GDPR) AND DISTANCE LEARNING<br \/>\n<a href=\"https:\/\/us.edu.pl\/wydzial\/wsne\/wp-content\/uploads\/sites\/20\/Bez-kategorii\/13-Hruby-GENERAL-DATA.pdf\" class=\"mtli_attachment mtli_pdf\" data-mtli=\"mtli_filesize238,53kB\">13 Hrub\u00fd-GENERAL DATA<\/a><br \/>\n<\/strong><\/p>\n<p>Natalia Maria Ruman (Poland)<br \/>\n<strong> MEDIA IN 21ST CENTURY EDUCATION \u2013 IN THE TEACHER&#8217;S PRACTICAL THOUGHT<br \/>\n<a href=\"https:\/\/us.edu.pl\/wydzial\/wsne\/wp-content\/uploads\/sites\/20\/Bez-kategorii\/14-Ruman-MEDIA-IN-21ST.pdf\" class=\"mtli_attachment mtli_pdf\" data-mtli=\"mtli_filesize345,10kB\">14 Ruman-MEDIA IN 21ST<\/a><br \/>\n<\/strong><\/p>\n<p>Tatiana Noskova, Tatiana Pavlova, Olga Yakovleva (Russian Federation), Prudencia Guti\u00e9rrez-Esteban, Rafael Mart\u00edn-Espada, Sixto Cubo-Delgado, Juan Arias-Masa, Gemma Delicado-Puerto, Laura Alonso-D\u00edaz, Roc\u00edo Yuste-Tosina (Spain)<br \/>\n<strong> SOME TRENDS OF ICT TOOLS APPLICATION BY TEACHERS: A COMPARATIVE STUDY OF RUSSIAN AND SPANISH EXPERIENCE<br \/>\n<a href=\"https:\/\/us.edu.pl\/wydzial\/wsne\/wp-content\/uploads\/sites\/20\/Bez-kategorii\/15-Noskova-et-all.-SOME-TRENDS.pdf\" class=\"mtli_attachment mtli_pdf\" data-mtli=\"mtli_filesize470,96kB\">15 Noskova et all.-SOME TRENDS<\/a><br \/>\n<\/strong><\/p>\n<p>Nataliia Morze, Oksana Buinytska, Lilia Varchenko-Trotsenko (Ukraine)<br \/>\n<strong>USE OF BOT-TECHNOLOGIES FOR EDUCATIONAL COMMUNICATION AT THE UNIVERSITY<\/strong><br \/>\n<strong><a href=\"https:\/\/us.edu.pl\/wydzial\/wsne\/wp-content\/uploads\/sites\/20\/Bez-kategorii\/16-Morze-USE-OF-BOT.pdf\" class=\"mtli_attachment mtli_pdf\" data-mtli=\"mtli_filesize556,24kB\">16 Morze-USE OF BOT<\/a><\/strong><\/p>\n<p>Anna \u015al\u00f3sarz (Poland)<br \/>\n<strong> THE STYLOMETRIC ANALYSIS OF PAPERS PRESENTED AT THE DLCC CONFERENCE IN CIESZYN<br \/>\n<a href=\"https:\/\/us.edu.pl\/wydzial\/wsne\/wp-content\/uploads\/sites\/20\/Bez-kategorii\/17-Slosarz-THE-STYLOMETRIC.pdf\" class=\"mtli_attachment mtli_pdf\" data-mtli=\"mtli_filesize1,11MB\">17 \u015al\u00f3sarz-THE STYLOMETRIC<\/a><br \/>\n<\/strong><\/p>\n<p>Jiri Barta (Czech Republic)<br \/>\n<strong> COMPARISON OF SIMULATORS USED FOR EDUCATION AND PRACTICAL TRAINING OF THE CRITICAL INFRASTRUCTURE STAFF<br \/>\n<a href=\"https:\/\/us.edu.pl\/wydzial\/wsne\/wp-content\/uploads\/sites\/20\/Bez-kategorii\/18-Barta-COMPARISON-OF.pdf\" class=\"mtli_attachment mtli_pdf\" data-mtli=\"mtli_filesize584,68kB\">18 Barta-COMPARISON OF<\/a><br \/>\n<\/strong><\/p>\n<p>Yuriy Horoshko, Hanna Tsybko (Ukraine)<br \/>\n<strong> EXPERIENCE AND THE PROSPECTS OF USING FREE SOFTWARE AT THE TEACHERS&#8217; TRAINING UNIVERSITY<br \/>\n<a href=\"https:\/\/us.edu.pl\/wydzial\/wsne\/wp-content\/uploads\/sites\/20\/Bez-kategorii\/19-Horoshko-Tsybko-EXPERIENCE-AND-THE.pdf\" class=\"mtli_attachment mtli_pdf\" data-mtli=\"mtli_filesize260,69kB\">19 Horoshko, Tsybko-EXPERIENCE AND THE<\/a><br \/>\n<\/strong><\/p>\n<p>Waldemar Lib (Poland)<br \/>\n<strong> DIDACTIC FEATURES OF EDUCATIONAL SOFWARE IN TEACHERS\u2019 OPINION<br \/>\n<a href=\"https:\/\/us.edu.pl\/wydzial\/wsne\/wp-content\/uploads\/sites\/20\/Bez-kategorii\/20-Lib-DIDACTIC-FEATURES.pdf\" class=\"mtli_attachment mtli_pdf\" data-mtli=\"mtli_filesize339,37kB\">20 Lib-DIDACTIC FEATURES<\/a><br \/>\n<\/strong><\/p>\n<p>Dmitry Chasov, Liudmila Sorokina, Serhii Havrylin (Ukraine)<br \/>\n<strong> ASPECTS OF DISTANCE LEARNING FOR ENGINEERING SCIENCES<br \/>\n<a href=\"https:\/\/us.edu.pl\/wydzial\/wsne\/wp-content\/uploads\/sites\/20\/Bez-kategorii\/21-Chasov-ASPECTS-OF-DISTANCE.pdf\" class=\"mtli_attachment mtli_pdf\" data-mtli=\"mtli_filesize641,92kB\">21 Chasov-ASPECTS OF DISTANCE<\/a><br \/>\n<\/strong><\/p>\n<p>Dominika Zegzu\u0142a, Eugenia Smyrnova\u2013Trybulska (Poland)<br \/>\n<strong> INFORMATION TECHNOLOGIES IN THE OPERATION OF PRIMARY SCHOOLS<br \/>\n<a href=\"https:\/\/us.edu.pl\/wydzial\/wsne\/wp-content\/uploads\/sites\/20\/Bez-kategorii\/22-Zezluga-Smyrnova-INFORMATION-TECHNOLOGIES.pdf\" class=\"mtli_attachment mtli_pdf\" data-mtli=\"mtli_filesize571,60kB\">22 Zez\u0142uga, Smyrnova-INFORMATION TECHNOLOGIES<\/a><br \/>\n<\/strong><\/p>\n<p>Nataliia Morze, Olena Kuzminska, T\u0435tiana Liakh (Ukraine)<br \/>\n<strong> DEVELOPMENT OF EDUCATIONAL, SCIENTIFIC COLLABORATION AND PROJECT MANAGEMENT WITH IC TOOLS IN UNIVERSITIES<br \/>\n<a href=\"https:\/\/us.edu.pl\/wydzial\/wsne\/wp-content\/uploads\/sites\/20\/Bez-kategorii\/23-Morze-et.-all-DEVELOPMENT-OF-EDUCATIONAL.pdf\" class=\"mtli_attachment mtli_pdf\" data-mtli=\"mtli_filesize909,42kB\">23 Morze et. all-DEVELOPMENT OF EDUCATIONAL<\/a><br \/>\n<\/strong><\/p>\n<p>Jaros\u0142aw Krajka, Mariusz Marczak (Poland)<br \/>\n<strong> TELECOLLABORATION PROJECTS IN TRANSLATOR EDUCATION \u2013 DESIGN, IMPLEMENTATION AND EVALUATION<br \/>\n<a href=\"https:\/\/us.edu.pl\/wydzial\/wsne\/wp-content\/uploads\/sites\/20\/Bez-kategorii\/24-Krajka-Marczak-TELECOLLABORATION-PROJECTS.pdf\" class=\"mtli_attachment mtli_pdf\" data-mtli=\"mtli_filesize510,75kB\">24 Krajka, Marczak-TELECOLLABORATION PROJECTS<\/a><br \/>\n<\/strong><\/p>\n<p>Oksana Shelomovska, Natalia Sorokina, Maryna Romaniukha, Kostyantin Bohomaz (Ukraine)<br \/>\n<strong> NETWORK COMMUNICATION AS A MEANS OF IMPROVING THE EFFICIENCY OF TEACHER-STUDENT INTERACTION<br \/>\n<a href=\"https:\/\/us.edu.pl\/wydzial\/wsne\/wp-content\/uploads\/sites\/20\/Bez-kategorii\/25-Shelomovska-et.-all-NETWORK-COMMUNICATION.pdf\" class=\"mtli_attachment mtli_pdf\" data-mtli=\"mtli_filesize412,95kB\">25 Shelomovska et. all-NETWORK COMMUNICATION<\/a><br \/>\n<\/strong><\/p>\n<p>Martin Drl\u00edk, Peter \u0160vec, J\u00falia Tomanov\u00e1, Martin C\u00e1pay (Slovakia)<br \/>\n<strong> HOW TO REDUCE DIFFERENCES BETWEEN REQUIREMENTS OF MODERN LMSS AND THEIR REAL USE<br \/>\n<a href=\"https:\/\/us.edu.pl\/wydzial\/wsne\/wp-content\/uploads\/sites\/20\/Bez-kategorii\/26-Drlik-et.all-HOW-TO-REDUCE.pdf\" class=\"mtli_attachment mtli_pdf\" data-mtli=\"mtli_filesize475,47kB\">26 Drl\u00edk et.all-HOW TO REDUCE<\/a><br \/>\n<\/strong><\/p>\n<p>Svetlana Skvortsova, Marina Haran (Ukraine)<br \/>\n<strong> TRAINING FOR PRIMARY SCHOOL TEACHERS IN TEACHING MATHEMATICS USING INFORMATION TECHNOLOGIES<br \/>\n<a href=\"https:\/\/us.edu.pl\/wydzial\/wsne\/wp-content\/uploads\/sites\/20\/Bez-kategorii\/27-Skvortsova-Haran-TRAINING-FOR-PRIMARY.pdf\" class=\"mtli_attachment mtli_pdf\" data-mtli=\"mtli_filesize474,16kB\">27 Skvortsova, Haran-TRAINING FOR PRIMARY<\/a><br \/>\n<\/strong><\/p>\n<p>Dana Orsz\u00e1ghov\u00e1 (Slovakia)<br \/>\n<strong> THE APPLICATION OF COMPUTATIONAL TOOLS OF IT IN MATHEMATICAL TASKS<br \/>\n<a href=\"https:\/\/us.edu.pl\/wydzial\/wsne\/wp-content\/uploads\/sites\/20\/Bez-kategorii\/28-Orszaghova-THE-APPLICATION-OF.pdf\" class=\"mtli_attachment mtli_pdf\" data-mtli=\"mtli_filesize359,46kB\">28 Orsz\u00e1ghov\u00e1-THE APPLICATION OF<\/a><br \/>\n<\/strong><\/p>\n<p>Iwona Mokwa-Tarnowska (Poland)<br \/>\n<strong> MAKING A MOVE TO TEACHING IN AN E-LEARNING ENVIRONMENT \u2013 GUT PERSPECTIVE<br \/>\n<a href=\"https:\/\/us.edu.pl\/wydzial\/wsne\/wp-content\/uploads\/sites\/20\/Bez-kategorii\/29-Mokwa-MAKING-A-MOVE.pdf\" class=\"mtli_attachment mtli_pdf\" data-mtli=\"mtli_filesize357,60kB\">29 Mokwa-MAKING A MOVE<\/a><br \/>\n<\/strong><\/p>\n<p>Olena Glazunova, Tetyana Voloshyna (Ukraine)<br \/>\n<strong> MODEL OF HYBRID CLOUD-ORIENTED EDUCATIONAL ENVIRONMENT FOR FORMAL AND INFORMAL LEARNING OF IT STUDENTS<br \/>\n<a href=\"https:\/\/us.edu.pl\/wydzial\/wsne\/wp-content\/uploads\/sites\/20\/Bez-kategorii\/30-Glazunova-Voloshyna-MODEL-OF-HYBRID.pdf\" class=\"mtli_attachment mtli_pdf\" data-mtli=\"mtli_filesize1,23MB\">30 Glazunova, Voloshyna-MODEL OF HYBRID<\/a><br \/>\n<\/strong><\/p>\n<p>Nadiia Balyk, Galina Shmyger (Ukraine)<br \/>\n<strong> FORMATION OF DIGITAL COMPETENCIES IN THE PROCESS OF CHANGING EDUCATIONAL PARADIGM FROM E-LEARNING TO SMART-LEARNING AT PEDAGOGICALUNIVERSITY<br \/>\n<a href=\"https:\/\/us.edu.pl\/wydzial\/wsne\/wp-content\/uploads\/sites\/20\/Bez-kategorii\/31-Balyk-Shmyger-FORMATION-OF-DIGITAL.pdf\" class=\"mtli_attachment mtli_pdf\" data-mtli=\"mtli_filesize474,98kB\">31 Balyk, Shmyger-FORMATION OF DIGITAL<\/a><br \/>\n<\/strong><\/p>\n<style type=\"text\/css\">a[data-mtli~=\"mtli_filesize334,05kB\"]:after {content:\" (334,05 kB)\"}a[data-mtli~=\"mtli_filesize1&nbsp;015,79kB\"]:after {content:\" (1&nbsp;015,79 kB)\"}a[data-mtli~=\"mtli_filesize622,53kB\"]:after {content:\" (622,53 kB)\"}a[data-mtli~=\"mtli_filesize915,84kB\"]:after {content:\" (915,84 kB)\"}a[data-mtli~=\"mtli_filesize601,96kB\"]:after {content:\" (601,96 kB)\"}a[data-mtli~=\"mtli_filesize538,83kB\"]:after {content:\" (538,83 kB)\"}a[data-mtli~=\"mtli_filesize195,58kB\"]:after {content:\" (195,58 kB)\"}a[data-mtli~=\"mtli_filesize367,28kB\"]:after {content:\" (367,28 kB)\"}a[data-mtli~=\"mtli_filesize693,51kB\"]:after {content:\" (693,51 kB)\"}a[data-mtli~=\"mtli_filesize791,26kB\"]:after {content:\" (791,26 kB)\"}a[data-mtli~=\"mtli_filesize683,75kB\"]:after {content:\" (683,75 kB)\"}a[data-mtli~=\"mtli_filesize326,77kB\"]:after {content:\" (326,77 kB)\"}a[data-mtli~=\"mtli_filesize238,53kB\"]:after {content:\" (238,53 kB)\"}a[data-mtli~=\"mtli_filesize345,10kB\"]:after {content:\" (345,10 kB)\"}a[data-mtli~=\"mtli_filesize470,96kB\"]:after {content:\" (470,96 kB)\"}a[data-mtli~=\"mtli_filesize556,24kB\"]:after {content:\" (556,24 kB)\"}a[data-mtli~=\"mtli_filesize1,11MB\"]:after {content:\" (1,11 MB)\"}a[data-mtli~=\"mtli_filesize584,68kB\"]:after {content:\" (584,68 kB)\"}a[data-mtli~=\"mtli_filesize260,69kB\"]:after {content:\" (260,69 kB)\"}a[data-mtli~=\"mtli_filesize339,37kB\"]:after {content:\" (339,37 kB)\"}a[data-mtli~=\"mtli_filesize641,92kB\"]:after {content:\" (641,92 kB)\"}a[data-mtli~=\"mtli_filesize571,60kB\"]:after {content:\" (571,60 kB)\"}a[data-mtli~=\"mtli_filesize909,42kB\"]:after {content:\" (909,42 kB)\"}a[data-mtli~=\"mtli_filesize510,75kB\"]:after {content:\" (510,75 kB)\"}a[data-mtli~=\"mtli_filesize412,95kB\"]:after {content:\" (412,95 kB)\"}a[data-mtli~=\"mtli_filesize475,47kB\"]:after {content:\" (475,47 kB)\"}a[data-mtli~=\"mtli_filesize474,16kB\"]:after {content:\" (474,16 kB)\"}a[data-mtli~=\"mtli_filesize359,46kB\"]:after {content:\" (359,46 kB)\"}a[data-mtli~=\"mtli_filesize357,60kB\"]:after {content:\" (357,60 kB)\"}a[data-mtli~=\"mtli_filesize1,23MB\"]:after {content:\" (1,23 MB)\"}a[data-mtli~=\"mtli_filesize474,98kB\"]:after {content:\" (474,98 kB)\"}<\/style>","protected":false},"excerpt":{"rendered":"<p>Wojciech Walat (Poland) HOMO INTERNETICUS \u2013 FUNCTIONAL ILLITERACY OF CONTEMPORARY MAN 01 Walat-HOMO INTERNETICUS Danuta Ka\u017amierczak (Poland) SKILLS AND CAPABILITIES IN THE KNOWLEDGE SOCIETY 02 Ka\u017amierczak-SKILLS AND CAPABILITIES Iryna Sekret (Turkey) DESIGNING THE SYLLABUS OF THE COURSE \u201cINTERNET TECHNOLOGIES IN TRANSLATION\u201d WITH THE REFERENCE TO THE TRANSLATION COMPETENCES AND CHALLENGES OF THE MARKET 03 Sekret-DESIGNING [&#8230;]<\/p>\n<p><a class=\"btn btn-secondary understrap-read-more-link\" href=\"https:\/\/us.edu.pl\/wydzial\/wsne\/articles-9-effective-development-of-teachers-skills-in-the-area-of-ict-and-e-learning\/\">Read More&#8230;<\/a><\/p>\n","protected":false},"author":110,"featured_media":0,"parent":0,"menu_order":0,"comment_status":"closed","ping_status":"closed","template":"page-templates\/inner-page.php","meta":{"_expiration-date-status":"","_expiration-date":0,"_expiration-date-type":"","_expiration-date-categories":[],"_expiration-date-options":[]},"acf":[],"_links":{"self":[{"href":"https:\/\/us.edu.pl\/wydzial\/wsne\/wp-json\/wp\/v2\/pages\/2670"}],"collection":[{"href":"https:\/\/us.edu.pl\/wydzial\/wsne\/wp-json\/wp\/v2\/pages"}],"about":[{"href":"https:\/\/us.edu.pl\/wydzial\/wsne\/wp-json\/wp\/v2\/types\/page"}],"author":[{"embeddable":true,"href":"https:\/\/us.edu.pl\/wydzial\/wsne\/wp-json\/wp\/v2\/users\/110"}],"replies":[{"embeddable":true,"href":"https:\/\/us.edu.pl\/wydzial\/wsne\/wp-json\/wp\/v2\/comments?post=2670"}],"version-history":[{"count":5,"href":"https:\/\/us.edu.pl\/wydzial\/wsne\/wp-json\/wp\/v2\/pages\/2670\/revisions"}],"predecessor-version":[{"id":159727,"href":"https:\/\/us.edu.pl\/wydzial\/wsne\/wp-json\/wp\/v2\/pages\/2670\/revisions\/159727"}],"wp:attachment":[{"href":"https:\/\/us.edu.pl\/wydzial\/wsne\/wp-json\/wp\/v2\/media?parent=2670"}],"curies":[{"name":"wp","href":"https:\/\/api.w.org\/{rel}","templated":true}]}}