{"id":307,"date":"2019-10-17T12:24:29","date_gmt":"2019-10-17T10:24:29","guid":{"rendered":"https:\/\/us.edu.pl\/wydzial\/wsne\/?page_id=307"},"modified":"2023-05-08T11:32:16","modified_gmt":"2023-05-08T09:32:16","slug":"animacja-spoleczno-kulturalna-z-edukacja-kulturalna","status":"publish","type":"page","link":"https:\/\/us.edu.pl\/wydzial\/wsne\/oferta-dydaktyczna\/animacja-spoleczno-kulturalna-z-edukacja-kulturalna\/","title":{"rendered":"Animacja spo\u0142eczno-kulturalna z edukacj\u0105 kulturaln\u0105"},"content":{"rendered":"<p>[vc_row][vc_column]\r\n                <div class=\"text-modules\">\r\n                    <div class=\"container\">\r\n                        <h3 class=\"page-title text__title\">Animacja spo\u0142eczno-kulturalna z edukacj\u0105 kulturaln\u0105<\/h3>\r\n                        <div class=\"text-modules__content\"><p><strong>STUDIA STACJONARNE I stopnia<\/strong><\/p>\n<p>Interdyscyplinarne studia dla os\u00f3b chc\u0105cych projektowa\u0107 i organizowa\u0107 wydarzenia kulturalne i artystyczne. Pozwalaj\u0105 rozwija\u0107 indywidualne zainteresowania i zdolno\u015bci oraz zdoby\u0107 do\u015bwiadczenia zwi\u0105zane z w\u0142asn\u0105 aktywno\u015bci\u0105 tw\u00f3rcz\u0105, organizowaniem wydarze\u0144 kulturalnych, r\u00f3\u017cnymi formami wolontariatu i aktywno\u015bci spo\u0142ecznej. Program studi\u00f3w obejmuje podstawy filozofii, socjologii (socjologii kultury), pedagogiki, wiedzy o kulturze, kultury wsp\u00f3\u0142czesnej, zapoznanie ze specyfik\u0105 poszczeg\u00f3lnych dyscyplin artystycznych (literatura, teatr, film, plastyka, muzyka, taniec), wprowadzenie w problematyk\u0119 medi\u00f3w, zarz\u0105dzania w kulturze, dziedzictwa kulturowego. Student ma mo\u017cliwo\u015b\u0107 wyboru kierunku zaj\u0119\u0107 warsztatowych z r\u00f3\u017cnych dziedzin tw\u00f3rczo\u015bci uczestniczy w zaj\u0119ciach terenowych realizowanych w formie praktyk zawodowych oraz obozach tw\u00f3rczych i badawczych.<\/p>\n<p><strong>Perspektywy zawodowe:<\/strong><\/p>\n<p>Praca w instytucjach kulturalno-o\u015bwiatowych, instytucjach kultury, samorz\u0105dach lokalnych, organizacjach pozarz\u0105dowych, w mediach, samodzielna dzia\u0142alno\u015b\u0107 projektowa w zakresie dzia\u0142a\u0144 spo\u0142eczno-kulturalnych.<\/p>\n<p><strong>Szczeg\u00f3\u0142y w za\u0142\u0105czniku<\/strong><\/p>\n<p><a href=\"https:\/\/us.edu.pl\/wydzial\/wsne\/wp-content\/uploads\/sites\/20\/Nieprzypisane\/Animacja-spo\u0142eczno-kulturalna-z-edukacj\u0105-kulturaln\u0105-I-stopie\u0144.pdf\" class=\"mtli_attachment mtli_pdf\" class=\"mtli_attachment mtli_pdf\">Animacja spo\u0142eczno-kulturalna z edukacj\u0105 kulturaln\u0105 &#8211; I stopie\u0144<\/a><\/p>\n<p>&nbsp;<\/p>\n<p><a href=\"https:\/\/irk.us.edu.pl\/irk\/application\/program?id=683\">https:\/\/irk.us.edu.pl\/irk\/application\/program?id=683\u00a0<\/a><\/p>\n<\/div>\r\n                    <\/div>\r\n                <\/div>[\/vc_column][\/vc_row][vc_row][vc_column][vc_raw_html]JTNDYSUyMGhyZWYlM0QlMjJodHRwcyUzQSUyRiUyRmlyay51cy5lZHUucGwlMkZpcmslMkZhcHBsaWNhdGlvbiUyRnByb2dyYW0lM0ZpZCUzRDE3MjklMjIlMjBzdHlsZSUzRCUyMmRpc3BsYXklM0ElMjBibG9jayUzQiUwQSUyMCUyMCUyMCUyMGJhY2tncm91bmQlM0ElMjAlMjMwMDJlNWElM0IlMEElMjAlMjAlMjAlMjB3aWR0aCUzQSUyMDIwMHB4JTNCJTBBJTIwJTIwJTIwJTIwcGFkZGluZyUzQSUyMDE1cHglMjAyMHB4JTNCJTBBJTIwJTIwJTIwJTIwdGV4dC1hbGlnbiUzQSUyMGNlbnRlciUzQiUwQSUyMCUyMCUyMCUyMGZvbnQtc2l6ZSUzQSUyMDEuOGVtJTNCJTBBJTIwJTIwJTIwJTIwbWFyZ2luJTNBJTIwMCUyMGF1dG8lM0IlMEElMjAlMjAlMjAlMjBjb2xvciUzQSUyMCUyM2ZmZiUzQiUyMiUzRSUyMFphcGlzeiUyMHNpJUM0JTk5JTIwJTNDJTJGYSUzRQ==[\/vc_raw_html][\/vc_column][\/vc_row]<\/p>","protected":false},"excerpt":{"rendered":"<p>[vc_row][vc_column][\/vc_column][\/vc_row][vc_row][vc_column][vc_raw_html]JTNDYSUyMGhyZWYlM0QlMjJodHRwcyUzQSUyRiUyRmlyay51cy5lZHUucGwlMkZpcmslMkZhcHBsaWNhdGlvbiUyRnByb2dyYW0lM0ZpZCUzRDE3MjklMjIlMjBzdHlsZSUzRCUyMmRpc3BsYXklM0ElMjBibG9jayUzQiUwQSUyMCUyMCUyMCUyMGJhY2tncm91bmQlM0ElMjAlMjMwMDJlNWElM0IlMEElMjAlMjAlMjAlMjB3aWR0aCUzQSUyMDIwMHB4JTNCJTBBJTIwJTIwJTIwJTIwcGFkZGluZyUzQSUyMDE1cHglMjAyMHB4JTNCJTBBJTIwJTIwJTIwJTIwdGV4dC1hbGlnbiUzQSUyMGNlbnRlciUzQiUwQSUyMCUyMCUyMCUyMGZvbnQtc2l6ZSUzQSUyMDEuOGVtJTNCJTBBJTIwJTIwJTIwJTIwbWFyZ2luJTNBJTIwMCUyMGF1dG8lM0IlMEElMjAlMjAlMjAlMjBjb2xvciUzQSUyMCUyM2ZmZiUzQiUyMiUzRSUyMFphcGlzeiUyMHNpJUM0JTk5JTIwJTNDJTJGYSUzRQ==[\/vc_raw_html][\/vc_column][\/vc_row] [&#8230;]<\/p>\n<p><a class=\"btn btn-secondary understrap-read-more-link\" href=\"https:\/\/us.edu.pl\/wydzial\/wsne\/oferta-dydaktyczna\/animacja-spoleczno-kulturalna-z-edukacja-kulturalna\/\">Read More&#8230;<\/a><\/p>\n","protected":false},"author":1,"featured_media":0,"parent":245,"menu_order":0,"comment_status":"closed","ping_status":"closed","template":"page-templates\/page-with-sidebar.php","meta":{"_expiration-date-status":"","_expiration-date":0,"_expiration-date-type":"","_expiration-date-categories":[],"_expiration-date-options":[]},"acf":[],"_links":{"self":[{"href":"https:\/\/us.edu.pl\/wydzial\/wsne\/wp-json\/wp\/v2\/pages\/307"}],"collection":[{"href":"https:\/\/us.edu.pl\/wydzial\/wsne\/wp-json\/wp\/v2\/pages"}],"about":[{"href":"https:\/\/us.edu.pl\/wydzial\/wsne\/wp-json\/wp\/v2\/types\/page"}],"author":[{"embeddable":true,"href":"https:\/\/us.edu.pl\/wydzial\/wsne\/wp-json\/wp\/v2\/users\/1"}],"replies":[{"embeddable":true,"href":"https:\/\/us.edu.pl\/wydzial\/wsne\/wp-json\/wp\/v2\/comments?post=307"}],"version-history":[{"count":10,"href":"https:\/\/us.edu.pl\/wydzial\/wsne\/wp-json\/wp\/v2\/pages\/307\/revisions"}],"predecessor-version":[{"id":158138,"href":"https:\/\/us.edu.pl\/wydzial\/wsne\/wp-json\/wp\/v2\/pages\/307\/revisions\/158138"}],"up":[{"embeddable":true,"href":"https:\/\/us.edu.pl\/wydzial\/wsne\/wp-json\/wp\/v2\/pages\/245"}],"wp:attachment":[{"href":"https:\/\/us.edu.pl\/wydzial\/wsne\/wp-json\/wp\/v2\/media?parent=307"}],"curies":[{"name":"wp","href":"https:\/\/api.w.org\/{rel}","templated":true}]}}