{"id":3253,"date":"2020-06-02T13:26:15","date_gmt":"2020-06-02T11:26:15","guid":{"rendered":"https:\/\/us.edu.pl\/wydzial\/wsne\/?page_id=3253"},"modified":"2022-03-16T10:15:22","modified_gmt":"2022-03-16T09:15:22","slug":"studenci-zapraszaja","status":"publish","type":"page","link":"https:\/\/us.edu.pl\/wydzial\/wsne\/studenci-zapraszaja\/","title":{"rendered":"Studenci zapraszaj\u0105"},"content":{"rendered":"<p>[vc_row][vc_column]\r\n                <div class=\"text-modules\">\r\n                    <div class=\"container\">\r\n                        \r\n                        <div class=\"text-modules__content\"><p><iframe loading=\"lazy\" title=\"Film o projekcie   Zuza i Adam Etnologia i antropologia kulturowa\" width=\"640\" height=\"360\" src=\"https:\/\/www.youtube.com\/embed\/WhALjaCEhdo?feature=oembed\" frameborder=\"0\" allow=\"accelerometer; autoplay; encrypted-media; gyroscope; picture-in-picture\" allowfullscreen><\/iframe><\/p>\n<\/div>\r\n                    <\/div>\r\n                <\/div>[\/vc_column][\/vc_row][vc_row][vc_column]\r\n                <div class=\"text-modules\">\r\n                    <div class=\"container\">\r\n                        \r\n                        <div class=\"text-modules__content\"><p><iframe loading=\"lazy\" title=\"PROMO ASK 2020\" width=\"640\" height=\"360\" src=\"https:\/\/www.youtube.com\/embed\/3rc7Jl8rsNI?feature=oembed\" frameborder=\"0\" allow=\"accelerometer; autoplay; encrypted-media; gyroscope; picture-in-picture\" allowfullscreen><\/iframe><\/p>\n<\/div>\r\n                    <\/div>\r\n                <\/div>[\/vc_column][\/vc_row][vc_row][vc_column]\r\n                <div class=\"text-modules\">\r\n                    <div class=\"container\">\r\n                        \r\n                        <div class=\"text-modules__content\"><p><iframe loading=\"lazy\" title=\"Dzie\u0144 Godno\u015bci 2019\" width=\"640\" height=\"360\" src=\"https:\/\/www.youtube.com\/embed\/ligJUoYyCM4?feature=oembed\" frameborder=\"0\" allow=\"accelerometer; autoplay; encrypted-media; gyroscope; picture-in-picture\" allowfullscreen><\/iframe><\/p>\n<\/div>\r\n                    <\/div>\r\n                <\/div>[\/vc_column][\/vc_row][vc_row][vc_column]\r\n                <div class=\"text-modules\">\r\n                    <div class=\"container\">\r\n                        \r\n                        <div class=\"text-modules__content\"><p><iframe loading=\"lazy\" title=\"Co mo\u017cna robi\u0107 po etnologii\" width=\"640\" height=\"360\" src=\"https:\/\/www.youtube.com\/embed\/tNbW0jeRggA?feature=oembed\" frameborder=\"0\" allow=\"accelerometer; autoplay; encrypted-media; gyroscope; picture-in-picture\" allowfullscreen><\/iframe><\/p>\n<\/div>\r\n                    <\/div>\r\n                <\/div>[\/vc_column][\/vc_row][vc_row][vc_column]\r\n                <div class=\"text-modules\">\r\n                    <div class=\"container\">\r\n                        \r\n                        <div class=\"text-modules__content\"><p><iframe loading=\"lazy\" title=\"dni otwarte ISM\" width=\"640\" height=\"360\" src=\"https:\/\/www.youtube.com\/embed\/SBKS69wam98?feature=oembed\" frameborder=\"0\" allow=\"accelerometer; autoplay; encrypted-media; gyroscope; picture-in-picture\" allowfullscreen><\/iframe><\/p>\n<\/div>\r\n                    <\/div>\r\n                <\/div>[\/vc_column][\/vc_row][vc_row][vc_column]\r\n                <div class=\"text-modules\">\r\n                    <div class=\"container\">\r\n                        \r\n                        <div class=\"text-modules__content\"><p><iframe loading=\"lazy\" title=\"Cieszy\u0144ska Orkiestra D\u0119ta U\u015a   Dzie\u0144 ISM\" width=\"640\" height=\"360\" src=\"https:\/\/www.youtube.com\/embed\/nG7C0nKAVK0?feature=oembed\" frameborder=\"0\" allow=\"accelerometer; autoplay; encrypted-media; gyroscope; picture-in-picture\" allowfullscreen><\/iframe><\/p>\n<\/div>\r\n                    <\/div>\r\n                <\/div>[\/vc_column][\/vc_row][vc_row][vc_column]\r\n                <div class=\"text-modules\">\r\n                    <div class=\"container\">\r\n                        \r\n                        <div class=\"text-modules__content\"><p><iframe loading=\"lazy\" title=\"\u201eToss a coin to your Witcher \/  Grosza daj Wied\u017aminowi\u201d AD LIBITUM\" width=\"640\" height=\"360\" src=\"https:\/\/www.youtube.com\/embed\/BOyHSwA0QUg?feature=oembed\" frameborder=\"0\" allow=\"accelerometer; autoplay; encrypted-media; gyroscope; picture-in-picture\" allowfullscreen><\/iframe><\/p>\n<\/div>\r\n                    <\/div>\r\n                <\/div>[\/vc_column][\/vc_row][vc_row][vc_column]\r\n                <div class=\"text-modules\">\r\n                    <div class=\"container\">\r\n                        \r\n                        <div class=\"text-modules__content\"><\/p>\n<div style=\"width: 640px;\" class=\"wp-video\"><!--[if lt IE 9]><script>document.createElement('video');<\/script><![endif]-->\n<video class=\"wp-video-shortcode\" id=\"video-3253-1\" width=\"640\" height=\"360\" preload=\"metadata\" controls=\"controls\"><source type=\"video\/mp4\" src=\"https:\/\/us.edu.pl\/wydzial\/wsne\/wp-content\/uploads\/sites\/20\/Nieprzypisane\/Pedagog-m\u00f3j-zaw\u00f3d-moja-pasja-Magdalena-Badura-Katarzyna-Tomala_pedagogika-opiekunczo-wychowawcza-z-terapi\u0105-pedagogiczn\u0105.mp4?_=1\" \/><a href=\"https:\/\/us.edu.pl\/wydzial\/wsne\/wp-content\/uploads\/sites\/20\/Nieprzypisane\/Pedagog-m\u00f3j-zaw\u00f3d-moja-pasja-Magdalena-Badura-Katarzyna-Tomala_pedagogika-opiekunczo-wychowawcza-z-terapi\u0105-pedagogiczn\u0105.mp4\">https:\/\/us.edu.pl\/wydzial\/wsne\/wp-content\/uploads\/sites\/20\/Nieprzypisane\/Pedagog-m\u00f3j-zaw\u00f3d-moja-pasja-Magdalena-Badura-Katarzyna-Tomala_pedagogika-opiekunczo-wychowawcza-z-terapi\u0105-pedagogiczn\u0105.mp4<\/a><\/video><\/div>\n<p>\n<\/div>\r\n                    <\/div>\r\n                <\/div>[\/vc_column][\/vc_row]<\/p>","protected":false},"excerpt":{"rendered":"<p>[vc_row][vc_column][\/vc_column][\/vc_row][vc_row][vc_column][\/vc_column][\/vc_row][vc_row][vc_column][\/vc_column][\/vc_row][vc_row][vc_column][\/vc_column][\/vc_row][vc_row][vc_column][\/vc_column][\/vc_row][vc_row][vc_column][\/vc_column][\/vc_row][vc_row][vc_column][\/vc_column][\/vc_row][vc_row][vc_column][\/vc_column][\/vc_row] [&#8230;]<\/p>\n<p><a class=\"btn btn-secondary understrap-read-more-link\" href=\"https:\/\/us.edu.pl\/wydzial\/wsne\/studenci-zapraszaja\/\">Read More&#8230;<\/a><\/p>\n","protected":false},"author":110,"featured_media":0,"parent":0,"menu_order":0,"comment_status":"closed","ping_status":"closed","template":"","meta":{"_expiration-date-status":"saved","_expiration-date":0,"_expiration-date-type":"","_expiration-date-categories":[],"_expiration-date-options":[]},"acf":[],"_links":{"self":[{"href":"https:\/\/us.edu.pl\/wydzial\/wsne\/wp-json\/wp\/v2\/pages\/3253"}],"collection":[{"href":"https:\/\/us.edu.pl\/wydzial\/wsne\/wp-json\/wp\/v2\/pages"}],"about":[{"href":"https:\/\/us.edu.pl\/wydzial\/wsne\/wp-json\/wp\/v2\/types\/page"}],"author":[{"embeddable":true,"href":"https:\/\/us.edu.pl\/wydzial\/wsne\/wp-json\/wp\/v2\/users\/110"}],"replies":[{"embeddable":true,"href":"https:\/\/us.edu.pl\/wydzial\/wsne\/wp-json\/wp\/v2\/comments?post=3253"}],"version-history":[{"count":10,"href":"https:\/\/us.edu.pl\/wydzial\/wsne\/wp-json\/wp\/v2\/pages\/3253\/revisions"}],"predecessor-version":[{"id":7445,"href":"https:\/\/us.edu.pl\/wydzial\/wsne\/wp-json\/wp\/v2\/pages\/3253\/revisions\/7445"}],"wp:attachment":[{"href":"https:\/\/us.edu.pl\/wydzial\/wsne\/wp-json\/wp\/v2\/media?parent=3253"}],"curies":[{"name":"wp","href":"https:\/\/api.w.org\/{rel}","templated":true}]}}