{"id":3328,"date":"2020-06-08T08:38:48","date_gmt":"2020-06-08T06:38:48","guid":{"rendered":"https:\/\/us.edu.pl\/wydzial\/wsne\/?page_id=3328"},"modified":"2020-11-12T12:10:27","modified_gmt":"2020-11-12T11:10:27","slug":"studia-doktoranckie","status":"publish","type":"page","link":"https:\/\/us.edu.pl\/wydzial\/wsne\/studia-doktoranckie\/","title":{"rendered":"Studia doktoranckie-Pedagogika"},"content":{"rendered":"<p>[vc_row][vc_column]\r\n                <div class=\"text-modules\">\r\n                    <div class=\"container\">\r\n                        <h3 class=\"page-title text__title\">Pedagogika w Cieszynie III stopnia stacjonarne<\/h3>\r\n                        <div class=\"text-modules__content\"><p>Opis<br \/>\nStudia trwaj\u0105 cztery lata i s\u0105 prowadzone wed\u0142ug nowoczesnego programu studi\u00f3w zgodnie z Polskimi Ramami Kwalifikacyjnymi w polskim systemie szkolnictwa wy\u017cszego. Studia doktoranckie prowadzone s\u0105 zgodnie z programem kszta\u0142cenia, kt\u00f3ry pozwala na osi\u0105gni\u0119cie zak\u0142adanych efekt\u00f3w kszta\u0142cenia w dziedzinie nauk spo\u0142ecznych i w dyscyplinie pedagogika, w zakresie kt\u00f3rej s\u0105 prowadzone studia doktoranckie. Program kszta\u0142cenia na studiach doktoranckich w dziedzinie nauk spo\u0142ecznych i\u00a0dyscyplinie pedagogika przygotowuje do pracy o charakterze badawczym i badawczo-rozwojowym, co prowadzi do osi\u0105gni\u0119cia efekt\u00f3w kszta\u0142cenia w zakresie:<\/p>\n<ul>\n<li>wiedzy na zaawansowanym poziomie zwi\u0105zanej z obszarem bada\u0144 naukowych, obejmuj\u0105cej najnowsze osi\u0105gni\u0119cia pedagogiki,<\/li>\n<li>umiej\u0119tno\u015bci zwi\u0105zanych z metodyk\u0105 i metodologi\u0105 prowadzenia bada\u0144 naukowych oraz umiej\u0119tno\u015bci prowadzenia zaj\u0119\u0107 dydaktycznych z zastosowaniem nowoczesnych metod i technik prowadzenia zaj\u0119\u0107,<\/li>\n<li>kompetencji spo\u0142ecznych zwi\u0105zanych z rol\u0105 uczonego a wynikaj\u0105cych z jego dzia\u0142alno\u015bci naukowo-badawczej i spo\u0142ecznej.<\/li>\n<\/ul>\n<p>Realizacja programu studi\u00f3w doktoranckich wyposa\u017ca w umiej\u0119tno\u015bci do wykonywania zawodu nauczyciela akademickiego i pozwala na osi\u0105gni\u0119cie efekt\u00f3w kszta\u0142cenia w obszarze umiej\u0119tno\u015bci prowadzenia zaj\u0119\u0107 dydaktycznych, m.in. z wykorzystaniem nowych technologii w kszta\u0142ceniu student\u00f3w.<br \/>\nAbsolwent studi\u00f3w doktoranckich uzyskuje kwalifikacje trzeciego stopnia w drodze przewodu doktorskiego przeprowadzonego na podstawie obowi\u0105zuj\u0105cych przepis\u00f3w.<br \/>\nKandydat na studia zobowi\u0105zany jest do samodzielnego wyboru opiekuna naukowego, kt\u00f3rego nale\u017cy wybra\u0107 w okresie poprzedzaj\u0105cym post\u0119powanie kwalifikacyjne.<br \/>\nOpiekunem naukowym mo\u017ce by\u0107 nauczyciel akademicki albo pracownik naukowy posiadaj\u0105cy tytu\u0142 naukowy lub stopie\u0144 naukowy doktora habilitowanego w zakresie pedagogiki lub pokrewnej dyscypliny naukowej, aktywny naukowo, posiadaj\u0105cy aktualny dorobek naukowy z ostatnich 5 lat, kt\u00f3ry jest pracownikiem wydzia\u0142u prowadz\u0105cego studia doktoranckie.<\/p>\n<p>Kryteria kwalifikacji<\/p>\n<p>Post\u0119powanie kwalifikacyjne ma charakter konkursowy i obejmuje rozmow\u0119 kwalifikacyjn\u0105 oraz ocen\u0119 dostarczonych dokument\u00f3w.<br \/>\nDo post\u0119powania kwalifikacyjnego kandydaci dostarczaj\u0105:<\/p>\n<ul>\n<li>podanie \u2014 ankiet\u0119 osobow\u0105 \u2014 o przyj\u0119cie na studia wydrukowane z\u00a0osobistego konta rejestracyjnego (IRK) kandydata,<\/li>\n<li>\u017cyciorys,<\/li>\n<li>po\u015bwiadczon\u0105 przez uczelni\u0119 kserokopi\u0119 dyplomu uko\u0144czenia studi\u00f3w wy\u017cszych magisterskich lub za\u015bwiadczenie o z\u0142o\u017ceniu egzaminu magisterskiego z\u00a0podanym ostatecznym wynikiem studi\u00f3w lub dokument potwierdzaj\u0105cy posiadanie statusu beneficjenta programu \u201eDiamentowy Grant\u201d,<\/li>\n<li>opini\u0119 samodzielnego pracownika naukowego wraz z pisemn\u0105 zgod\u0105 na pe\u0142nienie przez niego funkcji opiekuna naukowego,<\/li>\n<li>opis zainteresowa\u0144 naukowych i projekt pracy doktorskiej,<\/li>\n<li>wykaz osi\u0105gnie\u0107 naukowych wraz z kopi\u0105 najwa\u017cniejszych prac (publikacje naukowe, wydruk pracy magisterskiej, dokumentacja potwierdzaj\u0105ca udzia\u0142 w konferencjach i\u00a0innych formach prezentacji bada\u0144 naukowych), wskazanie na do\u015bwiadczenie dydaktyczne w zakresie prowadzenia zaj\u0119\u0107, prac organizacyjnych i innych form pracy, dzia\u0142alno\u015bci i zainteresowa\u0144.<\/li>\n<\/ul>\n<p>Komisja rekrutacyjna dokonuje oceny kandydat\u00f3w bior\u0105c pod uwag\u0119:<br \/>\n<strong>1. <\/strong><strong>Rozmow\u0119 kwalifikacyjn\u0105, ocenian\u0105 w skali od 1 do 10 punkt\u00f3w.<\/strong><br \/>\nTematem rozmowy jest:<\/p>\n<ul>\n<li>orientacja kandydata w dyscyplinie pedagogika, kt\u00f3rej dotyczy koncepcja pracy doktorskiej;<\/li>\n<li>orientacja kandydata w metodologii bada\u0144 spo\u0142ecznych i humanistycznych;<\/li>\n<li>nowatorstwo i oryginalno\u015b\u0107 koncepcji pracy doktorskiej;<\/li>\n<li>umiej\u0119tno\u015b\u0107 prezentacji koncepcji, komunikatywno\u015b\u0107, logika wypowiedzi, stawianie pyta\u0144, uog\u00f3lnianie, wnioskowanie.<\/li>\n<\/ul>\n<p><strong>2. Ocen\u0119 na dyplomie uko\u0144czenia studi\u00f3w w skali od 1 do 5 punkt\u00f3w.<\/strong><br \/>\nOcenom na dyplomie przypisuje si\u0119 nast\u0119puj\u0105ce punkty:<\/p>\n<ul>\n<li>celuj\u0105cy \u2013 5 punkt\u00f3w;<\/li>\n<li>bardzo dobry (5,0) \u2013 5 punkt\u00f3w;<\/li>\n<li>dobry plus (4,5) \u2013 4 punkty;<\/li>\n<li>dobry (4,0) \u2013 3 punkty;<\/li>\n<li>dostateczny plus (3,5) \u2212 2 punkty;<\/li>\n<li>dostateczny (3,0) \u2013 1 punkt.<\/li>\n<\/ul>\n<p><strong>3. Ocen\u0119 \u017cyciorysu naukowego, osi\u0105gni\u0119\u0107 naukowych, pedagogicznych i\u00a0artystycznych, np.: w formie publikacji, wydruku pracy magisterskiej i innych prac w skali od 0 do 5 punkt\u00f3w.<\/strong><br \/>\n<strong>4. <\/strong><strong>Opis zamierze\u0144 badawczych \u2014 ocena w skali od 0 do 5 punkt\u00f3w.<\/strong><br \/>\n<strong>5. <\/strong><strong>Ocena dodatkowych kwalifikacji \u2014 ocena w skali od 0 do 5 punkt\u00f3w.<\/strong><br \/>\nO miejscu kandydata na li\u015bcie rankingowej decyduje ostateczny wynik post\u0119powania kwalifikacyjnego w skali od 0 do 30 punkt\u00f3w.<\/p>\n<p>Kierownik\u00a0 dr hab. Urszula Szu\u015bcik<br \/>\ntel. 338546112\/219,\u00a0 e-mail: <a href=\"mailto:urszula.szuscik@us.edu.pl\">urszula.szuscik@us.edu.pl<\/a>, pok. nr 228<br \/>\nsekretariat: mgr Agnieszka Kmiotek<br \/>\ntel. 338546112, e-mail: <a href=\"mailto:agnieszk.kmiotek@us.edu.pl\">agnieszk.kmiotek@us.edu.pl<\/a>, pok. nr 7a<br \/>\ndziekanat: lic. Katarzyna Kazimor<br \/>\ne-mail &#8211;<a href=\"mailto:katarzyna.kazimor@us.edu.pl\"> katarzyna.kazimor@us.edu.pl<\/a><br \/>\nKierownik &#8211; mgr Patrycja Dudek-Trombik \u2013 33 8546380<br \/>\ne-mail &#8211; <a href=\"mailto:patrycja.dudek@us.edu.pl\">patrycja.dudek@us.edu.pl<\/a><br \/>\npok\u00f3j 1a<\/p>\n<p><a href=\"https:\/\/us.edu.pl\/wydzial\/wsne\/wp-content\/uploads\/sites\/20\/Nieprzypisane\/3_st_dr_wniosek_dotyczacy_odbycia_praktyk_poza_uczelnia.doc\" class=\"mtli_attachment mtli_doc\" data-mtli=\"mtli_filesize34,00kB\" class=\"mtli_attachment mtli_doc\" data-mtli=\"mtli_filesize34,00kB\">3_st_dr_wniosek_dotyczacy_odbycia_praktyk_poza_uczelnia<\/a><\/p>\n<p><a href=\"https:\/\/us.edu.pl\/wydzial\/wsne\/wp-content\/uploads\/sites\/20\/Nieprzypisane\/st_dr_cn_powolanie_opiekuna_naukowego_0.doc\" class=\"mtli_attachment mtli_doc\" data-mtli=\"mtli_filesize24,50kB\" class=\"mtli_attachment mtli_doc\" data-mtli=\"mtli_filesize24,50kB\">st_dr_cn_powolanie_opiekuna_naukowego_0<\/a><\/p>\n<p><a href=\"https:\/\/us.edu.pl\/wydzial\/wsne\/wp-content\/uploads\/sites\/20\/Nieprzypisane\/st_dr_formularz_praktyki_doktorant_weinoe.doc\" class=\"mtli_attachment mtli_doc\" data-mtli=\"mtli_filesize43,50kB\" class=\"mtli_attachment mtli_doc\" data-mtli=\"mtli_filesize43,50kB\">st_dr_formularz_praktyki_doktorant_weinoe<\/a><\/p>\n<p><a href=\"https:\/\/us.edu.pl\/wydzial\/wsne\/wp-content\/uploads\/sites\/20\/Nieprzypisane\/st_dr_korekta_zasady_punktacji_dorobku_naukowego_stypendium_projakosciowe_1_1.doc\" class=\"mtli_attachment mtli_doc\" data-mtli=\"mtli_filesize61,00kB\" class=\"mtli_attachment mtli_doc\" data-mtli=\"mtli_filesize61,00kB\">st_dr_korekta_zasady_punktacji_dorobku_naukowego_stypendium_projakosciowe_1_1<\/a><\/p>\n<p><a href=\"https:\/\/us.edu.pl\/wydzial\/wsne\/wp-content\/uploads\/sites\/20\/Nieprzypisane\/st_dr_korekta_zasady_punktacji_dorobkunaukowego_stypendium_doktoranckie_2.doc\" class=\"mtli_attachment mtli_doc\" data-mtli=\"mtli_filesize45,00kB\" class=\"mtli_attachment mtli_doc\" data-mtli=\"mtli_filesize45,00kB\">st_dr_korekta_zasady_punktacji_dorobkunaukowego_stypendium_doktoranckie_2<\/a><\/p>\n<p><a href=\"https:\/\/us.edu.pl\/wydzial\/wsne\/wp-content\/uploads\/sites\/20\/Nieprzypisane\/st_dr_stypendium_rektora_weinoe_3.doc\" class=\"mtli_attachment mtli_doc\" data-mtli=\"mtli_filesize53,00kB\" class=\"mtli_attachment mtli_doc\" data-mtli=\"mtli_filesize53,00kB\">st_dr_stypendium_rektora_weinoe_3<\/a><\/p>\n<p><a href=\"https:\/\/us.edu.pl\/wydzial\/wsne\/wp-content\/uploads\/sites\/20\/Nieprzypisane\/st_dr_wzor_sprawozdania_doktoranta_weinoe_.doc\" class=\"mtli_attachment mtli_doc\" data-mtli=\"mtli_filesize77,50kB\" class=\"mtli_attachment mtli_doc\" data-mtli=\"mtli_filesize77,50kB\">st_dr_wzor_sprawozdania_doktoranta_weinoe_<\/a><\/p>\n<p><a href=\"https:\/\/us.edu.pl\/wydzial\/wsne\/wp-content\/uploads\/sites\/20\/Nieprzypisane\/st_dr_wzor_sprawozdania_doktoranta_weinoe_1.doc\" class=\"mtli_attachment mtli_doc\" data-mtli=\"mtli_filesize77,50kB\" class=\"mtli_attachment mtli_doc\" data-mtli=\"mtli_filesize77,50kB\">st_dr_wzor_sprawozdania_doktoranta_weinoe_1<\/a><\/p>\n<p><a href=\"https:\/\/us.edu.pl\/wydzial\/wsne\/wp-content\/uploads\/sites\/20\/Nieprzypisane\/wniosek_o_przyznanie_stypendium_doktoranckiego_0.doc\" class=\"mtli_attachment mtli_doc\" data-mtli=\"mtli_filesize19,00kB\" class=\"mtli_attachment mtli_doc\" data-mtli=\"mtli_filesize19,00kB\">wniosek_o_przyznanie_stypendium_doktoranckiego_0<\/a><\/p>\n<p><a href=\"https:\/\/us.edu.pl\/wydzial\/wsne\/wp-content\/uploads\/sites\/20\/Nieprzypisane\/wniosek_o_przyznanie_zwiekszenia_stypendium_doktoranckiego_0.doc\" class=\"mtli_attachment mtli_doc\" data-mtli=\"mtli_filesize19,50kB\" class=\"mtli_attachment mtli_doc\" data-mtli=\"mtli_filesize19,50kB\">wniosek_o_przyznanie_zwiekszenia_stypendium_doktoranckiego_0<\/a><\/p>\n<p><a href=\"https:\/\/us.edu.pl\/wydzial\/wsne\/wp-content\/uploads\/sites\/20\/Nieprzypisane\/moduly_ksztalcenia.pdf\" class=\"mtli_attachment mtli_pdf\" data-mtli=\"mtli_filesize291,47kB\" class=\"mtli_attachment mtli_pdf\" data-mtli=\"mtli_filesize291,47kB\">moduly_ksztalcenia<\/a><\/p>\n<p><a href=\"https:\/\/us.edu.pl\/wydzial\/wsne\/wp-content\/uploads\/sites\/20\/Nieprzypisane\/program_studiow.pdf\" class=\"mtli_attachment mtli_pdf\" data-mtli=\"mtli_filesize111,81kB\" class=\"mtli_attachment mtli_pdf\" data-mtli=\"mtli_filesize111,81kB\">program_studiow<\/a><\/p>\n<p><a href=\"https:\/\/us.edu.pl\/wydzial\/wsne\/wp-content\/uploads\/sites\/20\/Nieprzypisane\/ramowy_plan_studiow.pdf\" class=\"mtli_attachment mtli_pdf\" data-mtli=\"mtli_filesize128,12kB\" class=\"mtli_attachment mtli_pdf\" data-mtli=\"mtli_filesize128,12kB\">ramowy_plan_studiow<\/a><\/p>\n<p><a href=\"https:\/\/us.edu.pl\/wydzial\/wsne\/wp-content\/uploads\/sites\/20\/Nieprzypisane\/strategia_rozwoju.pdf\" class=\"mtli_attachment mtli_pdf\" data-mtli=\"mtli_filesize137,77kB\" class=\"mtli_attachment mtli_pdf\" data-mtli=\"mtli_filesize137,77kB\">strategia_rozwoju<\/a><\/p>\n<p><a href=\"https:\/\/us.edu.pl\/wydzial\/wsne\/wp-content\/uploads\/sites\/20\/Nieprzypisane\/plan_studiow.pdf\" class=\"mtli_attachment mtli_pdf\" data-mtli=\"mtli_filesize99,79kB\" class=\"mtli_attachment mtli_pdf\" data-mtli=\"mtli_filesize99,79kB\">plan_studiow<\/a><\/p>\n<p><a href=\"https:\/\/us.edu.pl\/wydzial\/wsne\/wp-content\/uploads\/sites\/20\/Nieprzypisane\/formularze_wnioskow.pdf\" class=\"mtli_attachment mtli_pdf\" data-mtli=\"mtli_filesize584,10kB\" class=\"mtli_attachment mtli_pdf\" data-mtli=\"mtli_filesize584,10kB\">formularze_wnioskow<\/a><\/p>\n<p><a href=\"https:\/\/us.edu.pl\/wydzial\/wsne\/wp-content\/uploads\/sites\/20\/Nieprzypisane\/lista_pracownikow_samodzielnych.pdf\" class=\"mtli_attachment mtli_pdf\" data-mtli=\"mtli_filesize375,47kB\" class=\"mtli_attachment mtli_pdf\" data-mtli=\"mtli_filesize375,47kB\">lista_pracownikow_samodzielnych<\/a><\/p>\n<p><a href=\"https:\/\/us.edu.pl\/wydzial\/wsne\/wp-content\/uploads\/sites\/20\/Nieprzypisane\/uchwala_232_2018.pdf\" class=\"mtli_attachment mtli_pdf\" data-mtli=\"mtli_filesize193,67kB\" class=\"mtli_attachment mtli_pdf\" data-mtli=\"mtli_filesize193,67kB\">uchwala_232_2018<\/a><\/p>\n<p><a href=\"https:\/\/us.edu.pl\/wydzial\/wsne\/wp-content\/uploads\/sites\/20\/Nieprzypisane\/regulamin_studiow_doktoranckich.pdf\" class=\"mtli_attachment mtli_pdf\" data-mtli=\"mtli_filesize180,70kB\" class=\"mtli_attachment mtli_pdf\" data-mtli=\"mtli_filesize180,70kB\">regulamin_studiow_doktoranckich<\/a><\/p>\n<p><a href=\"https:\/\/us.edu.pl\/wydzial\/wsne\/wp-content\/uploads\/sites\/20\/Nieprzypisane\/pomoc_materialna-stypendia_doktoranci.pdf\" class=\"mtli_attachment mtli_pdf\" data-mtli=\"mtli_filesize579,67kB\" class=\"mtli_attachment mtli_pdf\" data-mtli=\"mtli_filesize579,67kB\">pomoc_materialna-stypendia_doktoranci<\/a><\/p>\n<p><a href=\"https:\/\/us.edu.pl\/wydzial\/wsne\/wp-content\/uploads\/sites\/20\/Nieprzypisane\/decyzja_rektora_o_powolaniu_st_dr.pdf\" class=\"mtli_attachment mtli_pdf\" data-mtli=\"mtli_filesize94,29kB\" class=\"mtli_attachment mtli_pdf\" data-mtli=\"mtli_filesize94,29kB\">decyzja_rektora_o_powolaniu_st_dr<\/a><\/p>\n<p>&nbsp;<\/p>\n<p><a href=\"https:\/\/us.edu.pl\/wydzial\/wsne\/wp-content\/uploads\/sites\/20\/Nieprzypisane\/zaproszenie_na_konferencje.pdf\" class=\"mtli_attachment mtli_pdf\" data-mtli=\"mtli_filesize512,36kB\" class=\"mtli_attachment mtli_pdf\" data-mtli=\"mtli_filesize512,36kB\">zaproszenie_na_konferencje<\/a> (archiwum)<\/p>\n<style type=\"text\/css\">a[data-mtli~=\"mtli_filesize34,00kB\"]:after {content:\" (34,00 kB)\"}a[data-mtli~=\"mtli_filesize24,50kB\"]:after {content:\" (24,50 kB)\"}a[data-mtli~=\"mtli_filesize43,50kB\"]:after {content:\" (43,50 kB)\"}a[data-mtli~=\"mtli_filesize61,00kB\"]:after {content:\" (61,00 kB)\"}a[data-mtli~=\"mtli_filesize45,00kB\"]:after {content:\" (45,00 kB)\"}a[data-mtli~=\"mtli_filesize53,00kB\"]:after {content:\" (53,00 kB)\"}a[data-mtli~=\"mtli_filesize77,50kB\"]:after {content:\" (77,50 kB)\"}a[data-mtli~=\"mtli_filesize19,00kB\"]:after {content:\" (19,00 kB)\"}a[data-mtli~=\"mtli_filesize19,50kB\"]:after {content:\" (19,50 kB)\"}a[data-mtli~=\"mtli_filesize291,47kB\"]:after {content:\" (291,47 kB)\"}a[data-mtli~=\"mtli_filesize111,81kB\"]:after {content:\" (111,81 kB)\"}a[data-mtli~=\"mtli_filesize128,12kB\"]:after {content:\" (128,12 kB)\"}a[data-mtli~=\"mtli_filesize137,77kB\"]:after {content:\" (137,77 kB)\"}a[data-mtli~=\"mtli_filesize99,79kB\"]:after {content:\" (99,79 kB)\"}a[data-mtli~=\"mtli_filesize584,10kB\"]:after {content:\" (584,10 kB)\"}a[data-mtli~=\"mtli_filesize375,47kB\"]:after {content:\" (375,47 kB)\"}a[data-mtli~=\"mtli_filesize193,67kB\"]:after {content:\" (193,67 kB)\"}a[data-mtli~=\"mtli_filesize180,70kB\"]:after {content:\" (180,70 kB)\"}a[data-mtli~=\"mtli_filesize579,67kB\"]:after {content:\" (579,67 kB)\"}a[data-mtli~=\"mtli_filesize94,29kB\"]:after {content:\" (94,29 kB)\"}a[data-mtli~=\"mtli_filesize512,36kB\"]:after {content:\" (512,36 kB)\"}<\/style><\/div>\r\n                    <\/div>\r\n                <\/div>[\/vc_column][\/vc_row][vc_row][vc_column]\r\n                <div class=\"text-modules\">\r\n                    <div class=\"container\">\r\n                        <h3 class=\"page-title text__title\">Zasady oceniania osi\u0105gni\u0119\u0107 doktorant\u00f3w do stypendium rektora<\/h3>\r\n                        <div class=\"text-modules__content\"><p><a href=\"https:\/\/us.edu.pl\/student\/komunikaty\/zasady-oceniania-osiagniec-doktorantow-do-stypendium-rektora\/\">https:\/\/us.edu.pl\/student\/komunikaty\/zasady-oceniania-osiagniec-doktorantow-do-stypendium-rektora\/<\/a><\/p>\n<p><span style=\"font-size: 12pt\"><a href=\"https:\/\/us.edu.pl\/wydzial\/wsne\/wp-content\/uploads\/sites\/20\/Nieprzypisane\/studia-dr-wniosek-o-stypendium-Rektora-20-A.pdf\" class=\"mtli_attachment mtli_pdf\" data-mtli=\"mtli_filesize994,53kB\" class=\"mtli_attachment mtli_pdf\" data-mtli=\"mtli_filesize994,53kB\">studia dr wniosek o stypendium Rektora 20 A<\/a><\/span><\/p>\n<p><a href=\"http:\/\/bip.us.edu.pl\/zarzadzenie-nr-1722020\">Regulamin \u015bwiadcze\u0144 dla student\u00f3w U\u015a<\/a><\/p>\n<style type=\"text\/css\">a[data-mtli~=\"mtli_filesize994,53kB\"]:after {content:\" (994,53 kB)\"}<\/style><\/div>\r\n                    <\/div>\r\n                <\/div>[\/vc_column][\/vc_row][vc_row][vc_column]\r\n                <div class=\"text-modules\">\r\n                    <div class=\"container\">\r\n                        <h3 class=\"page-title text__title\">Konferencje - Aktualno\u015bci<\/h3>\r\n                        <div class=\"text-modules__content\"><p><span style=\"font-size: 14pt\"><strong>V TYFLOKONFERECJA,\u00a0<\/strong><strong>\u201eZobaczy\u0107 Niewidzialne\u201d,\u00a0<\/strong>Cieszyn, 13 listopada 2020<\/span><\/p>\n<p><span style=\"font-size: 14pt\"><a href=\"https:\/\/us.edu.pl\/wydzial\/wsne\/wp-content\/uploads\/sites\/20\/Nieprzypisane\/PROGRAM-Tyflokonferencji-13.11.2020.docx\" class=\"mtli_attachment mtli_docx\" data-mtli=\"mtli_filesize215,45kB\" class=\"mtli_attachment mtli_docx\" data-mtli=\"mtli_filesize215,45kB\">PROGRAM-Tyflokonferencji 13.11.2020<\/a><\/span><\/p>\n<p><span style=\"font-size: 14pt\"><a href=\"https:\/\/us.edu.pl\/wydzial\/wsne\/wp-content\/uploads\/sites\/20\/Nieprzypisane\/PROGRAM-Tyflokonferencji-13.11.2020.pdf\" class=\"mtli_attachment mtli_pdf\" data-mtli=\"mtli_filesize360,83kB\" class=\"mtli_attachment mtli_pdf\" data-mtli=\"mtli_filesize360,83kB\">PROGRAM-Tyflokonferencji 13.11.2020<\/a><\/span><\/p>\n<p>&nbsp;<\/p>\n<p><span style=\"font-size: 14pt\"><a class=\"mtli_attachment mtli_pdf mtli_attachment mtli_pdf mtli_attachment mtli_pdf\" href=\"https:\/\/us.edu.pl\/wydzial\/wsne\/wp-content\/uploads\/sites\/20\/Nieprzypisane\/zaproszenie_na_konferencje.pdf\" data-mtli=\"mtli_filesize512,36kB\" data-mtli=\"mtli_filesize512,36kB\" rel=\"mtli_filesize512,36kB\">zaproszenie_na_konferencje<\/a><\/span><\/p>\n<style type=\"text\/css\">a[data-mtli~=\"mtli_filesize215,45kB\"]:after {content:\" (215,45 kB)\"}a[data-mtli~=\"mtli_filesize360,83kB\"]:after {content:\" (360,83 kB)\"}a[data-mtli~=\"mtli_filesize512,36kB\"]:after {content:\" (512,36 kB)\"}<\/style><\/div>\r\n                    <\/div>\r\n                <\/div>[\/vc_column][\/vc_row]<\/p>\n<style type=\"text\/css\">a[data-mtli~=\"mtli_filesize34,00kB\"]:after {content:\" (34,00 kB)\"}a[data-mtli~=\"mtli_filesize24,50kB\"]:after {content:\" (24,50 kB)\"}a[data-mtli~=\"mtli_filesize43,50kB\"]:after {content:\" (43,50 kB)\"}a[data-mtli~=\"mtli_filesize61,00kB\"]:after {content:\" (61,00 kB)\"}a[data-mtli~=\"mtli_filesize45,00kB\"]:after {content:\" (45,00 kB)\"}a[data-mtli~=\"mtli_filesize53,00kB\"]:after {content:\" (53,00 kB)\"}a[data-mtli~=\"mtli_filesize77,50kB\"]:after {content:\" (77,50 kB)\"}a[data-mtli~=\"mtli_filesize19,00kB\"]:after {content:\" (19,00 kB)\"}a[data-mtli~=\"mtli_filesize19,50kB\"]:after {content:\" (19,50 kB)\"}a[data-mtli~=\"mtli_filesize291,47kB\"]:after {content:\" (291,47 kB)\"}a[data-mtli~=\"mtli_filesize111,81kB\"]:after {content:\" (111,81 kB)\"}a[data-mtli~=\"mtli_filesize128,12kB\"]:after {content:\" (128,12 kB)\"}a[data-mtli~=\"mtli_filesize137,77kB\"]:after {content:\" (137,77 kB)\"}a[data-mtli~=\"mtli_filesize99,79kB\"]:after {content:\" (99,79 kB)\"}a[data-mtli~=\"mtli_filesize584,10kB\"]:after {content:\" (584,10 kB)\"}a[data-mtli~=\"mtli_filesize375,47kB\"]:after {content:\" (375,47 kB)\"}a[data-mtli~=\"mtli_filesize193,67kB\"]:after {content:\" (193,67 kB)\"}a[data-mtli~=\"mtli_filesize180,70kB\"]:after {content:\" (180,70 kB)\"}a[data-mtli~=\"mtli_filesize579,67kB\"]:after {content:\" (579,67 kB)\"}a[data-mtli~=\"mtli_filesize94,29kB\"]:after {content:\" (94,29 kB)\"}a[data-mtli~=\"mtli_filesize512,36kB\"]:after {content:\" (512,36 kB)\"}a[data-mtli~=\"mtli_filesize994,53kB\"]:after {content:\" (994,53 kB)\"}a[data-mtli~=\"mtli_filesize215,45kB\"]:after {content:\" (215,45 kB)\"}a[data-mtli~=\"mtli_filesize360,83kB\"]:after {content:\" (360,83 kB)\"}<\/style>","protected":false},"excerpt":{"rendered":"<p>[vc_row][vc_column][\/vc_column][\/vc_row][vc_row][vc_column][\/vc_column][\/vc_row][vc_row][vc_column][\/vc_column][\/vc_row] [&#8230;]<\/p>\n<p><a class=\"btn btn-secondary understrap-read-more-link\" href=\"https:\/\/us.edu.pl\/wydzial\/wsne\/studia-doktoranckie\/\">Read More&#8230;<\/a><\/p>\n","protected":false},"author":110,"featured_media":0,"parent":0,"menu_order":0,"comment_status":"closed","ping_status":"closed","template":"","meta":{"_expiration-date-status":"saved","_expiration-date":0,"_expiration-date-type":"","_expiration-date-categories":[],"_expiration-date-options":[]},"acf":[],"_links":{"self":[{"href":"https:\/\/us.edu.pl\/wydzial\/wsne\/wp-json\/wp\/v2\/pages\/3328"}],"collection":[{"href":"https:\/\/us.edu.pl\/wydzial\/wsne\/wp-json\/wp\/v2\/pages"}],"about":[{"href":"https:\/\/us.edu.pl\/wydzial\/wsne\/wp-json\/wp\/v2\/types\/page"}],"author":[{"embeddable":true,"href":"https:\/\/us.edu.pl\/wydzial\/wsne\/wp-json\/wp\/v2\/users\/110"}],"replies":[{"embeddable":true,"href":"https:\/\/us.edu.pl\/wydzial\/wsne\/wp-json\/wp\/v2\/comments?post=3328"}],"version-history":[{"count":9,"href":"https:\/\/us.edu.pl\/wydzial\/wsne\/wp-json\/wp\/v2\/pages\/3328\/revisions"}],"predecessor-version":[{"id":4255,"href":"https:\/\/us.edu.pl\/wydzial\/wsne\/wp-json\/wp\/v2\/pages\/3328\/revisions\/4255"}],"wp:attachment":[{"href":"https:\/\/us.edu.pl\/wydzial\/wsne\/wp-json\/wp\/v2\/media?parent=3328"}],"curies":[{"name":"wp","href":"https:\/\/api.w.org\/{rel}","templated":true}]}}