{"id":4256,"date":"2020-11-12T12:17:41","date_gmt":"2020-11-12T11:17:41","guid":{"rendered":"https:\/\/us.edu.pl\/wydzial\/wsne\/?page_id=4256"},"modified":"2020-11-12T12:46:10","modified_gmt":"2020-11-12T11:46:10","slug":"articles-8-e-learning-methodology-implementation-and-evaluation","status":"publish","type":"page","link":"https:\/\/us.edu.pl\/wydzial\/wsne\/nauka-i-badania\/serie-wydawnicze\/seria-e-learning\/articles-8-e-learning-methodology-implementation-and-evaluation\/","title":{"rendered":"Articles-8. E-learning Methodology \u2013 Implementation and Evaluation"},"content":{"rendered":"<p><\/p>\n<div class=\"row\">\n<div>\n<div class=\"field field-name-body field-type-text-with-summary field-label-hidden\">\n<div class=\"field-items\">\n<div class=\"field-item even\">\n<p><a href=\"http:\/\/weinoe.old.us.edu.pl\/node\/729\">Piet Kommers (The Netherlands)<br \/>\n<strong>EDUCATION, CULTURE AND TECHNOLOGY: TRIANGLE FOR DEVELOPING HIGHER EDUCATION<\/strong><\/a><br \/>\n<a href=\"http:\/\/weinoe.old.us.edu.pl\/sites\/weinoe.us.edu.pl\/files\/01_education_culture_and_technology.pdf\" class=\"mtli_attachment mtli_pdf\"><strong>pdf<\/strong><\/a><\/p>\n<p><a href=\"http:\/\/weinoe.old.us.edu.pl\/node\/730\">Lucie Zormanov\u00e1 (Czech Republic)<br \/>\n<strong>DISTANCE EDUCATION IN EUROPEAN COUNTRIES<\/strong><\/a><br \/>\n<a href=\"http:\/\/weinoe.old.us.edu.pl\/sites\/weinoe.us.edu.pl\/files\/02_distance_education_in_european_countries.pdf\" class=\"mtli_attachment mtli_pdf\"><strong>pdf<\/strong><\/a><\/p>\n<p><a href=\"http:\/\/weinoe.old.us.edu.pl\/node\/731\">Franz Feiner (Austria)<br \/>\n<strong>PHILOSOPHIZING WITH CHILDREN USING OPEN EDUCATIONAL RESOURCES (OER)<\/strong><\/a><br \/>\n<a href=\"http:\/\/weinoe.old.us.edu.pl\/sites\/weinoe.us.edu.pl\/files\/03_philosophizing_with_children_using.pdf\" class=\"mtli_attachment mtli_pdf\"><strong>pdf<\/strong><\/a><\/p>\n<p><a href=\"http:\/\/weinoe.old.us.edu.pl\/node\/732\">Eugenia Smyrnova-Trybulska (Poland)<br \/>\n<strong>E-LEARNING AND OPEN EDUCATION QUALITY \u2013 SOME EUROPEAN AND NATIONAL STANDARDS AND REGULATION<\/strong><\/a><br \/>\n<a href=\"http:\/\/weinoe.old.us.edu.pl\/sites\/weinoe.us.edu.pl\/files\/04_e-learning_and_open_education_quality.pdf\" class=\"mtli_attachment mtli_pdf\"><strong>pdf<\/strong><\/a><\/p>\n<p><a href=\"http:\/\/weinoe.old.us.edu.pl\/node\/733\">Kseniia Yashyna, Oksana Karpenko, Valerii Zavgorodnii, Oleksandr Sadovoy, Kateryna Yalova, Oleksandr Krupnyk (Ukraine)<br \/>\n<strong>DSTU AND KSMA KNOWLEDGE TRANSFER SYSTEMS<\/strong><\/a><br \/>\n<a href=\"http:\/\/weinoe.old.us.edu.pl\/sites\/weinoe.us.edu.pl\/files\/05_dstu_and_ksma_knowledge_transfer_systems.pdf\" class=\"mtli_attachment mtli_pdf\"><strong>pdf<\/strong><\/a><\/p>\n<p><a href=\"http:\/\/weinoe.old.us.edu.pl\/node\/734\">Tatiana Noskova, Tatiana Pavlova, Olga Yakovleva (Russian Federation)<br \/>\n<strong>SOCIAL MEDIA FOR SHAPING PROFESSIONAL EXPERIENCE OF MASTER DEGREE STUDENTS<\/strong><\/a><br \/>\n<a href=\"http:\/\/weinoe.old.us.edu.pl\/sites\/weinoe.us.edu.pl\/files\/06_social_media_for_shaping_professional_experience.pdf\" class=\"mtli_attachment mtli_pdf\"><strong>pdf<\/strong><\/a><\/p>\n<p><a href=\"http:\/\/weinoe.old.us.edu.pl\/node\/735#\">Anna \u015al\u00f3sarz (Poland)<br \/>\n<strong>DISTANCE EDUCATION RESEARCH FIELDS AND METHODS<\/strong><\/a><br \/>\n<a href=\"http:\/\/weinoe.old.us.edu.pl\/sites\/weinoe.us.edu.pl\/files\/07_distance_education_research_fields_and_methods.pdf\" class=\"mtli_attachment mtli_pdf\"><strong>pdf<\/strong><\/a><\/p>\n<p><a href=\"http:\/\/weinoe.old.us.edu.pl\/node\/736\">Iryna Vakulenko (Ukraine)<br \/>\n<strong>MANAGEMENT OF STUDENTS\u2019 INDIVIDUAL WORK UNDER THE DISTANCE LEARNING CONDITIONS<\/strong><\/a><br \/>\n<a href=\"http:\/\/weinoe.old.us.edu.pl\/sites\/weinoe.us.edu.pl\/files\/08_management_of_students_individual_work.pdf\" class=\"mtli_attachment mtli_pdf\"><strong>pdf<\/strong><\/a><\/p>\n<p><a href=\"http:\/\/weinoe.old.us.edu.pl\/node\/737\">Laura Alonso-D\u00edaz, Prudencia Guti\u00e9rrez-Esteban, Gemma Delicado-Puerto, Roc\u00edo Yuste-Tosina, Sixto Cubo Delgado, Juan Arias-Masa (Spain)<br \/>\n<strong>E-PORTFOLIO: OPEN EDUCATIONAL RESOURCES FOR A NEW LEARNING CULTURE<\/strong><\/a><br \/>\n<a href=\"http:\/\/weinoe.old.us.edu.pl\/sites\/weinoe.us.edu.pl\/files\/09_e-portfolio_open_educational_resources.pdf\" class=\"mtli_attachment mtli_pdf\"><strong>pdf<\/strong><\/a><\/p>\n<p><a href=\"http:\/\/weinoe.old.us.edu.pl\/node\/738\">Nadiia Balyk, Galina Shmyger (Ukraine)<br \/>\n<strong>THE STUDY AND THE USE OF THE COMBINATION OF ICT TOOLS OF E-COMMUNICATION AT THE PEDAGOGICAL UNIVERSITY<\/strong><\/a><br \/>\n<a href=\"http:\/\/weinoe.old.us.edu.pl\/sites\/weinoe.us.edu.pl\/files\/10_the_study_and_the_use_of_the_combination_of_ict.pdf\" class=\"mtli_attachment mtli_pdf\"><strong>pdf<\/strong><\/a><\/p>\n<p><a href=\"http:\/\/weinoe.old.us.edu.pl\/node\/739\">Magdalena Roszak, Barbara Ko\u0142odziejczak, Wojciech Kowalewski, Anna Ren-Kurc, Piotr Leszczy\u0144ski, Andrzej Br\u0119borowicz (Poland)<br \/>\n<strong>E-LEARNING IN MEDICAL EDUCATION \u2013 IMPLEMENTATION<\/strong><\/a><br \/>\n<a href=\"http:\/\/weinoe.old.us.edu.pl\/sites\/weinoe.us.edu.pl\/files\/11_e-learning_in_medical_education_-_implementation.pdf\" class=\"mtli_attachment mtli_pdf\"><strong>pdf<\/strong><\/a><\/p>\n<p><a href=\"http:\/\/weinoe.old.us.edu.pl\/node\/740\">Manuel Traver, Juan Arias (Spain)<br \/>\n<strong>PEER-ASSESSMENT IN HIGHER EDUCATION<\/strong><\/a><br \/>\n<a href=\"http:\/\/weinoe.old.us.edu.pl\/sites\/weinoe.us.edu.pl\/files\/12_peer-assessment_in_higher_education.pdf\" class=\"mtli_attachment mtli_pdf\"><strong>pdf<\/strong><\/a><\/p>\n<p><a href=\"http:\/\/weinoe.old.us.edu.pl\/node\/741\">Nataliia Morze, Hanna Pavlova, Rusudan Makhahchashvili (Ukraine), Eugenia Smyrnova-Trybulska (Poland)<br \/>\n<strong>TEACHER-STUDENT COLLABORATION: CHALLENGES AND OPPORTUNITIES<\/strong><\/a><br \/>\n<a href=\"http:\/\/weinoe.old.us.edu.pl\/sites\/weinoe.us.edu.pl\/files\/13_teacher-student_collaboration_challenges.pdf\" class=\"mtli_attachment mtli_pdf\"><strong>pdf<\/strong><\/a><\/p>\n<p><a href=\"http:\/\/weinoe.old.us.edu.pl\/node\/742\">Danuta Mora\u0144ska (Poland)<br \/>\n<strong>ACADEMIC E-LEARNING DILEMMAS<\/strong><\/a><br \/>\n<a href=\"http:\/\/weinoe.old.us.edu.pl\/sites\/weinoe.us.edu.pl\/files\/14_academic_e-learning_dilemmas.pdf\" class=\"mtli_attachment mtli_pdf\"><strong>pdf<\/strong><\/a><\/p>\n<p><a href=\"http:\/\/weinoe.old.us.edu.pl\/node\/743\">Oksana Shelomovska, Liudmila Sorokina, Maryna Romaniukha, Kostyantyn Bohomaz, Mykola Nakaznyi (Ukraine)<br \/>\n<strong>ICT-COMPETENCE OF UNIVERSITY TEACHERS IN PROFESSIONAL DEVELOPMENT AND SCIENTIFIC ACTIVITY<\/strong><\/a><br \/>\n<a href=\"http:\/\/weinoe.old.us.edu.pl\/sites\/weinoe.us.edu.pl\/files\/15_ict-competence_of_university_teachers.pdf\" class=\"mtli_attachment mtli_pdf\"><strong>pdf<\/strong><\/a><\/p>\n<p><a href=\"http:\/\/weinoe.old.us.edu.pl\/node\/744\">Barbara Ko\u0142odziejczak, Magdalena Roszak, Anna Ren-Kurc, Wojciech Kowalewski, Andrzej Br\u0119borowicz (Poland)<br \/>\n<strong>E-ASSESSMENT IN MEDICAL EDUCATION<\/strong><\/a><br \/>\n<a href=\"http:\/\/weinoe.old.us.edu.pl\/sites\/weinoe.us.edu.pl\/files\/16_e-assessment_in_medical_education.pdf\" class=\"mtli_attachment mtli_pdf\"><strong>pdf<\/strong><\/a><\/p>\n<p><a href=\"http:\/\/weinoe.old.us.edu.pl\/node\/745\">Miroslav Hrub\u00fd (Czech Republic)<br \/>\n<strong>FOREIGN LANGUAGE COMPETENCE SUPPORTED BY ICT AND DISTANCE LEARNING<\/strong><\/a><br \/>\n<a href=\"http:\/\/weinoe.old.us.edu.pl\/sites\/weinoe.us.edu.pl\/files\/17_foreign_language_competence_supported.pdf\" class=\"mtli_attachment mtli_pdf\"><strong>pdf<\/strong><\/a><\/p>\n<p><a href=\"http:\/\/weinoe.old.us.edu.pl\/node\/746\">Sixto Cubo Delgado, Laura Alonso D\u00edaz, Gemma Delicado Puerto, Juan Arias Masa, Prudencia Guti\u00e9rrez Esteban, Roc\u00edo Yuste Tosina (Spain)<br \/>\n<strong>EVALUATION OF THE IMPLEMENTATION OF ICT IN THE PROFESSIONAL TEACHING AND RESEARCH DEVELOPMENT OF UNIVERSITY FACULTY<\/strong><\/a><br \/>\n<a href=\"http:\/\/weinoe.old.us.edu.pl\/sites\/weinoe.us.edu.pl\/files\/18_evaluation_of_the_implementation_of_ict.pdf\" class=\"mtli_attachment mtli_pdf\"><strong>pdf<\/strong><\/a><\/p>\n<p><a href=\"http:\/\/weinoe.old.us.edu.pl\/node\/747\">Vasyl Yefymenko, Tetiana Yefymenko (Ukraine)<br \/>\n<strong>DEVELOPMENT OF INFORMATICS COMPETENCES OF COMPUTER SCIENCE TEACHERS DURING THE TRAINING COURSE \u201cCOMPUTER GRAPHICS\u201d<\/strong><\/a><br \/>\n<a href=\"http:\/\/weinoe.old.us.edu.pl\/sites\/weinoe.us.edu.pl\/files\/19_development_of_informatics_competences.pdf\" class=\"mtli_attachment mtli_pdf\"><strong>pdf<\/strong><\/a><\/p>\n<p><a href=\"http:\/\/weinoe.old.us.edu.pl\/node\/748\">Irena Pulak (Poland)<br \/>\n<strong>THE LEVEL OF INDIVIDUALIZATION AS A ONE OF QUALITY DIMENSIONS OF E-LEARNING<\/strong><\/a><br \/>\n<a href=\"http:\/\/weinoe.old.us.edu.pl\/sites\/weinoe.us.edu.pl\/files\/20_the_level_of_individualization_as_one.pdf\" class=\"mtli_attachment mtli_pdf\"><strong>pdf<\/strong><\/a><\/p>\n<p><a href=\"http:\/\/weinoe.old.us.edu.pl\/node\/749\">Oksana Strutynska, Mariia Umryk (Ukraine)<br \/>\n<strong>THE USE OF MOOCS FOR TRAINING OF THE FUTURE COMPUTER SCIENCE TEACHERS IN UKRAINE<\/strong><\/a><br \/>\n<a href=\"http:\/\/weinoe.old.us.edu.pl\/sites\/weinoe.us.edu.pl\/files\/21_the_use_of_moocs_for_training.pdf\" class=\"mtli_attachment mtli_pdf\"><strong>pdf<\/strong><\/a><\/p>\n<p><a href=\"http:\/\/weinoe.old.us.edu.pl\/node\/750\">Eugenia Smyrnova-Trybulska, (Poland), Nataliia Morze (Ukraine), Wojciech Zuziak (Poland), Mariia Gladun (Ukraine)<br \/>\n<strong>ROBOTS IN ELEMENTARY SCHOOL: SOME EDUCATIONAL, LEGAL AND TECHNICAL ASPECTS<\/strong><\/a><br \/>\n<a href=\"http:\/\/weinoe.old.us.edu.pl\/sites\/weinoe.us.edu.pl\/files\/22_robots_in_elementary_school_some_educational.pdf\" class=\"mtli_attachment mtli_pdf\"><strong>pdf<\/strong><\/a><\/p>\n<p><a href=\"http:\/\/weinoe.old.us.edu.pl\/node\/751\">Vojt\u011bch Gybas, Libor Klubal, Kate\u0159ina Kostol\u00e1nyov\u00e1 (Czech Republic)<br \/>\n<strong>INDIVIDUALIZED TEACHING PROCESS FOR PUPILS WITH MODERATE MENTAL DISABILITY<\/strong><\/a><br \/>\n<a href=\"http:\/\/weinoe.old.us.edu.pl\/sites\/weinoe.us.edu.pl\/files\/23_individualized_teaching_process_for_pupils.pdf\" class=\"mtli_attachment mtli_pdf\"><strong>pdf<\/strong><\/a><\/p>\n<p><a href=\"http:\/\/weinoe.old.us.edu.pl\/node\/752\">Nataliia Morze, Rusudan Makhachashvili, Oleksyi Zhyltsov (Ukraine)<br \/>\n<strong>COLLABORATION IN RESEARCH ACTIVITIES: ICT TOOLS ASSESSMENT<\/strong><\/a><br \/>\n<a href=\"http:\/\/weinoe.old.us.edu.pl\/sites\/weinoe.us.edu.pl\/files\/24_collaboration_in_research_activities.pdf\" class=\"mtli_attachment mtli_pdf\"><strong>pdf<\/strong><\/a><\/p>\n<p><a href=\"http:\/\/weinoe.old.us.edu.pl\/node\/753\">Mariusz Marczak, Jaros\u0142aw Krajka (Poland)<br \/>\n<strong>TRANSLATOR EDUCATION IN THE CLOUD: STUDENTS&#8217; PERCEPTIONS OF TELECOLLABORATIVE EXPERIENCES<\/strong><\/a><br \/>\n<a href=\"http:\/\/weinoe.old.us.edu.pl\/sites\/weinoe.us.edu.pl\/files\/25_translator_education_in_the_cloud.pdf\" class=\"mtli_attachment mtli_pdf\"><strong>pdf<\/strong><\/a><\/p>\n<p><a href=\"http:\/\/weinoe.old.us.edu.pl\/node\/754\">Iwona Mokwa-Tarnowska (Poland)<br \/>\n<strong>ENSURING QUALITY IN THE CLASSROOM: EVALUATING TECHNOLOGY ENHANCED LEARNING<\/strong><\/a><br \/>\n<a href=\"http:\/\/weinoe.old.us.edu.pl\/sites\/weinoe.us.edu.pl\/files\/26_ensuring_quality_in_the_classroom.pdf\" class=\"mtli_attachment mtli_pdf\"><strong>pdf<\/strong><\/a><\/p>\n<p><a href=\"http:\/\/weinoe.old.us.edu.pl\/node\/755\">Olena Hrybiuk, Valentyna Yunchik (Ukraine)<br \/>\n<strong>INTEGRATION OF RESEARCH PROBLEMS SOLUTION THEORY WITH THE UTILIZATION OF COMPUTER ORIENTED STUDY ENVIRONMENT<\/strong><\/a><br \/>\n<a href=\"http:\/\/weinoe.old.us.edu.pl\/sites\/weinoe.us.edu.pl\/files\/27_integration_of_research_problems_solution.pdf\" class=\"mtli_attachment mtli_pdf\"><strong>pdf<\/strong><\/a><\/p>\n<p><a href=\"http:\/\/weinoe.old.us.edu.pl\/node\/756\">Ma\u0142gorzata Bartoszewicz, Hanna Guli\u0144ska (Poland)<br \/>\n<strong>POSSIBILITIES AND RESOURCES OF THE EPODRECZNIKI.PL PLATFORM FOR GENERAL EDUCATION USING THE EXAMPLE E-BOOK \u201cWORLD THROUGH THE MAGNIFYING GLASS. CHEMISTRY\u201d<\/strong><\/a><br \/>\n<a href=\"http:\/\/weinoe.old.us.edu.pl\/sites\/weinoe.us.edu.pl\/files\/28_possibilities_and_resources_of_the_epodreczniki.pdf\" class=\"mtli_attachment mtli_pdf\"><strong>pdf<\/strong><\/a><\/p>\n<p><a href=\"http:\/\/weinoe.old.us.edu.pl\/node\/757\">S\u00e9bastien Ducourtioux (Poland)<br \/>\n<strong>CREATING AN E-LEARNING MODULE TO HELP LANGUAGE TEACHING: AN EXAMPLE OF DEVELOPMENT RESEARCH<\/strong><\/a><br \/>\n<a href=\"http:\/\/weinoe.old.us.edu.pl\/sites\/weinoe.us.edu.pl\/files\/29_creating_an_e-learning_module_to_help.pdf\" class=\"mtli_attachment mtli_pdf\"><strong>pdf<\/strong><\/a><\/p>\n<p><a href=\"http:\/\/weinoe.old.us.edu.pl\/node\/758\">Oksana Buinytska (Ukraine)<br \/>\n<strong>E-EDUCATION CONTENT MANAGEMENT<\/strong><\/a><br \/>\n<a href=\"http:\/\/weinoe.old.us.edu.pl\/sites\/weinoe.us.edu.pl\/files\/30_e-education_content_management.pdf\" class=\"mtli_attachment mtli_pdf\"><strong>pdf<\/strong><\/a><\/p>\n<p><a href=\"http:\/\/weinoe.old.us.edu.pl\/node\/759\">Ma\u0142gorzata Bartoszewicz, Grzegorz Krzy\u015bko (Poland)<\/a><br \/>\n<a href=\"http:\/\/weinoe.old.us.edu.pl\/node\/759\"><strong>DISTANCE LEARNING IN EDUCATION \u2013 HOW TO DESIGN A FRONTER CHEMISTRY COURSE<\/strong><\/a><br \/>\n<a href=\"http:\/\/weinoe.old.us.edu.pl\/sites\/weinoe.us.edu.pl\/files\/31_distance_learning_in_education.pdf\" class=\"mtli_attachment mtli_pdf\"><strong>pdf<\/strong><\/a><\/p>\n<p>&nbsp;<\/p>\n<\/div>\n<\/div>\n<\/div>\n<\/div>\n<\/div>\n<div class=\"row\">\n<div id=\"pliki\">\n<h2 class=\"icon-zalacznik\">ZA\u0141\u0104CZNIKI<\/h2>\n<div class=\"field field-name-field-plik field-type-file field-label-hidden\">\n<div class=\"field-items\">\n<div class=\"icon-kryteria field-item even\"><span class=\"file\">\u00a0<a href=\"http:\/\/weinoe.old.us.edu.pl\/sites\/weinoe.us.edu.pl\/files\/01_education_culture_and_technology.pdf\" class=\"mtli_attachment mtli_pdf\">Education, Culture and Technology.pdf<\/a><\/span><\/div>\n<div class=\"icon-kryteria field-item odd\"><span class=\"file\">\u00a0<a href=\"http:\/\/weinoe.old.us.edu.pl\/sites\/weinoe.us.edu.pl\/files\/02_distance_education_in_european_countries.pdf\" class=\"mtli_attachment mtli_pdf\">Distance Education in European Countries.pdf<\/a><\/span><\/div>\n<div class=\"icon-kryteria field-item even\"><span class=\"file\">\u00a0<a href=\"http:\/\/weinoe.old.us.edu.pl\/sites\/weinoe.us.edu.pl\/files\/03_philosophizing_with_children_using.pdf\" class=\"mtli_attachment mtli_pdf\">Philosophizing with Children Using.pdf<\/a><\/span><\/div>\n<div class=\"icon-kryteria field-item odd\"><span class=\"file\">\u00a0<a href=\"http:\/\/weinoe.old.us.edu.pl\/sites\/weinoe.us.edu.pl\/files\/04_e-learning_and_open_education_quality.pdf\" class=\"mtli_attachment mtli_pdf\">E-Learning and Open Education Quality.pdf<\/a><\/span><\/div>\n<div class=\"icon-kryteria field-item even\"><span class=\"file\">\u00a0<a href=\"http:\/\/weinoe.old.us.edu.pl\/sites\/weinoe.us.edu.pl\/files\/05_dstu_and_ksma_knowledge_transfer_systems.pdf\" class=\"mtli_attachment mtli_pdf\">DSTU and KSMA Knowledge Transfer Systems.pdf<\/a><\/span><\/div>\n<div class=\"icon-kryteria field-item odd\"><span class=\"file\">\u00a0<a href=\"http:\/\/weinoe.old.us.edu.pl\/sites\/weinoe.us.edu.pl\/files\/06_social_media_for_shaping_professional_experience.pdf\" class=\"mtli_attachment mtli_pdf\">Social Media for Shaping Professional Experience.pdf<\/a><\/span><\/div>\n<div class=\"icon-kryteria field-item even\"><span class=\"file\">\u00a0<a href=\"http:\/\/weinoe.old.us.edu.pl\/sites\/weinoe.us.edu.pl\/files\/07_distance_education_research_fields_and_methods.pdf\" class=\"mtli_attachment mtli_pdf\">Distance Education Research Fields and Methods.pdf<\/a><\/span><\/div>\n<div class=\"icon-kryteria field-item odd\"><span class=\"file\">\u00a0<a href=\"http:\/\/weinoe.old.us.edu.pl\/sites\/weinoe.us.edu.pl\/files\/08_management_of_students_individual_work.pdf\" class=\"mtli_attachment mtli_pdf\">Management of Students\u2019 Individual Work.pdf<\/a><\/span><\/div>\n<div class=\"icon-kryteria field-item even\"><span class=\"file\">\u00a0<a href=\"http:\/\/weinoe.old.us.edu.pl\/sites\/weinoe.us.edu.pl\/files\/09_e-portfolio_open_educational_resources.pdf\" class=\"mtli_attachment mtli_pdf\">E-Portfolio Open Educational Resources.pdf<\/a><\/span><\/div>\n<div class=\"icon-kryteria field-item odd\"><span class=\"file\">\u00a0<a href=\"http:\/\/weinoe.old.us.edu.pl\/sites\/weinoe.us.edu.pl\/files\/10_the_study_and_the_use_of_the_combination_of_ict.pdf\" class=\"mtli_attachment mtli_pdf\">The Study and the Use of the Combination of ICT.pdf<\/a><\/span><\/div>\n<div class=\"icon-kryteria field-item even\"><span class=\"file\">\u00a0<a href=\"http:\/\/weinoe.old.us.edu.pl\/sites\/weinoe.us.edu.pl\/files\/11_e-learning_in_medical_education_-_implementation.pdf\" class=\"mtli_attachment mtli_pdf\">E-Learning in Medical Education \u2013 Implementation.pdf<\/a><\/span><\/div>\n<div class=\"icon-kryteria field-item odd\"><span class=\"file\">\u00a0<a href=\"http:\/\/weinoe.old.us.edu.pl\/sites\/weinoe.us.edu.pl\/files\/12_peer-assessment_in_higher_education.pdf\" class=\"mtli_attachment mtli_pdf\">Peer-assessment in Higher Education.pdf<\/a><\/span><\/div>\n<div class=\"icon-kryteria field-item even\"><span class=\"file\">\u00a0<a href=\"http:\/\/weinoe.old.us.edu.pl\/sites\/weinoe.us.edu.pl\/files\/13_teacher-student_collaboration_challenges.pdf\" class=\"mtli_attachment mtli_pdf\">Teacher-Student Collaboration Challenges.pdf<\/a><\/span><\/div>\n<div class=\"icon-kryteria field-item odd\"><span class=\"file\">\u00a0<a href=\"http:\/\/weinoe.old.us.edu.pl\/sites\/weinoe.us.edu.pl\/files\/14_academic_e-learning_dilemmas.pdf\" class=\"mtli_attachment mtli_pdf\">Academic E-Learning Dilemmas.pdf<\/a><\/span><\/div>\n<div class=\"icon-kryteria field-item even\"><span class=\"file\">\u00a0<a href=\"http:\/\/weinoe.old.us.edu.pl\/sites\/weinoe.us.edu.pl\/files\/15_ict-competence_of_university_teachers.pdf\" class=\"mtli_attachment mtli_pdf\">ICT-Competence of University Teachers.pdf<\/a><\/span><\/div>\n<div class=\"icon-kryteria field-item odd\"><span class=\"file\">\u00a0<a href=\"http:\/\/weinoe.old.us.edu.pl\/sites\/weinoe.us.edu.pl\/files\/16_e-assessment_in_medical_education.pdf\" class=\"mtli_attachment mtli_pdf\">E-Assessment in Medical Education.pdf<\/a><\/span><\/div>\n<div class=\"icon-kryteria field-item even\"><span class=\"file\">\u00a0<a href=\"http:\/\/weinoe.old.us.edu.pl\/sites\/weinoe.us.edu.pl\/files\/17_foreign_language_competence_supported.pdf\" class=\"mtli_attachment mtli_pdf\">Foreign Language Competence Supported.pdf<\/a><\/span><\/div>\n<div class=\"icon-kryteria field-item odd\"><span class=\"file\">\u00a0<a href=\"http:\/\/weinoe.old.us.edu.pl\/sites\/weinoe.us.edu.pl\/files\/18_evaluation_of_the_implementation_of_ict.pdf\" class=\"mtli_attachment mtli_pdf\">Evaluation of the Implementation of ICT.pdf<\/a><\/span><\/div>\n<div class=\"icon-kryteria field-item even\"><span class=\"file\">\u00a0<a href=\"http:\/\/weinoe.old.us.edu.pl\/sites\/weinoe.us.edu.pl\/files\/19_development_of_informatics_competences.pdf\" class=\"mtli_attachment mtli_pdf\">Development of Informatics Competences.pdf<\/a><\/span><\/div>\n<div class=\"icon-kryteria field-item odd\"><span class=\"file\">\u00a0<a href=\"http:\/\/weinoe.old.us.edu.pl\/sites\/weinoe.us.edu.pl\/files\/20_the_level_of_individualization_as_one.pdf\" class=\"mtli_attachment mtli_pdf\">The Level of Individualization as One.pdf<\/a><\/span><\/div>\n<div class=\"icon-kryteria field-item even\"><span class=\"file\">\u00a0<a href=\"http:\/\/weinoe.old.us.edu.pl\/sites\/weinoe.us.edu.pl\/files\/21_the_use_of_moocs_for_training.pdf\" class=\"mtli_attachment mtli_pdf\">The Use of MOOCs for Training.pdf<\/a><\/span><\/div>\n<div class=\"icon-kryteria field-item odd\"><span class=\"file\">\u00a0<a href=\"http:\/\/weinoe.old.us.edu.pl\/sites\/weinoe.us.edu.pl\/files\/22_robots_in_elementary_school_some_educational.pdf\" class=\"mtli_attachment mtli_pdf\">Robots in Elementary School Some Educational.pdf<\/a><\/span><\/div>\n<div class=\"icon-kryteria field-item even\"><span class=\"file\">\u00a0<a href=\"http:\/\/weinoe.old.us.edu.pl\/sites\/weinoe.us.edu.pl\/files\/23_individualized_teaching_process_for_pupils.pdf\" class=\"mtli_attachment mtli_pdf\">Individualized Teaching Process for Pupils.pdf<\/a><\/span><\/div>\n<div class=\"icon-kryteria field-item odd\"><span class=\"file\">\u00a0<a href=\"http:\/\/weinoe.old.us.edu.pl\/sites\/weinoe.us.edu.pl\/files\/24_collaboration_in_research_activities.pdf\" class=\"mtli_attachment mtli_pdf\">Collaboration in Research Activities.pdf<\/a><\/span><\/div>\n<div class=\"icon-kryteria field-item even\"><span class=\"file\">\u00a0<a href=\"http:\/\/weinoe.old.us.edu.pl\/sites\/weinoe.us.edu.pl\/files\/25_translator_education_in_the_cloud.pdf\" class=\"mtli_attachment mtli_pdf\">Translator Education in The Cloud.pdf<\/a><\/span><\/div>\n<div class=\"icon-kryteria field-item odd\"><span class=\"file\">\u00a0<a href=\"http:\/\/weinoe.old.us.edu.pl\/sites\/weinoe.us.edu.pl\/files\/26_ensuring_quality_in_the_classroom.pdf\" class=\"mtli_attachment mtli_pdf\">Ensuring Quality in the Classroom.pdf<\/a><\/span><\/div>\n<div class=\"icon-kryteria field-item even\"><span class=\"file\">\u00a0<a href=\"http:\/\/weinoe.old.us.edu.pl\/sites\/weinoe.us.edu.pl\/files\/27_integration_of_research_problems_solution.pdf\" class=\"mtli_attachment mtli_pdf\">Integration of Research Problems Solution.pdf<\/a><\/span><\/div>\n<div class=\"icon-kryteria field-item odd\"><span class=\"file\">\u00a0<a href=\"http:\/\/weinoe.old.us.edu.pl\/sites\/weinoe.us.edu.pl\/files\/28_possibilities_and_resources_of_the_epodreczniki.pdf\" class=\"mtli_attachment mtli_pdf\">Possibilities and Resources of the Epodreczniki.pdf<\/a><\/span><\/div>\n<div class=\"icon-kryteria field-item even\"><span class=\"file\">\u00a0<a href=\"http:\/\/weinoe.old.us.edu.pl\/sites\/weinoe.us.edu.pl\/files\/29_creating_an_e-learning_module_to_help.pdf\" class=\"mtli_attachment mtli_pdf\">Creating an e-learning module to help.pdf<\/a><\/span><\/div>\n<div class=\"icon-kryteria field-item odd\"><span class=\"file\">\u00a0<a href=\"http:\/\/weinoe.old.us.edu.pl\/sites\/weinoe.us.edu.pl\/files\/30_e-education_content_management.pdf\" class=\"mtli_attachment mtli_pdf\">E-Education Content Management.pdf<\/a><\/span><\/div>\n<div class=\"icon-kryteria field-item even\"><span class=\"file\">\u00a0<a href=\"http:\/\/weinoe.old.us.edu.pl\/sites\/weinoe.us.edu.pl\/files\/31_distance_learning_in_education.pdf\" class=\"mtli_attachment mtli_pdf\">Distance Learning in Education.pdf<\/a><\/span><\/div>\n<\/div>\n<\/div>\n<\/div>\n<\/div>\n<p><\/p>","protected":false},"excerpt":{"rendered":"<p>Piet Kommers (The Netherlands) EDUCATION, CULTURE AND TECHNOLOGY: TRIANGLE FOR DEVELOPING HIGHER EDUCATION pdf Lucie Zormanov\u00e1 (Czech Republic) DISTANCE EDUCATION IN EUROPEAN COUNTRIES pdf Franz Feiner (Austria) PHILOSOPHIZING WITH CHILDREN USING OPEN EDUCATIONAL RESOURCES (OER) pdf Eugenia Smyrnova-Trybulska (Poland) E-LEARNING AND OPEN EDUCATION QUALITY \u2013 SOME EUROPEAN AND NATIONAL STANDARDS AND REGULATION pdf Kseniia Yashyna, [&#8230;]<\/p>\n<p><a class=\"btn btn-secondary understrap-read-more-link\" href=\"https:\/\/us.edu.pl\/wydzial\/wsne\/nauka-i-badania\/serie-wydawnicze\/seria-e-learning\/articles-8-e-learning-methodology-implementation-and-evaluation\/\">Read More&#8230;<\/a><\/p>\n","protected":false},"author":110,"featured_media":0,"parent":1227,"menu_order":0,"comment_status":"closed","ping_status":"closed","template":"page-templates\/inner-page.php","meta":{"_expiration-date-status":"saved","_expiration-date":0,"_expiration-date-type":"","_expiration-date-categories":[],"_expiration-date-options":[]},"acf":[],"_links":{"self":[{"href":"https:\/\/us.edu.pl\/wydzial\/wsne\/wp-json\/wp\/v2\/pages\/4256"}],"collection":[{"href":"https:\/\/us.edu.pl\/wydzial\/wsne\/wp-json\/wp\/v2\/pages"}],"about":[{"href":"https:\/\/us.edu.pl\/wydzial\/wsne\/wp-json\/wp\/v2\/types\/page"}],"author":[{"embeddable":true,"href":"https:\/\/us.edu.pl\/wydzial\/wsne\/wp-json\/wp\/v2\/users\/110"}],"replies":[{"embeddable":true,"href":"https:\/\/us.edu.pl\/wydzial\/wsne\/wp-json\/wp\/v2\/comments?post=4256"}],"version-history":[{"count":2,"href":"https:\/\/us.edu.pl\/wydzial\/wsne\/wp-json\/wp\/v2\/pages\/4256\/revisions"}],"predecessor-version":[{"id":4267,"href":"https:\/\/us.edu.pl\/wydzial\/wsne\/wp-json\/wp\/v2\/pages\/4256\/revisions\/4267"}],"up":[{"embeddable":true,"href":"https:\/\/us.edu.pl\/wydzial\/wsne\/wp-json\/wp\/v2\/pages\/1227"}],"wp:attachment":[{"href":"https:\/\/us.edu.pl\/wydzial\/wsne\/wp-json\/wp\/v2\/media?parent=4256"}],"curies":[{"name":"wp","href":"https:\/\/api.w.org\/{rel}","templated":true}]}}