{"id":4268,"date":"2020-11-12T14:32:20","date_gmt":"2020-11-12T13:32:20","guid":{"rendered":"https:\/\/us.edu.pl\/wydzial\/wsne\/?page_id=4268"},"modified":"2020-11-12T14:32:45","modified_gmt":"2020-11-12T13:32:45","slug":"articles-7-it-tools-good-practice-of-effective-use-in-education","status":"publish","type":"page","link":"https:\/\/us.edu.pl\/wydzial\/wsne\/nauka-i-badania\/serie-wydawnicze\/seria-e-learning\/articles-7-it-tools-good-practice-of-effective-use-in-education\/","title":{"rendered":"Articles-7. IT Tools \u2013 Good Practice of Effective Use in Education"},"content":{"rendered":"<p><\/p>\n<div class=\"row\">\n<div>\n<div class=\"field field-name-body field-type-text-with-summary field-label-hidden\">\n<div class=\"field-items\">\n<div class=\"field-item even\">\n<p><a href=\"http:\/\/weinoe.old.us.edu.pl\/node\/650\">Kazimierz Wenta (Poland)<\/a><br \/>\n<a href=\"http:\/\/weinoe.old.us.edu.pl\/node\/650\"><strong>INNOVATION AND CREATIVITY IN E-LEARNING<\/strong><\/a><br \/>\n<a href=\"http:\/\/weinoe.old.us.edu.pl\/sites\/weinoe.us.edu.pl\/files\/media\/kazimierz_wenta-innovation.pdf\" class=\"mtli_attachment mtli_pdf\">pdf<\/a><\/p>\n<p><a href=\"http:\/\/weinoe.old.us.edu.pl\/node\/673\">Tatiana Noskova, Tatiana Pavlova, Olga Yakovleva (Russian Federation), Natalia Morze (Ukraine), Eugenia Smyrnova-Trybulska (Poland), Peter \u0160vec, J\u00falia Tomanov\u00e1, Martin Drl\u00edk, Martin C\u00e1pay (Slovakia)<\/a><br \/>\n<strong><a href=\"http:\/\/weinoe.old.us.edu.pl\/node\/673\">IT TOOLS IN A UNIVERSITY \u2013 E-LEARNING ENVIRONMENT: STUDENTS\u2019 OPINION SURVEY<\/a><\/strong><br \/>\n<a href=\"http:\/\/weinoe.old.us.edu.pl\/sites\/weinoe.us.edu.pl\/files\/media\/02_it_tools_in_a_university_0.pdf\" class=\"mtli_attachment mtli_pdf\">pdf<\/a><\/p>\n<p><a href=\"http:\/\/weinoe.old.us.edu.pl\/node\/674\">Nataliia Morze, Oksana Buinytska, Bohdan Hrytseliak (Ukraine)<\/a><br \/>\n<strong><a href=\"http:\/\/weinoe.old.us.edu.pl\/node\/674\">IMPLEMENTATION OF CORPORATE STANDARDS OF ICT COMPETENCE \u2013 GUARANTEE QUALITATIVE OPEN ELECTRONIC ENVIRONMENT OF THE UNIVERSITY<\/a><\/strong><br \/>\n<a href=\"http:\/\/weinoe.old.us.edu.pl\/sites\/weinoe.us.edu.pl\/files\/media\/03_implementation_of_corporate_standards.pdf\" class=\"mtli_attachment mtli_pdf\">pdf<\/a><\/p>\n<p><a href=\"http:\/\/weinoe.old.us.edu.pl\/node\/680\">Barbara Ko\u0142odziejczak, Magdalena Roszak, Anna Ren-Kurc, Wojciech Kowalewski, Wies\u0142aw P\u00f3\u0142janowicz (Poland)<\/a><br \/>\n<a href=\"http:\/\/weinoe.old.us.edu.pl\/node\/680\">COMMUNICATION TOOLS ON E-LEARNING PORTALS<\/a><br \/>\n<a href=\"http:\/\/weinoe.old.us.edu.pl\/sites\/weinoe.us.edu.pl\/files\/media\/04_communication_tools_on_e-learning_portals.pdf\" class=\"mtli_attachment mtli_pdf\">pdf<\/a><\/p>\n<p><a href=\"http:\/\/weinoe.old.us.edu.pl\/node\/681\">Iwona Mokwa-Tarnowska (Poland)<br \/>\nHOW TO ENGAGE STUDENTS IN ONLINE LEARNING \u2013 WEBENHANCED AND BLENDED ESP CLASSES<\/a><br \/>\n<a href=\"http:\/\/weinoe.old.us.edu.pl\/sites\/weinoe.us.edu.pl\/files\/media\/05_how_to_engage_students_in_online_learning.pdf\" class=\"mtli_attachment mtli_pdf\">pdf<\/a><\/p>\n<p><a href=\"http:\/\/weinoe.old.us.edu.pl\/node\/682\">Przemys\u0142aw \u017bebrok, Eugenia Smyrnova-Trybulska (Poland)<br \/>\nELECTRONIC REGISTERS IN THE SCHOOL AND DETERMINANTS OF THEIR EFFECTIVE IMPLEMENTATION<\/a><br \/>\n<a href=\"http:\/\/weinoe.old.us.edu.pl\/sites\/weinoe.us.edu.pl\/files\/media\/06_electronic_registers_in_the_school.pdf\" class=\"mtli_attachment mtli_pdf\">pdf<\/a><\/p>\n<p><a href=\"http:\/\/weinoe.old.us.edu.pl\/node\/683\">Curao\u011flu, O.,Yavuzalp, N., G\u00fcrer, M. D., Durmu\u015f, S., Akayo\u011flu, S., Bahar, M., Kili\u00e7, F., &amp;Tekinarslan, E. (Turkey)<br \/>\nICT EDUCATION IN TURKEY: NATIONAL ICT CURRICULUM TO IMPROVE TEACHING AND LEARNING<\/a><br \/>\n<a href=\"http:\/\/weinoe.old.us.edu.pl\/sites\/weinoe.us.edu.pl\/files\/media\/07_ict_education_in_turkey.pdf\" class=\"mtli_attachment mtli_pdf\">pdf<\/a><\/p>\n<p><a href=\"http:\/\/weinoe.old.us.edu.pl\/node\/684\">Milena Janakova (Czech Republic)<br \/>\nINFORMATION TECHNOLOGY AND EDUCATION: DOES EDUCATION NEED EXAMPLES OF PRACTICE WITH POSITIVE AND NEGATIVE EFFECTS?<\/a><br \/>\n<a href=\"http:\/\/weinoe.old.us.edu.pl\/sites\/weinoe.us.edu.pl\/files\/media\/08_information_technology_and_education.pdf\" class=\"mtli_attachment mtli_pdf\">pdf<\/a><\/p>\n<p><a href=\"http:\/\/weinoe.old.us.edu.pl\/node\/685\">Ewa Ogrodzka-Mazur, Anna Szafra\u0144ska-Gajdzica (Poland)<br \/>\nEDUCATIONAL POLITICS AND INTERCULTURAL EDUCATION \u2013 THE POLISH PERSPECTIVE<\/a><br \/>\n<a href=\"http:\/\/weinoe.old.us.edu.pl\/sites\/weinoe.us.edu.pl\/files\/media\/09_educational_politics_and_intercultural_education.pdf\" class=\"mtli_attachment mtli_pdf\">pdf<\/a><\/p>\n<p><a href=\"http:\/\/weinoe.old.us.edu.pl\/node\/686\">Jerzy Kuck, Danuta Ka\u017amierczak (Poland)<br \/>\nBUSINESS PROCESS MANAGEMENT AS A SUPPORT FOR ELEARNING DEVELOPMENT IN POLAND<\/a><br \/>\n<a href=\"http:\/\/weinoe.old.us.edu.pl\/sites\/weinoe.us.edu.pl\/files\/media\/10_business_process_management_as_a_support.pdf\" class=\"mtli_attachment mtli_pdf\">pdf<\/a><\/p>\n<p><a href=\"http:\/\/weinoe.old.us.edu.pl\/node\/687\">Josef Malach, Kate\u0159ina Kostol\u00e1nyov\u00e1, Milan Chmura (Czech Republic)<br \/>\nACADEMIC SCHOLARS\u2018 VIEW ON THE CONTRIBUTION OF ICT TO THE ENHANCEMENT OF DISTANCE LEARNING ELEMENTS OF UNIVERSITY STUDIES<\/a><br \/>\n<a href=\"http:\/\/weinoe.old.us.edu.pl\/sites\/weinoe.us.edu.pl\/files\/media\/11_academic_scholars_view_on_the_contribution.pdf\" class=\"mtli_attachment mtli_pdf\">pdf<\/a><\/p>\n<p><a href=\"http:\/\/weinoe.old.us.edu.pl\/node\/688\">Irena Pulak (Poland)<br \/>\nPREPARING STUDENTS FOR THE USE OF E-LEARNING IN HIGHER EDUCATION<\/a><br \/>\n<a href=\"http:\/\/weinoe.old.us.edu.pl\/sites\/weinoe.us.edu.pl\/files\/media\/12_preparing_students_for_the_use.pdf\" class=\"mtli_attachment mtli_pdf\">pdf<\/a><\/p>\n<p><a href=\"http:\/\/weinoe.old.us.edu.pl\/node\/689\">Aldona Molesztak, Anna Pawiak (Poland)<br \/>\nINFORMATION SOCIETY AND THE NECESSARY DIGITAL SKILLS<\/a><br \/>\n<a href=\"http:\/\/weinoe.old.us.edu.pl\/sites\/weinoe.us.edu.pl\/files\/media\/13_information_society_and_the_necessary_digital.pdf\" class=\"mtli_attachment mtli_pdf\">pdf<\/a><\/p>\n<p><a href=\"http:\/\/weinoe.old.us.edu.pl\/node\/697\">G\u00fcrer, M. D., Yavuzalp, N., Curao\u011flu, O., Durmu\u015f, S., Akayo\u011flu, S., Bahar, M., Kili\u00e7, F., Tekinarslan, E., and Demirel, M. (Turkey)<br \/>\nONE YEAR EXPERIENCE OF DISTANCE EDUCATION AT ABANT IZZET BAYSAL UNIVERSITY<\/a><br \/>\n<a href=\"http:\/\/weinoe.old.us.edu.pl\/sites\/weinoe.us.edu.pl\/files\/media\/14_one_year_experience_of_distance.pdf\" class=\"mtli_attachment mtli_pdf\">pdf<\/a><\/p>\n<p><a href=\"http:\/\/weinoe.old.us.edu.pl\/node\/698\">Nataliia Morze, Olha Barna, Olena Kuzminska, Viktoriia Vember (Ukraine)<br \/>\nFORMATION OF ICT COMPETENCES THROUGH THE SYSTEM OF COMPETENCY TASKS: FROM IDEA TO PRACTICAL IMPLEMENTATION<\/a><br \/>\n<a href=\"http:\/\/weinoe.old.us.edu.pl\/sites\/weinoe.us.edu.pl\/files\/media\/15_formation_of_ict_competences_through.pdf\" class=\"mtli_attachment mtli_pdf\">pdf<\/a><\/p>\n<p><a href=\"http:\/\/weinoe.old.us.edu.pl\/node\/699\">Magdalena Roszak, Barbara Ko\u0142odziejczak, Andrzej Br\u0119borowicz, Wies\u0142aw P\u00f3\u0142janowicz (Poland)<br \/>\nMEDICAL DISTANCE EDUCATION &#8211; GOOD PRACTICES<\/a><br \/>\n<a href=\"http:\/\/weinoe.old.us.edu.pl\/sites\/weinoe.us.edu.pl\/files\/media\/16_medical_distance_education.pdf\" class=\"mtli_attachment mtli_pdf\">pdf<\/a><\/p>\n<p><a href=\"http:\/\/weinoe.old.us.edu.pl\/node\/700\">Halina Wid\u0142a, Aleksandra Serwotka (Poland)<br \/>\nTEACHING FRENCH AS A THIRD LANGUAGE: THEORETICAL ASPECTS AND A WEB-BASED COURSE REDUCING THE NEGATIVE TRANSFER OF SELECTED VERBAL CONSTRUCTIONS FROM ENGLISH TO FRENCH<\/a><br \/>\n<a href=\"http:\/\/weinoe.old.us.edu.pl\/sites\/weinoe.us.edu.pl\/files\/media\/17_teaching_french_as_a_third_language.pdf\" class=\"mtli_attachment mtli_pdf\">pdf<\/a><\/p>\n<p><a href=\"http:\/\/weinoe.old.us.edu.pl\/node\/701\">Sorokina Lyudmyla, Karimov \u0406van, Karimov Gennadiy, Zayarna Iryna (Ukraine)<br \/>\nBASIC ASPECTS OF FORMING ICT-COMPETENCES OF SOCIOLOGISTS<\/a><br \/>\n<a href=\"http:\/\/weinoe.old.us.edu.pl\/sites\/weinoe.us.edu.pl\/files\/media\/18_basic_aspects_of_forming_ict-competences.pdf\" class=\"mtli_attachment mtli_pdf\">pdf<\/a><\/p>\n<p><a href=\"http:\/\/weinoe.old.us.edu.pl\/node\/702\">Anna \u015al\u00f3sarz (Poland)<br \/>\nMODELS OF SELF-PRESENTATION AS SUPPLIED BY UNIVERSITY STUDENTS IN REMOTE LECTURES<\/a><br \/>\n<a href=\"http:\/\/weinoe.old.us.edu.pl\/sites\/weinoe.us.edu.pl\/files\/media\/19_models_of_self-presentation.pdf\" class=\"mtli_attachment mtli_pdf\">pdf<\/a><\/p>\n<p><a href=\"http:\/\/weinoe.old.us.edu.pl\/node\/703\">Roman \u0160perka (Czech Republic)<br \/>\nBUSINESS PROCESS MANAGEMENT SOFTWARE APPLICATION FOR ENHANCING COMPANIES\u2019 KEY PERFORMANCE INDICATORS: EDUCATION APPROACH<\/a><br \/>\n<a href=\"http:\/\/weinoe.old.us.edu.pl\/sites\/weinoe.us.edu.pl\/files\/media\/20_business_process_management_software.pdf\" class=\"mtli_attachment mtli_pdf\">pdf<\/a><\/p>\n<p><a href=\"http:\/\/weinoe.old.us.edu.pl\/node\/704\">Agnieszka Gadomska, Jaros\u0142aw Krajka (Poland)<br \/>\nPEDAGOGICAL SOLUTIONS IN E-TEACHER TRAINING \u2013 TOWARDS EFFECTIVE TECHNOLOGY ADOPTION BY TEACHERS<\/a><br \/>\n<a href=\"http:\/\/weinoe.old.us.edu.pl\/sites\/weinoe.us.edu.pl\/files\/media\/21_pedagogical_solutions_in_e-teacher.pdf\" class=\"mtli_attachment mtli_pdf\">pdf<\/a><\/p>\n<p><a href=\"http:\/\/weinoe.old.us.edu.pl\/node\/705\">Pavel Kapoun (Czech Republic)<br \/>\nTAILORED COURSES FOR PROFESSIONAL LIFE<\/a><br \/>\n<a href=\"http:\/\/weinoe.old.us.edu.pl\/sites\/weinoe.us.edu.pl\/files\/media\/22_tailored_courses_for_professional_life.pdf\" class=\"mtli_attachment mtli_pdf\">pdf<\/a><\/p>\n<p><a href=\"http:\/\/weinoe.old.us.edu.pl\/node\/706\">Nadiya Balyk, Galina Shmyger (Ukraine)<br \/>\nPROFESSIONAL TRAINING TEACHERS UNIVERSITY IN ELEARNING<\/a><br \/>\n<a href=\"http:\/\/weinoe.old.us.edu.pl\/sites\/weinoe.us.edu.pl\/files\/media\/23_professional_training_teachers.pdf\" class=\"mtli_attachment mtli_pdf\">pdf<\/a><\/p>\n<p><a href=\"http:\/\/weinoe.old.us.edu.pl\/node\/707\">Piotr Jagodzi\u0144ski, Robert Wolski (Poland)<br \/>\nREMOTE LEARNING SYSTEM IN PREPARING STUDENTS TO BECOME TEACHERS<\/a><br \/>\n<a href=\"http:\/\/weinoe.old.us.edu.pl\/sites\/weinoe.us.edu.pl\/files\/media\/24_remote_learning_system_in_preparing.pdf\" class=\"mtli_attachment mtli_pdf\">pdf<\/a><\/p>\n<p><a href=\"http:\/\/weinoe.old.us.edu.pl\/node\/708\">Iryna Vorotnykova (Ukraine)<br \/>\nTEACHERS\u2019 PROFESSIONAL DEVELOPMENT NETWORKS<\/a><br \/>\n<a href=\"http:\/\/weinoe.old.us.edu.pl\/sites\/weinoe.us.edu.pl\/files\/media\/25_teachers_professional_development.pdf\" class=\"mtli_attachment mtli_pdf\">pdf<\/a><\/p>\n<p><a href=\"http:\/\/weinoe.old.us.edu.pl\/node\/709\">Ma\u0142gorzata Bartoszewicz (Poland)<br \/>\nE-LEARNING IN HIGHER EDUCATION IN PRACTICE<\/a><br \/>\n<a href=\"http:\/\/weinoe.old.us.edu.pl\/sites\/weinoe.us.edu.pl\/files\/media\/26_e-learning_in_higher_education.pdf\" class=\"mtli_attachment mtli_pdf\">pdf<\/a><\/p>\n<p><a href=\"http:\/\/weinoe.old.us.edu.pl\/node\/710\">Tatiana Prextov\u00e1 (Czech Republic)<br \/>\nADAPTIVITY OF TESTING IN EDUCATION PROCESS<\/a><br \/>\n<a href=\"http:\/\/weinoe.old.us.edu.pl\/sites\/weinoe.us.edu.pl\/files\/media\/27_adaptivity_of_testing_in_education.pdf\" class=\"mtli_attachment mtli_pdf\">pdf<\/a><\/p>\n<p><a href=\"http:\/\/weinoe.old.us.edu.pl\/node\/711\">Wojciech Malec (Poland)<br \/>\nFOSTERING AUTONOMOUS LEARNING WITH THE AID OF ONLINE TECHNOLOGY<\/a><br \/>\n<a href=\"http:\/\/weinoe.old.us.edu.pl\/sites\/weinoe.us.edu.pl\/files\/media\/28_fostering_autonomous_learning.pdf\" class=\"mtli_attachment mtli_pdf\">pdf<\/a><\/p>\n<p><a href=\"http:\/\/weinoe.old.us.edu.pl\/node\/712\">Miroslav Hrub\u00fd (Czech Republic)<br \/>\nTHE IMPORTANCE OF STUDENTS\u2019 ALGORITHMIC THINKING SKILL IMPROVEMENT<\/a><br \/>\n<a href=\"http:\/\/weinoe.old.us.edu.pl\/sites\/weinoe.us.edu.pl\/files\/media\/29_the_importance_of_students_algorithmic.pdf\" class=\"mtli_attachment mtli_pdf\">pdf<\/a><\/p>\n<p><a href=\"http:\/\/weinoe.old.us.edu.pl\/node\/713\">Adam Adamski (Poland)<br \/>\nCONSCIOUSNESS AS A SET OF INFORMATION AND QUANTUM PROCESSES IN THE BRAIN<\/a><br \/>\n<a href=\"http:\/\/weinoe.old.us.edu.pl\/sites\/weinoe.us.edu.pl\/files\/media\/30_consciousness_as_a_set_of_information.pdf\" class=\"mtli_attachment mtli_pdf\">pdf<\/a><\/p>\n<\/div>\n<\/div>\n<\/div>\n<\/div>\n<\/div>\n<div class=\"row\"><\/div>\n<div class=\"row\">\n<div id=\"pliki\">\n<h2 class=\"icon-zalacznik\">ZA\u0141\u0104CZNIKI<\/h2>\n<div class=\"field field-name-field-plik field-type-file field-label-hidden\">\n<div class=\"field-items\">\n<div class=\"icon-kryteria field-item even\"><span class=\"file\">\u00a0<a href=\"http:\/\/weinoe.old.us.edu.pl\/sites\/weinoe.us.edu.pl\/files\/media\/kazimierz_wenta-innovation.pdf\" class=\"mtli_attachment mtli_pdf\">Innovation and Creativity in E-learning.pdf<\/a><\/span><\/div>\n<div class=\"icon-kryteria field-item odd\"><span class=\"file\">\u00a0<a href=\"http:\/\/weinoe.old.us.edu.pl\/sites\/weinoe.us.edu.pl\/files\/media\/02_it_tools_in_a_university_0.pdf\" class=\"mtli_attachment mtli_pdf\">It Tools in a University \u2013 E-learning Environment.pdf<\/a><\/span><\/div>\n<div class=\"icon-kryteria field-item even\"><span class=\"file\">\u00a0<a href=\"http:\/\/weinoe.old.us.edu.pl\/sites\/weinoe.us.edu.pl\/files\/media\/03_implementation_of_corporate_standards.pdf\" class=\"mtli_attachment mtli_pdf\">Implementation of Corporate Standards.pdf<\/a><\/span><\/div>\n<div class=\"icon-kryteria field-item odd\"><span class=\"file\">\u00a0<a href=\"http:\/\/weinoe.old.us.edu.pl\/sites\/weinoe.us.edu.pl\/files\/media\/04_communication_tools_on_e-learning_portals.pdf\" class=\"mtli_attachment mtli_pdf\">Communication Tools on E-learning Portals.pdf<\/a><\/span><\/div>\n<div class=\"icon-kryteria field-item even\"><span class=\"file\">\u00a0<a href=\"http:\/\/weinoe.old.us.edu.pl\/sites\/weinoe.us.edu.pl\/files\/media\/05_how_to_engage_students_in_online_learning.pdf\" class=\"mtli_attachment mtli_pdf\">How to Engage Students in Online Learning.pdf<\/a><\/span><\/div>\n<div class=\"icon-kryteria field-item odd\"><span class=\"file\">\u00a0<a href=\"http:\/\/weinoe.old.us.edu.pl\/sites\/weinoe.us.edu.pl\/files\/media\/06_electronic_registers_in_the_school.pdf\" class=\"mtli_attachment mtli_pdf\">Electronic Registers in the School.pdf<\/a><\/span><\/div>\n<div class=\"icon-kryteria field-item even\"><span class=\"file\">\u00a0<a href=\"http:\/\/weinoe.old.us.edu.pl\/sites\/weinoe.us.edu.pl\/files\/media\/07_ict_education_in_turkey.pdf\" class=\"mtli_attachment mtli_pdf\">ICT Education in Turkey.pdf<\/a><\/span><\/div>\n<div class=\"icon-kryteria field-item odd\"><span class=\"file\">\u00a0<a href=\"http:\/\/weinoe.old.us.edu.pl\/sites\/weinoe.us.edu.pl\/files\/media\/08_information_technology_and_education.pdf\" class=\"mtli_attachment mtli_pdf\">Information Technology and Education.pdf<\/a><\/span><\/div>\n<div class=\"icon-kryteria field-item even\"><span class=\"file\">\u00a0<a href=\"http:\/\/weinoe.old.us.edu.pl\/sites\/weinoe.us.edu.pl\/files\/media\/09_educational_politics_and_intercultural_education.pdf\" class=\"mtli_attachment mtli_pdf\">Educational Politics and Intercultural Education.pdf<\/a><\/span><\/div>\n<div class=\"icon-kryteria field-item odd\"><span class=\"file\">\u00a0<a href=\"http:\/\/weinoe.old.us.edu.pl\/sites\/weinoe.us.edu.pl\/files\/media\/10_business_process_management_as_a_support.pdf\" class=\"mtli_attachment mtli_pdf\">Business Process Management as a Support.pdf<\/a><\/span><\/div>\n<div class=\"icon-kryteria field-item even\"><span class=\"file\">\u00a0<a href=\"http:\/\/weinoe.old.us.edu.pl\/sites\/weinoe.us.edu.pl\/files\/media\/11_academic_scholars_view_on_the_contribution.pdf\" class=\"mtli_attachment mtli_pdf\">Academic Scholars\u2018 View on the Contribution.pdf<\/a><\/span><\/div>\n<div class=\"icon-kryteria field-item odd\"><span class=\"file\">\u00a0<a href=\"http:\/\/weinoe.old.us.edu.pl\/sites\/weinoe.us.edu.pl\/files\/media\/12_preparing_students_for_the_use.pdf\" class=\"mtli_attachment mtli_pdf\">Preparing Students for the Use.pdf<\/a><\/span><\/div>\n<div class=\"icon-kryteria field-item even\"><span class=\"file\">\u00a0<a href=\"http:\/\/weinoe.old.us.edu.pl\/sites\/weinoe.us.edu.pl\/files\/media\/13_information_society_and_the_necessary_digital.pdf\" class=\"mtli_attachment mtli_pdf\">Information Society and the Necessary Digital.pdf<\/a><\/span><\/div>\n<div class=\"icon-kryteria field-item odd\"><span class=\"file\">\u00a0<a href=\"http:\/\/weinoe.old.us.edu.pl\/sites\/weinoe.us.edu.pl\/files\/media\/14_one_year_experience_of_distance.pdf\" class=\"mtli_attachment mtli_pdf\">One Year Experience of Distance.pdf<\/a><\/span><\/div>\n<div class=\"icon-kryteria field-item even\"><span class=\"file\">\u00a0<a href=\"http:\/\/weinoe.old.us.edu.pl\/sites\/weinoe.us.edu.pl\/files\/media\/15_formation_of_ict_competences_through.pdf\" class=\"mtli_attachment mtli_pdf\">Formation of ICT Competences Through.pdf<\/a><\/span><\/div>\n<div class=\"icon-kryteria field-item odd\"><span class=\"file\">\u00a0<a href=\"http:\/\/weinoe.old.us.edu.pl\/sites\/weinoe.us.edu.pl\/files\/media\/16_medical_distance_education.pdf\" class=\"mtli_attachment mtli_pdf\">Medical Distance Education.pdf<\/a><\/span><\/div>\n<div class=\"icon-kryteria field-item even\"><span class=\"file\">\u00a0<a href=\"http:\/\/weinoe.old.us.edu.pl\/sites\/weinoe.us.edu.pl\/files\/media\/17_teaching_french_as_a_third_language.pdf\" class=\"mtli_attachment mtli_pdf\">Teaching French as a Third Language.pdf<\/a><\/span><\/div>\n<div class=\"icon-kryteria field-item odd\"><span class=\"file\">\u00a0<a href=\"http:\/\/weinoe.old.us.edu.pl\/sites\/weinoe.us.edu.pl\/files\/media\/18_basic_aspects_of_forming_ict-competences.pdf\" class=\"mtli_attachment mtli_pdf\">Basic Aspects of Forming ICT-Competences.pdf<\/a><\/span><\/div>\n<div class=\"icon-kryteria field-item even\"><span class=\"file\">\u00a0<a href=\"http:\/\/weinoe.old.us.edu.pl\/sites\/weinoe.us.edu.pl\/files\/media\/19_models_of_self-presentation.pdf\" class=\"mtli_attachment mtli_pdf\">Models of Self-Presentation.pdf<\/a><\/span><\/div>\n<div class=\"icon-kryteria field-item odd\"><span class=\"file\">\u00a0<a href=\"http:\/\/weinoe.old.us.edu.pl\/sites\/weinoe.us.edu.pl\/files\/media\/20_business_process_management_software.pdf\" class=\"mtli_attachment mtli_pdf\">Business Process Management Software.pdf<\/a><\/span><\/div>\n<div class=\"icon-kryteria field-item even\"><span class=\"file\">\u00a0<a href=\"http:\/\/weinoe.old.us.edu.pl\/sites\/weinoe.us.edu.pl\/files\/media\/21_pedagogical_solutions_in_e-teacher.pdf\" class=\"mtli_attachment mtli_pdf\">Pedagogical Solutions in E-Teacher.pdf<\/a><\/span><\/div>\n<div class=\"icon-kryteria field-item odd\"><span class=\"file\">\u00a0<a href=\"http:\/\/weinoe.old.us.edu.pl\/sites\/weinoe.us.edu.pl\/files\/media\/22_tailored_courses_for_professional_life.pdf\" class=\"mtli_attachment mtli_pdf\">Tailored Courses for Professional Life.pdf<\/a><\/span><\/div>\n<div class=\"icon-kryteria field-item even\"><span class=\"file\">\u00a0<a href=\"http:\/\/weinoe.old.us.edu.pl\/sites\/weinoe.us.edu.pl\/files\/media\/23_professional_training_teachers.pdf\" class=\"mtli_attachment mtli_pdf\">Professional Training Teachers.pdf<\/a><\/span><\/div>\n<div class=\"icon-kryteria field-item odd\"><span class=\"file\">\u00a0<a href=\"http:\/\/weinoe.old.us.edu.pl\/sites\/weinoe.us.edu.pl\/files\/media\/24_remote_learning_system_in_preparing.pdf\" class=\"mtli_attachment mtli_pdf\">Remote Learning System In Preparing.pdf<\/a><\/span><\/div>\n<div class=\"icon-kryteria field-item even\"><span class=\"file\">\u00a0<a href=\"http:\/\/weinoe.old.us.edu.pl\/sites\/weinoe.us.edu.pl\/files\/media\/25_teachers_professional_development.pdf\" class=\"mtli_attachment mtli_pdf\">Teachers\u2019 Professional Development.pdf<\/a><\/span><\/div>\n<div class=\"icon-kryteria field-item odd\"><span class=\"file\">\u00a0<a href=\"http:\/\/weinoe.old.us.edu.pl\/sites\/weinoe.us.edu.pl\/files\/media\/26_e-learning_in_higher_education.pdf\" class=\"mtli_attachment mtli_pdf\">E-Learning in Higher Education.pdf<\/a><\/span><\/div>\n<div class=\"icon-kryteria field-item even\"><span class=\"file\">\u00a0<a href=\"http:\/\/weinoe.old.us.edu.pl\/sites\/weinoe.us.edu.pl\/files\/media\/27_adaptivity_of_testing_in_education.pdf\" class=\"mtli_attachment mtli_pdf\">Adaptivity of Testing in Education.pdf<\/a><\/span><\/div>\n<div class=\"icon-kryteria field-item odd\"><span class=\"file\">\u00a0<a href=\"http:\/\/weinoe.old.us.edu.pl\/sites\/weinoe.us.edu.pl\/files\/media\/28_fostering_autonomous_learning.pdf\" class=\"mtli_attachment mtli_pdf\">Fostering Autonomous Learning.pdf<\/a><\/span><\/div>\n<div class=\"icon-kryteria field-item even\"><span class=\"file\">\u00a0<a href=\"http:\/\/weinoe.old.us.edu.pl\/sites\/weinoe.us.edu.pl\/files\/media\/29_the_importance_of_students_algorithmic.pdf\" class=\"mtli_attachment mtli_pdf\">The Importance of Students\u201f Algorithmic.pdf<\/a><\/span><\/div>\n<div class=\"icon-kryteria field-item odd\"><span class=\"file\">\u00a0<a href=\"http:\/\/weinoe.old.us.edu.pl\/sites\/weinoe.us.edu.pl\/files\/media\/30_consciousness_as_a_set_of_information.pdf\" class=\"mtli_attachment mtli_pdf\">Consciousness as a Set of Information.pdf<\/a><\/span><\/div>\n<\/div>\n<\/div>\n<\/div>\n<\/div>\n<p><\/p>","protected":false},"excerpt":{"rendered":"<p>Kazimierz Wenta (Poland) INNOVATION AND CREATIVITY IN E-LEARNING pdf Tatiana Noskova, Tatiana Pavlova, Olga Yakovleva (Russian Federation), Natalia Morze (Ukraine), Eugenia Smyrnova-Trybulska (Poland), Peter \u0160vec, J\u00falia Tomanov\u00e1, Martin Drl\u00edk, Martin C\u00e1pay (Slovakia) IT TOOLS IN A UNIVERSITY \u2013 E-LEARNING ENVIRONMENT: STUDENTS\u2019 OPINION SURVEY pdf Nataliia Morze, Oksana Buinytska, Bohdan Hrytseliak (Ukraine) IMPLEMENTATION OF CORPORATE STANDARDS [&#8230;]<\/p>\n<p><a class=\"btn btn-secondary understrap-read-more-link\" href=\"https:\/\/us.edu.pl\/wydzial\/wsne\/nauka-i-badania\/serie-wydawnicze\/seria-e-learning\/articles-7-it-tools-good-practice-of-effective-use-in-education\/\">Read More&#8230;<\/a><\/p>\n","protected":false},"author":110,"featured_media":0,"parent":1227,"menu_order":0,"comment_status":"closed","ping_status":"closed","template":"page-templates\/inner-page.php","meta":{"_expiration-date-status":"saved","_expiration-date":0,"_expiration-date-type":"","_expiration-date-categories":[],"_expiration-date-options":[]},"acf":[],"_links":{"self":[{"href":"https:\/\/us.edu.pl\/wydzial\/wsne\/wp-json\/wp\/v2\/pages\/4268"}],"collection":[{"href":"https:\/\/us.edu.pl\/wydzial\/wsne\/wp-json\/wp\/v2\/pages"}],"about":[{"href":"https:\/\/us.edu.pl\/wydzial\/wsne\/wp-json\/wp\/v2\/types\/page"}],"author":[{"embeddable":true,"href":"https:\/\/us.edu.pl\/wydzial\/wsne\/wp-json\/wp\/v2\/users\/110"}],"replies":[{"embeddable":true,"href":"https:\/\/us.edu.pl\/wydzial\/wsne\/wp-json\/wp\/v2\/comments?post=4268"}],"version-history":[{"count":1,"href":"https:\/\/us.edu.pl\/wydzial\/wsne\/wp-json\/wp\/v2\/pages\/4268\/revisions"}],"predecessor-version":[{"id":4269,"href":"https:\/\/us.edu.pl\/wydzial\/wsne\/wp-json\/wp\/v2\/pages\/4268\/revisions\/4269"}],"up":[{"embeddable":true,"href":"https:\/\/us.edu.pl\/wydzial\/wsne\/wp-json\/wp\/v2\/pages\/1227"}],"wp:attachment":[{"href":"https:\/\/us.edu.pl\/wydzial\/wsne\/wp-json\/wp\/v2\/media?parent=4268"}],"curies":[{"name":"wp","href":"https:\/\/api.w.org\/{rel}","templated":true}]}}