{"id":4457,"date":"2021-01-04T10:28:02","date_gmt":"2021-01-04T09:28:02","guid":{"rendered":"https:\/\/us.edu.pl\/wydzial\/wsne\/?page_id=4457"},"modified":"2021-01-15T11:58:30","modified_gmt":"2021-01-15T10:58:30","slug":"12-articles","status":"publish","type":"page","link":"https:\/\/us.edu.pl\/wydzial\/wsne\/nauka-i-badania\/serie-wydawnicze\/seria-e-learning\/12-articles\/","title":{"rendered":"12 &#8211; Articles"},"content":{"rendered":"<p><span style=\"font-size: 12pt\"><strong>Articles &#8211; Innovative Educational Technologies, Tools and Methods for E-learning<\/strong><\/span><\/p>\n<p><a href=\"https:\/\/us.edu.pl\/wydzial\/wsne\/nauka-i-badania\/serie-wydawnicze\/seria-e-learning\/12-innovative-educational-technologies-tools-and-methods-for-e-learning-articles\/introduction\/\">Eugenia Smyrnova-Trybulska (Poland)<\/a><br \/>\n<a href=\"https:\/\/us.edu.pl\/wydzial\/wsne\/nauka-i-badania\/serie-wydawnicze\/seria-e-learning\/12-innovative-educational-technologies-tools-and-methods-for-e-learning-articles\/introduction\/\"><strong>INTRODUCTION<\/strong><\/a><br \/>\n<a href=\"https:\/\/us.edu.pl\/wydzial\/wsne\/wp-content\/uploads\/sites\/20\/Nieprzypisane\/el-2020-12-01.pdf\" class=\"mtli_attachment mtli_pdf\" data-mtli=\"mtli_filesize203,72kB\">el-2020-12-01<\/a><\/p>\n<p><a href=\"https:\/\/us.edu.pl\/wydzial\/wsne\/nauka-i-badania\/serie-wydawnicze\/seria-e-learning\/12-articles\/02-2\/\">Anna \u015al\u00f3sarz<\/a><br \/>\n<a href=\"https:\/\/us.edu.pl\/wydzial\/wsne\/nauka-i-badania\/serie-wydawnicze\/seria-e-learning\/12-articles\/02-2\/\"><strong>THE MOODLE COMMUNITY PLATFORM VERSUS THE MICROSOFT TEAMS CORPORATE APPLICATION<\/strong><\/a><br \/>\n<a href=\"https:\/\/us.edu.pl\/wydzial\/wsne\/wp-content\/uploads\/sites\/20\/Nieprzypisane\/el-2020-12-02.pdf\" class=\"mtli_attachment mtli_pdf\" data-mtli=\"mtli_filesize841,76kB\">el-2020-12-02<\/a><\/p>\n<p><a href=\"https:\/\/us.edu.pl\/wydzial\/wsne\/nauka-i-badania\/serie-wydawnicze\/seria-e-learning\/12-articles\/03-2\/\">Pedro Ramos Brandao<\/a><br \/>\n<a href=\"https:\/\/us.edu.pl\/wydzial\/wsne\/nauka-i-badania\/serie-wydawnicze\/seria-e-learning\/12-articles\/03-2\/\"><strong>CLOUD COMPUTING AND E-LEARNING (COMPUTER NETWORK LABORATORIES FOR CURRICULUM DEVELOPMENT IN CLOUD COMPUTING)<\/strong><\/a><br \/>\n<a href=\"https:\/\/us.edu.pl\/wydzial\/wsne\/wp-content\/uploads\/sites\/20\/Nieprzypisane\/el-2020-12-03.pdf\" class=\"mtli_attachment mtli_pdf\">el-2020-12-03<\/a><\/p>\n<p><a href=\"https:\/\/us.edu.pl\/wydzial\/wsne\/nauka-i-badania\/serie-wydawnicze\/seria-e-learning\/12-articles\/04-2\/\">Svetlana Kulikova, Olga Yakovleva<\/a><br \/>\n<a href=\"https:\/\/us.edu.pl\/wydzial\/wsne\/nauka-i-badania\/serie-wydawnicze\/seria-e-learning\/12-articles\/04-2\/\"><strong>INDIVIDUALISED PATHS OF MASTERING AN ELECTRONIC COURSE CONTENT<\/strong><\/a><br \/>\n<a href=\"https:\/\/us.edu.pl\/wydzial\/wsne\/wp-content\/uploads\/sites\/20\/Nieprzypisane\/el-2020-12-04.pdf\" class=\"mtli_attachment mtli_pdf\" data-mtli=\"mtli_filesize246,61kB\">el-2020-12-04<\/a><\/p>\n<p><a href=\"https:\/\/us.edu.pl\/wydzial\/wsne\/nauka-i-badania\/serie-wydawnicze\/seria-e-learning\/12-articles\/05-2\/\">Nataliia Morze, Mariia Boiko, Lillia Varchenko-Trotsenko<\/a><br \/>\n<a href=\"https:\/\/us.edu.pl\/wydzial\/wsne\/nauka-i-badania\/serie-wydawnicze\/seria-e-learning\/12-articles\/05-2\/\"><strong>COMMUNICATION AND COOPERATION IN DISTANCE LEARNING<\/strong><\/a><br \/>\n<a href=\"https:\/\/us.edu.pl\/wydzial\/wsne\/wp-content\/uploads\/sites\/20\/Nieprzypisane\/el-2020-12-05.pdf\" class=\"mtli_attachment mtli_pdf\" data-mtli=\"mtli_filesize907,66kB\">el-2020-12-05<\/a><\/p>\n<p><a href=\"https:\/\/us.edu.pl\/wydzial\/wsne\/nauka-i-badania\/serie-wydawnicze\/seria-e-learning\/12-articles\/06-2\/\">Svitlana Skvortsova, Tetiana Britskan, Yana Haievets<\/a><br \/>\n<a href=\"https:\/\/us.edu.pl\/wydzial\/wsne\/nauka-i-badania\/serie-wydawnicze\/seria-e-learning\/12-articles\/06-2\/\"><strong>E-\u0421OURSE \u201cINTERNET RESOURCES FOR CREATING MATHEMATICAL LEARNING AND GAME CONTENT FOR PRIMARY SCHOOL CHILDREN\u201d<\/strong><\/a><br \/>\n<a href=\"https:\/\/us.edu.pl\/wydzial\/wsne\/wp-content\/uploads\/sites\/20\/Nieprzypisane\/el-2020-12-06.pdf\" class=\"mtli_attachment mtli_pdf\" data-mtli=\"mtli_filesize508,87kB\">el-2020-12-06<\/a><\/p>\n<p><a href=\"https:\/\/us.edu.pl\/wydzial\/wsne\/nauka-i-badania\/serie-wydawnicze\/seria-e-learning\/12-articles\/07-2\/\">David Buchtela, Dana Vynikarov\u00e1<\/a><br \/>\n<a href=\"https:\/\/us.edu.pl\/wydzial\/wsne\/nauka-i-badania\/serie-wydawnicze\/seria-e-learning\/12-articles\/07-2\/\"><strong>CONNECTION BETWEEN ONTOUML AND KNOWLEDGE REPRESENTATION MODEL OF STUDENT\u2019S ACTIVITIES<\/strong><\/a><br \/>\n<a href=\"https:\/\/us.edu.pl\/wydzial\/wsne\/wp-content\/uploads\/sites\/20\/Nieprzypisane\/el-2020-12-07.pdf\" class=\"mtli_attachment mtli_pdf\">el-2020-12-07<\/a><\/p>\n<p><a href=\"https:\/\/us.edu.pl\/wydzial\/wsne\/nauka-i-badania\/serie-wydawnicze\/seria-e-learning\/12-articles\/08-2\/\">Oksana Buinytska, Svitlana Vasylenko<\/a><br \/>\n<a href=\"https:\/\/us.edu.pl\/wydzial\/wsne\/nauka-i-badania\/serie-wydawnicze\/seria-e-learning\/12-articles\/08-2\/\"><strong>E-LEARNING TO ENSURE EDUCATIONAL SERVICES\u2019 QUALITY IN UNIVERSITY DISTANCE LEARNING<\/strong><\/a><br \/>\n<a href=\"https:\/\/us.edu.pl\/wydzial\/wsne\/wp-content\/uploads\/sites\/20\/Nieprzypisane\/el-2020-12-08.pdf\" class=\"mtli_attachment mtli_pdf\">el-2020-12-08<\/a><\/p>\n<p><a href=\"https:\/\/us.edu.pl\/wydzial\/wsne\/nauka-i-badania\/serie-wydawnicze\/seria-e-learning\/12-articles\/09-2\/\">Victoria Kurilenko, Yulia Biryukova, Kristina Akhnina<\/a><br \/>\n<a href=\"https:\/\/us.edu.pl\/wydzial\/wsne\/nauka-i-badania\/serie-wydawnicze\/seria-e-learning\/12-articles\/09-2\/\"><strong>GAMIFICATION AS SUCCESSFUL FOREIGN LANGUAGES E-LEARNING FOR SPECIFIC PURPOSES<\/strong><\/a><br \/>\n<a href=\"https:\/\/us.edu.pl\/wydzial\/wsne\/wp-content\/uploads\/sites\/20\/Nieprzypisane\/el-2020-12-09.pdf\" class=\"mtli_attachment mtli_pdf\" data-mtli=\"mtli_filesize1,94MB\">el-2020-12-09<\/a><\/p>\n<p><a href=\"https:\/\/us.edu.pl\/wydzial\/wsne\/nauka-i-badania\/serie-wydawnicze\/seria-e-learning\/12-articles\/10-2\/\">Tetiana Vakaliuk, Oksana Chernysh<\/a><br \/>\n<a href=\"https:\/\/us.edu.pl\/wydzial\/wsne\/nauka-i-badania\/serie-wydawnicze\/seria-e-learning\/12-articles\/10-2\/\"><strong>THE COMPILATION OF A MULTILINGUAL TERMINOLOGICAL DICTIONARY AS A MEANS OF STUDENTS\u2019 PROFESSIONAL AND LEXICAL COMPETENCE DEVELOPMENT<\/strong><\/a><br \/>\n<a href=\"https:\/\/us.edu.pl\/wydzial\/wsne\/wp-content\/uploads\/sites\/20\/Nieprzypisane\/el-2020-12-10.pdf\" class=\"mtli_attachment mtli_pdf\" data-mtli=\"mtli_filesize353,77kB\">el-2020-12-10<\/a><\/p>\n<p><a href=\"https:\/\/us.edu.pl\/wydzial\/wsne\/nauka-i-badania\/serie-wydawnicze\/seria-e-learning\/12-articles\/11-2\/\">Mariusz Marczak<\/a><br \/>\n<a href=\"https:\/\/us.edu.pl\/wydzial\/wsne\/nauka-i-badania\/serie-wydawnicze\/seria-e-learning\/12-articles\/11-2\/\"><strong>THE POSSIBILITY OF USING LINGUISTIC ANALYSIS TO FUNNEL STUDENT TRANSLATORS\u2019 POST-ONLINE-EXCHANGE REFLECTIONS TOWARDS THE METACOGNITIVE ELEMENTS OF TRANSLATOR COMPETENCE<\/strong><\/a><br \/>\n<a href=\"https:\/\/us.edu.pl\/wydzial\/wsne\/wp-content\/uploads\/sites\/20\/Nieprzypisane\/el-2020-12-11.pdf\" class=\"mtli_attachment mtli_pdf\">el-2020-12-11<\/a><\/p>\n<p><a href=\"https:\/\/us.edu.pl\/wydzial\/wsne\/nauka-i-badania\/serie-wydawnicze\/seria-e-learning\/12-articles\/12-2\/\">Gennadiy Karimov, Nataliia Kuzmenko, Tetiana Radchenko<\/a><br \/>\n<a href=\"https:\/\/us.edu.pl\/wydzial\/wsne\/nauka-i-badania\/serie-wydawnicze\/seria-e-learning\/12-articles\/12-2\/\"><strong>DISTANCE TECHNOLOGIES IN THE TRADITIONAL MODEL OF HIGHER EDUCATION<\/strong><\/a><br \/>\n<a href=\"https:\/\/us.edu.pl\/wydzial\/wsne\/wp-content\/uploads\/sites\/20\/Nieprzypisane\/el-2020-12-12.pdf\" class=\"mtli_attachment mtli_pdf\" data-mtli=\"mtli_filesize317,81kB\">el-2020-12-12<\/a><\/p>\n<p><a href=\"http:\/\/us.edu.pl\/wydzial\/wsne\/nauka-i-badania\/serie-wydawnicze\/seria-e-learning\/12-articles\/13-2\/\">Marina Drushlyak, Olena Semenikhina, Volodymyr Proshkin and Olha Naboka<\/a><br \/>\n<a href=\"http:\/\/us.edu.pl\/wydzial\/wsne\/nauka-i-badania\/serie-wydawnicze\/seria-e-learning\/12-articles\/13-2\/\"><strong>USE OF SPECIALIZED SOFTWARE FOR THE DEVELOPMENT OF VISUAL THINKING OF STUDENTS AND PUPILS<\/strong><\/a><br \/>\n<a href=\"https:\/\/us.edu.pl\/wydzial\/wsne\/wp-content\/uploads\/sites\/20\/Nieprzypisane\/el-2020-12-13.pdf\" class=\"mtli_attachment mtli_pdf\" data-mtli=\"mtli_filesize905,01kB\">el-2020-12-13<\/a><\/p>\n<p><a href=\"https:\/\/us.edu.pl\/wydzial\/wsne\/nauka-i-badania\/serie-wydawnicze\/seria-e-learning\/12-articles\/14-2\/\">Oksana Shelomovska, Liudmila Sorokina, Maryna Romaniukha, Natalya Sorokina, Iryna Machulina<\/a><br \/>\n<a href=\"https:\/\/us.edu.pl\/wydzial\/wsne\/nauka-i-badania\/serie-wydawnicze\/seria-e-learning\/12-articles\/14-2\/\"><strong>CLOUD TECHNOLOGIES FOR TRAINING UNIVERSITY STUDENTS OF SOCIO-HUMANITARIAN SPECIALTIES AND PUBLIC ADMINISTRATION<\/strong><\/a><br \/>\n<a href=\"https:\/\/us.edu.pl\/wydzial\/wsne\/wp-content\/uploads\/sites\/20\/Nieprzypisane\/el-2020-12-14.pdf\" class=\"mtli_attachment mtli_pdf\" data-mtli=\"mtli_filesize253,24kB\">el-2020-12-14<\/a><\/p>\n<p><a href=\"https:\/\/us.edu.pl\/wydzial\/wsne\/nauka-i-badania\/serie-wydawnicze\/seria-e-learning\/12-articles\/15-2\/\">Lyudmyla Khoruzha, Volodymyr Proshkin<\/a><br \/>\n<a href=\"https:\/\/us.edu.pl\/wydzial\/wsne\/nauka-i-badania\/serie-wydawnicze\/seria-e-learning\/12-articles\/15-2\/\"><strong>DISTANCE LEARNING: ON THE WAY TO DEVELOPING A NEW DIDACTIC MODEL OF UNIVERSITY EDUCATION<\/strong><\/a><br \/>\n<a href=\"https:\/\/us.edu.pl\/wydzial\/wsne\/wp-content\/uploads\/sites\/20\/Nieprzypisane\/el-2020-12-15.pdf\" class=\"mtli_attachment mtli_pdf\" data-mtli=\"mtli_filesize615,78kB\">el-2020-12-15<\/a><\/p>\n<p><a href=\"https:\/\/us.edu.pl\/wydzial\/wsne\/nauka-i-badania\/serie-wydawnicze\/seria-e-learning\/12-articles\/16-2\/\">Rusudan Makhachashvili, Ivan Semenist, Yuliya Shtaltovna, Anna Backtina<\/a><br \/>\n<a href=\"https:\/\/us.edu.pl\/wydzial\/wsne\/nauka-i-badania\/serie-wydawnicze\/seria-e-learning\/12-articles\/16-2\/\"><strong>ICT TOOLS AND PRACTICES FOR FINAL QUALIFICATION ASSESSMENT IN THE FRAMEWORK OF COVID-19 LOCKDOWN<\/strong><\/a><br \/>\n<a href=\"https:\/\/us.edu.pl\/wydzial\/wsne\/wp-content\/uploads\/sites\/20\/Nieprzypisane\/el-2020-12-16.pdf\" class=\"mtli_attachment mtli_pdf\" data-mtli=\"mtli_filesize316,39kB\">el-2020-12-16<\/a><\/p>\n<p><a href=\"https:\/\/us.edu.pl\/wydzial\/wsne\/nauka-i-badania\/serie-wydawnicze\/seria-e-learning\/12-articles\/17-2\/\">Ma\u0142gorzata Wieczorek-Tomaszewska<\/a><br \/>\n<a href=\"https:\/\/us.edu.pl\/wydzial\/wsne\/nauka-i-badania\/serie-wydawnicze\/seria-e-learning\/12-articles\/17-2\/\"><strong>VISUAL LITERACY IN CONTEMPORARY CULTURE \u2013 COMPARATIVE RESEARCH<\/strong><\/a><br \/>\n<a href=\"https:\/\/us.edu.pl\/wydzial\/wsne\/wp-content\/uploads\/sites\/20\/Nieprzypisane\/el-2020-12-17.pdf\" class=\"mtli_attachment mtli_pdf\" data-mtli=\"mtli_filesize300,67kB\">el-2020-12-17<\/a><\/p>\n<p><a href=\"https:\/\/us.edu.pl\/wydzial\/wsne\/nauka-i-badania\/serie-wydawnicze\/seria-e-learning\/12-articles\/18-2\/\">Svitlana Skvortsova, Ruslana Romanyshyn<\/a><br \/>\n<a href=\"https:\/\/us.edu.pl\/wydzial\/wsne\/nauka-i-badania\/serie-wydawnicze\/seria-e-learning\/12-articles\/18-2\/\"><strong>USE OF ONLINE SIMULATORS FOR THE FORMATION OF PRIMARY SCHOOL LEARNERS\u2019 COMPUTING SKILLS<\/strong><\/a><br \/>\n<a href=\"https:\/\/us.edu.pl\/wydzial\/wsne\/wp-content\/uploads\/sites\/20\/Nieprzypisane\/el-2020-12-18.pdf\" class=\"mtli_attachment mtli_pdf\">el-2020-12-18<\/a><\/p>\n<p><a href=\"https:\/\/us.edu.pl\/wydzial\/wsne\/nauka-i-badania\/serie-wydawnicze\/seria-e-learning\/12-articles\/19-2\/\">Milena Janakova<\/a><br \/>\n<a href=\"https:\/\/us.edu.pl\/wydzial\/wsne\/nauka-i-badania\/serie-wydawnicze\/seria-e-learning\/12-articles\/19-2\/\"><strong>E-LEARNING USING MODERN TECHNOLOGIES SUPPORTING INNOVATIONS BASED ON A SCIENTIFIC APPROACH<\/strong><\/a><br \/>\n<a href=\"https:\/\/us.edu.pl\/wydzial\/wsne\/wp-content\/uploads\/sites\/20\/Nieprzypisane\/el-2020-12-19.pdf\" class=\"mtli_attachment mtli_pdf\" data-mtli=\"mtli_filesize247,60kB\">el-2020-12-19<\/a><\/p>\n<p><a href=\"https:\/\/us.edu.pl\/wydzial\/wsne\/nauka-i-badania\/serie-wydawnicze\/seria-e-learning\/12-articles\/20-2\/\">Oksana Strutynska, Mariia Umryk<\/a><br \/>\n<a href=\"https:\/\/us.edu.pl\/wydzial\/wsne\/nauka-i-badania\/serie-wydawnicze\/seria-e-learning\/12-articles\/20-2\/\"><strong>DISTANCE LEARNING TOOLS AND TRENDS: LOCAL SURVEY OF UKRAINIAN EDUCATORS<\/strong><\/a><br \/>\n<a href=\"https:\/\/us.edu.pl\/wydzial\/wsne\/wp-content\/uploads\/sites\/20\/Nieprzypisane\/el-2020-12-20.pdf\" class=\"mtli_attachment mtli_pdf\" data-mtli=\"mtli_filesize1&nbsp;003,46kB\">el-2020-12-20<\/a><\/p>\n<p><a href=\"https:\/\/us.edu.pl\/wydzial\/wsne\/nauka-i-badania\/serie-wydawnicze\/seria-e-learning\/21-2\/\">Xabier Basogain, Krzysztof Gurba, Theo Hug, Nataliia Morze, Tatiana Noskova, Eugenia Smyrnova-Trybulska<\/a><br \/>\n<a href=\"https:\/\/us.edu.pl\/wydzial\/wsne\/nauka-i-badania\/serie-wydawnicze\/seria-e-learning\/21-2\/\"><strong>STEM AND STEAM IN CONTEMPORARY EDUCATION: CHALLENGES, CONTEMPORARY TRENDS AND TRANSFORMATION. A DISCUSSION PAPER<\/strong><\/a><br \/>\n<a href=\"https:\/\/us.edu.pl\/wydzial\/wsne\/wp-content\/uploads\/sites\/20\/Nieprzypisane\/el-2020-12-21.pdf\" class=\"mtli_attachment mtli_pdf\" data-mtli=\"mtli_filesize1,07MB\">el-2020-12-21<\/a><\/p>\n<p><a href=\"https:\/\/us.edu.pl\/wydzial\/wsne\/nauka-i-badania\/serie-wydawnicze\/seria-e-learning\/12-articles\/22-2\/\">Todorka Glushkova, Stanimir Stoyanov, Veneta Tabakova-Komsalova, Maria Grancharova-Hristova, Irina Krasteva<\/a><br \/>\n<a href=\"https:\/\/us.edu.pl\/wydzial\/wsne\/nauka-i-badania\/serie-wydawnicze\/seria-e-learning\/12-articles\/22-2\/\"><strong>AN APPROACH TO TEACHING ARTIFICIAL INTELLIGENCE IN SCHOOL<\/strong><\/a><br \/>\n<a href=\"https:\/\/us.edu.pl\/wydzial\/wsne\/wp-content\/uploads\/sites\/20\/Nieprzypisane\/el-2020-12-22.pdf\" class=\"mtli_attachment mtli_pdf\" data-mtli=\"mtli_filesize1,20MB\">el-2020-12-22<\/a><\/p>\n<p><a href=\"https:\/\/us.edu.pl\/wydzial\/wsne\/nauka-i-badania\/serie-wydawnicze\/seria-e-learning\/12-articles\/23-2\/\">Miroslav Kamensk\u00fd, Eva Kr\u00e1likov\u00e1, Mikul\u00e1\u0161 Bittera, Jozefa \u010cerve\u0148ov\u00e1, Karol Kov\u00e1\u010d<\/a><br \/>\n<a href=\"https:\/\/us.edu.pl\/wydzial\/wsne\/nauka-i-badania\/serie-wydawnicze\/seria-e-learning\/12-articles\/23-2\/\"><strong>FLEXIBLE SYSTEM OF REMOTE APPLICATIONS AND TEACHING WITH SENSORS<\/strong><\/a><br \/>\n<a href=\"https:\/\/us.edu.pl\/wydzial\/wsne\/wp-content\/uploads\/sites\/20\/Nieprzypisane\/el-2020-12-23.pdf\" class=\"mtli_attachment mtli_pdf\" data-mtli=\"mtli_filesize893,36kB\">el-2020-12-23<\/a><\/p>\n<p><a href=\"https:\/\/us.edu.pl\/wydzial\/wsne\/nauka-i-badania\/serie-wydawnicze\/seria-e-learning\/12-articles\/24-2\/\">Tomas Barot, Lilla Korenova, Radek Krpec, Renata Vagova<\/a><br \/>\n<a href=\"https:\/\/us.edu.pl\/wydzial\/wsne\/nauka-i-badania\/serie-wydawnicze\/seria-e-learning\/12-articles\/24-2\/\"><strong>UTILIZATION OF MATHEMATICAL SOFTWARE IN FAVOR OF TUTORING PROCESSES<\/strong><\/a><br \/>\n<a href=\"https:\/\/us.edu.pl\/wydzial\/wsne\/wp-content\/uploads\/sites\/20\/Nieprzypisane\/el-2020-12-24.pdf\" class=\"mtli_attachment mtli_pdf\" data-mtli=\"mtli_filesize391,44kB\">el-2020-12-24<\/a><\/p>\n<p><a href=\"https:\/\/us.edu.pl\/wydzial\/wsne\/nauka-i-badania\/serie-wydawnicze\/seria-e-learning\/12-articles\/25-2\/\">Nuno Silva, Izabel Alvarez, Paulo Pinto<\/a><br \/>\n<a href=\"https:\/\/us.edu.pl\/wydzial\/wsne\/nauka-i-badania\/serie-wydawnicze\/seria-e-learning\/12-articles\/25-2\/\"><strong>E-LEARNING IMPLEMENTATION \u2013 FROM ACTION TO EQUITY IN AN INTERNATIONAL HIGHER EDUCATION INSTITUTION<\/strong><\/a><br \/>\n<a href=\"https:\/\/us.edu.pl\/wydzial\/wsne\/wp-content\/uploads\/sites\/20\/Nieprzypisane\/el-2020-12-25.pdf\" class=\"mtli_attachment mtli_pdf\" data-mtli=\"mtli_filesize365,59kB\">el-2020-12-25<\/a><\/p>\n<p><a href=\"https:\/\/us.edu.pl\/wydzial\/wsne\/nauka-i-badania\/serie-wydawnicze\/seria-e-learning\/12-articles\/26-2\/\">Nadiia Balyk, Galyna Shmyger, Yaroslav Vasylenko, Anna Skaskiv, &amp; Vasyl Oleksiuk<\/a><br \/>\n<a href=\"https:\/\/us.edu.pl\/wydzial\/wsne\/nauka-i-badania\/serie-wydawnicze\/seria-e-learning\/12-articles\/26-2\/\"><strong>STUDY OF AUGMENTED AND VIRTUAL REALITY TECHNOLOGY IN THE EDUCATIONAL DIGITAL ENVIRONMENT OF THE PEDAGOGICAL UNIVERSITY<\/strong><\/a><br \/>\n<a href=\"https:\/\/us.edu.pl\/wydzial\/wsne\/wp-content\/uploads\/sites\/20\/Nieprzypisane\/el-2020-12-26.pdf\" class=\"mtli_attachment mtli_pdf\" data-mtli=\"mtli_filesize243,38kB\">el-2020-12-26<\/a><\/p>\n<p><a href=\"https:\/\/us.edu.pl\/wydzial\/wsne\/nauka-i-badania\/serie-wydawnicze\/seria-e-learning\/12-articles\/27-3\/\">Kateryna Yalova, Liudmila Sorokina, Kseniia Yashyna, Oksana Shelomovska, Oleksandr Shumeiko, Kostiantyn Bohomaz<\/a><br \/>\n<a href=\"https:\/\/us.edu.pl\/wydzial\/wsne\/nauka-i-badania\/serie-wydawnicze\/seria-e-learning\/12-articles\/27-3\/\"><strong>E-LEARNING SYSTEM DEVELOPMENT AND IMPLEMENTATION: UNIVERSITY EXPERIENCE<\/strong><\/a><br \/>\n<a href=\"https:\/\/us.edu.pl\/wydzial\/wsne\/wp-content\/uploads\/sites\/20\/Nieprzypisane\/el-2020-12-27.pdf\" class=\"mtli_attachment mtli_pdf\">el-2020-12-27<\/a><\/p>\n<p><a href=\"https:\/\/us.edu.pl\/wydzial\/wsne\/nauka-i-badania\/serie-wydawnicze\/seria-e-learning\/12-articles\/28-2\/\">Halyna Henseruk, Bogdan Buyak, Volodymyr Kravets, Hryhorii Tereshchuk, Mariya Boiko<\/a><br \/>\n<a href=\"https:\/\/us.edu.pl\/wydzial\/wsne\/nauka-i-badania\/serie-wydawnicze\/seria-e-learning\/12-articles\/28-2\/\"><strong>DIGITAL TRANSFORMATION OF THE LEARNING ENVIRONMENT AT UNIVERSITY<\/strong><\/a><br \/>\n<a href=\"https:\/\/us.edu.pl\/wydzial\/wsne\/wp-content\/uploads\/sites\/20\/Nieprzypisane\/el-2020-12-28.pdf\" class=\"mtli_attachment mtli_pdf\" data-mtli=\"mtli_filesize1,33MB\">el-2020-12-28<\/a><\/p>\n<style type=\"text\/css\">a[data-mtli~=\"mtli_filesize203,72kB\"]:after {content:\" (203,72 kB)\"}a[data-mtli~=\"mtli_filesize841,76kB\"]:after {content:\" (841,76 kB)\"}a[data-mtli~=\"mtli_filesize246,61kB\"]:after {content:\" (246,61 kB)\"}a[data-mtli~=\"mtli_filesize907,66kB\"]:after {content:\" (907,66 kB)\"}a[data-mtli~=\"mtli_filesize508,87kB\"]:after {content:\" (508,87 kB)\"}a[data-mtli~=\"mtli_filesize1,94MB\"]:after {content:\" (1,94 MB)\"}a[data-mtli~=\"mtli_filesize353,77kB\"]:after {content:\" (353,77 kB)\"}a[data-mtli~=\"mtli_filesize317,81kB\"]:after {content:\" (317,81 kB)\"}a[data-mtli~=\"mtli_filesize905,01kB\"]:after {content:\" (905,01 kB)\"}a[data-mtli~=\"mtli_filesize253,24kB\"]:after {content:\" (253,24 kB)\"}a[data-mtli~=\"mtli_filesize615,78kB\"]:after {content:\" (615,78 kB)\"}a[data-mtli~=\"mtli_filesize316,39kB\"]:after {content:\" (316,39 kB)\"}a[data-mtli~=\"mtli_filesize300,67kB\"]:after {content:\" (300,67 kB)\"}a[data-mtli~=\"mtli_filesize247,60kB\"]:after {content:\" (247,60 kB)\"}a[data-mtli~=\"mtli_filesize1&nbsp;003,46kB\"]:after {content:\" (1&nbsp;003,46 kB)\"}a[data-mtli~=\"mtli_filesize1,07MB\"]:after {content:\" (1,07 MB)\"}a[data-mtli~=\"mtli_filesize1,20MB\"]:after {content:\" (1,20 MB)\"}a[data-mtli~=\"mtli_filesize893,36kB\"]:after {content:\" (893,36 kB)\"}a[data-mtli~=\"mtli_filesize391,44kB\"]:after {content:\" (391,44 kB)\"}a[data-mtli~=\"mtli_filesize365,59kB\"]:after {content:\" (365,59 kB)\"}a[data-mtli~=\"mtli_filesize243,38kB\"]:after {content:\" (243,38 kB)\"}a[data-mtli~=\"mtli_filesize1,33MB\"]:after {content:\" (1,33 MB)\"}<\/style>","protected":false},"excerpt":{"rendered":"<p>Articles &#8211; Innovative Educational Technologies, Tools and Methods for E-learning Eugenia Smyrnova-Trybulska (Poland) INTRODUCTION el-2020-12-01 Anna \u015al\u00f3sarz THE MOODLE COMMUNITY PLATFORM VERSUS THE MICROSOFT TEAMS CORPORATE APPLICATION el-2020-12-02 Pedro Ramos Brandao CLOUD COMPUTING AND E-LEARNING (COMPUTER NETWORK LABORATORIES FOR CURRICULUM DEVELOPMENT IN CLOUD COMPUTING) el-2020-12-03 Svetlana Kulikova, Olga Yakovleva INDIVIDUALISED PATHS OF MASTERING AN ELECTRONIC [&#8230;]<\/p>\n<p><a class=\"btn btn-secondary understrap-read-more-link\" href=\"https:\/\/us.edu.pl\/wydzial\/wsne\/nauka-i-badania\/serie-wydawnicze\/seria-e-learning\/12-articles\/\">Read More&#8230;<\/a><\/p>\n","protected":false},"author":110,"featured_media":0,"parent":1227,"menu_order":0,"comment_status":"closed","ping_status":"closed","template":"page-templates\/inner-page.php","meta":{"_expiration-date-status":"saved","_expiration-date":0,"_expiration-date-type":"","_expiration-date-categories":[],"_expiration-date-options":[]},"acf":[],"_links":{"self":[{"href":"https:\/\/us.edu.pl\/wydzial\/wsne\/wp-json\/wp\/v2\/pages\/4457"}],"collection":[{"href":"https:\/\/us.edu.pl\/wydzial\/wsne\/wp-json\/wp\/v2\/pages"}],"about":[{"href":"https:\/\/us.edu.pl\/wydzial\/wsne\/wp-json\/wp\/v2\/types\/page"}],"author":[{"embeddable":true,"href":"https:\/\/us.edu.pl\/wydzial\/wsne\/wp-json\/wp\/v2\/users\/110"}],"replies":[{"embeddable":true,"href":"https:\/\/us.edu.pl\/wydzial\/wsne\/wp-json\/wp\/v2\/comments?post=4457"}],"version-history":[{"count":47,"href":"https:\/\/us.edu.pl\/wydzial\/wsne\/wp-json\/wp\/v2\/pages\/4457\/revisions"}],"predecessor-version":[{"id":4673,"href":"https:\/\/us.edu.pl\/wydzial\/wsne\/wp-json\/wp\/v2\/pages\/4457\/revisions\/4673"}],"up":[{"embeddable":true,"href":"https:\/\/us.edu.pl\/wydzial\/wsne\/wp-json\/wp\/v2\/pages\/1227"}],"wp:attachment":[{"href":"https:\/\/us.edu.pl\/wydzial\/wsne\/wp-json\/wp\/v2\/media?parent=4457"}],"curies":[{"name":"wp","href":"https:\/\/api.w.org\/{rel}","templated":true}]}}