{"id":4552,"date":"2021-01-07T13:33:53","date_gmt":"2021-01-07T12:33:53","guid":{"rendered":"https:\/\/us.edu.pl\/wydzial\/wsne\/?page_id=4552"},"modified":"2021-01-14T11:43:38","modified_gmt":"2021-01-14T10:43:38","slug":"07-2","status":"publish","type":"page","link":"https:\/\/us.edu.pl\/wydzial\/wsne\/nauka-i-badania\/serie-wydawnicze\/seria-e-learning\/12-articles\/07-2\/","title":{"rendered":"07"},"content":{"rendered":"<p>Innovative Educational Technologies, Tools and Methods for E-learning<br \/>\nScientific Editor Eugenia Smyrnova-Trybulska<br \/>\n\u201cE-learning\u201d, 12, Katowice\u2013Cieszyn 2020, pp. 77\u201387<br \/>\nDOI: 10.34916\/el.2020.12.07<\/p>\n<p><a class=\"mtli_attachment mtli_pdf mtli_attachment mtli_pdf\" href=\"https:\/\/us.edu.pl\/wydzial\/wsne\/wp-content\/uploads\/sites\/20\/Nieprzypisane\/el-2020-12-07.pdf\" data-mtli=\"mtli_filesize490,15kB\" rel=\"mtli_filesize490,15kB\">el-2020-12-07<\/a><\/p>\n<p><strong>CONNECTION BETWEEN ONTOUML AND KNOWLEDGE REPRESENTATION MODEL OF STUDENTS\u2019 ACTIVITIES<\/strong><\/p>\n<p><strong>David Buchtela<\/strong>-1, <strong>Dana Vynikarov\u00e1<\/strong>-2, 1, Centre of Business Informatics, Faculty of Information Technology, Czech Technical University in Prague, Thakurova 9, 160 00 Prague 6, the Czech Republic, 2, Faculty of Economics and Management, Czech University of Life Sciences Prague, Kamycka 129, 165 00 Prague 6, the Czech Republic, 1, david.buchtela@fit.cvut.cz, 2, vynikarova@pef.czu.cz, ORCID 1, 0000-0002-3564-9198, 2, 0000-0001-8955-6002<\/p>\n<p><strong>Abstract<\/strong>: In every focused system, e.g. the Learning Management System (LMS) Moodle, it is possible to select relevant entities (students, teachers, study resources, assessment, test and other activities) and their relations (associations). A conceptual model in OntoUML is suitable for the entities representation. It is possible to feel a knowledge decision process as a non-determinist finite automaton where entity state transitions are inspected. A way of entity state transition (needed data and conditions) is represented by guideline (procedural) knowledge representation model (like as GLIKREM). This paper aims to describe the possibilities of the conceptual model of the focused system designed in OntoUML and the Guideline Knowledge Representation Model (GLIKREM) for the Knowledge Representation Model of Students\u2019 Activities (KRMSA) based on knowledge and models of students\u2019 activities in a Moodle system. This article describes a link between OntoUML as a conceptual model and GLIKREM as a procedural knowledge model base with the aid of the main components of both models.<\/p>\n<p><strong>Keywords<\/strong>: knowledge representation model, conceptual model, students\u2019 activities,<br \/>\ndecision process, OntoUML, Moodle.<\/p>\n<p><strong>REFERENCES<\/strong><br \/>\nB o x w a l a, A. A., P e l e g, M., T u, S. W., O g u n y e m i, O., Z e n g, Q., &amp; Wa n g, D. (2004). GLIF3: A Representation Format for Sharable Computer-Interpretable Clinical Practice Guidelines, Journal of the Biomedical Informatics, 37(3), pp. 147\u2013161.<\/p>\n<p>B u c h t e l a, D., Ve s e l \u00fd, A., &amp; Vy n i k a r o v \u00e1, D. (2010). Guideline Knowledge Representation Model (GLIKREM). Knowledge Management and Modern Information Technologies, pp. 26\u201341. Prague: Alfa publishing.<\/p>\n<p>G u i z z a r d i, G. (2005). Ontological foundations for structural conceptual models. Enschede: Telematica Instituut \/ CTIT.<\/p>\n<p>K o \u0137 e, T. (2003). Continuous Education: the Main Tasks and Their Implementation. Nep\u0101rtraukt\u0101s iz gl\u012bt\u012bbas soci\u0101li\u00a0 pedago\u0123iskie aspekti. R\u012bga: SIA \u201cIzgl\u012bt\u012bbasso\u013ci\u201d, pp. 4\u201316.<\/p>\n<p>P e l e \u0161 k a, J., B u c h t e l a, D., A n g e r, Z., \u0160 e b e s t a, K., T o m e \u010d k o v \u00e1, M., Ve s e l \u00fd, A., Zv \u00e1 r a, K., &amp; Z v \u00e1 r o v \u00e1, J. (2005). Formalisation of Medical Guidelines. European Journal for Biomedical Informatics, pp. 133\u2013141.<\/p>\n<p>R y b o l a, Z., P e r g l, R. (2016). Towards OntoUML for Software Engineering: Transformation of Rigid Sortal Types into Relational Databases. Proceedings of the 2016 Federated Conference on Computer Science and Information Systems, Vol. 8 (pp. 1581\u20131591). M. Ganzha, L. Maciaszek, M. Paprzycki (Eds).<\/p>\n<p>R y b o l a, Z., P e r g l, R. (2017). Towards OntoUML for Software Engineering: Transformation of Kinds and Subkinds into Relational Databases. Computer Science and Information Systems, 14(3), pp. 913\u2013937.<\/p>\n<p>S t o y a n o v a &#8211; D o y c h e v a, A., G l u s h k o v a, T., &amp; I v a n o v a, V. (2019). Application of subject domain ontologies in e-learning. E-learning and STEM Education Scientific. Editor E. Smyrnova-Trybulska. \u201cE-learning\u201d, 11, Katowice\u2013Cieszyn, pp. 93\u2013107.<\/p>\n<p>Ve s e l \u00fd, A., Z v \u00e1 r o v \u00e1, J., P e l e \u0161 k a, J., B u c h t e l a, D., &amp; A n g e r, Z. (2006). Medical Guidelines Presentation and Comparing with Electronic Health Record. International Journal of Medical Informatics, 75(3\u20134), pp. 240\u2013245.<\/p>\n<style type=\"text\/css\">a[data-mtli~=\"mtli_filesize490,15kB\"]:after {content:\" (490,15 kB)\"}<\/style>","protected":false},"excerpt":{"rendered":"<p>Innovative Educational Technologies, Tools and Methods for E-learning Scientific Editor Eugenia Smyrnova-Trybulska \u201cE-learning\u201d, 12, Katowice\u2013Cieszyn 2020, pp. 77\u201387 DOI: 10.34916\/el.2020.12.07 el-2020-12-07 CONNECTION BETWEEN ONTOUML AND KNOWLEDGE REPRESENTATION MODEL OF STUDENTS\u2019 ACTIVITIES David Buchtela-1, Dana Vynikarov\u00e1-2, 1, Centre of Business Informatics, Faculty of Information Technology, Czech Technical University in Prague, Thakurova 9, 160 00 Prague 6, [&#8230;]<\/p>\n<p><a class=\"btn btn-secondary understrap-read-more-link\" href=\"https:\/\/us.edu.pl\/wydzial\/wsne\/nauka-i-badania\/serie-wydawnicze\/seria-e-learning\/12-articles\/07-2\/\">Read More&#8230;<\/a><\/p>\n","protected":false},"author":110,"featured_media":0,"parent":4457,"menu_order":0,"comment_status":"closed","ping_status":"closed","template":"page-templates\/inner-page.php","meta":{"_expiration-date-status":"saved","_expiration-date":0,"_expiration-date-type":"","_expiration-date-categories":[],"_expiration-date-options":[]},"acf":[],"_links":{"self":[{"href":"https:\/\/us.edu.pl\/wydzial\/wsne\/wp-json\/wp\/v2\/pages\/4552"}],"collection":[{"href":"https:\/\/us.edu.pl\/wydzial\/wsne\/wp-json\/wp\/v2\/pages"}],"about":[{"href":"https:\/\/us.edu.pl\/wydzial\/wsne\/wp-json\/wp\/v2\/types\/page"}],"author":[{"embeddable":true,"href":"https:\/\/us.edu.pl\/wydzial\/wsne\/wp-json\/wp\/v2\/users\/110"}],"replies":[{"embeddable":true,"href":"https:\/\/us.edu.pl\/wydzial\/wsne\/wp-json\/wp\/v2\/comments?post=4552"}],"version-history":[{"count":3,"href":"https:\/\/us.edu.pl\/wydzial\/wsne\/wp-json\/wp\/v2\/pages\/4552\/revisions"}],"predecessor-version":[{"id":4647,"href":"https:\/\/us.edu.pl\/wydzial\/wsne\/wp-json\/wp\/v2\/pages\/4552\/revisions\/4647"}],"up":[{"embeddable":true,"href":"https:\/\/us.edu.pl\/wydzial\/wsne\/wp-json\/wp\/v2\/pages\/4457"}],"wp:attachment":[{"href":"https:\/\/us.edu.pl\/wydzial\/wsne\/wp-json\/wp\/v2\/media?parent=4552"}],"curies":[{"name":"wp","href":"https:\/\/api.w.org\/{rel}","templated":true}]}}