{"id":4561,"date":"2021-01-07T13:50:33","date_gmt":"2021-01-07T12:50:33","guid":{"rendered":"https:\/\/us.edu.pl\/wydzial\/wsne\/?page_id=4561"},"modified":"2021-01-14T11:56:00","modified_gmt":"2021-01-14T10:56:00","slug":"10-2","status":"publish","type":"page","link":"https:\/\/us.edu.pl\/wydzial\/wsne\/nauka-i-badania\/serie-wydawnicze\/seria-e-learning\/12-articles\/10-2\/","title":{"rendered":"10"},"content":{"rendered":"<p>Innovative Educational Technologies, Tools and Methods for E-learning<br \/>\nScientific Editor Eugenia Smyrnova-Trybulska<br \/>\n\u201cE-learning\u201d, 12, Katowice\u2013Cieszyn 2020, pp. 113\u2013125<br \/>\nDOI: 10.34916\/el.2020.12.10<\/p>\n<p><a class=\"mtli_attachment mtli_pdf mtli_attachment mtli_pdf\" href=\"https:\/\/us.edu.pl\/wydzial\/wsne\/wp-content\/uploads\/sites\/20\/Nieprzypisane\/el-2020-12-10.pdf\" data-mtli=\"mtli_filesize353,77kB\" rel=\"mtli_filesize353,77kB\">el-2020-12-10<\/a><\/p>\n<p><strong>THE COMPILATION OF A MULTILINGUAL TERMINOLOGICAL DICTIONARY AS A MEANS OF STUDENTS\u2019 PROFESSIONAL AND LEXICAL COMPETENCE DEVELOPMENT<\/strong><\/p>\n<p><strong>Tetiana Vakaliuk<\/strong>-1, <strong>Oksana Chernysh<\/strong>-2, 1, Department of Software Engineering, 2, Department of Theoretical and Applied Linguistics, Zhytomyr Polytechnic State University, Zhytomyr, Ukraine, 103, Chudnivska str., Zhytomyr, 10005, Ukraine, 1, tetianavakaliuk@gmail.com, 2, chernyshoxana@gmail.com, ORCID 1, 0000-0001-6825-4697, 2, 0000-0002-2010-200X<\/p>\n<p><strong>Abstract<\/strong>: In the era of digitalization, globalization as well as scientific and technical progress it seems greatly significant to investigate characteristic features of e-learning means to develop professional and language competence of the students who do a course in Applied Linguistics. Therefore, the article deals with the peculiarities of electronic multilingual terminological dictionary compiling and its use in students\u2019 language acquisition, lexical competence development in particular. Electronic multilingual terminological dictionary is viewed as any reference material presented in an electronic form that provides thorough and relevant information about spelling, pronunciation, meaning and use of words. Such characteristics make it popular among, and indispensable for, the users. The research reviews the results of the study conducted within the national scientific research work \u2116 52 \u201cElectronic Multilingual Terminological Dictionary Compiling\u201d at the Department of Theoretical and Applied Linguistics of Zhytomyr Polytechnic State University (Ukraine). It is a collaborative university project involving specialists in the field as well as undergraduate students. The compilation of an electronic multilingual terminological dictionary requires the knowledge of data collection, translation capability, sufficient language wording, data transport, software identification, etc. It involves five stages that include data collection and input; database creation and software identification; evaluation of its accuracy and suitability, and the necessary improvements. All in all, electronic multilingual terminological dictionary has a multi-aspect educational value. Its compilation contributes to language and IT skills development and greatly facilitates the professional growth of the students with a major in Applied Linguistics. What is more, it makes international scientific cooperation possible and thus leads to constant scientific and technical development.<\/p>\n<p><strong>Keywords<\/strong>: lexical competence; e-learning; electronic dictionary; dictionary compiling; electronic multilingual terminological dictionary.<\/p>\n<p><strong>REFERENCES<\/strong><br \/>\nA l &#8211; A b d u l l a t i f, A. M. &amp; A l s a e e d, M. S. (2019). Evaluating visible learning: Mathematics\u2019 teachers practices in technology-enhanced classrooms. Cogent Education. Retrieved from https:\/\/www.tandfonline.com\/doi\/full\/10.1080\/2331186X.2019.1686798 (accessed 28 July 2020).<\/p>\n<p>A l i j e v s, R. (2005). Izgl\u012bt\u012bbas filosofija [Philosophy of Education]. R\u012bga: Retorika A., 267 p.<\/p>\n<p>B h a k t a, K. &amp; D u t t a, N. (2016). Impact of information technology on teaching-learning process. International Research Journal of Interdisciplinary &amp; Multidisciplinary Studies (IRJIMS). Retrieved from http:\/\/oaji.net\/articles\/2017\/1707-1483695373.pdf (accessed 28 July 2020).<\/p>\n<p>B l \u016b m a, D. (2001). Shift of Paradigms in the Qualifications of University Lecturers. University of Latvia, p. 29\u201333.<\/p>\n<p>B l \u016b m a, D. (2004). Teaching as Management of Student Learning in Higher Education. Humanities and Social Sciences. Latvia. Education Management in Latvia. Riga: University of Latvia, Vol. 42, \u2116 2, p. 46\u201358.<\/p>\n<p>\u010c e h l o v a, Z. (2002). Cognitive Activity in Learning. R\u012bga: RaKa, 136 p.<\/p>\n<p>C h e r n y s h, O. A. (2020). Dystynktyvni osoblyvosti terminolohichnykh slovnykiv [Dystinctive features of terminological dictionaries]. Naukovyi visnyk Skhidnoievropeiskoho natsionalnoho universytetu imeni Lesi Ukrainky. Filolohichni nauky. Vyp, \u2116 3 (407), p. 55\u201358 [in Ukrainian].<\/p>\n<p>C h o y, M. &amp; N g, Y. L. (2015). Mapping teachers\u2019 perceptions on technology use using the iTEaCH implementation model: A case study of a Singapore school. Cogent Education. Retrieved from https:\/\/www.tandfonline.com\/doi\/full\/10.1080\/2331186X.2015.1035527 (accessed 28 July 2020).<\/p>\n<p>D e c a r r i c o, J. S. (2001). Vocabulary Learning and Teaching. In M. Celce-Murcia (Ed.). Teaching English as a second or foreign language (3rd ed.). Boston: Heinle&amp;Heinle Publishers (p. 285\u2013299).<\/p>\n<p>D e v e l, L. A., K o v a l c h u k, O. S. (2016). Electronic multilingual terminological dictionary (EMTD) for business and professional foreign language teaching and learning. Bulletin of PNRPU. Issues in Linguistics and Pedagogics, \u2116 4, p. 161\u2013169.<\/p>\n<p>F r e i r e, P. (1998). Pedagogy of freedom: ethics, democracy, and civil courage. Lanhom: Rowman and Littlefield Publishers Inc. 144p.<\/p>\n<p>H a r m e r, J. (2015). The practice of English language teaching. Pearson education press, 446 p.<\/p>\n<p>H a r t m a n n, R. R. K. &amp; J a m e s, G. (1998). Dictionary of Lexicography. London: Routledge, 176 p.<\/p>\n<p>H u s s a i n, I. (2008). Role of information technology in teaching learning process: Perception of the faculty. Turkish Online Journal of Distance Education. Retrieved from https:\/\/pdfs.semanticscholar.org\/628d\/15b6fc3672d9e03993fd3c15c9fd0e0bcfdd.pdf (accessed 28 July 2020).<\/p>\n<p>I v a n c h e n k o, Ye. A. (2009). Analiz rezultativ funktsionuvannia systemy intehratyvnoi profesiinoi pidhotovky maibutnikh ekonomistiv [The analysis of the results of the functioning of the system of integrative professional training of future economists]. Informatsiini tekhnolohii I zasoby navchannia. \u2116 3(11). Retrieved from: http:\/\/www.ime.edu-ua.net\/em11\/emg.html (accessed 28 July 2020) [in Ukrainian].<\/p>\n<p>J u m a n a z a r o v, U. U. (2018). Methods of forming lexical competence based on phraseological units. International Scientific Review of the Problems and Prospects of Modern Science and Education: XLIII International Scientific and Practical Conference (Boston, USA \u2013 26 March 2018). Retrieved from https:\/\/scientific-conference.com\/images\/PDF\/2018\/45\/methods-of-forming.pdf (accessed 28 July 2020).<\/p>\n<p>K o \u0137 e, T. (2003). Continuous Education: the Main Tasks and Their Implementation. Nep\u0101rtraukt\u0101s izgl\u012bt\u012bbas soci\u0101li pedago\u0123iskie aspekti. R\u012bga: SIA \u201cIzgl\u012bt\u012bbasso\u013ci\u201d, p. 4\u201316.<\/p>\n<p>K u p r i j a n o v, E. V. (2014). Electronic dictionary classification as problem of modern computer lexicography. Visn. Khark. nats. un-tuimeni V.N. Karazina. Ser. Filolohiia, \u2116 71, s. 29\u201333.<\/p>\n<p>L i n, Ch., L i n, Ch.-H., &amp; H s i a o, H.-S. (2011). EFL students\u2019 perceptions of learning vocabulary in a computer-supported collaborative environment. Turkish Online Journal of Educational Technology. Retrieved from https:\/\/www.researchgate.net\/publication\/289640684_EFL_students\u2019_perceptions_of_learning_vocabulary_in_a_computer-supported_collaborative_environment (accessed 28 July 2020).<\/p>\n<p>L i t t l e, D., D e v i t t, S., &amp; S i n g l e t o n, D. (1989). Learning foreign languages from authentic texts: Theory and practice. Dublin, Ireland: Authentic, 128 p.<\/p>\n<p>L u k a, I. (2008). Students and the educator\u2019s co-operation as a means of development of students\u2019 ESP competence. The European Conference on Educational Research, University of Goteborg, 10\u201312. Retrieved fromhttp:\/\/www.leeds.ac.uk\/educol\/documents\/172916.htm (accessed 28 July 2020).<\/p>\n<p>Natsionalna ramka kvalifikatsii [National Qualifications Framework]. Retrieved from http:\/\/zakon2.rada.gov.ua\/laws\/show\/1341-2011-%D0%BF\/paran12#n12 (accessed 28 July 2020) [in Ukrainian].<\/p>\n<p>R i f k i n s, D. (2004). Jaun\u0101s ekonomikas laikmets [The Age of Access]. R\u012bga: Jumava, 279 p.<\/p>\n<p>S a n g r \u00e0, A. &amp; G o n z \u00e1 l e z &#8211; S a n m a m e d, M. (2010). The role of information and communication technologies in improving teaching and learning processes in primary and secondary schools. Roultedge Taylor &amp; Francis Group. Retrieved from https:\/\/www.researchgate.net\/publication\/274165910_The_role_of_information_and_communication_technologies_in_improving_teaching_and_learning_processes_in_primary_and_secondary_schools (accessed 28 July 2020).<\/p>\n<p>V i g o t s k i s, \u013b. (2002). Thought and Speech. R\u012bga: Izdevniec\u012bba \u201cEVE\u201d, 391 p. Zakon Ukrainy \u201cPro vyshchu osvitu\u201d [Law of Ukraine \u201cOn Higher Education\u201d]. Retrieved from http:\/\/zakon2.rada.gov.ua\/laws\/show\/2984-14 (accessed 28 July 2020) [in Ukrainian].<\/p>\n<p>Z a v a r u e v a, Y. Y. (2007). Ob odnoi vozmozhnosty klassyfykatsyy elektronnikh slovarei. Visn. Khark. nats. un-tu imeni V. N. Karazina. Ser. Filolohiia, \u2116 765, Vyp. 50, s. 67\u201370 [in Russian].<\/p>\n<style type=\"text\/css\">a[data-mtli~=\"mtli_filesize353,77kB\"]:after {content:\" (353,77 kB)\"}<\/style>","protected":false},"excerpt":{"rendered":"<p>Innovative Educational Technologies, Tools and Methods for E-learning Scientific Editor Eugenia Smyrnova-Trybulska \u201cE-learning\u201d, 12, Katowice\u2013Cieszyn 2020, pp. 113\u2013125 DOI: 10.34916\/el.2020.12.10 el-2020-12-10 THE COMPILATION OF A MULTILINGUAL TERMINOLOGICAL DICTIONARY AS A MEANS OF STUDENTS\u2019 PROFESSIONAL AND LEXICAL COMPETENCE DEVELOPMENT Tetiana Vakaliuk-1, Oksana Chernysh-2, 1, Department of Software Engineering, 2, Department of Theoretical and Applied Linguistics, Zhytomyr [&#8230;]<\/p>\n<p><a class=\"btn btn-secondary understrap-read-more-link\" href=\"https:\/\/us.edu.pl\/wydzial\/wsne\/nauka-i-badania\/serie-wydawnicze\/seria-e-learning\/12-articles\/10-2\/\">Read More&#8230;<\/a><\/p>\n","protected":false},"author":110,"featured_media":0,"parent":4457,"menu_order":0,"comment_status":"closed","ping_status":"closed","template":"page-templates\/inner-page.php","meta":{"_expiration-date-status":"saved","_expiration-date":0,"_expiration-date-type":"","_expiration-date-categories":[],"_expiration-date-options":[]},"acf":[],"_links":{"self":[{"href":"https:\/\/us.edu.pl\/wydzial\/wsne\/wp-json\/wp\/v2\/pages\/4561"}],"collection":[{"href":"https:\/\/us.edu.pl\/wydzial\/wsne\/wp-json\/wp\/v2\/pages"}],"about":[{"href":"https:\/\/us.edu.pl\/wydzial\/wsne\/wp-json\/wp\/v2\/types\/page"}],"author":[{"embeddable":true,"href":"https:\/\/us.edu.pl\/wydzial\/wsne\/wp-json\/wp\/v2\/users\/110"}],"replies":[{"embeddable":true,"href":"https:\/\/us.edu.pl\/wydzial\/wsne\/wp-json\/wp\/v2\/comments?post=4561"}],"version-history":[{"count":4,"href":"https:\/\/us.edu.pl\/wydzial\/wsne\/wp-json\/wp\/v2\/pages\/4561\/revisions"}],"predecessor-version":[{"id":4651,"href":"https:\/\/us.edu.pl\/wydzial\/wsne\/wp-json\/wp\/v2\/pages\/4561\/revisions\/4651"}],"up":[{"embeddable":true,"href":"https:\/\/us.edu.pl\/wydzial\/wsne\/wp-json\/wp\/v2\/pages\/4457"}],"wp:attachment":[{"href":"https:\/\/us.edu.pl\/wydzial\/wsne\/wp-json\/wp\/v2\/media?parent=4561"}],"curies":[{"name":"wp","href":"https:\/\/api.w.org\/{rel}","templated":true}]}}