{"id":457,"date":"2019-10-17T13:03:36","date_gmt":"2019-10-17T11:03:36","guid":{"rendered":"https:\/\/us.edu.pl\/wydzial\/wsne\/?page_id=457"},"modified":"2023-05-08T15:01:57","modified_gmt":"2023-05-08T13:01:57","slug":"pedagogika-przedszkolna-i-wczesnoszkolna","status":"publish","type":"page","link":"https:\/\/us.edu.pl\/wydzial\/wsne\/oferta-dydaktyczna\/pedagogika-przedszkolna-i-wczesnoszkolna\/","title":{"rendered":"Pedagogika przedszkolna i wczesnoszkolna"},"content":{"rendered":"<p>[vc_row][vc_column]\r\n                <div class=\"text-modules\">\r\n                    <div class=\"container\">\r\n                        \r\n                        <div class=\"text-modules__content\"><\/p>\n<h1><strong>Pedagogika przedszkolna i wczesnoszkolna<\/strong><\/h1>\n<p><strong>JEDNOLITE STUDIA MAGISTERSKIE (5-LETNIE)<\/strong><\/p>\n<p><strong>STUDIA STACJONARNE I NIESTACJONARNE<\/strong><\/p>\n<p>Student\u00a0 poznaje, do\u015bwiadcza, realizuje w praktyce i kszta\u0142tuje relacje ze \u015brodowiskiem spo\u0142ecznym na bazie podstaw i pog\u0142\u0119bionych tre\u015bci teoretycznych i praktycznych (metodycznych w tym nauczycielskich) z zakresu modu\u0142\u00f3w og\u00f3lnopedagogicznych i specjalno\u015bciowych.\u00a0 Na kierunku pedagogika s\u0105 realizowane tre\u015bci zgodnie z przyj\u0119tymi efektami uczenia si\u0119. Student w zakresie efekt\u00f3w uczenia si\u0119\u00a0 wiedzy poznaje pedagogik\u0119 jako nauk\u0119, jej zwi\u0105zki z innymi subdyscyplinami naukowymi . Zna elementarn\u0105 i pog\u0142\u0119bion\u0105 terminologi\u0119 pedagogiczn\u0105, teorie wychowania i uczenia si\u0119 i nauczania. Zna teorie rozwoju cz\u0142owieka w toku \u017cycia. Ma podstawow\u0105 wiedz\u0119 o strukturze i\u00a0 funkcjach systemu edukacji i jego uczestnikach. Ma uporz\u0105dkowan\u0105 wiedz\u0119 na temat zasad i norm etycznych. W zakresie efekt\u00f3w uczenia si\u0119 w obszarze umiej\u0119tno\u015bci absolwent potrafi obserwowa\u0107, bada\u0107 i wyci\u0105ga\u0107 wnioski z r\u00f3\u017cnych obszar\u00f3w dzia\u0142alno\u015bci pedagogicznej. Potrafi bada\u0107 \u015brodowisko przedszkolne, szkolne i spo\u0142eczne dziecka, ucznia. Ma rozwini\u0119te umiej\u0119tno\u015bci w zakresie komunikacji. Potrafi rozwija\u0107 swoje umiej\u0119tno\u015bci profesjonalne. W obszarze efekt\u00f3w uczenia si\u0119 w zakresie kompetencji spo\u0142ecznych jest \u015bwiadomy etycznego wymiaru bada\u0144 naukowych, realizacji praktyki pedagogicznej.<\/p>\n<p>&nbsp;<\/p>\n<h2><strong>Perspektywy zawodowe: nauczyciel w przedszkolu i szkole podstawowej<\/strong><\/h2>\n<p>Absolwent kierunku wychowanie przedszkolne i edukacja wczesnoszkolna jest przygotowany do pracy w charakterze nauczyciela przedszkola, klas I-III w szko\u0142ach podstawowych, szko\u0142ach sanatoryjnych i prewentoryjnych w systemie szkolnictwa publicznego i niepublicznego, w firmach specjalizuj\u0105cych si\u0119 w opiece, wychowaniu i edukacji dzieci oraz wszelkich przedsi\u0119wzi\u0119ciach zwi\u0105zanych z edukacj\u0105 i wychowaniem na poziomie przedszkolnym i wczesnoszkolnym. Ponadto mo\u017ce wykonywa\u0107 prac\u0119 opiekunki dziecka m\u0142odszego w klubach dzieci\u0119cych, \u017c\u0142obkach, w charakterze opiekuna dziennego i niani, co otwiera absolwentom studi\u00f3w szerokie mo\u017cliwo\u015bci zatrudnienia w istniej\u0105cych plac\u00f3wkach opieki, a tak\u017ce nowych formach opieki tworzonych w oparciu o Ustaw\u0119 z dnia 5 stycznia 2011 roku o opiece nad dzie\u0107mi w wieku do lat 3. Absolwent dysponuje dodatkowymi umiej\u0119tno\u015bciami niezb\u0119dnymi w pracy pedagoga szkolnego, wychowawcy \u015bwietlicy szkolnej lub \u015brodowiskowej, jest r\u00f3wnie\u017c w pe\u0142ni kompetentny do samodzielnego organizowania proces\u00f3w edukacyjnych i wychowawczych w ramach w\u0142asnej dzia\u0142alno\u015bci gospodarczej, wolontaryjnej lub charytatywnej. Uko\u0144czenie studi\u00f3w uprawnia do podj\u0119cia studi\u00f3w podyplomowych, dotycz\u0105cych doskonalenia pracy nauczyciela, zdobywania dodatkowych kwalifikacji i kompetencji (np. zarz\u0105dzania, terapeutycznych, nauczania przedmiotowego). Absolwent posiada pe\u0142ne kompetencje pedagogiczne i nauczycielskie.<\/p>\n<p>&nbsp;<\/p>\n<p><strong>Szczeg\u00f3\u0142y w za\u0142\u0105czniku <\/strong><\/p>\n<p><a href=\"https:\/\/us.edu.pl\/wydzial\/wsne\/wp-content\/uploads\/sites\/20\/Nieprzypisane\/Pedagogika-przedszkolna-i-wczesnoszkolna.pdf\" class=\"mtli_attachment mtli_pdf\" class=\"mtli_attachment mtli_pdf\">Pedagogika przedszkolna i wczesnoszkolna<\/a><\/p>\n<p>&nbsp;<\/p>\n<p><a href=\"https:\/\/irk.us.edu.pl\/irk\/application\/catalog?TimelineSearch%5Bprogram_name%5D=&amp;TimelineSearch%5Bfaculty_id%5D=W6\">https:\/\/irk.us.edu.pl\/irk\/application\/catalog?TimelineSearch%5Bprogram_name%5D=&amp;TimelineSearch%5Bfaculty_id%5D=W6<\/a><\/p>\n<\/div>\r\n                    <\/div>\r\n                <\/div>[\/vc_column][\/vc_row][vc_row][vc_column][vc_raw_html]JTNDcCUyMHN0eWxlJTNEJTIydGV4dC1hbGlnbiUzQWNlbnRlciUyMiUzRVN0dWRpYSUyMHN0YWNqb25hcm5lJTNDJTJGcCUzRSUwQSUzQ2ElMjBocmVmJTNEJTIyaHR0cHMlM0ElMkYlMkZpcmsudXMuZWR1LnBsJTJGaXJrJTJGYXBwbGljYXRpb24lMkZwcm9ncmFtJTNGaWQlM0QxNzU1JTIyJTIwc3R5bGUlM0QlMjJkaXNwbGF5JTNBJTIwYmxvY2slM0IlMEElMjAlMjAlMjAlMjBiYWNrZ3JvdW5kJTNBJTIwJTIzMDAyZTVhJTNCJTBBJTIwJTIwJTIwJTIwd2lkdGglM0ElMjAyMDBweCUzQiUwQSUyMCUyMCUyMCUyMHBhZGRpbmclM0ElMjAxNXB4JTIwMjBweCUzQiUwQSUyMCUyMCUyMCUyMHRleHQtYWxpZ24lM0ElMjBjZW50ZXIlM0IlMEElMjAlMjAlMjAlMjBmb250LXNpemUlM0ElMjAxLjhlbSUzQiUwQSUyMCUyMCUyMCUyMG1hcmdpbiUzQSUyMDAlMjBhdXRvJTNCJTBBJTIwJTIwJTIwJTIwY29sb3IlM0ElMjAlMjNmZmYlM0IlMjIlM0UlMjBaYXBpc3olMjBzaSVDNCU5OSUyMCUzQyUyRmElM0U=[\/vc_raw_html][vc_raw_html]JTNDcCUyMHN0eWxlJTNEJTIydGV4dC1hbGlnbiUzQWNlbnRlciUyMiUzRVN0dWRpYSUyMG5pZXN0YWNqb25hcm5lJTNDJTJGcCUzRSUwQSUzQ2ElMjBocmVmJTNEJTIyaHR0cHMlM0ElMkYlMkZpcmsudXMuZWR1LnBsJTJGaXJrJTJGYXBwbGljYXRpb24lMkZwcm9ncmFtJTNGaWQlM0QxNzU2JTIyJTIwc3R5bGUlM0QlMjJkaXNwbGF5JTNBJTIwYmxvY2slM0IlMEElMjAlMjAlMjAlMjBiYWNrZ3JvdW5kJTNBJTIwJTIzMDAyZTVhJTNCJTBBJTIwJTIwJTIwJTIwd2lkdGglM0ElMjAyMDBweCUzQiUwQSUyMCUyMCUyMCUyMHBhZGRpbmclM0ElMjAxNXB4JTIwMjBweCUzQiUwQSUyMCUyMCUyMCUyMHRleHQtYWxpZ24lM0ElMjBjZW50ZXIlM0IlMEElMjAlMjAlMjAlMjBmb250LXNpemUlM0ElMjAxLjhlbSUzQiUwQSUyMCUyMCUyMCUyMG1hcmdpbiUzQSUyMDAlMjBhdXRvJTNCJTBBJTIwJTIwJTIwJTIwY29sb3IlM0ElMjAlMjNmZmYlM0IlMjIlM0UlMjBaYXBpc3olMjBzaSVDNCU5OSUyMCUzQyUyRmElM0U=[\/vc_raw_html][\/vc_column][\/vc_row]<\/p>","protected":false},"excerpt":{"rendered":"<p>[vc_row][vc_column][\/vc_column][\/vc_row][vc_row][vc_column][vc_raw_html]JTNDcCUyMHN0eWxlJTNEJTIydGV4dC1hbGlnbiUzQWNlbnRlciUyMiUzRVN0dWRpYSUyMHN0YWNqb25hcm5lJTNDJTJGcCUzRSUwQSUzQ2ElMjBocmVmJTNEJTIyaHR0cHMlM0ElMkYlMkZpcmsudXMuZWR1LnBsJTJGaXJrJTJGYXBwbGljYXRpb24lMkZwcm9ncmFtJTNGaWQlM0QxNzU1JTIyJTIwc3R5bGUlM0QlMjJkaXNwbGF5JTNBJTIwYmxvY2slM0IlMEElMjAlMjAlMjAlMjBiYWNrZ3JvdW5kJTNBJTIwJTIzMDAyZTVhJTNCJTBBJTIwJTIwJTIwJTIwd2lkdGglM0ElMjAyMDBweCUzQiUwQSUyMCUyMCUyMCUyMHBhZGRpbmclM0ElMjAxNXB4JTIwMjBweCUzQiUwQSUyMCUyMCUyMCUyMHRleHQtYWxpZ24lM0ElMjBjZW50ZXIlM0IlMEElMjAlMjAlMjAlMjBmb250LXNpemUlM0ElMjAxLjhlbSUzQiUwQSUyMCUyMCUyMCUyMG1hcmdpbiUzQSUyMDAlMjBhdXRvJTNCJTBBJTIwJTIwJTIwJTIwY29sb3IlM0ElMjAlMjNmZmYlM0IlMjIlM0UlMjBaYXBpc3olMjBzaSVDNCU5OSUyMCUzQyUyRmElM0U=[\/vc_raw_html][vc_raw_html]JTNDcCUyMHN0eWxlJTNEJTIydGV4dC1hbGlnbiUzQWNlbnRlciUyMiUzRVN0dWRpYSUyMG5pZXN0YWNqb25hcm5lJTNDJTJGcCUzRSUwQSUzQ2ElMjBocmVmJTNEJTIyaHR0cHMlM0ElMkYlMkZpcmsudXMuZWR1LnBsJTJGaXJrJTJGYXBwbGljYXRpb24lMkZwcm9ncmFtJTNGaWQlM0QxNzU2JTIyJTIwc3R5bGUlM0QlMjJkaXNwbGF5JTNBJTIwYmxvY2slM0IlMEElMjAlMjAlMjAlMjBiYWNrZ3JvdW5kJTNBJTIwJTIzMDAyZTVhJTNCJTBBJTIwJTIwJTIwJTIwd2lkdGglM0ElMjAyMDBweCUzQiUwQSUyMCUyMCUyMCUyMHBhZGRpbmclM0ElMjAxNXB4JTIwMjBweCUzQiUwQSUyMCUyMCUyMCUyMHRleHQtYWxpZ24lM0ElMjBjZW50ZXIlM0IlMEElMjAlMjAlMjAlMjBmb250LXNpemUlM0ElMjAxLjhlbSUzQiUwQSUyMCUyMCUyMCUyMG1hcmdpbiUzQSUyMDAlMjBhdXRvJTNCJTBBJTIwJTIwJTIwJTIwY29sb3IlM0ElMjAlMjNmZmYlM0IlMjIlM0UlMjBaYXBpc3olMjBzaSVDNCU5OSUyMCUzQyUyRmElM0U=[\/vc_raw_html][\/vc_column][\/vc_row] [&#8230;]<\/p>\n<p><a class=\"btn btn-secondary understrap-read-more-link\" href=\"https:\/\/us.edu.pl\/wydzial\/wsne\/oferta-dydaktyczna\/pedagogika-przedszkolna-i-wczesnoszkolna\/\">Read More&#8230;<\/a><\/p>\n","protected":false},"author":1,"featured_media":0,"parent":245,"menu_order":0,"comment_status":"closed","ping_status":"closed","template":"","meta":{"_expiration-date-status":"","_expiration-date":0,"_expiration-date-type":"","_expiration-date-categories":[],"_expiration-date-options":[]},"acf":[],"_links":{"self":[{"href":"https:\/\/us.edu.pl\/wydzial\/wsne\/wp-json\/wp\/v2\/pages\/457"}],"collection":[{"href":"https:\/\/us.edu.pl\/wydzial\/wsne\/wp-json\/wp\/v2\/pages"}],"about":[{"href":"https:\/\/us.edu.pl\/wydzial\/wsne\/wp-json\/wp\/v2\/types\/page"}],"author":[{"embeddable":true,"href":"https:\/\/us.edu.pl\/wydzial\/wsne\/wp-json\/wp\/v2\/users\/1"}],"replies":[{"embeddable":true,"href":"https:\/\/us.edu.pl\/wydzial\/wsne\/wp-json\/wp\/v2\/comments?post=457"}],"version-history":[{"count":10,"href":"https:\/\/us.edu.pl\/wydzial\/wsne\/wp-json\/wp\/v2\/pages\/457\/revisions"}],"predecessor-version":[{"id":158246,"href":"https:\/\/us.edu.pl\/wydzial\/wsne\/wp-json\/wp\/v2\/pages\/457\/revisions\/158246"}],"up":[{"embeddable":true,"href":"https:\/\/us.edu.pl\/wydzial\/wsne\/wp-json\/wp\/v2\/pages\/245"}],"wp:attachment":[{"href":"https:\/\/us.edu.pl\/wydzial\/wsne\/wp-json\/wp\/v2\/media?parent=457"}],"curies":[{"name":"wp","href":"https:\/\/api.w.org\/{rel}","templated":true}]}}