{"id":4595,"date":"2021-01-08T12:05:22","date_gmt":"2021-01-08T11:05:22","guid":{"rendered":"https:\/\/us.edu.pl\/wydzial\/wsne\/?page_id=4595"},"modified":"2021-01-14T14:28:27","modified_gmt":"2021-01-14T13:28:27","slug":"17-2","status":"publish","type":"page","link":"https:\/\/us.edu.pl\/wydzial\/wsne\/nauka-i-badania\/serie-wydawnicze\/seria-e-learning\/12-articles\/17-2\/","title":{"rendered":"17"},"content":{"rendered":"<p>Innovative Educational Technologies, Tools and Methods for E-learning<br \/>\nScientific Editor Eugenia Smyrnova-Trybulska<br \/>\n\u201cE-learning\u201d, 12, Katowice\u2013Cieszyn 2020, pp. 195\u2013206<br \/>\nDOI: 10.34916\/el.2020.12.17<\/p>\n<p><a class=\"mtli_attachment mtli_pdf mtli_attachment mtli_pdf\" href=\"https:\/\/us.edu.pl\/wydzial\/wsne\/wp-content\/uploads\/sites\/20\/Nieprzypisane\/el-2020-12-17.pdf\" data-mtli=\"mtli_filesize300,67kB\" rel=\"mtli_filesize300,67kB\">el-2020-12-17<\/a><\/p>\n<p><strong>VISUAL LITERACY IN CONTEMPORARY CULTURE \u2013 COMPARATIVE RESEARCH\u00a0<\/strong><\/p>\n<p><strong>Ma\u0142gorzata Wieczorek-Tomaszewska<\/strong>, Bibliotheca Nostra, Akademia Wychowania Fizycznego im. Jerzego Kukuczki w Katowicach m.wieczorek.tomaszewska@gmail.com, ORCID 0000-0002-7493-4071<\/p>\n<p><strong>Abstract<\/strong>: In the paper, the author presents the results of comparative research conducted in the academic environment of Poland and Italy, the aim of which was to diagnose the state of knowledge and skills in the field of visual competences. Visual<br \/>\ncompetences are the subject of education in the form of comprehensive literacy containing both aspects of visuality \u2013 knowledge of the image as a mental object and knowledge of the form that determines the shape and structure of the record, as well as informational conditions for the creation, retrieval, dissemination, collection and use of visual content. The cultural perspective of the conducted research on the level of visual literacy, which determines active visual communication, is closely related to the past, the pictorial and audiovisual civilization formation of the past, and the digital media of the present<br \/>\ntime. Contemporary communication is transforming and requires information competences. Visual reading and writing skills provide tools for the understanding and contextual analysis of cultural space in a pictorial aspect. The skills are based on intellectual, aesthetic, ethical and technological qualifications acquired through literacy.<\/p>\n<p><strong>Keywords<\/strong>: visual literacy, visual communication, visual competence, visual culture, comparative research.<\/p>\n<p><strong>REFERENCES<\/strong><br \/>\nB a b b i e, E. (2006). Badania spo\u0142eczne w praktyce [Social research in practice]. Wydaw. Naukowe PWN, Warszawa.<\/p>\n<p>B e l k e, B., L e d e r, H. (2001). Annahmen eines Modells der \u00e4sthetischen Erfahrung aus kognitionspsychologischer Perspektive [Assumptions of a model of aesthetic experience from a cognitive psychological perspective]. Retrieved from http:\/\/www .sfb626.de\/veroeffe ntlichungen\/online\/aesth_erfahrung\/aufsaetze\/ belke_leder.pdf (accesed 27 February 2020).<\/p>\n<p>B r a d e n, R. A. (2001). Visual Literacy. The Association for Educational Communications and Technology. Retrieved from http:\/\/learngen.org\/~aust\/EdTecheBooks\/AECT_HANDBOOK96\/16\/index.html (accessed 20 February 2019).<\/p>\n<p>C a s s i d y, M. F., K n o w l t o n, J. Q. (1983). A Visual Literacy: A Failed Metaphor? Education Communication and Technology Journal, Summer, 31(2). Springer.<\/p>\n<p>Cyfrowa przysz\u0142o\u015b\u0107. Katalog kompetencji informacyjnych [Digital future. Catalog of information competences] (2013).\u00a0 Retrieved from http:\/\/cyfrowaprzyszlosc.pl\/katalog-kompetencji\/ (accessed 16 July 2013).<\/p>\n<p>D e b e s, J. (1969). What is \u201eVisual Literacy? Retrieved from http:\/\/www.ivla.org\/org_what_vis_lit.html (accessed 17 February 2020).<\/p>\n<p>D e w e y, J. (1975). Sztuka jako do\u015bwiadczenie [Art as experience]. Ossolineum, Wroc\u0142aw.<\/p>\n<p>D o n d i s, D. A. (1973). A Primer of Visual Literacy. The MIT Press, Cambridge, Mass.<\/p>\n<p>D y l a k, S. (2012). Alfabetyzacja wizualna jako kompetencja wsp\u00f3\u0142czesnego cz\u0142owieka [Visual literacy as a competency of modern man]. In Dylak, S., Skrzydlewski, W. (2012). [Media. Education. Culture. Towards media education. Polish Society of Educational Technology and Media] (2012). Pozna\u0144.<\/p>\n<p>K \u0119 b \u0142 o w s k i, K. (1973). Klasyfikacja sztuk pi\u0119knych [Classification of fine arts]. In Skubiszewski, P. (Ed.). Wst\u0119p do historii sztuki [Introduction to the history of art]. PWN, Warszawa, p. 69\u2013106.<\/p>\n<p>K m i t a, J. (1982). O kulturze symbolicznej [About symbolic culture]. Centralny O\u015brodek Metodyki Upowszechniania Kultury [Central Center for Methodology of Popularizing Culture]. Warszawa.<\/p>\n<p>M o r a w s k i, S. (1988). Pojmowanie dzie\u0142a sztuki dawniej i dzisiaj [Understanding a work of art in the past and today]. In Na zakr\u0119cie do sztuki do po-sztuki [On the curve from art to post-art]. Krak\u00f3w, p. 177.<\/p>\n<p>P a n o f s k y, E. (1971). Ikonografia i ikonologia [Iconography and iconology]. In Studia z historii sztuki [Studies in art history]. Oprac. J. Bia\u0142ostocki. PIW, Warszawa.<\/p>\n<p>P a t e r &#8211; E j g i e r d, N., (2010). Kultura wizualna a edukacja [Visual Culture and Education]. Fundacja Tranzyt-Pozna\u0144.<\/p>\n<p>P i l c h, T. (1995). Zasady bada\u0144 pedagogicznych [Principles of pedagogical research]. Warszawa, p. 42.<\/p>\n<p>R o c k e r z b a c h, B., F a b i a n, C. A. (2008). Visual Literacy in the Age of Participation. Retrieved from http:\/\/www.artstor.org\/news\/n-pdf\/research-fabian-vra-2008.pdf (accessed 30 March 2020).<\/p>\n<p>T a t a r k i e w i c z, W. (1973). Definicja sztuki [Definition of art]. In Wst\u0119p do historii sztuki. Przedmiot \u2013 metodologia \u2013 zaw\u00f3d [Introduction to the history of art. Subject \u2013 methodology \u2013 profession]. PWN, Warszawa, p. 17\u201349.<\/p>\n<p>Visual Literacy Competency Standards for Higher Education (2011). ACRL, Chicago. Retrieved from http:\/\/www.ala.org\/acrl\/standards\/visualliteracy (accessed 30 March 2020).<\/p>\n<p>W i e c z o r e k &#8211; T o m a s z e w s k a, M. (2014). Reception of \u201aVisual Literacy Competency for Higher Education\u2018 (ERIC, 2011) in the Polish education system. In E. Smyrnova-Trybulska (Ed.). E-learning and Intercultural Competences Development in Different Countries. Katowice\u2013Cieszyn, STUDIO NOA, pp. 111\u2013123.<\/p>\n<p>W i l k o w s k i, M. (2013). Wprowadzenie do historii cyfrowej [Introduction to digital history] Instytut Kultury Miejskiej [City Culture Institute]. Gda\u0144sk. Retrieved from http:\/\/historiacyfrowa.ikm.gda.pl\/ (accessed 16 July 2019).<\/p>\n<style type=\"text\/css\">a[data-mtli~=\"mtli_filesize300,67kB\"]:after {content:\" (300,67 kB)\"}<\/style>","protected":false},"excerpt":{"rendered":"<p>Innovative Educational Technologies, Tools and Methods for E-learning Scientific Editor Eugenia Smyrnova-Trybulska \u201cE-learning\u201d, 12, Katowice\u2013Cieszyn 2020, pp. 195\u2013206 DOI: 10.34916\/el.2020.12.17 el-2020-12-17 VISUAL LITERACY IN CONTEMPORARY CULTURE \u2013 COMPARATIVE RESEARCH\u00a0 Ma\u0142gorzata Wieczorek-Tomaszewska, Bibliotheca Nostra, Akademia Wychowania Fizycznego im. Jerzego Kukuczki w Katowicach m.wieczorek.tomaszewska@gmail.com, ORCID 0000-0002-7493-4071 Abstract: In the paper, the author presents the results of comparative [&#8230;]<\/p>\n<p><a class=\"btn btn-secondary understrap-read-more-link\" href=\"https:\/\/us.edu.pl\/wydzial\/wsne\/nauka-i-badania\/serie-wydawnicze\/seria-e-learning\/12-articles\/17-2\/\">Read More&#8230;<\/a><\/p>\n","protected":false},"author":110,"featured_media":0,"parent":4457,"menu_order":0,"comment_status":"closed","ping_status":"closed","template":"page-templates\/inner-page.php","meta":{"_expiration-date-status":"saved","_expiration-date":0,"_expiration-date-type":"","_expiration-date-categories":[],"_expiration-date-options":[]},"acf":[],"_links":{"self":[{"href":"https:\/\/us.edu.pl\/wydzial\/wsne\/wp-json\/wp\/v2\/pages\/4595"}],"collection":[{"href":"https:\/\/us.edu.pl\/wydzial\/wsne\/wp-json\/wp\/v2\/pages"}],"about":[{"href":"https:\/\/us.edu.pl\/wydzial\/wsne\/wp-json\/wp\/v2\/types\/page"}],"author":[{"embeddable":true,"href":"https:\/\/us.edu.pl\/wydzial\/wsne\/wp-json\/wp\/v2\/users\/110"}],"replies":[{"embeddable":true,"href":"https:\/\/us.edu.pl\/wydzial\/wsne\/wp-json\/wp\/v2\/comments?post=4595"}],"version-history":[{"count":2,"href":"https:\/\/us.edu.pl\/wydzial\/wsne\/wp-json\/wp\/v2\/pages\/4595\/revisions"}],"predecessor-version":[{"id":4658,"href":"https:\/\/us.edu.pl\/wydzial\/wsne\/wp-json\/wp\/v2\/pages\/4595\/revisions\/4658"}],"up":[{"embeddable":true,"href":"https:\/\/us.edu.pl\/wydzial\/wsne\/wp-json\/wp\/v2\/pages\/4457"}],"wp:attachment":[{"href":"https:\/\/us.edu.pl\/wydzial\/wsne\/wp-json\/wp\/v2\/media?parent=4595"}],"curies":[{"name":"wp","href":"https:\/\/api.w.org\/{rel}","templated":true}]}}